{"id":5011,"date":"2023-12-07T14:55:43","date_gmt":"2023-12-07T07:55:43","guid":{"rendered":"https:\/\/amafurni.123websitedev.com\/san-pham\/ghe-cafe-trong-suot-ghost-b-nhua-acrylic-cao-cap-ama-cf003b\/"},"modified":"2025-11-12T14:11:47","modified_gmt":"2025-11-12T07:11:47","slug":"ghe-cafe-trong-suot-ghost-b-nhua-acrylic-cao-cap-ama-cf003b","status":"publish","type":"product","link":"https:\/\/amafurni.vn\/en\/product\/ghe-cafe-trong-suot-ghost-b-nhua-acrylic-cao-cap-ama-cf003b\/","title":{"rendered":"Gh\u1ebf Cafe AMA-CF003B"},"content":{"rendered":"<table class=\"woocommerce-product-attributes shop_attributes\" style=\"width: 100.357%;height: 247px\" width=\"929\">\n<tbody>\n<tr class=\"woocommerce-product-attributes-item woocommerce-product-attributes-item--attribute_season\" style=\"height: 43px\">\n<th class=\"woocommerce-product-attributes-item__label\" style=\"width: 19.2293%;height: 43px\">Ch\u1ea5t li\u1ec7u<\/th>\n<td class=\"woocommerce-product-attributes-item__value\" style=\"width: 110.168%;height: 43px\">Nh\u1ef1a ABS. Ch\u00e2n inox m\u1ea1 xi tr\u1eafng<\/td>\n<\/tr>\n<tr class=\"woocommerce-product-attributes-item woocommerce-product-attributes-item--attribute_pa_color\" style=\"height: 47px\">\n<th class=\"woocommerce-product-attributes-item__label\" style=\"width: 19.2293%;height: 47px\">Color<\/th>\n<td class=\"woocommerce-product-attributes-item__value\" style=\"width: 110.168%;height: 47px\">Xanh, h\u1ed3ng, trong su\u1ed1t, kh\u00f3i<\/td>\n<\/tr>\n<tr class=\"woocommerce-product-attributes-item woocommerce-product-attributes-item--attribute_style\" style=\"height: 46px\">\n<th class=\"woocommerce-product-attributes-item__label\" style=\"width: 19.2293%;height: 46px\">K\u00edch th\u01b0\u1edbc<\/th>\n<td class=\"woocommerce-product-attributes-item__value\" style=\"width: 110.168%;height: 46px\">45*53*82<\/td>\n<\/tr>\n<tr class=\"woocommerce-product-attributes-item woocommerce-product-attributes-item--attribute_pa_material\" style=\"height: 52px\">\n<th class=\"woocommerce-product-attributes-item__label\" style=\"width: 19.2293%;height: 52px\">T\u00ednh n\u0103ng<\/th>\n<td class=\"woocommerce-product-attributes-item__value\" style=\"width: 110.168%;height: 52px\">Ng\u1ed3i c\u1ed1 \u0111\u1ecbnh<\/td>\n<\/tr>\n<tr class=\"woocommerce-product-attributes-item woocommerce-product-attributes-item--attribute_item-code\" style=\"height: 59px\">\n<th class=\"woocommerce-product-attributes-item__label\" style=\"width: 19.2293%;height: 59px\">B\u1ea3o h\u00e0nh<\/th>\n<td class=\"woocommerce-product-attributes-item__value\" style=\"width: 110.168%;height: 59px\">\u00a006 th\u00e1ng<\/td>\n<\/tr>\n<\/tbody>\n<\/table>","protected":false},"excerpt":{"rendered":"<p>GH\u1ebe NH\u1ef0A KH\u00d4NG X\u1ebeP CH\u00c2N INOX CAFE AMA-CF003B l\u00e0 d\u00f2ng gh\u1ebf ng\u1ed3i sang tr\u1ecdng, tr\u1ebb trung r\u1ea5t \u0111\u01b0\u1ee3c \u01b0u chu\u1ed9ng trong c\u00e1c kh\u00f4ng gian n\u1ed9i th\u1ea5t theo phong c\u00e1ch hi\u1ec7n \u0111\u1ea1i. L\u01b0ng gh\u1ebf s\u1edf h\u1eefu m\u1ed9t k\u1ebft c\u1ea5u ch\u1eafc ch\u1eafn, \u0111\u01b0\u1ee3c \u0111\u00fac nguy\u00ean kh\u1ed1i 100% nh\u1ef1a PP cao c\u1ea5p, \u0111\u1ea3m b\u1ea3o s\u1ef1 an to\u00e0n v\u00e0 ch\u1eafc ch\u1eafn cho ng\u01b0\u1eddi s\u1eed d\u1ee5ng. \u0110\u01b0\u1eddng n\u00e9t u\u1ed1n cong c\u1ee7a gh\u1ebf kh\u00f4ng ch\u1ec9 \u0111em l\u1ea1i \u0111i\u1ec3m nh\u1ea5n cho kh\u00f4ng gian m\u00e0 c\u00f2n t\u1ea1o c\u1ea3m gi\u00e1c ng\u1ed3i v\u1eeba v\u1eb7n, d\u1ec5 ch\u1ecbu. \u0110\u1eb7c bi\u1ec7t, Gh\u1ebf Nh\u1ef1a Eames GBC68006 c\u00f3 m\u00e0u s\u1eafc trong su\u1ed1t l\u00e0 gi\u1ea3i ph\u00e1p tuy\u1ec7t v\u1eddi gi\u00fap kh\u00f4ng gian tr\u1edf n\u00ean tho\u00e1ng \u0111\u00e3ng, r\u1ed9ng r\u00e3i h\u01a1n.<\/p>","protected":false},"featured_media":5800,"comment_status":"open","ping_status":"closed","template":"","meta":[],"product_cat":[100,588],"product_tag":[117],"yoast_head":"<!-- This site is optimized with the Yoast SEO Premium plugin v21.7 (Yoast SEO v21.7) - https:\/\/yoast.com\/wordpress\/plugins\/seo\/ -->\n<title>Gh\u1ebf Cafe AMA-CF003B - AMAFURNI<\/title>\n<meta name=\"description\" content=\"Hotline : 0969919449 - 0906963408 .AMA Furniture \u0111ang l\u00e0 Nh\u00e0 Ph\u00e2n Ph\u1ed1i c\u00e1c s\u1ea3n ph\u1ea9m : - N\u1ed9i Th\u1ea5t nh\u1eadp kh\u1ea9u : b\u00e0n gh\u1ebf v\u0103n ph\u00f2ng, n\u1ed9i th\u1ea5t gia \u0111\u00ecnh, S\u1ea3n xu\u1ea5t thi c\u00f4ng n\u1ed9i th\u1ea5t theo y\u00eau c\u1ea7u.- M\u00e1y l\u1ecdc n\u01b0\u1edbc Unilever PUREIT- \u0110\u1ed3 \u0111i\u1ec7n gia d\u1ee5ng TEFAL, PHILIPS\" \/>\n<meta name=\"robots\" content=\"index, follow, max-snippet:-1, max-image-preview:large, max-video-preview:-1\" \/>\n<link rel=\"canonical\" href=\"https:\/\/amafurni.vn\/en\/product\/ghe-cafe-trong-suot-ghost-b-nhua-acrylic-cao-cap-ama-cf003b\/\" \/>\n<meta property=\"og:locale\" content=\"en_US\" \/>\n<meta property=\"og:type\" content=\"article\" \/>\n<meta property=\"og:title\" content=\"Gh\u1ebf Cafe AMA-CF003B\" \/>\n<meta property=\"og:description\" content=\"Hotline : 0969919449 - 0906963408 .AMA Furniture \u0111ang l\u00e0 Nh\u00e0 Ph\u00e2n Ph\u1ed1i c\u00e1c s\u1ea3n ph\u1ea9m : - N\u1ed9i Th\u1ea5t nh\u1eadp kh\u1ea9u : b\u00e0n gh\u1ebf v\u0103n ph\u00f2ng, n\u1ed9i th\u1ea5t gia \u0111\u00ecnh, S\u1ea3n xu\u1ea5t thi c\u00f4ng n\u1ed9i th\u1ea5t theo y\u00eau c\u1ea7u.- M\u00e1y l\u1ecdc n\u01b0\u1edbc Unilever PUREIT- \u0110\u1ed3 \u0111i\u1ec7n gia d\u1ee5ng TEFAL, PHILIPS\" \/>\n<meta property=\"og:url\" content=\"https:\/\/amafurni.vn\/en\/product\/ghe-cafe-trong-suot-ghost-b-nhua-acrylic-cao-cap-ama-cf003b\/\" \/>\n<meta property=\"og:site_name\" content=\"AMAFURNI\" \/>\n<meta property=\"article:modified_time\" content=\"2025-11-12T07:11:47+00:00\" \/>\n<meta property=\"og:image\" content=\"https:\/\/amafurni.vn\/wp-content\/uploads\/2023\/12\/z4996012810300_a9d92a1f596493f77d6bf4dc9eabf934.jpg\" \/>\n\t<meta property=\"og:image:width\" content=\"800\" \/>\n\t<meta property=\"og:image:height\" content=\"800\" \/>\n\t<meta property=\"og:image:type\" content=\"image\/jpeg\" \/>\n<meta name=\"twitter:card\" content=\"summary_large_image\" \/>\n<meta name=\"twitter:label1\" content=\"Est. reading time\" \/>\n\t<meta name=\"twitter:data1\" content=\"1 minute\" \/>\n<script type=\"application\/ld+json\" class=\"yoast-schema-graph\">{\"@context\":\"https:\/\/schema.org\",\"@graph\":[{\"@type\":\"WebPage\",\"@id\":\"https:\/\/amafurni.vn\/san-pham\/ghe-cafe-trong-suot-ghost-b-nhua-acrylic-cao-cap-ama-cf003b\/\",\"url\":\"https:\/\/amafurni.vn\/san-pham\/ghe-cafe-trong-suot-ghost-b-nhua-acrylic-cao-cap-ama-cf003b\/\",\"name\":\"Gh\u1ebf Cafe AMA-CF003B - AMAFURNI\",\"isPartOf\":{\"@id\":\"https:\/\/amafurni.vn\/#website\"},\"datePublished\":\"2023-12-07T07:55:43+00:00\",\"dateModified\":\"2025-11-12T07:11:47+00:00\",\"description\":\"Hotline : 0969919449 - 0906963408 .AMA Furniture \u0111ang l\u00e0 Nh\u00e0 Ph\u00e2n Ph\u1ed1i c\u00e1c s\u1ea3n ph\u1ea9m : - N\u1ed9i Th\u1ea5t nh\u1eadp kh\u1ea9u : b\u00e0n gh\u1ebf v\u0103n ph\u00f2ng, n\u1ed9i th\u1ea5t gia \u0111\u00ecnh, S\u1ea3n xu\u1ea5t thi c\u00f4ng n\u1ed9i th\u1ea5t theo y\u00eau c\u1ea7u.- M\u00e1y l\u1ecdc n\u01b0\u1edbc Unilever PUREIT- \u0110\u1ed3 \u0111i\u1ec7n gia d\u1ee5ng TEFAL, PHILIPS\",\"breadcrumb\":{\"@id\":\"https:\/\/amafurni.vn\/san-pham\/ghe-cafe-trong-suot-ghost-b-nhua-acrylic-cao-cap-ama-cf003b\/#breadcrumb\"},\"inLanguage\":\"en-US\",\"potentialAction\":[{\"@type\":\"ReadAction\",\"target\":[\"https:\/\/amafurni.vn\/san-pham\/ghe-cafe-trong-suot-ghost-b-nhua-acrylic-cao-cap-ama-cf003b\/\"]}]},{\"@type\":\"BreadcrumbList\",\"@id\":\"https:\/\/amafurni.vn\/san-pham\/ghe-cafe-trong-suot-ghost-b-nhua-acrylic-cao-cap-ama-cf003b\/#breadcrumb\",\"itemListElement\":[{\"@type\":\"ListItem\",\"position\":1,\"name\":\"Trang ch\u1ee7\",\"item\":\"https:\/\/amafurni.vn\/\"},{\"@type\":\"ListItem\",\"position\":2,\"name\":\"S\u1ea3n ph\u1ea9m\",\"item\":\"https:\/\/amafurni.vn\/san-pham\/\"},{\"@type\":\"ListItem\",\"position\":3,\"name\":\"Gh\u1ebf Cafe AMA-CF003B\"}]},{\"@type\":\"WebSite\",\"@id\":\"https:\/\/amafurni.vn\/#website\",\"url\":\"https:\/\/amafurni.vn\/\",\"name\":\"AMAFURNI\",\"description\":\"\",\"potentialAction\":[{\"@type\":\"SearchAction\",\"target\":{\"@type\":\"EntryPoint\",\"urlTemplate\":\"https:\/\/amafurni.vn\/?s={search_term_string}\"},\"query-input\":\"required name=search_term_string\"}],\"inLanguage\":\"en-US\"}]}<\/script>\n<!-- \/ Yoast SEO Premium plugin. -->","yoast_head_json":{"title":"Gh\u1ebf Cafe AMA-CF003B - AMAFURNI","description":"Hotline : 0969919449 - 0906963408 .AMA Furniture \u0111ang l\u00e0 Nh\u00e0 Ph\u00e2n Ph\u1ed1i c\u00e1c s\u1ea3n ph\u1ea9m : - N\u1ed9i Th\u1ea5t nh\u1eadp kh\u1ea9u : b\u00e0n gh\u1ebf v\u0103n ph\u00f2ng, n\u1ed9i th\u1ea5t gia \u0111\u00ecnh, S\u1ea3n xu\u1ea5t thi c\u00f4ng n\u1ed9i th\u1ea5t theo y\u00eau c\u1ea7u.- M\u00e1y l\u1ecdc n\u01b0\u1edbc Unilever PUREIT- \u0110\u1ed3 \u0111i\u1ec7n gia d\u1ee5ng TEFAL, PHILIPS","robots":{"index":"index","follow":"follow","max-snippet":"max-snippet:-1","max-image-preview":"max-image-preview:large","max-video-preview":"max-video-preview:-1"},"canonical":"https:\/\/amafurni.vn\/en\/product\/ghe-cafe-trong-suot-ghost-b-nhua-acrylic-cao-cap-ama-cf003b\/","og_locale":"en_US","og_type":"article","og_title":"Gh\u1ebf Cafe AMA-CF003B","og_description":"Hotline : 0969919449 - 0906963408 .AMA Furniture \u0111ang l\u00e0 Nh\u00e0 Ph\u00e2n Ph\u1ed1i c\u00e1c s\u1ea3n ph\u1ea9m : - N\u1ed9i Th\u1ea5t nh\u1eadp kh\u1ea9u : b\u00e0n gh\u1ebf v\u0103n ph\u00f2ng, n\u1ed9i th\u1ea5t gia \u0111\u00ecnh, S\u1ea3n xu\u1ea5t thi c\u00f4ng n\u1ed9i th\u1ea5t theo y\u00eau c\u1ea7u.- M\u00e1y l\u1ecdc n\u01b0\u1edbc Unilever PUREIT- \u0110\u1ed3 \u0111i\u1ec7n gia d\u1ee5ng TEFAL, PHILIPS","og_url":"https:\/\/amafurni.vn\/en\/product\/ghe-cafe-trong-suot-ghost-b-nhua-acrylic-cao-cap-ama-cf003b\/","og_site_name":"AMAFURNI","article_modified_time":"2025-11-12T07:11:47+00:00","og_image":[{"width":800,"height":800,"url":"https:\/\/amafurni.vn\/wp-content\/uploads\/2023\/12\/z4996012810300_a9d92a1f596493f77d6bf4dc9eabf934.jpg","type":"image\/jpeg"}],"twitter_card":"summary_large_image","twitter_misc":{"Est. reading time":"1 minute"},"schema":{"@context":"https:\/\/schema.org","@graph":[{"@type":"WebPage","@id":"https:\/\/amafurni.vn\/san-pham\/ghe-cafe-trong-suot-ghost-b-nhua-acrylic-cao-cap-ama-cf003b\/","url":"https:\/\/amafurni.vn\/san-pham\/ghe-cafe-trong-suot-ghost-b-nhua-acrylic-cao-cap-ama-cf003b\/","name":"Gh\u1ebf Cafe AMA-CF003B - AMAFURNI","isPartOf":{"@id":"https:\/\/amafurni.vn\/#website"},"datePublished":"2023-12-07T07:55:43+00:00","dateModified":"2025-11-12T07:11:47+00:00","description":"Hotline : 0969919449 - 0906963408 .AMA Furniture \u0111ang l\u00e0 Nh\u00e0 Ph\u00e2n Ph\u1ed1i c\u00e1c s\u1ea3n ph\u1ea9m : - N\u1ed9i Th\u1ea5t nh\u1eadp kh\u1ea9u : b\u00e0n gh\u1ebf v\u0103n ph\u00f2ng, n\u1ed9i th\u1ea5t gia \u0111\u00ecnh, S\u1ea3n xu\u1ea5t thi c\u00f4ng n\u1ed9i th\u1ea5t theo y\u00eau c\u1ea7u.- M\u00e1y l\u1ecdc n\u01b0\u1edbc Unilever PUREIT- \u0110\u1ed3 \u0111i\u1ec7n gia d\u1ee5ng TEFAL, PHILIPS","breadcrumb":{"@id":"https:\/\/amafurni.vn\/san-pham\/ghe-cafe-trong-suot-ghost-b-nhua-acrylic-cao-cap-ama-cf003b\/#breadcrumb"},"inLanguage":"en-US","potentialAction":[{"@type":"ReadAction","target":["https:\/\/amafurni.vn\/san-pham\/ghe-cafe-trong-suot-ghost-b-nhua-acrylic-cao-cap-ama-cf003b\/"]}]},{"@type":"BreadcrumbList","@id":"https:\/\/amafurni.vn\/san-pham\/ghe-cafe-trong-suot-ghost-b-nhua-acrylic-cao-cap-ama-cf003b\/#breadcrumb","itemListElement":[{"@type":"ListItem","position":1,"name":"Trang ch\u1ee7","item":"https:\/\/amafurni.vn\/"},{"@type":"ListItem","position":2,"name":"S\u1ea3n ph\u1ea9m","item":"https:\/\/amafurni.vn\/san-pham\/"},{"@type":"ListItem","position":3,"name":"Gh\u1ebf Cafe AMA-CF003B"}]},{"@type":"WebSite","@id":"https:\/\/amafurni.vn\/#website","url":"https:\/\/amafurni.vn\/","name":"AMAFURNI","description":"","potentialAction":[{"@type":"SearchAction","target":{"@type":"EntryPoint","urlTemplate":"https:\/\/amafurni.vn\/?s={search_term_string}"},"query-input":"required name=search_term_string"}],"inLanguage":"en-US"}]}},"_links":{"self":[{"href":"https:\/\/amafurni.vn\/en\/wp-json\/wp\/v2\/product\/5011"}],"collection":[{"href":"https:\/\/amafurni.vn\/en\/wp-json\/wp\/v2\/product"}],"about":[{"href":"https:\/\/amafurni.vn\/en\/wp-json\/wp\/v2\/types\/product"}],"replies":[{"embeddable":true,"href":"https:\/\/amafurni.vn\/en\/wp-json\/wp\/v2\/comments?post=5011"}],"wp:featuredmedia":[{"embeddable":true,"href":"https:\/\/amafurni.vn\/en\/wp-json\/wp\/v2\/media\/5800"}],"wp:attachment":[{"href":"https:\/\/amafurni.vn\/en\/wp-json\/wp\/v2\/media?parent=5011"}],"wp:term":[{"taxonomy":"product_cat","embeddable":true,"href":"https:\/\/amafurni.vn\/en\/wp-json\/wp\/v2\/product_cat?post=5011"},{"taxonomy":"product_tag","embeddable":true,"href":"https:\/\/amafurni.vn\/en\/wp-json\/wp\/v2\/product_tag?post=5011"}],"curies":[{"name":"wp","href":"https:\/\/api.w.org\/{rel}","templated":true}]}}