{"id":5027,"date":"2023-12-07T14:56:35","date_gmt":"2023-12-07T07:56:35","guid":{"rendered":"https:\/\/amafurni.123websitedev.com\/san-pham\/ghe-don-cafe-nhieu-mau-ama-mallow-stool\/"},"modified":"2025-11-12T14:11:47","modified_gmt":"2025-11-12T07:11:47","slug":"ghe-don-cafe-nhieu-mau-ama-mallow-stool","status":"publish","type":"product","link":"https:\/\/amafurni.vn\/en\/product\/ghe-don-cafe-nhieu-mau-ama-mallow-stool\/","title":{"rendered":"GH\u1ebe \u0110\u00d4N CAFE NHI\u1ec0U M\u00c0U AMA-Mallow Stool"},"content":{"rendered":"<table border=\"1\" height=\"299\" style=\"width: 775px;\">\n<tbody><\/tbody>\n<tbody>\n<tr>\n<td style=\"width: 119px;\"><span><strong>Material<\/strong><\/span><\/td>\n<td style=\"width: 154.013px;\">\n<p><span><strong><\/strong><\/span><\/p>\n<p><span><strong>Size<\/strong><\/span><\/p>\n<p><span><strong>(D\u00e0i*R\u1ed9ng*cao)<\/strong><\/span><\/p>\n<\/td>\n<td style=\"width: 312.987px;\"><span><strong>T\u00ednh N\u0103ng<\/strong><\/span><\/td>\n<td style=\"width: 55px;\"><span><strong>M\u00e0u S\u1eafc<\/strong><\/span><\/td>\n<td style=\"width: 45px;\"><span><strong>Xu\u1ea5t X\u1ee9<\/strong><\/span><\/td>\n<td style=\"width: 52px;\"><span><strong>B\u1ea3o h\u00e0nh<\/strong><\/span><\/td>\n<\/tr>\n<tr>\n<td style=\"width: 119px;\">\n<p>\u00a0<\/p>\n<ul>\n<li>Ch\u1ea5t li\u1ec7u :<span>Ch\u00e2n S\u1eaft S\u01a1n t\u0129nh \u0111i\u1ec7n , N\u1ec7m Da PU<\/span><\/li>\n<li>Xu\u1ea5t x\u1ee9 :\u00a0 nh\u1eadp kh\u1ea9u<\/li>\n<\/ul>\n<p>Gi\u00e1 ch\u01b0a bao g\u1ed3m 10% VAT<\/p>\n<\/td>\n<td style=\"width: 154.013px;\">\n<p><span>40x47x85\/SH45<\/span><\/p>\n<\/td>\n<td style=\"width: 312.987px;\">\n<p>H\u00e3y \u0111\u1ec3 b\u1ed9 s\u01b0u t\u1eadp\u00a0<b>AMA HOMDECOR\u00a0<\/b>v\u00f4 c\u00f9ng \u0111\u1ed9c \u0111\u00e1o, v\u1edbi \u0111a d\u1ea1ng m\u00e0u s\u1eafc gi\u00fap b\u1ea1n t\u00f4 \u0111i\u1ec3m l\u1ea1i kh\u00f4ng gian n\u1ed9i th\u1ea5t tinh t\u1ebf c\u1ea7n c\u00f3 nh\u00e9. V\u1edbi nhi\u1ec1u m\u00e0u s\u1eafc \u0111a d\u1ea1ng k\u1ebft h\u1ee3p ch\u00e2n g\u1ed7 t\u1ef1 nhi\u00ean ch\u1eafc ch\u1eafn.\u00a0<strong>GH\u1ebe B\u00c0N \u0102N\u00a0\u00a0<\/strong>s\u1ebd l\u00e0 1 s\u1ef1 ch\u1ecdn l\u1ef1a m\u1edbi cho N\u1ed9i th\u1ea5t nh\u00e0 b\u1ea1n.<\/p>\n<\/td>\n<td style=\"width: 55px;\">\n<p>NHI\u1ec0U M\u00c0U<\/p>\n<\/p>\n<table border=\"1\" cellspacing=\"0\" cellpadding=\"0\">\n<tbody><\/tbody>\n<tbody>\n<tr>\n<td>\u00a0N\u00e2u da b\u00f2 , \u0110en<\/td>\n<\/tr>\n<tr><\/tr>\n<\/tbody>\n<\/table>\n<\/td>\n<td style=\"width: 45px;\">Nh\u1eadp Ngo\u1ea1i<\/td>\n<td style=\"width: 52px;\">\n<p>.06 th\u00e1ng k\u1ef9 thu\u1eadt<\/p>\n<\/p>\n<\/td>\n<\/tr>\n<\/tbody>\n<\/table>","protected":false},"excerpt":{"rendered":"<p>H\u00e3y \u0111\u1ec3 b\u1ed9 s\u01b0u t\u1eadp\u00a0AMA HOMDECOR\u00a0v\u00f4 c\u00f9ng \u0111\u1ed9c \u0111\u00e1o, v\u1edbi \u0111a d\u1ea1ng m\u00e0u s\u1eafc gi\u00fap b\u1ea1n t\u00f4 \u0111i\u1ec3m l\u1ea1i kh\u00f4ng gian n\u1ed9i th\u1ea5t tinh t\u1ebf c\u1ea7n c\u00f3 nh\u00e9. V\u1edbi nhi\u1ec1u m\u00e0u s\u1eafc \u0111a d\u1ea1ng k\u1ebft h\u1ee3p ch\u00e2n g\u1ed7 t\u1ef1 nhi\u00ean ch\u1eafc ch\u1eafn.\u00a0GH\u1ebe B\u00c0N \u0102N\u00a0\u00a0s\u1ebd l\u00e0 1 s\u1ef1 ch\u1ecdn l\u1ef1a m\u1edbi cho N\u1ed9i th\u1ea5t nh\u00e0 b\u1ea1n.<\/p>","protected":false},"featured_media":5028,"comment_status":"open","ping_status":"closed","template":"","meta":[],"product_cat":[100,588],"product_tag":[],"yoast_head":"<!-- This site is optimized with the Yoast SEO Premium plugin v21.7 (Yoast SEO v21.7) - https:\/\/yoast.com\/wordpress\/plugins\/seo\/ -->\n<title>GH\u1ebe \u0110\u00d4N CAFE NHI\u1ec0U M\u00c0U AMA-Mallow Stool - AMAFURNI<\/title>\n<meta name=\"robots\" content=\"index, follow, max-snippet:-1, max-image-preview:large, max-video-preview:-1\" \/>\n<link rel=\"canonical\" href=\"https:\/\/amafurni.vn\/en\/product\/ghe-don-cafe-nhieu-mau-ama-mallow-stool\/\" \/>\n<meta property=\"og:locale\" content=\"en_US\" \/>\n<meta property=\"og:type\" content=\"article\" \/>\n<meta property=\"og:title\" content=\"GH\u1ebe \u0110\u00d4N CAFE NHI\u1ec0U M\u00c0U AMA-Mallow Stool\" \/>\n<meta property=\"og:description\" content=\"H\u00e3y \u0111\u1ec3 b\u1ed9 s\u01b0u t\u1eadp\u00a0AMA HOMDECOR\u00a0v\u00f4 c\u00f9ng \u0111\u1ed9c \u0111\u00e1o, v\u1edbi \u0111a d\u1ea1ng m\u00e0u s\u1eafc gi\u00fap b\u1ea1n t\u00f4 \u0111i\u1ec3m l\u1ea1i kh\u00f4ng gian n\u1ed9i th\u1ea5t tinh t\u1ebf c\u1ea7n c\u00f3 nh\u00e9. V\u1edbi nhi\u1ec1u m\u00e0u s\u1eafc \u0111a d\u1ea1ng k\u1ebft h\u1ee3p ch\u00e2n g\u1ed7 t\u1ef1 nhi\u00ean ch\u1eafc ch\u1eafn.\u00a0GH\u1ebe B\u00c0N \u0102N\u00a0\u00a0s\u1ebd l\u00e0 1 s\u1ef1 ch\u1ecdn l\u1ef1a m\u1edbi cho N\u1ed9i th\u1ea5t nh\u00e0 b\u1ea1n.\" \/>\n<meta property=\"og:url\" content=\"https:\/\/amafurni.vn\/en\/product\/ghe-don-cafe-nhieu-mau-ama-mallow-stool\/\" \/>\n<meta property=\"og:site_name\" content=\"AMAFURNI\" \/>\n<meta property=\"article:modified_time\" content=\"2025-11-12T07:11:47+00:00\" \/>\n<meta property=\"og:image\" content=\"https:\/\/amafurni.vn\/wp-content\/uploads\/2023\/12\/ghe-don-cafe-nhieu-mau-ama-mallow-stool_65717ab37b9d1.jpeg\" \/>\n\t<meta property=\"og:image:width\" content=\"800\" \/>\n\t<meta property=\"og:image:height\" content=\"800\" \/>\n\t<meta property=\"og:image:type\" content=\"image\/jpeg\" \/>\n<meta name=\"twitter:card\" content=\"summary_large_image\" \/>\n<meta name=\"twitter:label1\" content=\"Est. reading time\" \/>\n\t<meta name=\"twitter:data1\" content=\"1 minute\" \/>\n<script type=\"application\/ld+json\" class=\"yoast-schema-graph\">{\"@context\":\"https:\/\/schema.org\",\"@graph\":[{\"@type\":\"WebPage\",\"@id\":\"https:\/\/amafurni.vn\/san-pham\/ghe-don-cafe-nhieu-mau-ama-mallow-stool\/\",\"url\":\"https:\/\/amafurni.vn\/san-pham\/ghe-don-cafe-nhieu-mau-ama-mallow-stool\/\",\"name\":\"GH\u1ebe \u0110\u00d4N CAFE NHI\u1ec0U M\u00c0U AMA-Mallow Stool - AMAFURNI\",\"isPartOf\":{\"@id\":\"https:\/\/amafurni.vn\/#website\"},\"datePublished\":\"2023-12-07T07:56:35+00:00\",\"dateModified\":\"2025-11-12T07:11:47+00:00\",\"breadcrumb\":{\"@id\":\"https:\/\/amafurni.vn\/san-pham\/ghe-don-cafe-nhieu-mau-ama-mallow-stool\/#breadcrumb\"},\"inLanguage\":\"en-US\",\"potentialAction\":[{\"@type\":\"ReadAction\",\"target\":[\"https:\/\/amafurni.vn\/san-pham\/ghe-don-cafe-nhieu-mau-ama-mallow-stool\/\"]}]},{\"@type\":\"BreadcrumbList\",\"@id\":\"https:\/\/amafurni.vn\/san-pham\/ghe-don-cafe-nhieu-mau-ama-mallow-stool\/#breadcrumb\",\"itemListElement\":[{\"@type\":\"ListItem\",\"position\":1,\"name\":\"Trang ch\u1ee7\",\"item\":\"https:\/\/amafurni.vn\/\"},{\"@type\":\"ListItem\",\"position\":2,\"name\":\"S\u1ea3n ph\u1ea9m\",\"item\":\"https:\/\/amafurni.vn\/san-pham\/\"},{\"@type\":\"ListItem\",\"position\":3,\"name\":\"GH\u1ebe \u0110\u00d4N CAFE NHI\u1ec0U M\u00c0U AMA-Mallow Stool\"}]},{\"@type\":\"WebSite\",\"@id\":\"https:\/\/amafurni.vn\/#website\",\"url\":\"https:\/\/amafurni.vn\/\",\"name\":\"AMAFURNI\",\"description\":\"\",\"potentialAction\":[{\"@type\":\"SearchAction\",\"target\":{\"@type\":\"EntryPoint\",\"urlTemplate\":\"https:\/\/amafurni.vn\/?s={search_term_string}\"},\"query-input\":\"required name=search_term_string\"}],\"inLanguage\":\"en-US\"}]}<\/script>\n<!-- \/ Yoast SEO Premium plugin. -->","yoast_head_json":{"title":"GH\u1ebe \u0110\u00d4N CAFE NHI\u1ec0U M\u00c0U AMA-Mallow Stool - AMAFURNI","robots":{"index":"index","follow":"follow","max-snippet":"max-snippet:-1","max-image-preview":"max-image-preview:large","max-video-preview":"max-video-preview:-1"},"canonical":"https:\/\/amafurni.vn\/en\/product\/ghe-don-cafe-nhieu-mau-ama-mallow-stool\/","og_locale":"en_US","og_type":"article","og_title":"GH\u1ebe \u0110\u00d4N CAFE NHI\u1ec0U M\u00c0U AMA-Mallow Stool","og_description":"H\u00e3y \u0111\u1ec3 b\u1ed9 s\u01b0u t\u1eadp\u00a0AMA HOMDECOR\u00a0v\u00f4 c\u00f9ng \u0111\u1ed9c \u0111\u00e1o, v\u1edbi \u0111a d\u1ea1ng m\u00e0u s\u1eafc gi\u00fap b\u1ea1n t\u00f4 \u0111i\u1ec3m l\u1ea1i kh\u00f4ng gian n\u1ed9i th\u1ea5t tinh t\u1ebf c\u1ea7n c\u00f3 nh\u00e9. V\u1edbi nhi\u1ec1u m\u00e0u s\u1eafc \u0111a d\u1ea1ng k\u1ebft h\u1ee3p ch\u00e2n g\u1ed7 t\u1ef1 nhi\u00ean ch\u1eafc ch\u1eafn.\u00a0GH\u1ebe B\u00c0N \u0102N\u00a0\u00a0s\u1ebd l\u00e0 1 s\u1ef1 ch\u1ecdn l\u1ef1a m\u1edbi cho N\u1ed9i th\u1ea5t nh\u00e0 b\u1ea1n.","og_url":"https:\/\/amafurni.vn\/en\/product\/ghe-don-cafe-nhieu-mau-ama-mallow-stool\/","og_site_name":"AMAFURNI","article_modified_time":"2025-11-12T07:11:47+00:00","og_image":[{"width":800,"height":800,"url":"https:\/\/amafurni.vn\/wp-content\/uploads\/2023\/12\/ghe-don-cafe-nhieu-mau-ama-mallow-stool_65717ab37b9d1.jpeg","type":"image\/jpeg"}],"twitter_card":"summary_large_image","twitter_misc":{"Est. reading time":"1 minute"},"schema":{"@context":"https:\/\/schema.org","@graph":[{"@type":"WebPage","@id":"https:\/\/amafurni.vn\/san-pham\/ghe-don-cafe-nhieu-mau-ama-mallow-stool\/","url":"https:\/\/amafurni.vn\/san-pham\/ghe-don-cafe-nhieu-mau-ama-mallow-stool\/","name":"GH\u1ebe \u0110\u00d4N CAFE NHI\u1ec0U M\u00c0U AMA-Mallow Stool - AMAFURNI","isPartOf":{"@id":"https:\/\/amafurni.vn\/#website"},"datePublished":"2023-12-07T07:56:35+00:00","dateModified":"2025-11-12T07:11:47+00:00","breadcrumb":{"@id":"https:\/\/amafurni.vn\/san-pham\/ghe-don-cafe-nhieu-mau-ama-mallow-stool\/#breadcrumb"},"inLanguage":"en-US","potentialAction":[{"@type":"ReadAction","target":["https:\/\/amafurni.vn\/san-pham\/ghe-don-cafe-nhieu-mau-ama-mallow-stool\/"]}]},{"@type":"BreadcrumbList","@id":"https:\/\/amafurni.vn\/san-pham\/ghe-don-cafe-nhieu-mau-ama-mallow-stool\/#breadcrumb","itemListElement":[{"@type":"ListItem","position":1,"name":"Trang ch\u1ee7","item":"https:\/\/amafurni.vn\/"},{"@type":"ListItem","position":2,"name":"S\u1ea3n ph\u1ea9m","item":"https:\/\/amafurni.vn\/san-pham\/"},{"@type":"ListItem","position":3,"name":"GH\u1ebe \u0110\u00d4N CAFE NHI\u1ec0U M\u00c0U AMA-Mallow Stool"}]},{"@type":"WebSite","@id":"https:\/\/amafurni.vn\/#website","url":"https:\/\/amafurni.vn\/","name":"AMAFURNI","description":"","potentialAction":[{"@type":"SearchAction","target":{"@type":"EntryPoint","urlTemplate":"https:\/\/amafurni.vn\/?s={search_term_string}"},"query-input":"required name=search_term_string"}],"inLanguage":"en-US"}]}},"_links":{"self":[{"href":"https:\/\/amafurni.vn\/en\/wp-json\/wp\/v2\/product\/5027"}],"collection":[{"href":"https:\/\/amafurni.vn\/en\/wp-json\/wp\/v2\/product"}],"about":[{"href":"https:\/\/amafurni.vn\/en\/wp-json\/wp\/v2\/types\/product"}],"replies":[{"embeddable":true,"href":"https:\/\/amafurni.vn\/en\/wp-json\/wp\/v2\/comments?post=5027"}],"wp:featuredmedia":[{"embeddable":true,"href":"https:\/\/amafurni.vn\/en\/wp-json\/wp\/v2\/media\/5028"}],"wp:attachment":[{"href":"https:\/\/amafurni.vn\/en\/wp-json\/wp\/v2\/media?parent=5027"}],"wp:term":[{"taxonomy":"product_cat","embeddable":true,"href":"https:\/\/amafurni.vn\/en\/wp-json\/wp\/v2\/product_cat?post=5027"},{"taxonomy":"product_tag","embeddable":true,"href":"https:\/\/amafurni.vn\/en\/wp-json\/wp\/v2\/product_tag?post=5027"}],"curies":[{"name":"wp","href":"https:\/\/api.w.org\/{rel}","templated":true}]}}