{"id":5029,"date":"2023-12-07T14:56:41","date_gmt":"2023-12-07T07:56:41","guid":{"rendered":"https:\/\/amafurni.123websitedev.com\/san-pham\/ghe-don-cafe-nhua-pp-nhieu-mau-ama-659\/"},"modified":"2026-01-03T13:08:45","modified_gmt":"2026-01-03T06:08:45","slug":"ghe-don-cafe-nhua-pp-nhieu-mau-ama-659","status":"publish","type":"product","link":"https:\/\/amafurni.vn\/en\/product\/ghe-don-cafe-nhua-pp-nhieu-mau-ama-659\/","title":{"rendered":"Gh\u1ebf coffee \u0111\u00f4n x\u1ebfp ch\u1ed3ng AMA-659"},"content":{"rendered":"<table class=\"woocommerce-product-attributes shop_attributes\" style=\"width: 109.764263%; height: 296px;\" width=\"929\">\n<tbody>\n<tr class=\"woocommerce-product-attributes-item woocommerce-product-attributes-item--attribute_season\">\n<th class=\"woocommerce-product-attributes-item__label\" style=\"width: 11.832461%;\">Material<\/th>\n<td class=\"woocommerce-product-attributes-item__value\" style=\"width: 87.329843%;\">Nh\u1ef1a PP \u0110\u00fac \u0111\u1eb7c<\/td>\n<\/tr>\n<tr class=\"woocommerce-product-attributes-item woocommerce-product-attributes-item--attribute_pa_color\">\n<th class=\"woocommerce-product-attributes-item__label\" style=\"width: 11.832461%;\">M\u00e0u S\u1eafc<\/th>\n<td class=\"woocommerce-product-attributes-item__value\" style=\"width: 87.329843%;\">\u00a0Nhi\u1ec1u M\u00e0u<\/td>\n<\/tr>\n<tr class=\"woocommerce-product-attributes-item woocommerce-product-attributes-item--attribute_style\">\n<th class=\"woocommerce-product-attributes-item__label\" style=\"width: 11.832461%;\">Size<\/th>\n<td class=\"woocommerce-product-attributes-item__value\" style=\"width: 87.329843%;\">300 x 300 x 450<span style=\"font-family: inherit; font-size: inherit;\">mm<\/span><\/td>\n<\/tr>\n<tr class=\"woocommerce-product-attributes-item woocommerce-product-attributes-item--attribute_pa_material\">\n<th class=\"woocommerce-product-attributes-item__label\" style=\"width: 11.832461%;\">T\u00ednh N\u0103ng<\/th>\n<td class=\"woocommerce-product-attributes-item__value\" style=\"width: 87.329843%;\">Gh\u1ebf ng\u1ed3i c\u1ed1 \u0111\u1ecbnh<\/p>\n<p>C\u00f3 th\u1ec3 x\u1ebfp ch\u1ed3ng v\u1edbi nhau<\/td>\n<\/tr>\n<tr class=\"woocommerce-product-attributes-item woocommerce-product-attributes-item--attribute_item-code\">\n<th class=\"woocommerce-product-attributes-item__label\" style=\"width: 11.832461%;\">B\u1ea3o H\u00e0nh<\/th>\n<td class=\"woocommerce-product-attributes-item__value\" style=\"width: 87.329843%;\">12 th\u00e1ng t\u1ea5t c\u1ea3 l\u1ed7i k\u1ef9 thu\u1eadt<\/td>\n<\/tr>\n<\/tbody>\n<\/table>","protected":false},"excerpt":{"rendered":"<p>.V\u1edbi thi\u1ebft k\u1ebf tinh t\u1ebf , ch\u00e2n gh\u1ebf \u0111\u01b0\u1ee3c l\u00e0m b\u1eb1ng ch\u1ea5t li\u1ec7u nh\u1ef1a PP \u0111\u00fac nguy\u00ean kh\u1ed1i t\u1ea1o s\u1ef1 ch\u1eafc ch\u1eafn khi ng\u1ed3i .<br \/>\nGh\u1ebf\u00a0ph\u00f9 h\u1ee3p s\u1eed d\u1ee5ng l\u00e0m gh\u1ebf cafe \u2013 gh\u1ebf \u0103n cho nh\u00e0 h\u00e0ng , cafe sang tr\u1ecdng ,qu\u00e1n tr\u00e0 s\u1eefa nhi\u1ec1u m\u00e0u s\u1eafc, l\u00e0m gh\u1ebf \u0103n cho Ph\u00f2ng \u0103n , gh\u1ebf l\u00e0m vi\u1ec7c trong ph\u00f2ng kh\u00e1ch nh\u00e0 b\u1ea1n.<\/p>","protected":false},"featured_media":5030,"comment_status":"open","ping_status":"closed","template":"","meta":[],"product_cat":[100,588],"product_tag":[318],"yoast_head":"<!-- This site is optimized with the Yoast SEO Premium plugin v21.7 (Yoast SEO v21.7) - https:\/\/yoast.com\/wordpress\/plugins\/seo\/ -->\n<title>Gh\u1ebf coffee \u0111\u00f4n x\u1ebfp ch\u1ed3ng AMA-659 - AMAFURNI<\/title>\n<meta name=\"robots\" content=\"index, follow, max-snippet:-1, max-image-preview:large, max-video-preview:-1\" \/>\n<link rel=\"canonical\" href=\"https:\/\/amafurni.vn\/en\/product\/ghe-don-cafe-nhua-pp-nhieu-mau-ama-659\/\" \/>\n<meta property=\"og:locale\" content=\"en_US\" \/>\n<meta property=\"og:type\" content=\"article\" \/>\n<meta property=\"og:title\" content=\"Gh\u1ebf coffee \u0111\u00f4n x\u1ebfp ch\u1ed3ng AMA-659\" \/>\n<meta property=\"og:description\" content=\".V\u1edbi thi\u1ebft k\u1ebf tinh t\u1ebf , ch\u00e2n gh\u1ebf \u0111\u01b0\u1ee3c l\u00e0m b\u1eb1ng ch\u1ea5t li\u1ec7u nh\u1ef1a PP \u0111\u00fac nguy\u00ean kh\u1ed1i t\u1ea1o s\u1ef1 ch\u1eafc ch\u1eafn khi ng\u1ed3i . Gh\u1ebf\u00a0ph\u00f9 h\u1ee3p s\u1eed d\u1ee5ng l\u00e0m gh\u1ebf cafe \u2013 gh\u1ebf \u0103n cho nh\u00e0 h\u00e0ng , cafe sang tr\u1ecdng ,qu\u00e1n tr\u00e0 s\u1eefa nhi\u1ec1u m\u00e0u s\u1eafc, l\u00e0m gh\u1ebf \u0103n cho Ph\u00f2ng \u0103n , gh\u1ebf l\u00e0m vi\u1ec7c trong ph\u00f2ng kh\u00e1ch nh\u00e0 b\u1ea1n.\" \/>\n<meta property=\"og:url\" content=\"https:\/\/amafurni.vn\/en\/product\/ghe-don-cafe-nhua-pp-nhieu-mau-ama-659\/\" \/>\n<meta property=\"og:site_name\" content=\"AMAFURNI\" \/>\n<meta property=\"article:modified_time\" content=\"2026-01-03T06:08:45+00:00\" \/>\n<meta property=\"og:image\" content=\"https:\/\/amafurni.vn\/wp-content\/uploads\/2023\/12\/ghe-don-cafe-nhua-pp-nhieu-mau-ama-659_65717ab9c174d.jpeg\" \/>\n\t<meta property=\"og:image:width\" content=\"800\" \/>\n\t<meta property=\"og:image:height\" content=\"800\" \/>\n\t<meta property=\"og:image:type\" content=\"image\/jpeg\" \/>\n<meta name=\"twitter:card\" content=\"summary_large_image\" \/>\n<meta name=\"twitter:label1\" content=\"Est. reading time\" \/>\n\t<meta name=\"twitter:data1\" content=\"1 minute\" \/>\n<script type=\"application\/ld+json\" class=\"yoast-schema-graph\">{\"@context\":\"https:\/\/schema.org\",\"@graph\":[{\"@type\":\"WebPage\",\"@id\":\"https:\/\/amafurni.vn\/san-pham\/ghe-don-cafe-nhua-pp-nhieu-mau-ama-659\/\",\"url\":\"https:\/\/amafurni.vn\/san-pham\/ghe-don-cafe-nhua-pp-nhieu-mau-ama-659\/\",\"name\":\"Gh\u1ebf coffee \u0111\u00f4n x\u1ebfp ch\u1ed3ng AMA-659 - AMAFURNI\",\"isPartOf\":{\"@id\":\"https:\/\/amafurni.vn\/#website\"},\"datePublished\":\"2023-12-07T07:56:41+00:00\",\"dateModified\":\"2026-01-03T06:08:45+00:00\",\"breadcrumb\":{\"@id\":\"https:\/\/amafurni.vn\/san-pham\/ghe-don-cafe-nhua-pp-nhieu-mau-ama-659\/#breadcrumb\"},\"inLanguage\":\"en-US\",\"potentialAction\":[{\"@type\":\"ReadAction\",\"target\":[\"https:\/\/amafurni.vn\/san-pham\/ghe-don-cafe-nhua-pp-nhieu-mau-ama-659\/\"]}]},{\"@type\":\"BreadcrumbList\",\"@id\":\"https:\/\/amafurni.vn\/san-pham\/ghe-don-cafe-nhua-pp-nhieu-mau-ama-659\/#breadcrumb\",\"itemListElement\":[{\"@type\":\"ListItem\",\"position\":1,\"name\":\"Trang ch\u1ee7\",\"item\":\"https:\/\/amafurni.vn\/\"},{\"@type\":\"ListItem\",\"position\":2,\"name\":\"S\u1ea3n ph\u1ea9m\",\"item\":\"https:\/\/amafurni.vn\/san-pham\/\"},{\"@type\":\"ListItem\",\"position\":3,\"name\":\"Gh\u1ebf coffee \u0111\u00f4n x\u1ebfp ch\u1ed3ng AMA-659\"}]},{\"@type\":\"WebSite\",\"@id\":\"https:\/\/amafurni.vn\/#website\",\"url\":\"https:\/\/amafurni.vn\/\",\"name\":\"AMAFURNI\",\"description\":\"\",\"potentialAction\":[{\"@type\":\"SearchAction\",\"target\":{\"@type\":\"EntryPoint\",\"urlTemplate\":\"https:\/\/amafurni.vn\/?s={search_term_string}\"},\"query-input\":\"required name=search_term_string\"}],\"inLanguage\":\"en-US\"}]}<\/script>\n<!-- \/ Yoast SEO Premium plugin. -->","yoast_head_json":{"title":"Gh\u1ebf coffee \u0111\u00f4n x\u1ebfp ch\u1ed3ng AMA-659 - AMAFURNI","robots":{"index":"index","follow":"follow","max-snippet":"max-snippet:-1","max-image-preview":"max-image-preview:large","max-video-preview":"max-video-preview:-1"},"canonical":"https:\/\/amafurni.vn\/en\/product\/ghe-don-cafe-nhua-pp-nhieu-mau-ama-659\/","og_locale":"en_US","og_type":"article","og_title":"Gh\u1ebf coffee \u0111\u00f4n x\u1ebfp ch\u1ed3ng AMA-659","og_description":".V\u1edbi thi\u1ebft k\u1ebf tinh t\u1ebf , ch\u00e2n gh\u1ebf \u0111\u01b0\u1ee3c l\u00e0m b\u1eb1ng ch\u1ea5t li\u1ec7u nh\u1ef1a PP \u0111\u00fac nguy\u00ean kh\u1ed1i t\u1ea1o s\u1ef1 ch\u1eafc ch\u1eafn khi ng\u1ed3i . Gh\u1ebf\u00a0ph\u00f9 h\u1ee3p s\u1eed d\u1ee5ng l\u00e0m gh\u1ebf cafe \u2013 gh\u1ebf \u0103n cho nh\u00e0 h\u00e0ng , cafe sang tr\u1ecdng ,qu\u00e1n tr\u00e0 s\u1eefa nhi\u1ec1u m\u00e0u s\u1eafc, l\u00e0m gh\u1ebf \u0103n cho Ph\u00f2ng \u0103n , gh\u1ebf l\u00e0m vi\u1ec7c trong ph\u00f2ng kh\u00e1ch nh\u00e0 b\u1ea1n.","og_url":"https:\/\/amafurni.vn\/en\/product\/ghe-don-cafe-nhua-pp-nhieu-mau-ama-659\/","og_site_name":"AMAFURNI","article_modified_time":"2026-01-03T06:08:45+00:00","og_image":[{"width":800,"height":800,"url":"https:\/\/amafurni.vn\/wp-content\/uploads\/2023\/12\/ghe-don-cafe-nhua-pp-nhieu-mau-ama-659_65717ab9c174d.jpeg","type":"image\/jpeg"}],"twitter_card":"summary_large_image","twitter_misc":{"Est. reading time":"1 minute"},"schema":{"@context":"https:\/\/schema.org","@graph":[{"@type":"WebPage","@id":"https:\/\/amafurni.vn\/san-pham\/ghe-don-cafe-nhua-pp-nhieu-mau-ama-659\/","url":"https:\/\/amafurni.vn\/san-pham\/ghe-don-cafe-nhua-pp-nhieu-mau-ama-659\/","name":"Gh\u1ebf coffee \u0111\u00f4n x\u1ebfp ch\u1ed3ng AMA-659 - AMAFURNI","isPartOf":{"@id":"https:\/\/amafurni.vn\/#website"},"datePublished":"2023-12-07T07:56:41+00:00","dateModified":"2026-01-03T06:08:45+00:00","breadcrumb":{"@id":"https:\/\/amafurni.vn\/san-pham\/ghe-don-cafe-nhua-pp-nhieu-mau-ama-659\/#breadcrumb"},"inLanguage":"en-US","potentialAction":[{"@type":"ReadAction","target":["https:\/\/amafurni.vn\/san-pham\/ghe-don-cafe-nhua-pp-nhieu-mau-ama-659\/"]}]},{"@type":"BreadcrumbList","@id":"https:\/\/amafurni.vn\/san-pham\/ghe-don-cafe-nhua-pp-nhieu-mau-ama-659\/#breadcrumb","itemListElement":[{"@type":"ListItem","position":1,"name":"Trang ch\u1ee7","item":"https:\/\/amafurni.vn\/"},{"@type":"ListItem","position":2,"name":"S\u1ea3n ph\u1ea9m","item":"https:\/\/amafurni.vn\/san-pham\/"},{"@type":"ListItem","position":3,"name":"Gh\u1ebf coffee \u0111\u00f4n x\u1ebfp ch\u1ed3ng AMA-659"}]},{"@type":"WebSite","@id":"https:\/\/amafurni.vn\/#website","url":"https:\/\/amafurni.vn\/","name":"AMAFURNI","description":"","potentialAction":[{"@type":"SearchAction","target":{"@type":"EntryPoint","urlTemplate":"https:\/\/amafurni.vn\/?s={search_term_string}"},"query-input":"required name=search_term_string"}],"inLanguage":"en-US"}]}},"_links":{"self":[{"href":"https:\/\/amafurni.vn\/en\/wp-json\/wp\/v2\/product\/5029"}],"collection":[{"href":"https:\/\/amafurni.vn\/en\/wp-json\/wp\/v2\/product"}],"about":[{"href":"https:\/\/amafurni.vn\/en\/wp-json\/wp\/v2\/types\/product"}],"replies":[{"embeddable":true,"href":"https:\/\/amafurni.vn\/en\/wp-json\/wp\/v2\/comments?post=5029"}],"wp:featuredmedia":[{"embeddable":true,"href":"https:\/\/amafurni.vn\/en\/wp-json\/wp\/v2\/media\/5030"}],"wp:attachment":[{"href":"https:\/\/amafurni.vn\/en\/wp-json\/wp\/v2\/media?parent=5029"}],"wp:term":[{"taxonomy":"product_cat","embeddable":true,"href":"https:\/\/amafurni.vn\/en\/wp-json\/wp\/v2\/product_cat?post=5029"},{"taxonomy":"product_tag","embeddable":true,"href":"https:\/\/amafurni.vn\/en\/wp-json\/wp\/v2\/product_tag?post=5029"}],"curies":[{"name":"wp","href":"https:\/\/api.w.org\/{rel}","templated":true}]}}