{"id":5032,"date":"2023-12-07T14:59:48","date_gmt":"2023-12-07T07:59:48","guid":{"rendered":"https:\/\/amafurni.123websitedev.com\/san-pham\/ghe-quay-bar-ama-58\/"},"modified":"2025-11-12T14:11:47","modified_gmt":"2025-11-12T07:11:47","slug":"ghe-quay-bar-ama-58","status":"publish","type":"product","link":"https:\/\/amafurni.vn\/en\/product\/ghe-quay-bar-ama-58\/","title":{"rendered":"Gh\u1ebf qu\u1ea7y Bar AMA-58"},"content":{"rendered":"<table border=\"1\" height=\"321\">\n<tbody><\/tbody>\n<tbody>\n<tr>\n<td><span><strong>Material<\/strong><\/span><\/td>\n<td><span><strong>T\u00ednh N\u0103ng<\/strong><\/span><\/td>\n<td><span><strong>M\u00e0u S\u1eafc<\/strong><\/span><\/td>\n<td><span><strong>Xu\u1ea5t X\u1ee9<\/strong><\/span><\/td>\n<td><span><strong>B\u1ea3o h\u00e0nh<\/strong><\/span><\/td>\n<\/tr>\n<tr>\n<td>\n<ul>\n<li>Da PVC<br \/>Ch\u00e2n Th\u00e9p M\u1ea1<\/li>\n<\/ul>\n<\/td>\n<td>\n<p>\u00a0 \u00a0\u00a0<\/p>\n<ul>\n<li>T\u0103ng gi\u1ea3m chi\u1ec1u cao d\u1ec5 d\u00e0ng<\/li>\n<\/ul>\n<ul>\n<li>\u1ee8ng d\u1ee5ng s\u1eed d\u1ee5ng trong c\u00e1c qu\u00e1n bar, nh\u00e0 h\u00e0ng, qu\u1ea7y l\u1ec5 t\u00e2n\u2026<\/li>\n<li>Gh\u1ebf c\u00f3 ch\u1ed7 \u0111\u1ec3 ch\u00e2n h\u00ecnh oval<\/li>\n<li><span>Ngo\u00e0i ra s\u1ea3n ph\u1ea9m c\u00f2n \u0111\u01b0\u1ee3c b\u1ecdc\u00a0<\/span><span data-sheets-value='{\"1\":2,\"2\":\"K\u00edch th\u01b0\u1edbc: 53x47x85\/SH60-80cmnCh\u1ea5t li\u1ec7u : Y\u00ean b\u1ecdc v\u1ea3i gi\u1ea3 da, ch\u00e2n n\u00e2ng h\u1ea1 m\u1ea1 CrnM\u00e0u s\u1eafc : N\u00e2u, x\u00e1m, x\u00e1m nh\u1ea1tnXu\u1ea5t x\u1ee9: Nh\u1eadp kh\u1ea9u.\"}' data-sheets-userformat='{\"2\":1021,\"3\":{\"1\":0},\"5\":{\"1\":[{\"1\":2,\"2\":0,\"5\":{\"1\":2,\"2\":0}},{\"1\":0,\"2\":0,\"3\":3},{\"1\":1,\"2\":0,\"4\":1}]},\"6\":{\"1\":[{\"1\":2,\"2\":0,\"5\":{\"1\":2,\"2\":0}},{\"1\":0,\"2\":0,\"3\":3},{\"1\":1,\"2\":0,\"4\":1}]},\"7\":{\"1\":[{\"1\":2,\"2\":0,\"5\":{\"1\":2,\"2\":0}},{\"1\":0,\"2\":0,\"3\":3},{\"1\":1,\"2\":0,\"4\":1}]},\"8\":{\"1\":[{\"1\":2,\"2\":0,\"5\":{\"1\":2,\"2\":0}},{\"1\":0,\"2\":0,\"3\":3},{\"1\":1,\"2\":0,\"4\":1}]},\"9\":0,\"10\":1,\"11\":4,\"12\":0}'>v\u1ea3i gi\u1ea3 da v\u1edbi nhi\u1ec1u tone m\u00e0u kh\u00e1c nhau v\u1eeba mang t\u1edbi s\u1ef1 th\u1eddi th\u01b0\u1ee3ng v\u1eeba \u0111em \u0111\u1ebfn s\u1ef1 \u00eam \u00e1i, kh\u00f4ng lo b\u1ecb n\u00f3ng k\u1ec3 c\u1ea3 khi ng\u1ed3i l\u00e2u.<\/span><\/li>\n<li>39x41x88\/SH60-78<\/li>\n<\/ul>\n<\/td>\n<td>NHI\u1ec0U M\u00c0U\u00a0<\/td>\n<td>Nh\u1eadp Ngo\u1ea1i<\/td>\n<td>06 Th\u00e1ng t\u1ea5t c\u1ea3 l\u1ed7i k\u0129 thu\u1eadt .<\/td>\n<\/tr>\n<\/tbody>\n<\/table>","protected":false},"excerpt":{"rendered":"<p>Ch\u1ea5t Li\u1ec7u T\u00ednh N\u0103ng M\u00e0u S\u1eafc Xu\u1ea5t X\u1ee9 B\u1ea3o h\u00e0nh Da PVCCh\u00e2n Th\u00e9p M\u1ea1 \u00a0 \u00a0\u00a0 T\u0103ng gi\u1ea3m chi\u1ec1u cao d\u1ec5 d\u00e0ng \u1ee8ng d\u1ee5ng s\u1eed d\u1ee5ng trong c\u00e1c qu\u00e1n bar, nh\u00e0 h\u00e0ng, qu\u1ea7y l\u1ec5 t\u00e2n\u2026 Gh\u1ebf c\u00f3 ch\u1ed7 \u0111\u1ec3 ch\u00e2n h\u00ecnh oval Ngo\u00e0i ra s\u1ea3n ph\u1ea9m c\u00f2n \u0111\u01b0\u1ee3c b\u1ecdc\u00a0v\u1ea3i gi\u1ea3 da v\u1edbi nhi\u1ec1u tone m\u00e0u [&hellip;]<\/p>","protected":false},"featured_media":5033,"comment_status":"open","ping_status":"closed","template":"","meta":[],"product_cat":[100,103],"product_tag":[],"yoast_head":"<!-- This site is optimized with the Yoast SEO Premium plugin v21.7 (Yoast SEO v21.7) - https:\/\/yoast.com\/wordpress\/plugins\/seo\/ -->\n<title>Gh\u1ebf qu\u1ea7y Bar AMA-58 - AMAFURNI<\/title>\n<meta name=\"robots\" content=\"index, follow, max-snippet:-1, max-image-preview:large, max-video-preview:-1\" \/>\n<link rel=\"canonical\" href=\"https:\/\/amafurni.vn\/en\/product\/ghe-quay-bar-ama-58\/\" \/>\n<meta property=\"og:locale\" content=\"en_US\" \/>\n<meta property=\"og:type\" content=\"article\" \/>\n<meta property=\"og:title\" content=\"Gh\u1ebf qu\u1ea7y Bar AMA-58\" \/>\n<meta property=\"og:description\" content=\"Ch\u1ea5t Li\u1ec7u T\u00ednh N\u0103ng M\u00e0u S\u1eafc Xu\u1ea5t X\u1ee9 B\u1ea3o h\u00e0nh Da PVCCh\u00e2n Th\u00e9p M\u1ea1 \u00a0 \u00a0\u00a0 T\u0103ng gi\u1ea3m chi\u1ec1u cao d\u1ec5 d\u00e0ng \u1ee8ng d\u1ee5ng s\u1eed d\u1ee5ng trong c\u00e1c qu\u00e1n bar, nh\u00e0 h\u00e0ng, qu\u1ea7y l\u1ec5 t\u00e2n\u2026 Gh\u1ebf c\u00f3 ch\u1ed7 \u0111\u1ec3 ch\u00e2n h\u00ecnh oval Ngo\u00e0i ra s\u1ea3n ph\u1ea9m c\u00f2n \u0111\u01b0\u1ee3c b\u1ecdc\u00a0v\u1ea3i gi\u1ea3 da v\u1edbi nhi\u1ec1u tone m\u00e0u [&hellip;]\" \/>\n<meta property=\"og:url\" content=\"https:\/\/amafurni.vn\/en\/product\/ghe-quay-bar-ama-58\/\" \/>\n<meta property=\"og:site_name\" content=\"AMAFURNI\" \/>\n<meta property=\"article:modified_time\" content=\"2025-11-12T07:11:47+00:00\" \/>\n<meta property=\"og:image\" content=\"https:\/\/amafurni.vn\/wp-content\/uploads\/2023\/12\/ghe-quay-bar-ama-58_65717b7494b80.jpeg\" \/>\n\t<meta property=\"og:image:width\" content=\"800\" \/>\n\t<meta property=\"og:image:height\" content=\"800\" \/>\n\t<meta property=\"og:image:type\" content=\"image\/jpeg\" \/>\n<meta name=\"twitter:card\" content=\"summary_large_image\" \/>\n<meta name=\"twitter:label1\" content=\"Est. reading time\" \/>\n\t<meta name=\"twitter:data1\" content=\"1 minute\" \/>\n<script type=\"application\/ld+json\" class=\"yoast-schema-graph\">{\"@context\":\"https:\/\/schema.org\",\"@graph\":[{\"@type\":\"WebPage\",\"@id\":\"https:\/\/amafurni.vn\/san-pham\/ghe-quay-bar-ama-58\/\",\"url\":\"https:\/\/amafurni.vn\/san-pham\/ghe-quay-bar-ama-58\/\",\"name\":\"Gh\u1ebf qu\u1ea7y Bar AMA-58 - AMAFURNI\",\"isPartOf\":{\"@id\":\"https:\/\/amafurni.vn\/#website\"},\"datePublished\":\"2023-12-07T07:59:48+00:00\",\"dateModified\":\"2025-11-12T07:11:47+00:00\",\"breadcrumb\":{\"@id\":\"https:\/\/amafurni.vn\/san-pham\/ghe-quay-bar-ama-58\/#breadcrumb\"},\"inLanguage\":\"en-US\",\"potentialAction\":[{\"@type\":\"ReadAction\",\"target\":[\"https:\/\/amafurni.vn\/san-pham\/ghe-quay-bar-ama-58\/\"]}]},{\"@type\":\"BreadcrumbList\",\"@id\":\"https:\/\/amafurni.vn\/san-pham\/ghe-quay-bar-ama-58\/#breadcrumb\",\"itemListElement\":[{\"@type\":\"ListItem\",\"position\":1,\"name\":\"Trang ch\u1ee7\",\"item\":\"https:\/\/amafurni.vn\/\"},{\"@type\":\"ListItem\",\"position\":2,\"name\":\"S\u1ea3n ph\u1ea9m\",\"item\":\"https:\/\/amafurni.vn\/san-pham\/\"},{\"@type\":\"ListItem\",\"position\":3,\"name\":\"Gh\u1ebf qu\u1ea7y Bar AMA-58\"}]},{\"@type\":\"WebSite\",\"@id\":\"https:\/\/amafurni.vn\/#website\",\"url\":\"https:\/\/amafurni.vn\/\",\"name\":\"AMAFURNI\",\"description\":\"\",\"potentialAction\":[{\"@type\":\"SearchAction\",\"target\":{\"@type\":\"EntryPoint\",\"urlTemplate\":\"https:\/\/amafurni.vn\/?s={search_term_string}\"},\"query-input\":\"required name=search_term_string\"}],\"inLanguage\":\"en-US\"}]}<\/script>\n<!-- \/ Yoast SEO Premium plugin. -->","yoast_head_json":{"title":"Gh\u1ebf qu\u1ea7y Bar AMA-58 - AMAFURNI","robots":{"index":"index","follow":"follow","max-snippet":"max-snippet:-1","max-image-preview":"max-image-preview:large","max-video-preview":"max-video-preview:-1"},"canonical":"https:\/\/amafurni.vn\/en\/product\/ghe-quay-bar-ama-58\/","og_locale":"en_US","og_type":"article","og_title":"Gh\u1ebf qu\u1ea7y Bar AMA-58","og_description":"Ch\u1ea5t Li\u1ec7u T\u00ednh N\u0103ng M\u00e0u S\u1eafc Xu\u1ea5t X\u1ee9 B\u1ea3o h\u00e0nh Da PVCCh\u00e2n Th\u00e9p M\u1ea1 \u00a0 \u00a0\u00a0 T\u0103ng gi\u1ea3m chi\u1ec1u cao d\u1ec5 d\u00e0ng \u1ee8ng d\u1ee5ng s\u1eed d\u1ee5ng trong c\u00e1c qu\u00e1n bar, nh\u00e0 h\u00e0ng, qu\u1ea7y l\u1ec5 t\u00e2n\u2026 Gh\u1ebf c\u00f3 ch\u1ed7 \u0111\u1ec3 ch\u00e2n h\u00ecnh oval Ngo\u00e0i ra s\u1ea3n ph\u1ea9m c\u00f2n \u0111\u01b0\u1ee3c b\u1ecdc\u00a0v\u1ea3i gi\u1ea3 da v\u1edbi nhi\u1ec1u tone m\u00e0u [&hellip;]","og_url":"https:\/\/amafurni.vn\/en\/product\/ghe-quay-bar-ama-58\/","og_site_name":"AMAFURNI","article_modified_time":"2025-11-12T07:11:47+00:00","og_image":[{"width":800,"height":800,"url":"https:\/\/amafurni.vn\/wp-content\/uploads\/2023\/12\/ghe-quay-bar-ama-58_65717b7494b80.jpeg","type":"image\/jpeg"}],"twitter_card":"summary_large_image","twitter_misc":{"Est. reading time":"1 minute"},"schema":{"@context":"https:\/\/schema.org","@graph":[{"@type":"WebPage","@id":"https:\/\/amafurni.vn\/san-pham\/ghe-quay-bar-ama-58\/","url":"https:\/\/amafurni.vn\/san-pham\/ghe-quay-bar-ama-58\/","name":"Gh\u1ebf qu\u1ea7y Bar AMA-58 - AMAFURNI","isPartOf":{"@id":"https:\/\/amafurni.vn\/#website"},"datePublished":"2023-12-07T07:59:48+00:00","dateModified":"2025-11-12T07:11:47+00:00","breadcrumb":{"@id":"https:\/\/amafurni.vn\/san-pham\/ghe-quay-bar-ama-58\/#breadcrumb"},"inLanguage":"en-US","potentialAction":[{"@type":"ReadAction","target":["https:\/\/amafurni.vn\/san-pham\/ghe-quay-bar-ama-58\/"]}]},{"@type":"BreadcrumbList","@id":"https:\/\/amafurni.vn\/san-pham\/ghe-quay-bar-ama-58\/#breadcrumb","itemListElement":[{"@type":"ListItem","position":1,"name":"Trang ch\u1ee7","item":"https:\/\/amafurni.vn\/"},{"@type":"ListItem","position":2,"name":"S\u1ea3n ph\u1ea9m","item":"https:\/\/amafurni.vn\/san-pham\/"},{"@type":"ListItem","position":3,"name":"Gh\u1ebf qu\u1ea7y Bar AMA-58"}]},{"@type":"WebSite","@id":"https:\/\/amafurni.vn\/#website","url":"https:\/\/amafurni.vn\/","name":"AMAFURNI","description":"","potentialAction":[{"@type":"SearchAction","target":{"@type":"EntryPoint","urlTemplate":"https:\/\/amafurni.vn\/?s={search_term_string}"},"query-input":"required name=search_term_string"}],"inLanguage":"en-US"}]}},"_links":{"self":[{"href":"https:\/\/amafurni.vn\/en\/wp-json\/wp\/v2\/product\/5032"}],"collection":[{"href":"https:\/\/amafurni.vn\/en\/wp-json\/wp\/v2\/product"}],"about":[{"href":"https:\/\/amafurni.vn\/en\/wp-json\/wp\/v2\/types\/product"}],"replies":[{"embeddable":true,"href":"https:\/\/amafurni.vn\/en\/wp-json\/wp\/v2\/comments?post=5032"}],"wp:featuredmedia":[{"embeddable":true,"href":"https:\/\/amafurni.vn\/en\/wp-json\/wp\/v2\/media\/5033"}],"wp:attachment":[{"href":"https:\/\/amafurni.vn\/en\/wp-json\/wp\/v2\/media?parent=5032"}],"wp:term":[{"taxonomy":"product_cat","embeddable":true,"href":"https:\/\/amafurni.vn\/en\/wp-json\/wp\/v2\/product_cat?post=5032"},{"taxonomy":"product_tag","embeddable":true,"href":"https:\/\/amafurni.vn\/en\/wp-json\/wp\/v2\/product_tag?post=5032"}],"curies":[{"name":"wp","href":"https:\/\/api.w.org\/{rel}","templated":true}]}}