{"id":5072,"date":"2023-12-07T15:02:25","date_gmt":"2023-12-07T08:02:25","guid":{"rendered":"https:\/\/amafurni.123websitedev.com\/san-pham\/ghe-bar-chan-sat-tinh-dien-nem-go-thong-ama-bar-mocao-75cm\/"},"modified":"2025-11-12T14:11:50","modified_gmt":"2025-11-12T07:11:50","slug":"ghe-bar-chan-sat-tinh-dien-nem-go-thong-ama-bar-mocao-75cm","status":"publish","type":"product","link":"https:\/\/amafurni.vn\/en\/product\/ghe-bar-chan-sat-tinh-dien-nem-go-thong-ama-bar-mocao-75cm\/","title":{"rendered":"GH\u1ebe BAR CH\u00c2N S\u1eaeT T\u0128NH \u0110I\u1ec6N N\u1ec6M G\u1ed6 TH\u00d4NG AMA-Bar Mocao 75cm"},"content":{"rendered":"<table border=\"1\" height=\"299\" style=\"width: 761px;\">\n<tbody><\/tbody>\n<tbody>\n<tr>\n<td style=\"width: 125.225px;\"><span><strong>Material<\/strong><\/span><\/td>\n<td style=\"width: 101.775px;\">\n<p><span><strong><\/strong><\/span><\/p>\n<p><span><strong>Size<\/strong><\/span><\/p>\n<p><span><strong>(D\u00e0i*R\u1ed9ng*cao)<\/strong><\/span><\/p>\n<\/td>\n<td style=\"width: 355px;\"><span><strong>T\u00ednh N\u0103ng<\/strong><\/span><\/td>\n<td style=\"width: 49px;\"><span><strong>M\u00e0u S\u1eafc<\/strong><\/span><\/td>\n<td style=\"width: 44px;\"><span><strong>Xu\u1ea5t X\u1ee9<\/strong><\/span><\/td>\n<td style=\"width: 50px;\"><span><strong>B\u1ea3o h\u00e0nh<\/strong><\/span><\/td>\n<\/tr>\n<tr>\n<td style=\"width: 125.225px;\">\n<p>\u00a0<\/p>\n<ul>\n<li>Ch\u1ea5t li\u1ec7u :\u00a0<span>\u00a0S\u1eaft s\u01a1n t\u0129nh \u0111i\u1ec7n, n\u1ec7m g\u1ed7 th\u00f4ng<\/span><\/li>\n<\/ul>\n<p>Gi\u00e1 ch\u01b0a bao g\u1ed3m 10% VAT<\/p>\n<\/td>\n<td style=\"width: 101.775px;\">\n<p>\u00a0 \u00a0 \u00a0. \u0110ANG C\u1eacP\u00a0 \u00a0 \u00a0 \u00a0NH\u1eacT\u00a0<\/p>\n<\/td>\n<td style=\"width: 355px;\">\n<p><span>Gh\u1ebf Cafe Bar MOCAO v\u1edbi m\u1eb7t gh\u1ebf l\u00e0m b\u1eb1ng g\u1ed7 th\u00f4ng cao c\u1ea5p, ch\u00e2n tr\u1ee5 \u0111\u01b0\u1ee3c l\u00e0m b\u1eb1ng s\u1eaft s\u01a1n t\u0129nh \u0111i\u1ec7n, c\u00f3 kh\u1ea3 n\u0103ng ch\u1ed1ng l\u1ea1i th\u1eddi ti\u1ebft, kh\u00f4ng lo m\u1ed1i m\u1ecdt. \u0110\u1eb7c bi\u1ec7t, s\u1ea3n ph\u1ea9m l\u1ea1i r\u1ea5t d\u1ec5 d\u00e0ng lau ch\u00f9i v\u00e0 di chuy\u1ec3n,\u2026 \u0110\u00e2y l\u00e0 nh\u1eefng \u01b0u \u0111i\u1ec3m v\u1ec1 ch\u1ea5t li\u1ec7u c\u1ee7a gh\u1ebf \u0111\u1ec3 qu\u00fd kh\u00e1ch c\u00f3 th\u1ec3 y\u00ean t\u00e2m l\u1ef1a ch\u1ecdn cho qu\u00e1n c\u1ee7a m\u00ecnh.<\/span><\/p>\n<\/td>\n<td style=\"width: 49px;\">\n<p>NHI\u1ec0U M\u00c0U<\/p>\n<\/p>\n<p><span>Tr\u1eafng, \u0111en<\/span><\/p>\n<\/td>\n<td style=\"width: 44px;\">Nh\u1eadp Ngo\u1ea1i<\/td>\n<td style=\"width: 50px;\">\n<p>. 06 th\u00e1ng k\u1ef9 thu\u1eadt<\/p>\n<p>. Ben h\u01a1i 1 \u0111\u1ed5i 1<\/p>\n<\/td>\n<\/tr>\n<\/tbody>\n<\/table>","protected":false},"excerpt":{"rendered":"<p>Gh\u1ebf Cafe Bar MOCAO v\u1edbi m\u1eb7t gh\u1ebf l\u00e0m b\u1eb1ng g\u1ed7 th\u00f4ng cao c\u1ea5p, ch\u00e2n tr\u1ee5 \u0111\u01b0\u1ee3c l\u00e0m b\u1eb1ng s\u1eaft s\u01a1n t\u0129nh \u0111i\u1ec7n, c\u00f3 kh\u1ea3 n\u0103ng ch\u1ed1ng l\u1ea1i th\u1eddi ti\u1ebft, kh\u00f4ng lo m\u1ed1i m\u1ecdt. \u0110\u1eb7c bi\u1ec7t, s\u1ea3n ph\u1ea9m l\u1ea1i r\u1ea5t d\u1ec5 d\u00e0ng lau ch\u00f9i v\u00e0 di chuy\u1ec3n,\u2026 \u0110\u00e2y l\u00e0 nh\u1eefng \u01b0u \u0111i\u1ec3m v\u1ec1 ch\u1ea5t li\u1ec7u c\u1ee7a gh\u1ebf \u0111\u1ec3 qu\u00fd kh\u00e1ch c\u00f3 th\u1ec3 y\u00ean t\u00e2m l\u1ef1a ch\u1ecdn cho qu\u00e1n c\u1ee7a m\u00ecnh.<\/p>","protected":false},"featured_media":5073,"comment_status":"open","ping_status":"closed","template":"","meta":[],"product_cat":[100,103],"product_tag":[],"yoast_head":"<!-- This site is optimized with the Yoast SEO Premium plugin v21.7 (Yoast SEO v21.7) - https:\/\/yoast.com\/wordpress\/plugins\/seo\/ -->\n<title>GH\u1ebe BAR CH\u00c2N S\u1eaeT T\u0128NH \u0110I\u1ec6N N\u1ec6M G\u1ed6 TH\u00d4NG AMA-Bar Mocao 75cm - AMAFURNI<\/title>\n<meta name=\"robots\" content=\"index, follow, max-snippet:-1, max-image-preview:large, max-video-preview:-1\" \/>\n<link rel=\"canonical\" href=\"https:\/\/amafurni.vn\/en\/product\/ghe-bar-chan-sat-tinh-dien-nem-go-thong-ama-bar-mocao-75cm\/\" \/>\n<meta property=\"og:locale\" content=\"en_US\" \/>\n<meta property=\"og:type\" content=\"article\" \/>\n<meta property=\"og:title\" content=\"GH\u1ebe BAR CH\u00c2N S\u1eaeT T\u0128NH \u0110I\u1ec6N N\u1ec6M G\u1ed6 TH\u00d4NG AMA-Bar Mocao 75cm\" \/>\n<meta property=\"og:description\" content=\"Gh\u1ebf Cafe Bar MOCAO v\u1edbi m\u1eb7t gh\u1ebf l\u00e0m b\u1eb1ng g\u1ed7 th\u00f4ng cao c\u1ea5p, ch\u00e2n tr\u1ee5 \u0111\u01b0\u1ee3c l\u00e0m b\u1eb1ng s\u1eaft s\u01a1n t\u0129nh \u0111i\u1ec7n, c\u00f3 kh\u1ea3 n\u0103ng ch\u1ed1ng l\u1ea1i th\u1eddi ti\u1ebft, kh\u00f4ng lo m\u1ed1i m\u1ecdt. \u0110\u1eb7c bi\u1ec7t, s\u1ea3n ph\u1ea9m l\u1ea1i r\u1ea5t d\u1ec5 d\u00e0ng lau ch\u00f9i v\u00e0 di chuy\u1ec3n,\u2026 \u0110\u00e2y l\u00e0 nh\u1eefng \u01b0u \u0111i\u1ec3m v\u1ec1 ch\u1ea5t li\u1ec7u c\u1ee7a gh\u1ebf \u0111\u1ec3 qu\u00fd kh\u00e1ch c\u00f3 th\u1ec3 y\u00ean t\u00e2m l\u1ef1a ch\u1ecdn cho qu\u00e1n c\u1ee7a m\u00ecnh.\" \/>\n<meta property=\"og:url\" content=\"https:\/\/amafurni.vn\/en\/product\/ghe-bar-chan-sat-tinh-dien-nem-go-thong-ama-bar-mocao-75cm\/\" \/>\n<meta property=\"og:site_name\" content=\"AMAFURNI\" \/>\n<meta property=\"article:modified_time\" content=\"2025-11-12T07:11:50+00:00\" \/>\n<meta property=\"og:image\" content=\"https:\/\/amafurni.vn\/wp-content\/uploads\/2023\/12\/ghe-bar-chan-sat-tinh-dien-nem-go-thong-ama-bar-mocao-75cm_65717c1194fd4.jpeg\" \/>\n\t<meta property=\"og:image:width\" content=\"800\" \/>\n\t<meta property=\"og:image:height\" content=\"800\" \/>\n\t<meta property=\"og:image:type\" content=\"image\/jpeg\" \/>\n<meta name=\"twitter:card\" content=\"summary_large_image\" \/>\n<meta name=\"twitter:label1\" content=\"Est. reading time\" \/>\n\t<meta name=\"twitter:data1\" content=\"1 minute\" \/>\n<script type=\"application\/ld+json\" class=\"yoast-schema-graph\">{\"@context\":\"https:\/\/schema.org\",\"@graph\":[{\"@type\":\"WebPage\",\"@id\":\"https:\/\/amafurni.vn\/san-pham\/ghe-bar-chan-sat-tinh-dien-nem-go-thong-ama-bar-mocao-75cm\/\",\"url\":\"https:\/\/amafurni.vn\/san-pham\/ghe-bar-chan-sat-tinh-dien-nem-go-thong-ama-bar-mocao-75cm\/\",\"name\":\"GH\u1ebe BAR CH\u00c2N S\u1eaeT T\u0128NH \u0110I\u1ec6N N\u1ec6M G\u1ed6 TH\u00d4NG AMA-Bar Mocao 75cm - AMAFURNI\",\"isPartOf\":{\"@id\":\"https:\/\/amafurni.vn\/#website\"},\"datePublished\":\"2023-12-07T08:02:25+00:00\",\"dateModified\":\"2025-11-12T07:11:50+00:00\",\"breadcrumb\":{\"@id\":\"https:\/\/amafurni.vn\/san-pham\/ghe-bar-chan-sat-tinh-dien-nem-go-thong-ama-bar-mocao-75cm\/#breadcrumb\"},\"inLanguage\":\"en-US\",\"potentialAction\":[{\"@type\":\"ReadAction\",\"target\":[\"https:\/\/amafurni.vn\/san-pham\/ghe-bar-chan-sat-tinh-dien-nem-go-thong-ama-bar-mocao-75cm\/\"]}]},{\"@type\":\"BreadcrumbList\",\"@id\":\"https:\/\/amafurni.vn\/san-pham\/ghe-bar-chan-sat-tinh-dien-nem-go-thong-ama-bar-mocao-75cm\/#breadcrumb\",\"itemListElement\":[{\"@type\":\"ListItem\",\"position\":1,\"name\":\"Trang ch\u1ee7\",\"item\":\"https:\/\/amafurni.vn\/\"},{\"@type\":\"ListItem\",\"position\":2,\"name\":\"S\u1ea3n ph\u1ea9m\",\"item\":\"https:\/\/amafurni.vn\/san-pham\/\"},{\"@type\":\"ListItem\",\"position\":3,\"name\":\"GH\u1ebe BAR CH\u00c2N S\u1eaeT T\u0128NH \u0110I\u1ec6N N\u1ec6M G\u1ed6 TH\u00d4NG AMA-Bar Mocao 75cm\"}]},{\"@type\":\"WebSite\",\"@id\":\"https:\/\/amafurni.vn\/#website\",\"url\":\"https:\/\/amafurni.vn\/\",\"name\":\"AMAFURNI\",\"description\":\"\",\"potentialAction\":[{\"@type\":\"SearchAction\",\"target\":{\"@type\":\"EntryPoint\",\"urlTemplate\":\"https:\/\/amafurni.vn\/?s={search_term_string}\"},\"query-input\":\"required name=search_term_string\"}],\"inLanguage\":\"en-US\"}]}<\/script>\n<!-- \/ Yoast SEO Premium plugin. -->","yoast_head_json":{"title":"GH\u1ebe BAR CH\u00c2N S\u1eaeT T\u0128NH \u0110I\u1ec6N N\u1ec6M G\u1ed6 TH\u00d4NG AMA-Bar Mocao 75cm - AMAFURNI","robots":{"index":"index","follow":"follow","max-snippet":"max-snippet:-1","max-image-preview":"max-image-preview:large","max-video-preview":"max-video-preview:-1"},"canonical":"https:\/\/amafurni.vn\/en\/product\/ghe-bar-chan-sat-tinh-dien-nem-go-thong-ama-bar-mocao-75cm\/","og_locale":"en_US","og_type":"article","og_title":"GH\u1ebe BAR CH\u00c2N S\u1eaeT T\u0128NH \u0110I\u1ec6N N\u1ec6M G\u1ed6 TH\u00d4NG AMA-Bar Mocao 75cm","og_description":"Gh\u1ebf Cafe Bar MOCAO v\u1edbi m\u1eb7t gh\u1ebf l\u00e0m b\u1eb1ng g\u1ed7 th\u00f4ng cao c\u1ea5p, ch\u00e2n tr\u1ee5 \u0111\u01b0\u1ee3c l\u00e0m b\u1eb1ng s\u1eaft s\u01a1n t\u0129nh \u0111i\u1ec7n, c\u00f3 kh\u1ea3 n\u0103ng ch\u1ed1ng l\u1ea1i th\u1eddi ti\u1ebft, kh\u00f4ng lo m\u1ed1i m\u1ecdt. \u0110\u1eb7c bi\u1ec7t, s\u1ea3n ph\u1ea9m l\u1ea1i r\u1ea5t d\u1ec5 d\u00e0ng lau ch\u00f9i v\u00e0 di chuy\u1ec3n,\u2026 \u0110\u00e2y l\u00e0 nh\u1eefng \u01b0u \u0111i\u1ec3m v\u1ec1 ch\u1ea5t li\u1ec7u c\u1ee7a gh\u1ebf \u0111\u1ec3 qu\u00fd kh\u00e1ch c\u00f3 th\u1ec3 y\u00ean t\u00e2m l\u1ef1a ch\u1ecdn cho qu\u00e1n c\u1ee7a m\u00ecnh.","og_url":"https:\/\/amafurni.vn\/en\/product\/ghe-bar-chan-sat-tinh-dien-nem-go-thong-ama-bar-mocao-75cm\/","og_site_name":"AMAFURNI","article_modified_time":"2025-11-12T07:11:50+00:00","og_image":[{"width":800,"height":800,"url":"https:\/\/amafurni.vn\/wp-content\/uploads\/2023\/12\/ghe-bar-chan-sat-tinh-dien-nem-go-thong-ama-bar-mocao-75cm_65717c1194fd4.jpeg","type":"image\/jpeg"}],"twitter_card":"summary_large_image","twitter_misc":{"Est. reading time":"1 minute"},"schema":{"@context":"https:\/\/schema.org","@graph":[{"@type":"WebPage","@id":"https:\/\/amafurni.vn\/san-pham\/ghe-bar-chan-sat-tinh-dien-nem-go-thong-ama-bar-mocao-75cm\/","url":"https:\/\/amafurni.vn\/san-pham\/ghe-bar-chan-sat-tinh-dien-nem-go-thong-ama-bar-mocao-75cm\/","name":"GH\u1ebe BAR CH\u00c2N S\u1eaeT T\u0128NH \u0110I\u1ec6N N\u1ec6M G\u1ed6 TH\u00d4NG AMA-Bar Mocao 75cm - AMAFURNI","isPartOf":{"@id":"https:\/\/amafurni.vn\/#website"},"datePublished":"2023-12-07T08:02:25+00:00","dateModified":"2025-11-12T07:11:50+00:00","breadcrumb":{"@id":"https:\/\/amafurni.vn\/san-pham\/ghe-bar-chan-sat-tinh-dien-nem-go-thong-ama-bar-mocao-75cm\/#breadcrumb"},"inLanguage":"en-US","potentialAction":[{"@type":"ReadAction","target":["https:\/\/amafurni.vn\/san-pham\/ghe-bar-chan-sat-tinh-dien-nem-go-thong-ama-bar-mocao-75cm\/"]}]},{"@type":"BreadcrumbList","@id":"https:\/\/amafurni.vn\/san-pham\/ghe-bar-chan-sat-tinh-dien-nem-go-thong-ama-bar-mocao-75cm\/#breadcrumb","itemListElement":[{"@type":"ListItem","position":1,"name":"Trang ch\u1ee7","item":"https:\/\/amafurni.vn\/"},{"@type":"ListItem","position":2,"name":"S\u1ea3n ph\u1ea9m","item":"https:\/\/amafurni.vn\/san-pham\/"},{"@type":"ListItem","position":3,"name":"GH\u1ebe BAR CH\u00c2N S\u1eaeT T\u0128NH \u0110I\u1ec6N N\u1ec6M G\u1ed6 TH\u00d4NG AMA-Bar Mocao 75cm"}]},{"@type":"WebSite","@id":"https:\/\/amafurni.vn\/#website","url":"https:\/\/amafurni.vn\/","name":"AMAFURNI","description":"","potentialAction":[{"@type":"SearchAction","target":{"@type":"EntryPoint","urlTemplate":"https:\/\/amafurni.vn\/?s={search_term_string}"},"query-input":"required name=search_term_string"}],"inLanguage":"en-US"}]}},"_links":{"self":[{"href":"https:\/\/amafurni.vn\/en\/wp-json\/wp\/v2\/product\/5072"}],"collection":[{"href":"https:\/\/amafurni.vn\/en\/wp-json\/wp\/v2\/product"}],"about":[{"href":"https:\/\/amafurni.vn\/en\/wp-json\/wp\/v2\/types\/product"}],"replies":[{"embeddable":true,"href":"https:\/\/amafurni.vn\/en\/wp-json\/wp\/v2\/comments?post=5072"}],"wp:featuredmedia":[{"embeddable":true,"href":"https:\/\/amafurni.vn\/en\/wp-json\/wp\/v2\/media\/5073"}],"wp:attachment":[{"href":"https:\/\/amafurni.vn\/en\/wp-json\/wp\/v2\/media?parent=5072"}],"wp:term":[{"taxonomy":"product_cat","embeddable":true,"href":"https:\/\/amafurni.vn\/en\/wp-json\/wp\/v2\/product_cat?post=5072"},{"taxonomy":"product_tag","embeddable":true,"href":"https:\/\/amafurni.vn\/en\/wp-json\/wp\/v2\/product_tag?post=5072"}],"curies":[{"name":"wp","href":"https:\/\/api.w.org\/{rel}","templated":true}]}}