{"id":5082,"date":"2023-12-07T15:03:02","date_gmt":"2023-12-07T08:03:02","guid":{"rendered":"https:\/\/amafurni.123websitedev.com\/san-pham\/ghe-bar-makeup-ama-928\/"},"modified":"2025-11-12T14:11:51","modified_gmt":"2025-11-12T07:11:51","slug":"ghe-bar-makeup-ama-928","status":"publish","type":"product","link":"https:\/\/amafurni.vn\/en\/product\/ghe-bar-makeup-ama-928\/","title":{"rendered":"Gh\u1ebf Bar Makeup AMA-928"},"content":{"rendered":"<table border=\"1\" height=\"299\">\n<tbody><\/tbody>\n<tbody>\n<tr>\n<td><span><strong>Material<\/strong><\/span><\/td>\n<td>\n<p><span><strong><\/strong><\/span><\/p>\n<p><span><strong>Size<\/strong><\/span><\/p>\n<p><span><strong>(D\u00e0i*R\u1ed9ng*cao)<\/strong><\/span><\/p>\n<\/td>\n<td><span><strong>T\u00ednh N\u0103ng<\/strong><\/span><\/td>\n<td><span><strong>M\u00e0u S\u1eafc<\/strong><\/span><\/td>\n<td><span><strong>Xu\u1ea5t X\u1ee9<\/strong><\/span><\/td>\n<td><span><strong>B\u1ea3o h\u00e0nh<\/strong><\/span><\/td>\n<\/tr>\n<tr>\n<td>\n<p>\u00a0<\/p>\n<ul>\n<li>Ch\u1ea5t li\u1ec7u :\u00a0<span>B\u1ecdc da s\u00e1p ng\u1ef1aCh\u00e2n Th\u00e9p S\u01a1n T\u0129nh \u0110i\u1ec7n 41x43x95<\/span><\/li>\n<\/ul>\n<\/td>\n<td>\n<p>\u00a0 \u00a0 \u00a0. \u0110ANG C\u1eacP\u00a0 \u00a0 \u00a0 \u00a0NH\u1eacT\u00a0<\/p>\n<\/td>\n<td>\n<p><strong>Gh\u1ebf Qu\u1ea7y Bar<\/strong><span>\u00a0l\u00e0\u00a0m\u1ed9t trong nh\u1eefng s\u1ea3n ph\u1ea9m gh\u1ebf cao c\u1ea5p \u0111\u01b0\u1ee3c nh\u1eadp kh\u1ea9u v\u00e0 ph\u00e2n ph\u1ed1i. Lo\u1ea1i gh\u1ebf n\u00e0y r\u1ea5t th\u00edch h\u1ee3p khi s\u1eed d\u1ee5ng \u0111\u1ec3 trang tr\u00ed t\u1ea1i c\u00e1c qu\u1ea7y bar, nh\u00e0 c\u1eeda hay qu\u00e1n cafe.<\/span><\/p>\n<\/td>\n<td>\n<p>NHI\u1ec0U M\u00c0U<\/p>\n<\/p>\n<\/td>\n<td>Nh\u1eadp Ngo\u1ea1i<\/td>\n<td>\n<p>. 06 th\u00e1ng k\u1ef9 thu\u1eadt<\/p>\n<p>. Ben h\u01a1i 1 \u0111\u1ed5i 1<\/p>\n<\/td>\n<\/tr>\n<\/tbody>\n<\/table>","protected":false},"excerpt":{"rendered":"<p>Ch\u1ea5t Li\u1ec7u K\u00edch Th\u01b0\u1edbc (D\u00e0i*R\u1ed9ng*cao) T\u00ednh N\u0103ng M\u00e0u S\u1eafc Xu\u1ea5t X\u1ee9 B\u1ea3o h\u00e0nh \u00a0 Ch\u1ea5t li\u1ec7u :\u00a0B\u1ecdc da s\u00e1p ng\u1ef1aCh\u00e2n Th\u00e9p S\u01a1n T\u0129nh \u0110i\u1ec7n 41x43x95 \u00a0 \u00a0 \u00a0. \u0110ANG C\u1eacP\u00a0 \u00a0 \u00a0 \u00a0NH\u1eacT\u00a0 Gh\u1ebf Qu\u1ea7y Bar\u00a0l\u00e0\u00a0m\u1ed9t trong nh\u1eefng s\u1ea3n ph\u1ea9m gh\u1ebf cao c\u1ea5p \u0111\u01b0\u1ee3c nh\u1eadp kh\u1ea9u v\u00e0 ph\u00e2n ph\u1ed1i. Lo\u1ea1i gh\u1ebf n\u00e0y r\u1ea5t th\u00edch h\u1ee3p [&hellip;]<\/p>","protected":false},"featured_media":5083,"comment_status":"open","ping_status":"closed","template":"","meta":[],"product_cat":[100,103],"product_tag":[],"yoast_head":"<!-- This site is optimized with the Yoast SEO Premium plugin v21.7 (Yoast SEO v21.7) - https:\/\/yoast.com\/wordpress\/plugins\/seo\/ -->\n<title>Gh\u1ebf Bar Makeup AMA-928 - AMAFURNI<\/title>\n<meta name=\"robots\" content=\"index, follow, max-snippet:-1, max-image-preview:large, max-video-preview:-1\" \/>\n<link rel=\"canonical\" href=\"https:\/\/amafurni.vn\/en\/product\/ghe-bar-makeup-ama-928\/\" \/>\n<meta property=\"og:locale\" content=\"en_US\" \/>\n<meta property=\"og:type\" content=\"article\" \/>\n<meta property=\"og:title\" content=\"Gh\u1ebf Bar Makeup AMA-928\" \/>\n<meta property=\"og:description\" content=\"Ch\u1ea5t Li\u1ec7u K\u00edch Th\u01b0\u1edbc (D\u00e0i*R\u1ed9ng*cao) T\u00ednh N\u0103ng M\u00e0u S\u1eafc Xu\u1ea5t X\u1ee9 B\u1ea3o h\u00e0nh \u00a0 Ch\u1ea5t li\u1ec7u :\u00a0B\u1ecdc da s\u00e1p ng\u1ef1aCh\u00e2n Th\u00e9p S\u01a1n T\u0129nh \u0110i\u1ec7n 41x43x95 \u00a0 \u00a0 \u00a0. \u0110ANG C\u1eacP\u00a0 \u00a0 \u00a0 \u00a0NH\u1eacT\u00a0 Gh\u1ebf Qu\u1ea7y Bar\u00a0l\u00e0\u00a0m\u1ed9t trong nh\u1eefng s\u1ea3n ph\u1ea9m gh\u1ebf cao c\u1ea5p \u0111\u01b0\u1ee3c nh\u1eadp kh\u1ea9u v\u00e0 ph\u00e2n ph\u1ed1i. Lo\u1ea1i gh\u1ebf n\u00e0y r\u1ea5t th\u00edch h\u1ee3p [&hellip;]\" \/>\n<meta property=\"og:url\" content=\"https:\/\/amafurni.vn\/en\/product\/ghe-bar-makeup-ama-928\/\" \/>\n<meta property=\"og:site_name\" content=\"AMAFURNI\" \/>\n<meta property=\"article:modified_time\" content=\"2025-11-12T07:11:51+00:00\" \/>\n<meta property=\"og:image\" content=\"https:\/\/amafurni.vn\/wp-content\/uploads\/2023\/12\/ghe-bar-makeup-ama-928_65717c368d12e.jpeg\" \/>\n\t<meta property=\"og:image:width\" content=\"800\" \/>\n\t<meta property=\"og:image:height\" content=\"800\" \/>\n\t<meta property=\"og:image:type\" content=\"image\/jpeg\" \/>\n<meta name=\"twitter:card\" content=\"summary_large_image\" \/>\n<meta name=\"twitter:label1\" content=\"Est. reading time\" \/>\n\t<meta name=\"twitter:data1\" content=\"1 minute\" \/>\n<script type=\"application\/ld+json\" class=\"yoast-schema-graph\">{\"@context\":\"https:\/\/schema.org\",\"@graph\":[{\"@type\":\"WebPage\",\"@id\":\"https:\/\/amafurni.vn\/san-pham\/ghe-bar-makeup-ama-928\/\",\"url\":\"https:\/\/amafurni.vn\/san-pham\/ghe-bar-makeup-ama-928\/\",\"name\":\"Gh\u1ebf Bar Makeup AMA-928 - AMAFURNI\",\"isPartOf\":{\"@id\":\"https:\/\/amafurni.vn\/#website\"},\"datePublished\":\"2023-12-07T08:03:02+00:00\",\"dateModified\":\"2025-11-12T07:11:51+00:00\",\"breadcrumb\":{\"@id\":\"https:\/\/amafurni.vn\/san-pham\/ghe-bar-makeup-ama-928\/#breadcrumb\"},\"inLanguage\":\"en-US\",\"potentialAction\":[{\"@type\":\"ReadAction\",\"target\":[\"https:\/\/amafurni.vn\/san-pham\/ghe-bar-makeup-ama-928\/\"]}]},{\"@type\":\"BreadcrumbList\",\"@id\":\"https:\/\/amafurni.vn\/san-pham\/ghe-bar-makeup-ama-928\/#breadcrumb\",\"itemListElement\":[{\"@type\":\"ListItem\",\"position\":1,\"name\":\"Trang ch\u1ee7\",\"item\":\"https:\/\/amafurni.vn\/\"},{\"@type\":\"ListItem\",\"position\":2,\"name\":\"S\u1ea3n ph\u1ea9m\",\"item\":\"https:\/\/amafurni.vn\/san-pham\/\"},{\"@type\":\"ListItem\",\"position\":3,\"name\":\"Gh\u1ebf Bar Makeup AMA-928\"}]},{\"@type\":\"WebSite\",\"@id\":\"https:\/\/amafurni.vn\/#website\",\"url\":\"https:\/\/amafurni.vn\/\",\"name\":\"AMAFURNI\",\"description\":\"\",\"potentialAction\":[{\"@type\":\"SearchAction\",\"target\":{\"@type\":\"EntryPoint\",\"urlTemplate\":\"https:\/\/amafurni.vn\/?s={search_term_string}\"},\"query-input\":\"required name=search_term_string\"}],\"inLanguage\":\"en-US\"}]}<\/script>\n<!-- \/ Yoast SEO Premium plugin. -->","yoast_head_json":{"title":"Gh\u1ebf Bar Makeup AMA-928 - AMAFURNI","robots":{"index":"index","follow":"follow","max-snippet":"max-snippet:-1","max-image-preview":"max-image-preview:large","max-video-preview":"max-video-preview:-1"},"canonical":"https:\/\/amafurni.vn\/en\/product\/ghe-bar-makeup-ama-928\/","og_locale":"en_US","og_type":"article","og_title":"Gh\u1ebf Bar Makeup AMA-928","og_description":"Ch\u1ea5t Li\u1ec7u K\u00edch Th\u01b0\u1edbc (D\u00e0i*R\u1ed9ng*cao) T\u00ednh N\u0103ng M\u00e0u S\u1eafc Xu\u1ea5t X\u1ee9 B\u1ea3o h\u00e0nh \u00a0 Ch\u1ea5t li\u1ec7u :\u00a0B\u1ecdc da s\u00e1p ng\u1ef1aCh\u00e2n Th\u00e9p S\u01a1n T\u0129nh \u0110i\u1ec7n 41x43x95 \u00a0 \u00a0 \u00a0. \u0110ANG C\u1eacP\u00a0 \u00a0 \u00a0 \u00a0NH\u1eacT\u00a0 Gh\u1ebf Qu\u1ea7y Bar\u00a0l\u00e0\u00a0m\u1ed9t trong nh\u1eefng s\u1ea3n ph\u1ea9m gh\u1ebf cao c\u1ea5p \u0111\u01b0\u1ee3c nh\u1eadp kh\u1ea9u v\u00e0 ph\u00e2n ph\u1ed1i. Lo\u1ea1i gh\u1ebf n\u00e0y r\u1ea5t th\u00edch h\u1ee3p [&hellip;]","og_url":"https:\/\/amafurni.vn\/en\/product\/ghe-bar-makeup-ama-928\/","og_site_name":"AMAFURNI","article_modified_time":"2025-11-12T07:11:51+00:00","og_image":[{"width":800,"height":800,"url":"https:\/\/amafurni.vn\/wp-content\/uploads\/2023\/12\/ghe-bar-makeup-ama-928_65717c368d12e.jpeg","type":"image\/jpeg"}],"twitter_card":"summary_large_image","twitter_misc":{"Est. reading time":"1 minute"},"schema":{"@context":"https:\/\/schema.org","@graph":[{"@type":"WebPage","@id":"https:\/\/amafurni.vn\/san-pham\/ghe-bar-makeup-ama-928\/","url":"https:\/\/amafurni.vn\/san-pham\/ghe-bar-makeup-ama-928\/","name":"Gh\u1ebf Bar Makeup AMA-928 - AMAFURNI","isPartOf":{"@id":"https:\/\/amafurni.vn\/#website"},"datePublished":"2023-12-07T08:03:02+00:00","dateModified":"2025-11-12T07:11:51+00:00","breadcrumb":{"@id":"https:\/\/amafurni.vn\/san-pham\/ghe-bar-makeup-ama-928\/#breadcrumb"},"inLanguage":"en-US","potentialAction":[{"@type":"ReadAction","target":["https:\/\/amafurni.vn\/san-pham\/ghe-bar-makeup-ama-928\/"]}]},{"@type":"BreadcrumbList","@id":"https:\/\/amafurni.vn\/san-pham\/ghe-bar-makeup-ama-928\/#breadcrumb","itemListElement":[{"@type":"ListItem","position":1,"name":"Trang ch\u1ee7","item":"https:\/\/amafurni.vn\/"},{"@type":"ListItem","position":2,"name":"S\u1ea3n ph\u1ea9m","item":"https:\/\/amafurni.vn\/san-pham\/"},{"@type":"ListItem","position":3,"name":"Gh\u1ebf Bar Makeup AMA-928"}]},{"@type":"WebSite","@id":"https:\/\/amafurni.vn\/#website","url":"https:\/\/amafurni.vn\/","name":"AMAFURNI","description":"","potentialAction":[{"@type":"SearchAction","target":{"@type":"EntryPoint","urlTemplate":"https:\/\/amafurni.vn\/?s={search_term_string}"},"query-input":"required name=search_term_string"}],"inLanguage":"en-US"}]}},"_links":{"self":[{"href":"https:\/\/amafurni.vn\/en\/wp-json\/wp\/v2\/product\/5082"}],"collection":[{"href":"https:\/\/amafurni.vn\/en\/wp-json\/wp\/v2\/product"}],"about":[{"href":"https:\/\/amafurni.vn\/en\/wp-json\/wp\/v2\/types\/product"}],"replies":[{"embeddable":true,"href":"https:\/\/amafurni.vn\/en\/wp-json\/wp\/v2\/comments?post=5082"}],"wp:featuredmedia":[{"embeddable":true,"href":"https:\/\/amafurni.vn\/en\/wp-json\/wp\/v2\/media\/5083"}],"wp:attachment":[{"href":"https:\/\/amafurni.vn\/en\/wp-json\/wp\/v2\/media?parent=5082"}],"wp:term":[{"taxonomy":"product_cat","embeddable":true,"href":"https:\/\/amafurni.vn\/en\/wp-json\/wp\/v2\/product_cat?post=5082"},{"taxonomy":"product_tag","embeddable":true,"href":"https:\/\/amafurni.vn\/en\/wp-json\/wp\/v2\/product_tag?post=5082"}],"curies":[{"name":"wp","href":"https:\/\/api.w.org\/{rel}","templated":true}]}}