{"id":5100,"date":"2023-12-07T15:05:14","date_gmt":"2023-12-07T08:05:14","guid":{"rendered":"https:\/\/amafurni.123websitedev.com\/san-pham\/ghe-quay-bar-chan-co-dinh-ama-jb-195h-nhieu-mau\/"},"modified":"2025-11-12T14:11:51","modified_gmt":"2025-11-12T07:11:51","slug":"ghe-quay-bar-chan-co-dinh-ama-jb-195h-nhieu-mau","status":"publish","type":"product","link":"https:\/\/amafurni.vn\/en\/product\/ghe-quay-bar-chan-co-dinh-ama-jb-195h-nhieu-mau\/","title":{"rendered":"Gh\u1ebf qu\u1ea7y Bar ch\u00e2n c\u1ed1 \u0111\u1ecbnh AMA-JB-195H (Nhi\u1ec1u m\u00e0u)"},"content":{"rendered":"<table border=\"1\" height=\"206\">\n<tbody><\/tbody>\n<tbody>\n<tr>\n<td><span><strong>Material<\/strong><\/span><\/td>\n<td><span><strong>T\u00ednh N\u0103ng<\/strong><\/span><\/td>\n<td><span><strong>M\u00e0u S\u1eafc<\/strong><\/span><\/td>\n<td><span><strong>Xu\u1ea5t X\u1ee9<\/strong><\/span><\/td>\n<td><span><strong>B\u1ea3o h\u00e0nh<\/strong><\/span><\/td>\n<\/tr>\n<tr>\n<td>\n<p><span>Ch\u00e2n s\u1eaft s\u01a1n t\u0129nh \u0111i\u1ec7n .<\/span><\/p>\n<p><span>N\u1ec7m nhung : h\u1ed3ng ,xanh l\u00e1 , x\u00e1m \u0111\u1eadm ,xanh d\u01b0\u01a1ng<\/span><\/p>\n<\/td>\n<td>\n<p><span>\u0111\u00e2y l\u00e0 1 trong nh\u1eefng m\u1eabu gh\u1ebf bar cafe\u00a0 b\u00e1n ch\u1ea1y nh\u1ea5t .<\/span><span>V\u1edbi thi\u1ebft k\u1ebf tinh t\u1ebf , ch\u00e2n gh\u1ebf \u0111\u01b0\u1ee3c l\u00e0m b\u1eb1ng ch\u1ea5t li\u1ec7u s\u1eaft s\u01a1n t\u0129nh \u0111i\u1ec7n t\u1ea1o s\u1ef1 ch\u1eafc ch\u1eafn khi ng\u1ed3i , t\u00f4n l\u00ean v\u1ebb \u0111\u1eb9p ho\u00e0n h\u1ea3o , sang tr\u1ecdng cho t\u1ed5ng th\u1ec3 c\u1ee7a gh\u1ebf , ph\u1ea7n th\u00e2n gh\u1ebf \u0111\u01b0\u1ee3c l\u00e0m b\u1eb1ng l\u00f3t m\u00fat cao c\u1ea5p t\u1ea1o s\u1ef1 \u00eam \u00e1i ,v\u00e0 \u0111\u01b0\u1ee3c b\u1ecdc v\u1edbi ch\u1ea5t li\u1ec7u v\u1ea3i nhung cao c\u1ea5p.<\/span><\/p>\n<\/p>\n<\/td>\n<td><span>N\u1ec7m nhung : h\u1ed3ng ,xanh l\u00e1 , x\u00e1m \u0111\u1eadm ,xanh d\u01b0\u01a1ng<\/span><\/td>\n<td>Nh\u1eadp Ngo\u1ea1i<\/td>\n<td>\n<p>. 12 th\u00e1ng k\u1ef9 thu\u1eadt<\/p>\n<\/td>\n<\/tr>\n<\/tbody>\n<\/table>","protected":false},"excerpt":{"rendered":"<p>\u0111\u00e2y l\u00e0 1 trong nh\u1eefng m\u1eabu gh\u1ebf bar cafe\u00a0 b\u00e1n ch\u1ea1y nh\u1ea5t .V\u1edbi thi\u1ebft k\u1ebf tinh t\u1ebf , ch\u00e2n gh\u1ebf \u0111\u01b0\u1ee3c l\u00e0m b\u1eb1ng ch\u1ea5t li\u1ec7u s\u1eaft s\u01a1n t\u0129nh \u0111i\u1ec7n t\u1ea1o s\u1ef1 ch\u1eafc ch\u1eafn khi ng\u1ed3i , t\u00f4n l\u00ean v\u1ebb \u0111\u1eb9p ho\u00e0n h\u1ea3o , sang tr\u1ecdng cho t\u1ed5ng th\u1ec3 c\u1ee7a gh\u1ebf , ph\u1ea7n th\u00e2n gh\u1ebf \u0111\u01b0\u1ee3c l\u00e0m b\u1eb1ng l\u00f3t m\u00fat cao c\u1ea5p t\u1ea1o s\u1ef1 \u00eam \u00e1i ,v\u00e0 \u0111\u01b0\u1ee3c b\u1ecdc v\u1edbi ch\u1ea5t li\u1ec7u v\u1ea3i nhung cao c\u1ea5p.<\/p>","protected":false},"featured_media":5101,"comment_status":"open","ping_status":"closed","template":"","meta":[],"product_cat":[100,103],"product_tag":[],"yoast_head":"<!-- This site is optimized with the Yoast SEO Premium plugin v21.7 (Yoast SEO v21.7) - https:\/\/yoast.com\/wordpress\/plugins\/seo\/ -->\n<title>Gh\u1ebf qu\u1ea7y Bar ch\u00e2n c\u1ed1 \u0111\u1ecbnh AMA-JB-195H (Nhi\u1ec1u m\u00e0u) - AMAFURNI<\/title>\n<meta name=\"robots\" content=\"index, follow, max-snippet:-1, max-image-preview:large, max-video-preview:-1\" \/>\n<link rel=\"canonical\" href=\"https:\/\/amafurni.vn\/en\/product\/ghe-quay-bar-chan-co-dinh-ama-jb-195h-nhieu-mau\/\" \/>\n<meta property=\"og:locale\" content=\"en_US\" \/>\n<meta property=\"og:type\" content=\"article\" \/>\n<meta property=\"og:title\" content=\"Gh\u1ebf qu\u1ea7y Bar ch\u00e2n c\u1ed1 \u0111\u1ecbnh AMA-JB-195H (Nhi\u1ec1u m\u00e0u)\" \/>\n<meta property=\"og:description\" content=\"\u0111\u00e2y l\u00e0 1 trong nh\u1eefng m\u1eabu gh\u1ebf bar cafe\u00a0 b\u00e1n ch\u1ea1y nh\u1ea5t .V\u1edbi thi\u1ebft k\u1ebf tinh t\u1ebf , ch\u00e2n gh\u1ebf \u0111\u01b0\u1ee3c l\u00e0m b\u1eb1ng ch\u1ea5t li\u1ec7u s\u1eaft s\u01a1n t\u0129nh \u0111i\u1ec7n t\u1ea1o s\u1ef1 ch\u1eafc ch\u1eafn khi ng\u1ed3i , t\u00f4n l\u00ean v\u1ebb \u0111\u1eb9p ho\u00e0n h\u1ea3o , sang tr\u1ecdng cho t\u1ed5ng th\u1ec3 c\u1ee7a gh\u1ebf , ph\u1ea7n th\u00e2n gh\u1ebf \u0111\u01b0\u1ee3c l\u00e0m b\u1eb1ng l\u00f3t m\u00fat cao c\u1ea5p t\u1ea1o s\u1ef1 \u00eam \u00e1i ,v\u00e0 \u0111\u01b0\u1ee3c b\u1ecdc v\u1edbi ch\u1ea5t li\u1ec7u v\u1ea3i nhung cao c\u1ea5p.\" \/>\n<meta property=\"og:url\" content=\"https:\/\/amafurni.vn\/en\/product\/ghe-quay-bar-chan-co-dinh-ama-jb-195h-nhieu-mau\/\" \/>\n<meta property=\"og:site_name\" content=\"AMAFURNI\" \/>\n<meta property=\"article:modified_time\" content=\"2025-11-12T07:11:51+00:00\" \/>\n<meta property=\"og:image\" content=\"https:\/\/amafurni.vn\/wp-content\/uploads\/2023\/12\/ghe-quay-bar-chan-co-dinh-ama-jb-195h-nhieu-mau_65717cba9126a.jpeg\" \/>\n\t<meta property=\"og:image:width\" content=\"800\" \/>\n\t<meta property=\"og:image:height\" content=\"800\" \/>\n\t<meta property=\"og:image:type\" content=\"image\/jpeg\" \/>\n<meta name=\"twitter:card\" content=\"summary_large_image\" \/>\n<meta name=\"twitter:label1\" content=\"Est. reading time\" \/>\n\t<meta name=\"twitter:data1\" content=\"1 minute\" \/>\n<script type=\"application\/ld+json\" class=\"yoast-schema-graph\">{\"@context\":\"https:\/\/schema.org\",\"@graph\":[{\"@type\":\"WebPage\",\"@id\":\"https:\/\/amafurni.vn\/san-pham\/ghe-quay-bar-chan-co-dinh-ama-jb-195h-nhieu-mau\/\",\"url\":\"https:\/\/amafurni.vn\/san-pham\/ghe-quay-bar-chan-co-dinh-ama-jb-195h-nhieu-mau\/\",\"name\":\"Gh\u1ebf qu\u1ea7y Bar ch\u00e2n c\u1ed1 \u0111\u1ecbnh AMA-JB-195H (Nhi\u1ec1u m\u00e0u) - AMAFURNI\",\"isPartOf\":{\"@id\":\"https:\/\/amafurni.vn\/#website\"},\"datePublished\":\"2023-12-07T08:05:14+00:00\",\"dateModified\":\"2025-11-12T07:11:51+00:00\",\"breadcrumb\":{\"@id\":\"https:\/\/amafurni.vn\/san-pham\/ghe-quay-bar-chan-co-dinh-ama-jb-195h-nhieu-mau\/#breadcrumb\"},\"inLanguage\":\"en-US\",\"potentialAction\":[{\"@type\":\"ReadAction\",\"target\":[\"https:\/\/amafurni.vn\/san-pham\/ghe-quay-bar-chan-co-dinh-ama-jb-195h-nhieu-mau\/\"]}]},{\"@type\":\"BreadcrumbList\",\"@id\":\"https:\/\/amafurni.vn\/san-pham\/ghe-quay-bar-chan-co-dinh-ama-jb-195h-nhieu-mau\/#breadcrumb\",\"itemListElement\":[{\"@type\":\"ListItem\",\"position\":1,\"name\":\"Trang ch\u1ee7\",\"item\":\"https:\/\/amafurni.vn\/\"},{\"@type\":\"ListItem\",\"position\":2,\"name\":\"S\u1ea3n ph\u1ea9m\",\"item\":\"https:\/\/amafurni.vn\/san-pham\/\"},{\"@type\":\"ListItem\",\"position\":3,\"name\":\"Gh\u1ebf qu\u1ea7y Bar ch\u00e2n c\u1ed1 \u0111\u1ecbnh AMA-JB-195H (Nhi\u1ec1u m\u00e0u)\"}]},{\"@type\":\"WebSite\",\"@id\":\"https:\/\/amafurni.vn\/#website\",\"url\":\"https:\/\/amafurni.vn\/\",\"name\":\"AMAFURNI\",\"description\":\"\",\"potentialAction\":[{\"@type\":\"SearchAction\",\"target\":{\"@type\":\"EntryPoint\",\"urlTemplate\":\"https:\/\/amafurni.vn\/?s={search_term_string}\"},\"query-input\":\"required name=search_term_string\"}],\"inLanguage\":\"en-US\"}]}<\/script>\n<!-- \/ Yoast SEO Premium plugin. -->","yoast_head_json":{"title":"Gh\u1ebf qu\u1ea7y Bar ch\u00e2n c\u1ed1 \u0111\u1ecbnh AMA-JB-195H (Nhi\u1ec1u m\u00e0u) - AMAFURNI","robots":{"index":"index","follow":"follow","max-snippet":"max-snippet:-1","max-image-preview":"max-image-preview:large","max-video-preview":"max-video-preview:-1"},"canonical":"https:\/\/amafurni.vn\/en\/product\/ghe-quay-bar-chan-co-dinh-ama-jb-195h-nhieu-mau\/","og_locale":"en_US","og_type":"article","og_title":"Gh\u1ebf qu\u1ea7y Bar ch\u00e2n c\u1ed1 \u0111\u1ecbnh AMA-JB-195H (Nhi\u1ec1u m\u00e0u)","og_description":"\u0111\u00e2y l\u00e0 1 trong nh\u1eefng m\u1eabu gh\u1ebf bar cafe\u00a0 b\u00e1n ch\u1ea1y nh\u1ea5t .V\u1edbi thi\u1ebft k\u1ebf tinh t\u1ebf , ch\u00e2n gh\u1ebf \u0111\u01b0\u1ee3c l\u00e0m b\u1eb1ng ch\u1ea5t li\u1ec7u s\u1eaft s\u01a1n t\u0129nh \u0111i\u1ec7n t\u1ea1o s\u1ef1 ch\u1eafc ch\u1eafn khi ng\u1ed3i , t\u00f4n l\u00ean v\u1ebb \u0111\u1eb9p ho\u00e0n h\u1ea3o , sang tr\u1ecdng cho t\u1ed5ng th\u1ec3 c\u1ee7a gh\u1ebf , ph\u1ea7n th\u00e2n gh\u1ebf \u0111\u01b0\u1ee3c l\u00e0m b\u1eb1ng l\u00f3t m\u00fat cao c\u1ea5p t\u1ea1o s\u1ef1 \u00eam \u00e1i ,v\u00e0 \u0111\u01b0\u1ee3c b\u1ecdc v\u1edbi ch\u1ea5t li\u1ec7u v\u1ea3i nhung cao c\u1ea5p.","og_url":"https:\/\/amafurni.vn\/en\/product\/ghe-quay-bar-chan-co-dinh-ama-jb-195h-nhieu-mau\/","og_site_name":"AMAFURNI","article_modified_time":"2025-11-12T07:11:51+00:00","og_image":[{"width":800,"height":800,"url":"https:\/\/amafurni.vn\/wp-content\/uploads\/2023\/12\/ghe-quay-bar-chan-co-dinh-ama-jb-195h-nhieu-mau_65717cba9126a.jpeg","type":"image\/jpeg"}],"twitter_card":"summary_large_image","twitter_misc":{"Est. reading time":"1 minute"},"schema":{"@context":"https:\/\/schema.org","@graph":[{"@type":"WebPage","@id":"https:\/\/amafurni.vn\/san-pham\/ghe-quay-bar-chan-co-dinh-ama-jb-195h-nhieu-mau\/","url":"https:\/\/amafurni.vn\/san-pham\/ghe-quay-bar-chan-co-dinh-ama-jb-195h-nhieu-mau\/","name":"Gh\u1ebf qu\u1ea7y Bar ch\u00e2n c\u1ed1 \u0111\u1ecbnh AMA-JB-195H (Nhi\u1ec1u m\u00e0u) - AMAFURNI","isPartOf":{"@id":"https:\/\/amafurni.vn\/#website"},"datePublished":"2023-12-07T08:05:14+00:00","dateModified":"2025-11-12T07:11:51+00:00","breadcrumb":{"@id":"https:\/\/amafurni.vn\/san-pham\/ghe-quay-bar-chan-co-dinh-ama-jb-195h-nhieu-mau\/#breadcrumb"},"inLanguage":"en-US","potentialAction":[{"@type":"ReadAction","target":["https:\/\/amafurni.vn\/san-pham\/ghe-quay-bar-chan-co-dinh-ama-jb-195h-nhieu-mau\/"]}]},{"@type":"BreadcrumbList","@id":"https:\/\/amafurni.vn\/san-pham\/ghe-quay-bar-chan-co-dinh-ama-jb-195h-nhieu-mau\/#breadcrumb","itemListElement":[{"@type":"ListItem","position":1,"name":"Trang ch\u1ee7","item":"https:\/\/amafurni.vn\/"},{"@type":"ListItem","position":2,"name":"S\u1ea3n ph\u1ea9m","item":"https:\/\/amafurni.vn\/san-pham\/"},{"@type":"ListItem","position":3,"name":"Gh\u1ebf qu\u1ea7y Bar ch\u00e2n c\u1ed1 \u0111\u1ecbnh AMA-JB-195H (Nhi\u1ec1u m\u00e0u)"}]},{"@type":"WebSite","@id":"https:\/\/amafurni.vn\/#website","url":"https:\/\/amafurni.vn\/","name":"AMAFURNI","description":"","potentialAction":[{"@type":"SearchAction","target":{"@type":"EntryPoint","urlTemplate":"https:\/\/amafurni.vn\/?s={search_term_string}"},"query-input":"required name=search_term_string"}],"inLanguage":"en-US"}]}},"_links":{"self":[{"href":"https:\/\/amafurni.vn\/en\/wp-json\/wp\/v2\/product\/5100"}],"collection":[{"href":"https:\/\/amafurni.vn\/en\/wp-json\/wp\/v2\/product"}],"about":[{"href":"https:\/\/amafurni.vn\/en\/wp-json\/wp\/v2\/types\/product"}],"replies":[{"embeddable":true,"href":"https:\/\/amafurni.vn\/en\/wp-json\/wp\/v2\/comments?post=5100"}],"wp:featuredmedia":[{"embeddable":true,"href":"https:\/\/amafurni.vn\/en\/wp-json\/wp\/v2\/media\/5101"}],"wp:attachment":[{"href":"https:\/\/amafurni.vn\/en\/wp-json\/wp\/v2\/media?parent=5100"}],"wp:term":[{"taxonomy":"product_cat","embeddable":true,"href":"https:\/\/amafurni.vn\/en\/wp-json\/wp\/v2\/product_cat?post=5100"},{"taxonomy":"product_tag","embeddable":true,"href":"https:\/\/amafurni.vn\/en\/wp-json\/wp\/v2\/product_tag?post=5100"}],"curies":[{"name":"wp","href":"https:\/\/api.w.org\/{rel}","templated":true}]}}