{"id":5116,"date":"2023-12-07T15:06:05","date_gmt":"2023-12-07T08:06:05","guid":{"rendered":"https:\/\/amafurni.123websitedev.com\/san-pham\/ghe-quay-bar-chan-sat-son-nem-vai-nhung-ama-bar-jb-065h\/"},"modified":"2025-11-12T14:11:52","modified_gmt":"2025-11-12T07:11:52","slug":"ghe-quay-bar-chan-sat-son-nem-vai-nhung-ama-bar-jb-065h","status":"publish","type":"product","link":"https:\/\/amafurni.vn\/en\/product\/ghe-quay-bar-chan-sat-son-nem-vai-nhung-ama-bar-jb-065h\/","title":{"rendered":"Gh\u1ebf AMA-JB-065H"},"content":{"rendered":"<table border=\"1\">\n<tbody>\n<tr>\n<td><strong>Material<\/strong><\/td>\n<td>&nbsp;<\/p>\n<p><strong>Size<\/strong><\/p>\n<p><strong>(D\u00e0i*R\u1ed9ng*cao)<\/strong><\/td>\n<td><strong>T\u00ednh N\u0103ng<\/strong><\/td>\n<td><strong>M\u00e0u S\u1eafc<\/strong><\/td>\n<td><strong>Xu\u1ea5t X\u1ee9<\/strong><\/td>\n<td><strong>B\u1ea3o h\u00e0nh<\/strong><\/td>\n<\/tr>\n<tr>\n<td>\n<ul>\n<li>Ch\u1ea5t li\u1ec7u :\u00a0\u00a0Ch\u00e2n S\u1eaft S\u01a1n T\u0129nh \u0110i\u1ec7n , N\u1ec7m V\u1ea3i Simili Cao C\u1ea5p<\/li>\n<li>Xu\u1ea5t x\u1ee9 :\u00a0 nh\u1eadp kh\u1ea9u<\/li>\n<\/ul>\n<p>Gi\u00e1 ch\u01b0a bao g\u1ed3m 10% VAT<\/td>\n<td>\u00a0 \u00a0 \u00a0. \u0110ANG C\u1eacP\u00a0 \u00a0 \u00a0 \u00a0NH\u1eacT<\/td>\n<td>\u00a0V\u1edbi thi\u1ebft k\u1ebf tinh t\u1ebf , ch\u00e2n gh\u1ebf \u0111\u01b0\u1ee3c l\u00e0m b\u1eb1ng ch\u1ea5t li\u1ec7u nh\u00f4m s\u01a1n t\u0129nh \u0111i\u1ec7n t\u1ea1o s\u1ef1 ch\u1eafc ch\u1eafn khi ng\u1ed3i , ch\u00e2n gh\u1ebf \u0111\u01b0\u1ee3c ph\u00e1 c\u00e1ch v\u1edbi thi\u1ebft k\u1ebf c\u00f3 k\u1ebft c\u1ea5u xoay 360 \u0111\u1ed9 , linh ho\u1ea1t h\u01a1n khi s\u1eed d\u1ee5ng gh\u1ebf , ph\u1ea7n th\u00e2n gh\u1ebf \u0111\u01b0\u1ee3c l\u00e0m b\u1eb1ng nh\u1ef1a PP , c\u00f3 l\u00f3t m\u00fat cao c\u1ea5p t\u1ea1o s\u1ef1 \u00eam \u00e1i , ph\u1ea3i \u0111\u01b0\u1ee3c b\u1ecdc v\u1edbi ch\u1ea5t li\u1ec7u v\u1ea3i da c\u01b0\u01a1ng ng\u1ef1a , \u0111\u01b0a l\u00ean v\u1ebb ho\u00e0n h\u1ea3o c\u1ee7a\u00a0<strong>Gh\u1ebf\u00a0<\/strong>th\u00eam 1 t\u1ea7m cao m\u1edbi .<\/p>\n<p><strong>Gh\u1ebf\u00a0<\/strong>ph\u00f9 h\u1ee3p s\u1eed d\u1ee5ng l\u00e0m gh\u1ebf bar cafe \u2013 gh\u1ebf \u0103n cho nh\u00e0 h\u00e0ng , cafe sang tr\u1ecdng , l\u00e0m gh\u1ebf qu\u1ea7y bar cho Ph\u00f2ng kh\u00e1ch ,<\/td>\n<td>NHI\u1ec0U M\u00c0U<\/p>\n<p>X\u00e1m , Xanh D\u01b0\u01a1ng , Xanh L\u00e1 , H\u1ed3ng<\/td>\n<td>Nh\u1eadp Ngo\u1ea1i<\/td>\n<td>. 12 th\u00e1ng k\u1ef9 thu\u1eadt<\/p>\n<p>. Ben h\u01a1i 1 \u0111\u1ed5i 1<\/td>\n<\/tr>\n<\/tbody>\n<\/table>","protected":false},"excerpt":{"rendered":"<p>V\u1edbi thi\u1ebft k\u1ebf tinh t\u1ebf , ch\u00e2n gh\u1ebf \u0111\u01b0\u1ee3c l\u00e0m b\u1eb1ng ch\u1ea5t li\u1ec7u nh\u00f4m s\u01a1n t\u0129nh \u0111i\u1ec7n t\u1ea1o s\u1ef1 ch\u1eafc ch\u1eafn khi ng\u1ed3i , ch\u00e2n gh\u1ebf \u0111\u01b0\u1ee3c ph\u00e1 c\u00e1ch v\u1edbi thi\u1ebft k\u1ebf c\u00f3 k\u1ebft c\u1ea5u xoay 360 \u0111\u1ed9 , linh ho\u1ea1t h\u01a1n khi s\u1eed d\u1ee5ng gh\u1ebf , ph\u1ea7n th\u00e2n gh\u1ebf \u0111\u01b0\u1ee3c l\u00e0m b\u1eb1ng nh\u1ef1a PP , c\u00f3 l\u00f3t m\u00fat cao c\u1ea5p t\u1ea1o s\u1ef1 \u00eam \u00e1i , ph\u1ea3i \u0111\u01b0\u1ee3c b\u1ecdc v\u1edbi ch\u1ea5t li\u1ec7u v\u1ea3i da c\u01b0\u01a1ng ng\u1ef1a , \u0111\u01b0a l\u00ean v\u1ebb ho\u00e0n h\u1ea3o c\u1ee7a\u00a0Gh\u1ebf\u00a0th\u00eam 1 t\u1ea7m cao m\u1edbi .<br \/>\nGh\u1ebf\u00a0ph\u00f9 h\u1ee3p s\u1eed d\u1ee5ng l\u00e0m gh\u1ebf bar cafe \u2013 gh\u1ebf \u0103n cho nh\u00e0 h\u00e0ng , cafe sang tr\u1ecdng , l\u00e0m gh\u1ebf qu\u1ea7y bar cho Ph\u00f2ng kh\u00e1ch<\/p>","protected":false},"featured_media":5117,"comment_status":"open","ping_status":"closed","template":"","meta":[],"product_cat":[100,103],"product_tag":[336,326],"yoast_head":"<!-- This site is optimized with the Yoast SEO Premium plugin v21.7 (Yoast SEO v21.7) - https:\/\/yoast.com\/wordpress\/plugins\/seo\/ -->\n<title>Gh\u1ebf AMA-JB-065H - AMAFURNI<\/title>\n<meta name=\"robots\" content=\"index, follow, max-snippet:-1, max-image-preview:large, max-video-preview:-1\" \/>\n<link rel=\"canonical\" href=\"https:\/\/amafurni.vn\/en\/product\/ghe-quay-bar-chan-sat-son-nem-vai-nhung-ama-bar-jb-065h\/\" \/>\n<meta property=\"og:locale\" content=\"en_US\" \/>\n<meta property=\"og:type\" content=\"article\" \/>\n<meta property=\"og:title\" content=\"Gh\u1ebf AMA-JB-065H\" \/>\n<meta property=\"og:description\" content=\"V\u1edbi thi\u1ebft k\u1ebf tinh t\u1ebf , ch\u00e2n gh\u1ebf \u0111\u01b0\u1ee3c l\u00e0m b\u1eb1ng ch\u1ea5t li\u1ec7u nh\u00f4m s\u01a1n t\u0129nh \u0111i\u1ec7n t\u1ea1o s\u1ef1 ch\u1eafc ch\u1eafn khi ng\u1ed3i , ch\u00e2n gh\u1ebf \u0111\u01b0\u1ee3c ph\u00e1 c\u00e1ch v\u1edbi thi\u1ebft k\u1ebf c\u00f3 k\u1ebft c\u1ea5u xoay 360 \u0111\u1ed9 , linh ho\u1ea1t h\u01a1n khi s\u1eed d\u1ee5ng gh\u1ebf , ph\u1ea7n th\u00e2n gh\u1ebf \u0111\u01b0\u1ee3c l\u00e0m b\u1eb1ng nh\u1ef1a PP , c\u00f3 l\u00f3t m\u00fat cao c\u1ea5p t\u1ea1o s\u1ef1 \u00eam \u00e1i , ph\u1ea3i \u0111\u01b0\u1ee3c b\u1ecdc v\u1edbi ch\u1ea5t li\u1ec7u v\u1ea3i da c\u01b0\u01a1ng ng\u1ef1a , \u0111\u01b0a l\u00ean v\u1ebb ho\u00e0n h\u1ea3o c\u1ee7a\u00a0Gh\u1ebf\u00a0th\u00eam 1 t\u1ea7m cao m\u1edbi . Gh\u1ebf\u00a0ph\u00f9 h\u1ee3p s\u1eed d\u1ee5ng l\u00e0m gh\u1ebf bar cafe \u2013 gh\u1ebf \u0103n cho nh\u00e0 h\u00e0ng , cafe sang tr\u1ecdng , l\u00e0m gh\u1ebf qu\u1ea7y bar cho Ph\u00f2ng kh\u00e1ch\" \/>\n<meta property=\"og:url\" content=\"https:\/\/amafurni.vn\/en\/product\/ghe-quay-bar-chan-sat-son-nem-vai-nhung-ama-bar-jb-065h\/\" \/>\n<meta property=\"og:site_name\" content=\"AMAFURNI\" \/>\n<meta property=\"article:modified_time\" content=\"2025-11-12T07:11:52+00:00\" \/>\n<meta property=\"og:image\" content=\"https:\/\/amafurni.vn\/wp-content\/uploads\/2023\/12\/ghe-quay-bar-chan-sat-son-nem-vai-nhung-ama-bar-jb-065h_65717ced8ab28.jpeg\" \/>\n\t<meta property=\"og:image:width\" content=\"800\" \/>\n\t<meta property=\"og:image:height\" content=\"800\" \/>\n\t<meta property=\"og:image:type\" content=\"image\/jpeg\" \/>\n<meta name=\"twitter:card\" content=\"summary_large_image\" \/>\n<meta name=\"twitter:label1\" content=\"Est. reading time\" \/>\n\t<meta name=\"twitter:data1\" content=\"2 minutes\" \/>\n<script type=\"application\/ld+json\" class=\"yoast-schema-graph\">{\"@context\":\"https:\/\/schema.org\",\"@graph\":[{\"@type\":\"WebPage\",\"@id\":\"https:\/\/amafurni.vn\/san-pham\/ghe-quay-bar-chan-sat-son-nem-vai-nhung-ama-bar-jb-065h\/\",\"url\":\"https:\/\/amafurni.vn\/san-pham\/ghe-quay-bar-chan-sat-son-nem-vai-nhung-ama-bar-jb-065h\/\",\"name\":\"Gh\u1ebf AMA-JB-065H - AMAFURNI\",\"isPartOf\":{\"@id\":\"https:\/\/amafurni.vn\/#website\"},\"datePublished\":\"2023-12-07T08:06:05+00:00\",\"dateModified\":\"2025-11-12T07:11:52+00:00\",\"breadcrumb\":{\"@id\":\"https:\/\/amafurni.vn\/san-pham\/ghe-quay-bar-chan-sat-son-nem-vai-nhung-ama-bar-jb-065h\/#breadcrumb\"},\"inLanguage\":\"en-US\",\"potentialAction\":[{\"@type\":\"ReadAction\",\"target\":[\"https:\/\/amafurni.vn\/san-pham\/ghe-quay-bar-chan-sat-son-nem-vai-nhung-ama-bar-jb-065h\/\"]}]},{\"@type\":\"BreadcrumbList\",\"@id\":\"https:\/\/amafurni.vn\/san-pham\/ghe-quay-bar-chan-sat-son-nem-vai-nhung-ama-bar-jb-065h\/#breadcrumb\",\"itemListElement\":[{\"@type\":\"ListItem\",\"position\":1,\"name\":\"Trang ch\u1ee7\",\"item\":\"https:\/\/amafurni.vn\/\"},{\"@type\":\"ListItem\",\"position\":2,\"name\":\"S\u1ea3n ph\u1ea9m\",\"item\":\"https:\/\/amafurni.vn\/san-pham\/\"},{\"@type\":\"ListItem\",\"position\":3,\"name\":\"Gh\u1ebf AMA-JB-065H\"}]},{\"@type\":\"WebSite\",\"@id\":\"https:\/\/amafurni.vn\/#website\",\"url\":\"https:\/\/amafurni.vn\/\",\"name\":\"AMAFURNI\",\"description\":\"\",\"potentialAction\":[{\"@type\":\"SearchAction\",\"target\":{\"@type\":\"EntryPoint\",\"urlTemplate\":\"https:\/\/amafurni.vn\/?s={search_term_string}\"},\"query-input\":\"required name=search_term_string\"}],\"inLanguage\":\"en-US\"}]}<\/script>\n<!-- \/ Yoast SEO Premium plugin. -->","yoast_head_json":{"title":"Gh\u1ebf AMA-JB-065H - AMAFURNI","robots":{"index":"index","follow":"follow","max-snippet":"max-snippet:-1","max-image-preview":"max-image-preview:large","max-video-preview":"max-video-preview:-1"},"canonical":"https:\/\/amafurni.vn\/en\/product\/ghe-quay-bar-chan-sat-son-nem-vai-nhung-ama-bar-jb-065h\/","og_locale":"en_US","og_type":"article","og_title":"Gh\u1ebf AMA-JB-065H","og_description":"V\u1edbi thi\u1ebft k\u1ebf tinh t\u1ebf , ch\u00e2n gh\u1ebf \u0111\u01b0\u1ee3c l\u00e0m b\u1eb1ng ch\u1ea5t li\u1ec7u nh\u00f4m s\u01a1n t\u0129nh \u0111i\u1ec7n t\u1ea1o s\u1ef1 ch\u1eafc ch\u1eafn khi ng\u1ed3i , ch\u00e2n gh\u1ebf \u0111\u01b0\u1ee3c ph\u00e1 c\u00e1ch v\u1edbi thi\u1ebft k\u1ebf c\u00f3 k\u1ebft c\u1ea5u xoay 360 \u0111\u1ed9 , linh ho\u1ea1t h\u01a1n khi s\u1eed d\u1ee5ng gh\u1ebf , ph\u1ea7n th\u00e2n gh\u1ebf \u0111\u01b0\u1ee3c l\u00e0m b\u1eb1ng nh\u1ef1a PP , c\u00f3 l\u00f3t m\u00fat cao c\u1ea5p t\u1ea1o s\u1ef1 \u00eam \u00e1i , ph\u1ea3i \u0111\u01b0\u1ee3c b\u1ecdc v\u1edbi ch\u1ea5t li\u1ec7u v\u1ea3i da c\u01b0\u01a1ng ng\u1ef1a , \u0111\u01b0a l\u00ean v\u1ebb ho\u00e0n h\u1ea3o c\u1ee7a\u00a0Gh\u1ebf\u00a0th\u00eam 1 t\u1ea7m cao m\u1edbi . Gh\u1ebf\u00a0ph\u00f9 h\u1ee3p s\u1eed d\u1ee5ng l\u00e0m gh\u1ebf bar cafe \u2013 gh\u1ebf \u0103n cho nh\u00e0 h\u00e0ng , cafe sang tr\u1ecdng , l\u00e0m gh\u1ebf qu\u1ea7y bar cho Ph\u00f2ng kh\u00e1ch","og_url":"https:\/\/amafurni.vn\/en\/product\/ghe-quay-bar-chan-sat-son-nem-vai-nhung-ama-bar-jb-065h\/","og_site_name":"AMAFURNI","article_modified_time":"2025-11-12T07:11:52+00:00","og_image":[{"width":800,"height":800,"url":"https:\/\/amafurni.vn\/wp-content\/uploads\/2023\/12\/ghe-quay-bar-chan-sat-son-nem-vai-nhung-ama-bar-jb-065h_65717ced8ab28.jpeg","type":"image\/jpeg"}],"twitter_card":"summary_large_image","twitter_misc":{"Est. reading time":"2 minutes"},"schema":{"@context":"https:\/\/schema.org","@graph":[{"@type":"WebPage","@id":"https:\/\/amafurni.vn\/san-pham\/ghe-quay-bar-chan-sat-son-nem-vai-nhung-ama-bar-jb-065h\/","url":"https:\/\/amafurni.vn\/san-pham\/ghe-quay-bar-chan-sat-son-nem-vai-nhung-ama-bar-jb-065h\/","name":"Gh\u1ebf AMA-JB-065H - AMAFURNI","isPartOf":{"@id":"https:\/\/amafurni.vn\/#website"},"datePublished":"2023-12-07T08:06:05+00:00","dateModified":"2025-11-12T07:11:52+00:00","breadcrumb":{"@id":"https:\/\/amafurni.vn\/san-pham\/ghe-quay-bar-chan-sat-son-nem-vai-nhung-ama-bar-jb-065h\/#breadcrumb"},"inLanguage":"en-US","potentialAction":[{"@type":"ReadAction","target":["https:\/\/amafurni.vn\/san-pham\/ghe-quay-bar-chan-sat-son-nem-vai-nhung-ama-bar-jb-065h\/"]}]},{"@type":"BreadcrumbList","@id":"https:\/\/amafurni.vn\/san-pham\/ghe-quay-bar-chan-sat-son-nem-vai-nhung-ama-bar-jb-065h\/#breadcrumb","itemListElement":[{"@type":"ListItem","position":1,"name":"Trang ch\u1ee7","item":"https:\/\/amafurni.vn\/"},{"@type":"ListItem","position":2,"name":"S\u1ea3n ph\u1ea9m","item":"https:\/\/amafurni.vn\/san-pham\/"},{"@type":"ListItem","position":3,"name":"Gh\u1ebf AMA-JB-065H"}]},{"@type":"WebSite","@id":"https:\/\/amafurni.vn\/#website","url":"https:\/\/amafurni.vn\/","name":"AMAFURNI","description":"","potentialAction":[{"@type":"SearchAction","target":{"@type":"EntryPoint","urlTemplate":"https:\/\/amafurni.vn\/?s={search_term_string}"},"query-input":"required name=search_term_string"}],"inLanguage":"en-US"}]}},"_links":{"self":[{"href":"https:\/\/amafurni.vn\/en\/wp-json\/wp\/v2\/product\/5116"}],"collection":[{"href":"https:\/\/amafurni.vn\/en\/wp-json\/wp\/v2\/product"}],"about":[{"href":"https:\/\/amafurni.vn\/en\/wp-json\/wp\/v2\/types\/product"}],"replies":[{"embeddable":true,"href":"https:\/\/amafurni.vn\/en\/wp-json\/wp\/v2\/comments?post=5116"}],"wp:featuredmedia":[{"embeddable":true,"href":"https:\/\/amafurni.vn\/en\/wp-json\/wp\/v2\/media\/5117"}],"wp:attachment":[{"href":"https:\/\/amafurni.vn\/en\/wp-json\/wp\/v2\/media?parent=5116"}],"wp:term":[{"taxonomy":"product_cat","embeddable":true,"href":"https:\/\/amafurni.vn\/en\/wp-json\/wp\/v2\/product_cat?post=5116"},{"taxonomy":"product_tag","embeddable":true,"href":"https:\/\/amafurni.vn\/en\/wp-json\/wp\/v2\/product_tag?post=5116"}],"curies":[{"name":"wp","href":"https:\/\/api.w.org\/{rel}","templated":true}]}}