{"id":5124,"date":"2023-12-07T15:06:41","date_gmt":"2023-12-07T08:06:41","guid":{"rendered":"https:\/\/amafurni.123websitedev.com\/san-pham\/ghe-quay-bar-nem-da-pu-vong-gac-chan-inox-ma-vang-ama-bar-295\/"},"modified":"2025-11-12T14:11:53","modified_gmt":"2025-11-12T07:11:53","slug":"ghe-quay-bar-nem-da-pu-vong-gac-chan-inox-ma-vang-ama-bar-295","status":"publish","type":"product","link":"https:\/\/amafurni.vn\/en\/product\/ghe-quay-bar-nem-da-pu-vong-gac-chan-inox-ma-vang-ama-bar-295\/","title":{"rendered":"GH\u1ebe QU\u1ea6Y BAR N\u1ec6M DA PU, V\u00d2NG G\u00c1C CH\u00c2N INOX M\u1ea0 V\u00c0NG AMA-Bar 295"},"content":{"rendered":"<table border=\"1\" height=\"299\">\n<tbody><\/tbody>\n<tbody>\n<tr>\n<td><span><strong>Material<\/strong><\/span><\/td>\n<td>\n<p><span><strong><\/strong><\/span><\/p>\n<p><span><strong>Size<\/strong><\/span><\/p>\n<p><span><strong>(D\u00e0i*R\u1ed9ng*cao)<\/strong><\/span><\/p>\n<\/td>\n<td><span><strong>T\u00ednh N\u0103ng<\/strong><\/span><\/td>\n<td><span><strong>M\u00e0u S\u1eafc<\/strong><\/span><\/td>\n<td><span><strong>Xu\u1ea5t X\u1ee9<\/strong><\/span><\/td>\n<td><span><strong>B\u1ea3o h\u00e0nh<\/strong><\/span><\/td>\n<\/tr>\n<tr>\n<td>\n<p>\u00a0<\/p>\n<ul>\n<li>Ch\u1ea5t li\u1ec7u :\u00a0<span>Ch\u00e2n S\u1eaft S\u01a1n T\u0129nh \u0110i\u1ec7n , n\u1ec7m b\u1ecdc v\u1ea3i simili<\/span><\/li>\n<li>Xu\u1ea5t x\u1ee9 :\u00a0 nh\u1eadp kh\u1ea9u<\/li>\n<\/ul>\n<\/td>\n<td>\n<p>\u00a0 \u00a0 \u00a0. \u0110ANG C\u1eacP\u00a0 \u00a0 \u00a0 \u00a0NH\u1eacT\u00a0<\/p>\n<\/td>\n<td>\n<p><span>\u00a0Ch\u1ea5t li\u1ec7u n\u1ec7m da PU \u0111\u01b0\u1ee3c l\u1ef1a ch\u1ecdn k\u1ef9 c\u00e0ng \u0111\u1ec3 mang l\u1ea1i c\u1ea3m gi\u00e1c m\u1ec1m m\u1ea1i v\u00e0 \u00eam \u00e1i khi s\u1eed d\u1ee5ng. \u0110\u1eb7c bi\u1ec7t, da PU c\u00f2n d\u1ec5 d\u00e0ng v\u1ec7 sinh v\u00e0 b\u1ea3o qu\u1ea3n, l\u00e0m t\u0103ng \u0111\u1ed9 l\u00e2u b\u1ec1n c\u1ee7a s\u1ea3n ph\u1ea9m. V\u1edbi ch\u1ea5t l\u01b0\u1ee3ng \u0111\u1ec9nh cao c\u1ee7a m\u00ecnh.<br \/>L\u00e0 s\u1ea3n ph\u1ea9m \u0111\u01b0\u1ee3c ch\u1ebf t\u1ea1o v\u1edbi s\u1ef1 c\u00e2n nh\u1eafc t\u1ec9 m\u1ec9 \u0111\u1ebfn t\u1eebng chi ti\u1ebft. Ch\u00e2n s\u1eaft s\u01a1n t\u0129nh \u0111i\u1ec7n \u0111\u1ea3m b\u1ea3o t\u00ednh b\u1ec1n b\u1ec9 v\u00e0 ch\u1ed1ng tr\u1ea7y x\u01b0\u1edbc, c\u00f9ng v\u1edbi v\u00f2ng g\u00e1c ch\u00e2n inox m\u1ea1 v\u00e0ng t\u1ea1o \u0111i\u1ec3m nh\u1ea5n sang tr\u1ecdng. Thi\u1ebft k\u1ebf n\u00e0y kh\u00f4ng ch\u1ec9 t\u1ea1o s\u1ef1 tho\u1ea3i m\u00e1i m\u00e0 c\u00f2n gi\u00fap t\u1ea1o n\u00ean m\u1ed9t phong c\u00e1ch \u0111\u1ed9c \u0111\u00e1o cho kh\u00f4ng gian bar c\u1ee7a b\u1ea1n.<br \/><\/span><\/p>\n<\/td>\n<td>\n<p>NHI\u1ec0U M\u00c0U<\/p>\n<\/p>\n<p><span>\u00a0<\/span><\/p>\n<\/td>\n<td>Nh\u1eadp Ngo\u1ea1i<\/td>\n<td>\n<p>. 06 th\u00e1ng k\u1ef9 thu\u1eadt<\/p>\n<\/td>\n<\/tr>\n<\/tbody>\n<\/table>","protected":false},"excerpt":{"rendered":"<p>\u00a0Ch\u1ea5t li\u1ec7u n\u1ec7m da PU \u0111\u01b0\u1ee3c l\u1ef1a ch\u1ecdn k\u1ef9 c\u00e0ng \u0111\u1ec3 mang l\u1ea1i c\u1ea3m gi\u00e1c m\u1ec1m m\u1ea1i v\u00e0 \u00eam \u00e1i khi s\u1eed d\u1ee5ng. \u0110\u1eb7c bi\u1ec7t, da PU c\u00f2n d\u1ec5 d\u00e0ng v\u1ec7 sinh v\u00e0 b\u1ea3o qu\u1ea3n, l\u00e0m t\u0103ng \u0111\u1ed9 l\u00e2u b\u1ec1n c\u1ee7a s\u1ea3n ph\u1ea9m. V\u1edbi ch\u1ea5t l\u01b0\u1ee3ng \u0111\u1ec9nh cao c\u1ee7a m\u00ecnh.<br \/>\nL\u00e0 s\u1ea3n ph\u1ea9m \u0111\u01b0\u1ee3c ch\u1ebf t\u1ea1o v\u1edbi s\u1ef1 c\u00e2n nh\u1eafc t\u1ec9 m\u1ec9 \u0111\u1ebfn t\u1eebng chi ti\u1ebft. Ch\u00e2n s\u1eaft s\u01a1n t\u0129nh \u0111i\u1ec7n \u0111\u1ea3m b\u1ea3o t\u00ednh b\u1ec1n b\u1ec9 v\u00e0 ch\u1ed1ng tr\u1ea7y x\u01b0\u1edbc, c\u00f9ng v\u1edbi v\u00f2ng g\u00e1c ch\u00e2n inox m\u1ea1 v\u00e0ng t\u1ea1o \u0111i\u1ec3m nh\u1ea5n sang tr\u1ecdng. Thi\u1ebft k\u1ebf n\u00e0y kh\u00f4ng ch\u1ec9 t\u1ea1o s\u1ef1 tho\u1ea3i m\u00e1i m\u00e0 c\u00f2n gi\u00fap t\u1ea1o n\u00ean m\u1ed9t phong c\u00e1ch \u0111\u1ed9c \u0111\u00e1o cho kh\u00f4ng gian bar c\u1ee7a b\u1ea1n.<\/p>","protected":false},"featured_media":5125,"comment_status":"open","ping_status":"closed","template":"","meta":[],"product_cat":[100,103],"product_tag":[],"yoast_head":"<!-- This site is optimized with the Yoast SEO Premium plugin v21.7 (Yoast SEO v21.7) - https:\/\/yoast.com\/wordpress\/plugins\/seo\/ -->\n<title>GH\u1ebe QU\u1ea6Y BAR N\u1ec6M DA PU, V\u00d2NG G\u00c1C CH\u00c2N INOX M\u1ea0 V\u00c0NG AMA-Bar 295 - AMAFURNI<\/title>\n<meta name=\"robots\" content=\"index, follow, max-snippet:-1, max-image-preview:large, max-video-preview:-1\" \/>\n<link rel=\"canonical\" href=\"https:\/\/amafurni.vn\/en\/product\/ghe-quay-bar-nem-da-pu-vong-gac-chan-inox-ma-vang-ama-bar-295\/\" \/>\n<meta property=\"og:locale\" content=\"en_US\" \/>\n<meta property=\"og:type\" content=\"article\" \/>\n<meta property=\"og:title\" content=\"GH\u1ebe QU\u1ea6Y BAR N\u1ec6M DA PU, V\u00d2NG G\u00c1C CH\u00c2N INOX M\u1ea0 V\u00c0NG AMA-Bar 295\" \/>\n<meta property=\"og:description\" content=\"\u00a0Ch\u1ea5t li\u1ec7u n\u1ec7m da PU \u0111\u01b0\u1ee3c l\u1ef1a ch\u1ecdn k\u1ef9 c\u00e0ng \u0111\u1ec3 mang l\u1ea1i c\u1ea3m gi\u00e1c m\u1ec1m m\u1ea1i v\u00e0 \u00eam \u00e1i khi s\u1eed d\u1ee5ng. \u0110\u1eb7c bi\u1ec7t, da PU c\u00f2n d\u1ec5 d\u00e0ng v\u1ec7 sinh v\u00e0 b\u1ea3o qu\u1ea3n, l\u00e0m t\u0103ng \u0111\u1ed9 l\u00e2u b\u1ec1n c\u1ee7a s\u1ea3n ph\u1ea9m. V\u1edbi ch\u1ea5t l\u01b0\u1ee3ng \u0111\u1ec9nh cao c\u1ee7a m\u00ecnh. L\u00e0 s\u1ea3n ph\u1ea9m \u0111\u01b0\u1ee3c ch\u1ebf t\u1ea1o v\u1edbi s\u1ef1 c\u00e2n nh\u1eafc t\u1ec9 m\u1ec9 \u0111\u1ebfn t\u1eebng chi ti\u1ebft. Ch\u00e2n s\u1eaft s\u01a1n t\u0129nh \u0111i\u1ec7n \u0111\u1ea3m b\u1ea3o t\u00ednh b\u1ec1n b\u1ec9 v\u00e0 ch\u1ed1ng tr\u1ea7y x\u01b0\u1edbc, c\u00f9ng v\u1edbi v\u00f2ng g\u00e1c ch\u00e2n inox m\u1ea1 v\u00e0ng t\u1ea1o \u0111i\u1ec3m nh\u1ea5n sang tr\u1ecdng. Thi\u1ebft k\u1ebf n\u00e0y kh\u00f4ng ch\u1ec9 t\u1ea1o s\u1ef1 tho\u1ea3i m\u00e1i m\u00e0 c\u00f2n gi\u00fap t\u1ea1o n\u00ean m\u1ed9t phong c\u00e1ch \u0111\u1ed9c \u0111\u00e1o cho kh\u00f4ng gian bar c\u1ee7a b\u1ea1n.\" \/>\n<meta property=\"og:url\" content=\"https:\/\/amafurni.vn\/en\/product\/ghe-quay-bar-nem-da-pu-vong-gac-chan-inox-ma-vang-ama-bar-295\/\" \/>\n<meta property=\"og:site_name\" content=\"AMAFURNI\" \/>\n<meta property=\"article:modified_time\" content=\"2025-11-12T07:11:53+00:00\" \/>\n<meta property=\"og:image\" content=\"https:\/\/amafurni.vn\/wp-content\/uploads\/2023\/12\/ghe-quay-bar-nem-da-pu-vong-gac-chan-inox-ma-vang-ama-bar-295_65717d11ba141.jpeg\" \/>\n\t<meta property=\"og:image:width\" content=\"800\" \/>\n\t<meta property=\"og:image:height\" content=\"800\" \/>\n\t<meta property=\"og:image:type\" content=\"image\/jpeg\" \/>\n<meta name=\"twitter:card\" content=\"summary_large_image\" \/>\n<meta name=\"twitter:label1\" content=\"Est. reading time\" \/>\n\t<meta name=\"twitter:data1\" content=\"1 minute\" \/>\n<script type=\"application\/ld+json\" class=\"yoast-schema-graph\">{\"@context\":\"https:\/\/schema.org\",\"@graph\":[{\"@type\":\"WebPage\",\"@id\":\"https:\/\/amafurni.vn\/san-pham\/ghe-quay-bar-nem-da-pu-vong-gac-chan-inox-ma-vang-ama-bar-295\/\",\"url\":\"https:\/\/amafurni.vn\/san-pham\/ghe-quay-bar-nem-da-pu-vong-gac-chan-inox-ma-vang-ama-bar-295\/\",\"name\":\"GH\u1ebe QU\u1ea6Y BAR N\u1ec6M DA PU, V\u00d2NG G\u00c1C CH\u00c2N INOX M\u1ea0 V\u00c0NG AMA-Bar 295 - AMAFURNI\",\"isPartOf\":{\"@id\":\"https:\/\/amafurni.vn\/#website\"},\"datePublished\":\"2023-12-07T08:06:41+00:00\",\"dateModified\":\"2025-11-12T07:11:53+00:00\",\"breadcrumb\":{\"@id\":\"https:\/\/amafurni.vn\/san-pham\/ghe-quay-bar-nem-da-pu-vong-gac-chan-inox-ma-vang-ama-bar-295\/#breadcrumb\"},\"inLanguage\":\"en-US\",\"potentialAction\":[{\"@type\":\"ReadAction\",\"target\":[\"https:\/\/amafurni.vn\/san-pham\/ghe-quay-bar-nem-da-pu-vong-gac-chan-inox-ma-vang-ama-bar-295\/\"]}]},{\"@type\":\"BreadcrumbList\",\"@id\":\"https:\/\/amafurni.vn\/san-pham\/ghe-quay-bar-nem-da-pu-vong-gac-chan-inox-ma-vang-ama-bar-295\/#breadcrumb\",\"itemListElement\":[{\"@type\":\"ListItem\",\"position\":1,\"name\":\"Trang ch\u1ee7\",\"item\":\"https:\/\/amafurni.vn\/\"},{\"@type\":\"ListItem\",\"position\":2,\"name\":\"S\u1ea3n ph\u1ea9m\",\"item\":\"https:\/\/amafurni.vn\/san-pham\/\"},{\"@type\":\"ListItem\",\"position\":3,\"name\":\"GH\u1ebe QU\u1ea6Y BAR N\u1ec6M DA PU, V\u00d2NG G\u00c1C CH\u00c2N INOX M\u1ea0 V\u00c0NG AMA-Bar 295\"}]},{\"@type\":\"WebSite\",\"@id\":\"https:\/\/amafurni.vn\/#website\",\"url\":\"https:\/\/amafurni.vn\/\",\"name\":\"AMAFURNI\",\"description\":\"\",\"potentialAction\":[{\"@type\":\"SearchAction\",\"target\":{\"@type\":\"EntryPoint\",\"urlTemplate\":\"https:\/\/amafurni.vn\/?s={search_term_string}\"},\"query-input\":\"required name=search_term_string\"}],\"inLanguage\":\"en-US\"}]}<\/script>\n<!-- \/ Yoast SEO Premium plugin. -->","yoast_head_json":{"title":"GH\u1ebe QU\u1ea6Y BAR N\u1ec6M DA PU, V\u00d2NG G\u00c1C CH\u00c2N INOX M\u1ea0 V\u00c0NG AMA-Bar 295 - AMAFURNI","robots":{"index":"index","follow":"follow","max-snippet":"max-snippet:-1","max-image-preview":"max-image-preview:large","max-video-preview":"max-video-preview:-1"},"canonical":"https:\/\/amafurni.vn\/en\/product\/ghe-quay-bar-nem-da-pu-vong-gac-chan-inox-ma-vang-ama-bar-295\/","og_locale":"en_US","og_type":"article","og_title":"GH\u1ebe QU\u1ea6Y BAR N\u1ec6M DA PU, V\u00d2NG G\u00c1C CH\u00c2N INOX M\u1ea0 V\u00c0NG AMA-Bar 295","og_description":"\u00a0Ch\u1ea5t li\u1ec7u n\u1ec7m da PU \u0111\u01b0\u1ee3c l\u1ef1a ch\u1ecdn k\u1ef9 c\u00e0ng \u0111\u1ec3 mang l\u1ea1i c\u1ea3m gi\u00e1c m\u1ec1m m\u1ea1i v\u00e0 \u00eam \u00e1i khi s\u1eed d\u1ee5ng. \u0110\u1eb7c bi\u1ec7t, da PU c\u00f2n d\u1ec5 d\u00e0ng v\u1ec7 sinh v\u00e0 b\u1ea3o qu\u1ea3n, l\u00e0m t\u0103ng \u0111\u1ed9 l\u00e2u b\u1ec1n c\u1ee7a s\u1ea3n ph\u1ea9m. V\u1edbi ch\u1ea5t l\u01b0\u1ee3ng \u0111\u1ec9nh cao c\u1ee7a m\u00ecnh. L\u00e0 s\u1ea3n ph\u1ea9m \u0111\u01b0\u1ee3c ch\u1ebf t\u1ea1o v\u1edbi s\u1ef1 c\u00e2n nh\u1eafc t\u1ec9 m\u1ec9 \u0111\u1ebfn t\u1eebng chi ti\u1ebft. Ch\u00e2n s\u1eaft s\u01a1n t\u0129nh \u0111i\u1ec7n \u0111\u1ea3m b\u1ea3o t\u00ednh b\u1ec1n b\u1ec9 v\u00e0 ch\u1ed1ng tr\u1ea7y x\u01b0\u1edbc, c\u00f9ng v\u1edbi v\u00f2ng g\u00e1c ch\u00e2n inox m\u1ea1 v\u00e0ng t\u1ea1o \u0111i\u1ec3m nh\u1ea5n sang tr\u1ecdng. Thi\u1ebft k\u1ebf n\u00e0y kh\u00f4ng ch\u1ec9 t\u1ea1o s\u1ef1 tho\u1ea3i m\u00e1i m\u00e0 c\u00f2n gi\u00fap t\u1ea1o n\u00ean m\u1ed9t phong c\u00e1ch \u0111\u1ed9c \u0111\u00e1o cho kh\u00f4ng gian bar c\u1ee7a b\u1ea1n.","og_url":"https:\/\/amafurni.vn\/en\/product\/ghe-quay-bar-nem-da-pu-vong-gac-chan-inox-ma-vang-ama-bar-295\/","og_site_name":"AMAFURNI","article_modified_time":"2025-11-12T07:11:53+00:00","og_image":[{"width":800,"height":800,"url":"https:\/\/amafurni.vn\/wp-content\/uploads\/2023\/12\/ghe-quay-bar-nem-da-pu-vong-gac-chan-inox-ma-vang-ama-bar-295_65717d11ba141.jpeg","type":"image\/jpeg"}],"twitter_card":"summary_large_image","twitter_misc":{"Est. reading time":"1 minute"},"schema":{"@context":"https:\/\/schema.org","@graph":[{"@type":"WebPage","@id":"https:\/\/amafurni.vn\/san-pham\/ghe-quay-bar-nem-da-pu-vong-gac-chan-inox-ma-vang-ama-bar-295\/","url":"https:\/\/amafurni.vn\/san-pham\/ghe-quay-bar-nem-da-pu-vong-gac-chan-inox-ma-vang-ama-bar-295\/","name":"GH\u1ebe QU\u1ea6Y BAR N\u1ec6M DA PU, V\u00d2NG G\u00c1C CH\u00c2N INOX M\u1ea0 V\u00c0NG AMA-Bar 295 - AMAFURNI","isPartOf":{"@id":"https:\/\/amafurni.vn\/#website"},"datePublished":"2023-12-07T08:06:41+00:00","dateModified":"2025-11-12T07:11:53+00:00","breadcrumb":{"@id":"https:\/\/amafurni.vn\/san-pham\/ghe-quay-bar-nem-da-pu-vong-gac-chan-inox-ma-vang-ama-bar-295\/#breadcrumb"},"inLanguage":"en-US","potentialAction":[{"@type":"ReadAction","target":["https:\/\/amafurni.vn\/san-pham\/ghe-quay-bar-nem-da-pu-vong-gac-chan-inox-ma-vang-ama-bar-295\/"]}]},{"@type":"BreadcrumbList","@id":"https:\/\/amafurni.vn\/san-pham\/ghe-quay-bar-nem-da-pu-vong-gac-chan-inox-ma-vang-ama-bar-295\/#breadcrumb","itemListElement":[{"@type":"ListItem","position":1,"name":"Trang ch\u1ee7","item":"https:\/\/amafurni.vn\/"},{"@type":"ListItem","position":2,"name":"S\u1ea3n ph\u1ea9m","item":"https:\/\/amafurni.vn\/san-pham\/"},{"@type":"ListItem","position":3,"name":"GH\u1ebe QU\u1ea6Y BAR N\u1ec6M DA PU, V\u00d2NG G\u00c1C CH\u00c2N INOX M\u1ea0 V\u00c0NG AMA-Bar 295"}]},{"@type":"WebSite","@id":"https:\/\/amafurni.vn\/#website","url":"https:\/\/amafurni.vn\/","name":"AMAFURNI","description":"","potentialAction":[{"@type":"SearchAction","target":{"@type":"EntryPoint","urlTemplate":"https:\/\/amafurni.vn\/?s={search_term_string}"},"query-input":"required name=search_term_string"}],"inLanguage":"en-US"}]}},"_links":{"self":[{"href":"https:\/\/amafurni.vn\/en\/wp-json\/wp\/v2\/product\/5124"}],"collection":[{"href":"https:\/\/amafurni.vn\/en\/wp-json\/wp\/v2\/product"}],"about":[{"href":"https:\/\/amafurni.vn\/en\/wp-json\/wp\/v2\/types\/product"}],"replies":[{"embeddable":true,"href":"https:\/\/amafurni.vn\/en\/wp-json\/wp\/v2\/comments?post=5124"}],"wp:featuredmedia":[{"embeddable":true,"href":"https:\/\/amafurni.vn\/en\/wp-json\/wp\/v2\/media\/5125"}],"wp:attachment":[{"href":"https:\/\/amafurni.vn\/en\/wp-json\/wp\/v2\/media?parent=5124"}],"wp:term":[{"taxonomy":"product_cat","embeddable":true,"href":"https:\/\/amafurni.vn\/en\/wp-json\/wp\/v2\/product_cat?post=5124"},{"taxonomy":"product_tag","embeddable":true,"href":"https:\/\/amafurni.vn\/en\/wp-json\/wp\/v2\/product_tag?post=5124"}],"curies":[{"name":"wp","href":"https:\/\/api.w.org\/{rel}","templated":true}]}}