{"id":5126,"date":"2023-12-07T15:06:47","date_gmt":"2023-12-07T08:06:47","guid":{"rendered":"https:\/\/amafurni.123websitedev.com\/san-pham\/ghe-quay-bar-nhap-khau-nhieu-mau-ama-jb-838\/"},"modified":"2025-11-12T14:11:53","modified_gmt":"2025-11-12T07:11:53","slug":"ghe-quay-bar-nhap-khau-nhieu-mau-ama-jb-838","status":"publish","type":"product","link":"https:\/\/amafurni.vn\/en\/product\/ghe-quay-bar-nhap-khau-nhieu-mau-ama-jb-838\/","title":{"rendered":"Gh\u1ebf Qu\u1ea7y Bar AMA- JB-838"},"content":{"rendered":"<table class=\"woocommerce-product-attributes shop_attributes\" style=\"width: 99.9089%; height: 115px;\" width=\"929\">\n<tbody>\n<tr class=\"woocommerce-product-attributes-item woocommerce-product-attributes-item--attribute_season\" style=\"height: 23px;\">\n<th class=\"woocommerce-product-attributes-item__label\" style=\"width: 26.5591%; height: 23px;\">Material<\/th>\n<td class=\"woocommerce-product-attributes-item__value\" style=\"width: 102.258%; height: 23px;\">B\u1ecdc da simili, Ch\u00e2n s\u1eaft s\u01a1n t\u0129nh \u0111i\u1ec7n.<\/td>\n<\/tr>\n<tr class=\"woocommerce-product-attributes-item woocommerce-product-attributes-item--attribute_pa_color\" style=\"height: 23px;\">\n<th class=\"woocommerce-product-attributes-item__label\" style=\"width: 26.5591%; height: 23px;\">M\u00e0u S\u1eafc<\/th>\n<td class=\"woocommerce-product-attributes-item__value\" style=\"width: 102.258%; height: 23px;\">S\u01b0\u1eddn tr\u1eafng L\u01b0\u1edbi \u0111en, S\u01b0\u1eddn x\u00e1m l\u01b0\u1edbi x\u00e1m, \u0110en full.<\/td>\n<\/tr>\n<tr class=\"woocommerce-product-attributes-item woocommerce-product-attributes-item--attribute_style\" style=\"height: 23px;\">\n<th class=\"woocommerce-product-attributes-item__label\" style=\"width: 26.5591%; height: 23px;\">Size<\/th>\n<td class=\"woocommerce-product-attributes-item__value\" style=\"width: 102.258%; height: 23px;\">\u0110ang c\u1eadp nh\u1eadt<\/td>\n<\/tr>\n<tr class=\"woocommerce-product-attributes-item woocommerce-product-attributes-item--attribute_pa_material\" style=\"height: 23px;\">\n<th class=\"woocommerce-product-attributes-item__label\" style=\"width: 26.5591%; height: 23px;\">T\u00ednh N\u0103ng<\/th>\n<td class=\"woocommerce-product-attributes-item__value\" style=\"width: 102.258%; height: 23px;\">Xoay 360 \u0111\u1ed9, T\u0103ng\/Gi\u1ea3m chi\u1ec1u cao.<\/td>\n<\/tr>\n<tr class=\"woocommerce-product-attributes-item woocommerce-product-attributes-item--attribute_item-code\" style=\"height: 23px;\">\n<th class=\"woocommerce-product-attributes-item__label\" style=\"width: 26.5591%; height: 23px;\">B\u1ea3o H\u00e0nh<\/th>\n<td class=\"woocommerce-product-attributes-item__value\" style=\"width: 102.258%; height: 23px;\">\u00a006 th\u00e1ng<\/td>\n<\/tr>\n<\/tbody>\n<\/table>","protected":false},"excerpt":{"rendered":"<p>T\u0103ng gi\u1ea3m chi\u1ec1u cao d\u1ec5 d\u00e0ng<br \/>\n\u1ee8ng d\u1ee5ng s\u1eed d\u1ee5ng trong c\u00e1c qu\u00e1n bar, nh\u00e0 h\u00e0ng, qu\u1ea7y l\u1ec5 t\u00e2n\u2026<br \/>\nGh\u1ebf c\u00f3 ch\u1ed7 \u0111\u1ec3 ch\u00e2n h\u00ecnh oval<br \/>\nNgo\u00e0i ra s\u1ea3n ph\u1ea9m c\u00f2n \u0111\u01b0\u1ee3c b\u1ecdc\u00a0v\u1ea3i gi\u1ea3 da v\u1edbi nhi\u1ec1u tone m\u00e0u kh\u00e1c nhau v\u1eeba mang t\u1edbi s\u1ef1 th\u1eddi th\u01b0\u1ee3ng v\u1eeba \u0111em \u0111\u1ebfn s\u1ef1 \u00eam \u00e1i, kh\u00f4ng lo b\u1ecb n\u00f3ng k\u1ec3 c\u1ea3 khi ng\u1ed3i l\u00e2u.<\/p>","protected":false},"featured_media":12235,"comment_status":"open","ping_status":"closed","template":"","meta":[],"product_cat":[100,103],"product_tag":[],"yoast_head":"<!-- This site is optimized with the Yoast SEO Premium plugin v21.7 (Yoast SEO v21.7) - https:\/\/yoast.com\/wordpress\/plugins\/seo\/ -->\n<title>Gh\u1ebf Qu\u1ea7y Bar AMA- JB-838 - AMAFURNI<\/title>\n<meta name=\"robots\" content=\"index, follow, max-snippet:-1, max-image-preview:large, max-video-preview:-1\" \/>\n<link rel=\"canonical\" href=\"https:\/\/amafurni.vn\/en\/product\/ghe-quay-bar-nhap-khau-nhieu-mau-ama-jb-838\/\" \/>\n<meta property=\"og:locale\" content=\"en_US\" \/>\n<meta property=\"og:type\" content=\"article\" \/>\n<meta property=\"og:title\" content=\"Gh\u1ebf Qu\u1ea7y Bar AMA- JB-838\" \/>\n<meta property=\"og:description\" content=\"T\u0103ng gi\u1ea3m chi\u1ec1u cao d\u1ec5 d\u00e0ng \u1ee8ng d\u1ee5ng s\u1eed d\u1ee5ng trong c\u00e1c qu\u00e1n bar, nh\u00e0 h\u00e0ng, qu\u1ea7y l\u1ec5 t\u00e2n\u2026 Gh\u1ebf c\u00f3 ch\u1ed7 \u0111\u1ec3 ch\u00e2n h\u00ecnh oval Ngo\u00e0i ra s\u1ea3n ph\u1ea9m c\u00f2n \u0111\u01b0\u1ee3c b\u1ecdc\u00a0v\u1ea3i gi\u1ea3 da v\u1edbi nhi\u1ec1u tone m\u00e0u kh\u00e1c nhau v\u1eeba mang t\u1edbi s\u1ef1 th\u1eddi th\u01b0\u1ee3ng v\u1eeba \u0111em \u0111\u1ebfn s\u1ef1 \u00eam \u00e1i, kh\u00f4ng lo b\u1ecb n\u00f3ng k\u1ec3 c\u1ea3 khi ng\u1ed3i l\u00e2u.\" \/>\n<meta property=\"og:url\" content=\"https:\/\/amafurni.vn\/en\/product\/ghe-quay-bar-nhap-khau-nhieu-mau-ama-jb-838\/\" \/>\n<meta property=\"og:site_name\" content=\"AMAFURNI\" \/>\n<meta property=\"article:modified_time\" content=\"2025-11-12T07:11:53+00:00\" \/>\n<meta property=\"og:image\" content=\"https:\/\/amafurni.vn\/wp-content\/uploads\/2023\/12\/z4218462228679_16e2d86cb034eec53e5956091a1c5fa9.jpg\" \/>\n\t<meta property=\"og:image:width\" content=\"1150\" \/>\n\t<meta property=\"og:image:height\" content=\"640\" \/>\n\t<meta property=\"og:image:type\" content=\"image\/jpeg\" \/>\n<meta name=\"twitter:card\" content=\"summary_large_image\" \/>\n<meta name=\"twitter:label1\" content=\"Est. reading time\" \/>\n\t<meta name=\"twitter:data1\" content=\"1 minute\" \/>\n<script type=\"application\/ld+json\" class=\"yoast-schema-graph\">{\"@context\":\"https:\/\/schema.org\",\"@graph\":[{\"@type\":\"WebPage\",\"@id\":\"https:\/\/amafurni.vn\/san-pham\/ghe-quay-bar-nhap-khau-nhieu-mau-ama-jb-838\/\",\"url\":\"https:\/\/amafurni.vn\/san-pham\/ghe-quay-bar-nhap-khau-nhieu-mau-ama-jb-838\/\",\"name\":\"Gh\u1ebf Qu\u1ea7y Bar AMA- JB-838 - AMAFURNI\",\"isPartOf\":{\"@id\":\"https:\/\/amafurni.vn\/#website\"},\"datePublished\":\"2023-12-07T08:06:47+00:00\",\"dateModified\":\"2025-11-12T07:11:53+00:00\",\"breadcrumb\":{\"@id\":\"https:\/\/amafurni.vn\/san-pham\/ghe-quay-bar-nhap-khau-nhieu-mau-ama-jb-838\/#breadcrumb\"},\"inLanguage\":\"en-US\",\"potentialAction\":[{\"@type\":\"ReadAction\",\"target\":[\"https:\/\/amafurni.vn\/san-pham\/ghe-quay-bar-nhap-khau-nhieu-mau-ama-jb-838\/\"]}]},{\"@type\":\"BreadcrumbList\",\"@id\":\"https:\/\/amafurni.vn\/san-pham\/ghe-quay-bar-nhap-khau-nhieu-mau-ama-jb-838\/#breadcrumb\",\"itemListElement\":[{\"@type\":\"ListItem\",\"position\":1,\"name\":\"Trang ch\u1ee7\",\"item\":\"https:\/\/amafurni.vn\/\"},{\"@type\":\"ListItem\",\"position\":2,\"name\":\"S\u1ea3n ph\u1ea9m\",\"item\":\"https:\/\/amafurni.vn\/san-pham\/\"},{\"@type\":\"ListItem\",\"position\":3,\"name\":\"Gh\u1ebf Qu\u1ea7y Bar AMA- JB-838\"}]},{\"@type\":\"WebSite\",\"@id\":\"https:\/\/amafurni.vn\/#website\",\"url\":\"https:\/\/amafurni.vn\/\",\"name\":\"AMAFURNI\",\"description\":\"\",\"potentialAction\":[{\"@type\":\"SearchAction\",\"target\":{\"@type\":\"EntryPoint\",\"urlTemplate\":\"https:\/\/amafurni.vn\/?s={search_term_string}\"},\"query-input\":\"required name=search_term_string\"}],\"inLanguage\":\"en-US\"}]}<\/script>\n<!-- \/ Yoast SEO Premium plugin. -->","yoast_head_json":{"title":"Gh\u1ebf Qu\u1ea7y Bar AMA- JB-838 - AMAFURNI","robots":{"index":"index","follow":"follow","max-snippet":"max-snippet:-1","max-image-preview":"max-image-preview:large","max-video-preview":"max-video-preview:-1"},"canonical":"https:\/\/amafurni.vn\/en\/product\/ghe-quay-bar-nhap-khau-nhieu-mau-ama-jb-838\/","og_locale":"en_US","og_type":"article","og_title":"Gh\u1ebf Qu\u1ea7y Bar AMA- JB-838","og_description":"T\u0103ng gi\u1ea3m chi\u1ec1u cao d\u1ec5 d\u00e0ng \u1ee8ng d\u1ee5ng s\u1eed d\u1ee5ng trong c\u00e1c qu\u00e1n bar, nh\u00e0 h\u00e0ng, qu\u1ea7y l\u1ec5 t\u00e2n\u2026 Gh\u1ebf c\u00f3 ch\u1ed7 \u0111\u1ec3 ch\u00e2n h\u00ecnh oval Ngo\u00e0i ra s\u1ea3n ph\u1ea9m c\u00f2n \u0111\u01b0\u1ee3c b\u1ecdc\u00a0v\u1ea3i gi\u1ea3 da v\u1edbi nhi\u1ec1u tone m\u00e0u kh\u00e1c nhau v\u1eeba mang t\u1edbi s\u1ef1 th\u1eddi th\u01b0\u1ee3ng v\u1eeba \u0111em \u0111\u1ebfn s\u1ef1 \u00eam \u00e1i, kh\u00f4ng lo b\u1ecb n\u00f3ng k\u1ec3 c\u1ea3 khi ng\u1ed3i l\u00e2u.","og_url":"https:\/\/amafurni.vn\/en\/product\/ghe-quay-bar-nhap-khau-nhieu-mau-ama-jb-838\/","og_site_name":"AMAFURNI","article_modified_time":"2025-11-12T07:11:53+00:00","og_image":[{"width":1150,"height":640,"url":"https:\/\/amafurni.vn\/wp-content\/uploads\/2023\/12\/z4218462228679_16e2d86cb034eec53e5956091a1c5fa9.jpg","type":"image\/jpeg"}],"twitter_card":"summary_large_image","twitter_misc":{"Est. reading time":"1 minute"},"schema":{"@context":"https:\/\/schema.org","@graph":[{"@type":"WebPage","@id":"https:\/\/amafurni.vn\/san-pham\/ghe-quay-bar-nhap-khau-nhieu-mau-ama-jb-838\/","url":"https:\/\/amafurni.vn\/san-pham\/ghe-quay-bar-nhap-khau-nhieu-mau-ama-jb-838\/","name":"Gh\u1ebf Qu\u1ea7y Bar AMA- JB-838 - AMAFURNI","isPartOf":{"@id":"https:\/\/amafurni.vn\/#website"},"datePublished":"2023-12-07T08:06:47+00:00","dateModified":"2025-11-12T07:11:53+00:00","breadcrumb":{"@id":"https:\/\/amafurni.vn\/san-pham\/ghe-quay-bar-nhap-khau-nhieu-mau-ama-jb-838\/#breadcrumb"},"inLanguage":"en-US","potentialAction":[{"@type":"ReadAction","target":["https:\/\/amafurni.vn\/san-pham\/ghe-quay-bar-nhap-khau-nhieu-mau-ama-jb-838\/"]}]},{"@type":"BreadcrumbList","@id":"https:\/\/amafurni.vn\/san-pham\/ghe-quay-bar-nhap-khau-nhieu-mau-ama-jb-838\/#breadcrumb","itemListElement":[{"@type":"ListItem","position":1,"name":"Trang ch\u1ee7","item":"https:\/\/amafurni.vn\/"},{"@type":"ListItem","position":2,"name":"S\u1ea3n ph\u1ea9m","item":"https:\/\/amafurni.vn\/san-pham\/"},{"@type":"ListItem","position":3,"name":"Gh\u1ebf Qu\u1ea7y Bar AMA- JB-838"}]},{"@type":"WebSite","@id":"https:\/\/amafurni.vn\/#website","url":"https:\/\/amafurni.vn\/","name":"AMAFURNI","description":"","potentialAction":[{"@type":"SearchAction","target":{"@type":"EntryPoint","urlTemplate":"https:\/\/amafurni.vn\/?s={search_term_string}"},"query-input":"required name=search_term_string"}],"inLanguage":"en-US"}]}},"_links":{"self":[{"href":"https:\/\/amafurni.vn\/en\/wp-json\/wp\/v2\/product\/5126"}],"collection":[{"href":"https:\/\/amafurni.vn\/en\/wp-json\/wp\/v2\/product"}],"about":[{"href":"https:\/\/amafurni.vn\/en\/wp-json\/wp\/v2\/types\/product"}],"replies":[{"embeddable":true,"href":"https:\/\/amafurni.vn\/en\/wp-json\/wp\/v2\/comments?post=5126"}],"wp:featuredmedia":[{"embeddable":true,"href":"https:\/\/amafurni.vn\/en\/wp-json\/wp\/v2\/media\/12235"}],"wp:attachment":[{"href":"https:\/\/amafurni.vn\/en\/wp-json\/wp\/v2\/media?parent=5126"}],"wp:term":[{"taxonomy":"product_cat","embeddable":true,"href":"https:\/\/amafurni.vn\/en\/wp-json\/wp\/v2\/product_cat?post=5126"},{"taxonomy":"product_tag","embeddable":true,"href":"https:\/\/amafurni.vn\/en\/wp-json\/wp\/v2\/product_tag?post=5126"}],"curies":[{"name":"wp","href":"https:\/\/api.w.org\/{rel}","templated":true}]}}