{"id":5152,"date":"2023-12-07T15:09:00","date_gmt":"2023-12-07T08:09:00","guid":{"rendered":"https:\/\/amafurni.123websitedev.com\/san-pham\/ghe-quay-bar-thoi-trang-nhieu-mau-ama-1154-nhieu-mau\/"},"modified":"2025-11-12T14:11:54","modified_gmt":"2025-11-12T07:11:54","slug":"ghe-quay-bar-thoi-trang-nhieu-mau-ama-1154-nhieu-mau","status":"publish","type":"product","link":"https:\/\/amafurni.vn\/en\/product\/ghe-quay-bar-thoi-trang-nhieu-mau-ama-1154-nhieu-mau\/","title":{"rendered":"Gh\u1ebf qu\u1ea7y bar th\u1eddi trang Nhi\u1ec1u m\u00e0u AMA-1154 (Nhi\u1ec1u m\u00e0u)"},"content":{"rendered":"<table border=\"1\">\n<tbody>\n<tr>\n<td><strong>Material<\/strong><\/td>\n<td><strong>T\u00ednh N\u0103ng<\/strong><\/td>\n<td><strong>M\u00e0u S\u1eafc<\/strong><\/td>\n<td><strong>Xu\u1ea5t X\u1ee9<\/strong><\/td>\n<td><strong>B\u1ea3o h\u00e0nh<\/strong><\/td>\n<\/tr>\n<tr>\n<td>\n<ul>\n<li>Ch\u1ea5t li\u1ec7u: M\u1eb7t ng\u1ed3i b\u1eb1ng nh\u1ef1a, ch\u00e2n b\u1eb1ng s\u1eaft<\/li>\n<\/ul>\n<\/td>\n<td>\n<ul>\n<li>T\u0103ng gi\u1ea3m chi\u1ec1u cao d\u1ec5 d\u00e0ng<\/li>\n<li>C\u00f4ng n\u0103ng: C\u00f3 th\u1ec3 \u0111i\u1ec1u ch\u1ec9nh \u0111\u1ed9 cao<\/li>\n<li>S\u1eed d\u1ee5ng: Trong c\u00e1c qu\u1ea7y bar, gh\u1ebf ng\u1ed3i b\u00e0n cao,\u2026<\/li>\n<\/ul>\n<ul>\n<li>\u1ee8ng d\u1ee5ng s\u1eed d\u1ee5ng trong c\u00e1c qu\u00e1n bar, nh\u00e0 h\u00e0ng, qu\u1ea7y l\u1ec5 t\u00e2n\u2026<\/li>\n<li>Gh\u1ebf c\u00f3 ch\u1ed7 \u0111\u1ec3 ch\u00e2n h\u00ecnh oval<\/li>\n<li>Ngo\u00e0i ra s\u1ea3n ph\u1ea9m c\u00f2n \u0111\u01b0\u1ee3c b\u1ecdc\u00a0<span data-sheets-value=\"{&quot;1&quot;:2,&quot;2&quot;:&quot;K\u00edch th\u01b0\u1edbc: 53x47x85\/SH60-80cmnCh\u1ea5t li\u1ec7u : Y\u00ean b\u1ecdc v\u1ea3i gi\u1ea3 da, ch\u00e2n n\u00e2ng h\u1ea1 m\u1ea1 CrnM\u00e0u s\u1eafc : N\u00e2u, x\u00e1m, x\u00e1m nh\u1ea1tnXu\u1ea5t x\u1ee9: Nh\u1eadp kh\u1ea9u.&quot;}\" data-sheets-userformat=\"{&quot;2&quot;:1021,&quot;3&quot;:{&quot;1&quot;:0},&quot;5&quot;:{&quot;1&quot;:[{&quot;1&quot;:2,&quot;2&quot;:0,&quot;5&quot;:{&quot;1&quot;:2,&quot;2&quot;:0}},{&quot;1&quot;:0,&quot;2&quot;:0,&quot;3&quot;:3},{&quot;1&quot;:1,&quot;2&quot;:0,&quot;4&quot;:1}]},&quot;6&quot;:{&quot;1&quot;:[{&quot;1&quot;:2,&quot;2&quot;:0,&quot;5&quot;:{&quot;1&quot;:2,&quot;2&quot;:0}},{&quot;1&quot;:0,&quot;2&quot;:0,&quot;3&quot;:3},{&quot;1&quot;:1,&quot;2&quot;:0,&quot;4&quot;:1}]},&quot;7&quot;:{&quot;1&quot;:[{&quot;1&quot;:2,&quot;2&quot;:0,&quot;5&quot;:{&quot;1&quot;:2,&quot;2&quot;:0}},{&quot;1&quot;:0,&quot;2&quot;:0,&quot;3&quot;:3},{&quot;1&quot;:1,&quot;2&quot;:0,&quot;4&quot;:1}]},&quot;8&quot;:{&quot;1&quot;:[{&quot;1&quot;:2,&quot;2&quot;:0,&quot;5&quot;:{&quot;1&quot;:2,&quot;2&quot;:0}},{&quot;1&quot;:0,&quot;2&quot;:0,&quot;3&quot;:3},{&quot;1&quot;:1,&quot;2&quot;:0,&quot;4&quot;:1}]},&quot;9&quot;:0,&quot;10&quot;:1,&quot;11&quot;:4,&quot;12&quot;:0}\">v\u1ea3i gi\u1ea3 da v\u1edbi nhi\u1ec1u tone m\u00e0u kh\u00e1c nhau v\u1eeba mang t\u1edbi s\u1ef1 th\u1eddi th\u01b0\u1ee3ng v\u1eeba \u0111em \u0111\u1ebfn s\u1ef1 \u00eam \u00e1i, kh\u00f4ng lo b\u1ecb n\u00f3ng k\u1ec3 c\u1ea3 khi ng\u1ed3i l\u00e2u.<\/span><\/li>\n<li>cao 75cm.<\/li>\n<\/ul>\n<\/td>\n<td>NHI\u1ec0U M\u00c0U<\/td>\n<td>Nh\u1eadp Ngo\u1ea1i<\/td>\n<td>06 Th\u00e1ng t\u1ea5t c\u1ea3 l\u1ed7i k\u0129 thu\u1eadt .<\/td>\n<\/tr>\n<\/tbody>\n<\/table>","protected":false},"excerpt":{"rendered":"<p>T\u0103ng gi\u1ea3m chi\u1ec1u cao d\u1ec5 d\u00e0ng<br \/>\nC\u00f4ng n\u0103ng: C\u00f3 th\u1ec3 \u0111i\u1ec1u ch\u1ec9nh \u0111\u1ed9 cao<br \/>\nS\u1eed d\u1ee5ng: Trong c\u00e1c qu\u1ea7y bar, gh\u1ebf ng\u1ed3i b\u00e0n cao,\u2026<br \/>\n\u1ee8ng d\u1ee5ng s\u1eed d\u1ee5ng trong c\u00e1c qu\u00e1n bar, nh\u00e0 h\u00e0ng, qu\u1ea7y l\u1ec5 t\u00e2n\u2026<br \/>\nGh\u1ebf c\u00f3 ch\u1ed7 \u0111\u1ec3 ch\u00e2n h\u00ecnh oval<br \/>\nNgo\u00e0i ra s\u1ea3n ph\u1ea9m c\u00f2n \u0111\u01b0\u1ee3c b\u1ecdc\u00a0v\u1ea3i gi\u1ea3 da v\u1edbi nhi\u1ec1u tone m\u00e0u kh\u00e1c nhau v\u1eeba mang t\u1edbi s\u1ef1 th\u1eddi th\u01b0\u1ee3ng v\u1eeba \u0111em \u0111\u1ebfn s\u1ef1 \u00eam \u00e1i, kh\u00f4ng lo b\u1ecb n\u00f3ng k\u1ec3 c\u1ea3 khi ng\u1ed3i l\u00e2u.<br \/>\ncao 75cm.<\/p>","protected":false},"featured_media":16038,"comment_status":"open","ping_status":"closed","template":"","meta":[],"product_cat":[100,103],"product_tag":[],"yoast_head":"<!-- This site is optimized with the Yoast SEO Premium plugin v21.7 (Yoast SEO v21.7) - https:\/\/yoast.com\/wordpress\/plugins\/seo\/ -->\n<title>Gh\u1ebf qu\u1ea7y bar th\u1eddi trang Nhi\u1ec1u m\u00e0u AMA-1154 (Nhi\u1ec1u m\u00e0u) - AMAFURNI<\/title>\n<meta name=\"description\" content=\"AMA t\u1ef1 h\u00e0o \u0111ang l\u00e0 Nh\u00e0 Ph\u00e2n Ph\u1ed1i c\u00e1c s\u1ea3n ph\u1ea9m : - N\u1ed9i Th\u1ea5t nh\u1eadp kh\u1ea9u : v\u0103n ph\u00f2ng, gia \u0111\u00ecnh, s\u1ea3n xu\u1ea5t thi c\u00f4ng n\u1ed9i th\u1ea5t theo y\u00eau c\u1ea7u.- M\u00e1y l\u1ecdc n\u01b0\u1edbc Unilever PUREIT- \u0110\u1ed3 \u0111i\u1ec7n gia d\u1ee5ng TEFAL, PHILIPSWeb : amafurni.vn \/ dienmayama.com.vnHotline : 0969919449 - 0906963408 - 09366807\" \/>\n<meta name=\"robots\" content=\"index, follow, max-snippet:-1, max-image-preview:large, max-video-preview:-1\" \/>\n<link rel=\"canonical\" href=\"https:\/\/amafurni.vn\/en\/product\/ghe-quay-bar-thoi-trang-nhieu-mau-ama-1154-nhieu-mau\/\" \/>\n<meta property=\"og:locale\" content=\"en_US\" \/>\n<meta property=\"og:type\" content=\"article\" \/>\n<meta property=\"og:title\" content=\"Gh\u1ebf qu\u1ea7y bar th\u1eddi trang Nhi\u1ec1u m\u00e0u AMA-1154 (Nhi\u1ec1u m\u00e0u)\" \/>\n<meta property=\"og:description\" content=\"AMA t\u1ef1 h\u00e0o \u0111ang l\u00e0 Nh\u00e0 Ph\u00e2n Ph\u1ed1i c\u00e1c s\u1ea3n ph\u1ea9m : - N\u1ed9i Th\u1ea5t nh\u1eadp kh\u1ea9u : v\u0103n ph\u00f2ng, gia \u0111\u00ecnh, s\u1ea3n xu\u1ea5t thi c\u00f4ng n\u1ed9i th\u1ea5t theo y\u00eau c\u1ea7u.- M\u00e1y l\u1ecdc n\u01b0\u1edbc Unilever PUREIT- \u0110\u1ed3 \u0111i\u1ec7n gia d\u1ee5ng TEFAL, PHILIPSWeb : amafurni.vn \/ dienmayama.com.vnHotline : 0969919449 - 0906963408 - 09366807\" \/>\n<meta property=\"og:url\" content=\"https:\/\/amafurni.vn\/en\/product\/ghe-quay-bar-thoi-trang-nhieu-mau-ama-1154-nhieu-mau\/\" \/>\n<meta property=\"og:site_name\" content=\"AMAFURNI\" \/>\n<meta property=\"article:modified_time\" content=\"2025-11-12T07:11:54+00:00\" \/>\n<meta property=\"og:image\" content=\"https:\/\/amafurni.vn\/wp-content\/uploads\/2023\/12\/345.jpg\" \/>\n\t<meta property=\"og:image:width\" content=\"800\" \/>\n\t<meta property=\"og:image:height\" content=\"800\" \/>\n\t<meta property=\"og:image:type\" content=\"image\/jpeg\" \/>\n<meta name=\"twitter:card\" content=\"summary_large_image\" \/>\n<meta name=\"twitter:label1\" content=\"Est. reading time\" \/>\n\t<meta name=\"twitter:data1\" content=\"1 minute\" \/>\n<script type=\"application\/ld+json\" class=\"yoast-schema-graph\">{\"@context\":\"https:\/\/schema.org\",\"@graph\":[{\"@type\":\"WebPage\",\"@id\":\"https:\/\/amafurni.vn\/san-pham\/ghe-quay-bar-thoi-trang-nhieu-mau-ama-1154-nhieu-mau\/\",\"url\":\"https:\/\/amafurni.vn\/san-pham\/ghe-quay-bar-thoi-trang-nhieu-mau-ama-1154-nhieu-mau\/\",\"name\":\"Gh\u1ebf qu\u1ea7y bar th\u1eddi trang Nhi\u1ec1u m\u00e0u AMA-1154 (Nhi\u1ec1u m\u00e0u) - AMAFURNI\",\"isPartOf\":{\"@id\":\"https:\/\/amafurni.vn\/#website\"},\"datePublished\":\"2023-12-07T08:09:00+00:00\",\"dateModified\":\"2025-11-12T07:11:54+00:00\",\"description\":\"AMA t\u1ef1 h\u00e0o \u0111ang l\u00e0 Nh\u00e0 Ph\u00e2n Ph\u1ed1i c\u00e1c s\u1ea3n ph\u1ea9m : - N\u1ed9i Th\u1ea5t nh\u1eadp kh\u1ea9u : v\u0103n ph\u00f2ng, gia \u0111\u00ecnh, s\u1ea3n xu\u1ea5t thi c\u00f4ng n\u1ed9i th\u1ea5t theo y\u00eau c\u1ea7u.- M\u00e1y l\u1ecdc n\u01b0\u1edbc Unilever PUREIT- \u0110\u1ed3 \u0111i\u1ec7n gia d\u1ee5ng TEFAL, PHILIPSWeb : amafurni.vn \/ dienmayama.com.vnHotline : 0969919449 - 0906963408 - 09366807\",\"breadcrumb\":{\"@id\":\"https:\/\/amafurni.vn\/san-pham\/ghe-quay-bar-thoi-trang-nhieu-mau-ama-1154-nhieu-mau\/#breadcrumb\"},\"inLanguage\":\"en-US\",\"potentialAction\":[{\"@type\":\"ReadAction\",\"target\":[\"https:\/\/amafurni.vn\/san-pham\/ghe-quay-bar-thoi-trang-nhieu-mau-ama-1154-nhieu-mau\/\"]}]},{\"@type\":\"BreadcrumbList\",\"@id\":\"https:\/\/amafurni.vn\/san-pham\/ghe-quay-bar-thoi-trang-nhieu-mau-ama-1154-nhieu-mau\/#breadcrumb\",\"itemListElement\":[{\"@type\":\"ListItem\",\"position\":1,\"name\":\"Trang ch\u1ee7\",\"item\":\"https:\/\/amafurni.vn\/\"},{\"@type\":\"ListItem\",\"position\":2,\"name\":\"S\u1ea3n ph\u1ea9m\",\"item\":\"https:\/\/amafurni.vn\/san-pham\/\"},{\"@type\":\"ListItem\",\"position\":3,\"name\":\"Gh\u1ebf qu\u1ea7y bar th\u1eddi trang Nhi\u1ec1u m\u00e0u AMA-1154 (Nhi\u1ec1u m\u00e0u)\"}]},{\"@type\":\"WebSite\",\"@id\":\"https:\/\/amafurni.vn\/#website\",\"url\":\"https:\/\/amafurni.vn\/\",\"name\":\"AMAFURNI\",\"description\":\"\",\"potentialAction\":[{\"@type\":\"SearchAction\",\"target\":{\"@type\":\"EntryPoint\",\"urlTemplate\":\"https:\/\/amafurni.vn\/?s={search_term_string}\"},\"query-input\":\"required name=search_term_string\"}],\"inLanguage\":\"en-US\"}]}<\/script>\n<!-- \/ Yoast SEO Premium plugin. -->","yoast_head_json":{"title":"Gh\u1ebf qu\u1ea7y bar th\u1eddi trang Nhi\u1ec1u m\u00e0u AMA-1154 (Nhi\u1ec1u m\u00e0u) - AMAFURNI","description":"AMA t\u1ef1 h\u00e0o \u0111ang l\u00e0 Nh\u00e0 Ph\u00e2n Ph\u1ed1i c\u00e1c s\u1ea3n ph\u1ea9m : - N\u1ed9i Th\u1ea5t nh\u1eadp kh\u1ea9u : v\u0103n ph\u00f2ng, gia \u0111\u00ecnh, s\u1ea3n xu\u1ea5t thi c\u00f4ng n\u1ed9i th\u1ea5t theo y\u00eau c\u1ea7u.- M\u00e1y l\u1ecdc n\u01b0\u1edbc Unilever PUREIT- \u0110\u1ed3 \u0111i\u1ec7n gia d\u1ee5ng TEFAL, PHILIPSWeb : amafurni.vn \/ dienmayama.com.vnHotline : 0969919449 - 0906963408 - 09366807","robots":{"index":"index","follow":"follow","max-snippet":"max-snippet:-1","max-image-preview":"max-image-preview:large","max-video-preview":"max-video-preview:-1"},"canonical":"https:\/\/amafurni.vn\/en\/product\/ghe-quay-bar-thoi-trang-nhieu-mau-ama-1154-nhieu-mau\/","og_locale":"en_US","og_type":"article","og_title":"Gh\u1ebf qu\u1ea7y bar th\u1eddi trang Nhi\u1ec1u m\u00e0u AMA-1154 (Nhi\u1ec1u m\u00e0u)","og_description":"AMA t\u1ef1 h\u00e0o \u0111ang l\u00e0 Nh\u00e0 Ph\u00e2n Ph\u1ed1i c\u00e1c s\u1ea3n ph\u1ea9m : - N\u1ed9i Th\u1ea5t nh\u1eadp kh\u1ea9u : v\u0103n ph\u00f2ng, gia \u0111\u00ecnh, s\u1ea3n xu\u1ea5t thi c\u00f4ng n\u1ed9i th\u1ea5t theo y\u00eau c\u1ea7u.- M\u00e1y l\u1ecdc n\u01b0\u1edbc Unilever PUREIT- \u0110\u1ed3 \u0111i\u1ec7n gia d\u1ee5ng TEFAL, PHILIPSWeb : amafurni.vn \/ dienmayama.com.vnHotline : 0969919449 - 0906963408 - 09366807","og_url":"https:\/\/amafurni.vn\/en\/product\/ghe-quay-bar-thoi-trang-nhieu-mau-ama-1154-nhieu-mau\/","og_site_name":"AMAFURNI","article_modified_time":"2025-11-12T07:11:54+00:00","og_image":[{"width":800,"height":800,"url":"https:\/\/amafurni.vn\/wp-content\/uploads\/2023\/12\/345.jpg","type":"image\/jpeg"}],"twitter_card":"summary_large_image","twitter_misc":{"Est. reading time":"1 minute"},"schema":{"@context":"https:\/\/schema.org","@graph":[{"@type":"WebPage","@id":"https:\/\/amafurni.vn\/san-pham\/ghe-quay-bar-thoi-trang-nhieu-mau-ama-1154-nhieu-mau\/","url":"https:\/\/amafurni.vn\/san-pham\/ghe-quay-bar-thoi-trang-nhieu-mau-ama-1154-nhieu-mau\/","name":"Gh\u1ebf qu\u1ea7y bar th\u1eddi trang Nhi\u1ec1u m\u00e0u AMA-1154 (Nhi\u1ec1u m\u00e0u) - AMAFURNI","isPartOf":{"@id":"https:\/\/amafurni.vn\/#website"},"datePublished":"2023-12-07T08:09:00+00:00","dateModified":"2025-11-12T07:11:54+00:00","description":"AMA t\u1ef1 h\u00e0o \u0111ang l\u00e0 Nh\u00e0 Ph\u00e2n Ph\u1ed1i c\u00e1c s\u1ea3n ph\u1ea9m : - N\u1ed9i Th\u1ea5t nh\u1eadp kh\u1ea9u : v\u0103n ph\u00f2ng, gia \u0111\u00ecnh, s\u1ea3n xu\u1ea5t thi c\u00f4ng n\u1ed9i th\u1ea5t theo y\u00eau c\u1ea7u.- M\u00e1y l\u1ecdc n\u01b0\u1edbc Unilever PUREIT- \u0110\u1ed3 \u0111i\u1ec7n gia d\u1ee5ng TEFAL, PHILIPSWeb : amafurni.vn \/ dienmayama.com.vnHotline : 0969919449 - 0906963408 - 09366807","breadcrumb":{"@id":"https:\/\/amafurni.vn\/san-pham\/ghe-quay-bar-thoi-trang-nhieu-mau-ama-1154-nhieu-mau\/#breadcrumb"},"inLanguage":"en-US","potentialAction":[{"@type":"ReadAction","target":["https:\/\/amafurni.vn\/san-pham\/ghe-quay-bar-thoi-trang-nhieu-mau-ama-1154-nhieu-mau\/"]}]},{"@type":"BreadcrumbList","@id":"https:\/\/amafurni.vn\/san-pham\/ghe-quay-bar-thoi-trang-nhieu-mau-ama-1154-nhieu-mau\/#breadcrumb","itemListElement":[{"@type":"ListItem","position":1,"name":"Trang ch\u1ee7","item":"https:\/\/amafurni.vn\/"},{"@type":"ListItem","position":2,"name":"S\u1ea3n ph\u1ea9m","item":"https:\/\/amafurni.vn\/san-pham\/"},{"@type":"ListItem","position":3,"name":"Gh\u1ebf qu\u1ea7y bar th\u1eddi trang Nhi\u1ec1u m\u00e0u AMA-1154 (Nhi\u1ec1u m\u00e0u)"}]},{"@type":"WebSite","@id":"https:\/\/amafurni.vn\/#website","url":"https:\/\/amafurni.vn\/","name":"AMAFURNI","description":"","potentialAction":[{"@type":"SearchAction","target":{"@type":"EntryPoint","urlTemplate":"https:\/\/amafurni.vn\/?s={search_term_string}"},"query-input":"required name=search_term_string"}],"inLanguage":"en-US"}]}},"_links":{"self":[{"href":"https:\/\/amafurni.vn\/en\/wp-json\/wp\/v2\/product\/5152"}],"collection":[{"href":"https:\/\/amafurni.vn\/en\/wp-json\/wp\/v2\/product"}],"about":[{"href":"https:\/\/amafurni.vn\/en\/wp-json\/wp\/v2\/types\/product"}],"replies":[{"embeddable":true,"href":"https:\/\/amafurni.vn\/en\/wp-json\/wp\/v2\/comments?post=5152"}],"wp:featuredmedia":[{"embeddable":true,"href":"https:\/\/amafurni.vn\/en\/wp-json\/wp\/v2\/media\/16038"}],"wp:attachment":[{"href":"https:\/\/amafurni.vn\/en\/wp-json\/wp\/v2\/media?parent=5152"}],"wp:term":[{"taxonomy":"product_cat","embeddable":true,"href":"https:\/\/amafurni.vn\/en\/wp-json\/wp\/v2\/product_cat?post=5152"},{"taxonomy":"product_tag","embeddable":true,"href":"https:\/\/amafurni.vn\/en\/wp-json\/wp\/v2\/product_tag?post=5152"}],"curies":[{"name":"wp","href":"https:\/\/api.w.org\/{rel}","templated":true}]}}