{"id":5162,"date":"2023-12-07T15:19:18","date_gmt":"2023-12-07T08:19:18","guid":{"rendered":"https:\/\/amafurni.123websitedev.com\/san-pham\/tu-commode-trang-tri-ama-teana\/"},"modified":"2025-11-12T14:11:55","modified_gmt":"2025-11-12T07:11:55","slug":"tu-commode-trang-tri-ama-teana","status":"publish","type":"product","link":"https:\/\/amafurni.vn\/en\/product\/tu-commode-trang-tri-ama-teana\/","title":{"rendered":"T\u1ee7 Commode trang tr\u00ed AMA-TEANA"},"content":{"rendered":"<table border=\"1\" height=\"367\" width=\"1004\">\n<tbody><\/tbody>\n<tbody>\n<tr>\n<td style=\"width: 86.8125px;\"><span style=\"color: #ff0000;\"><strong>Material<\/strong><\/span><\/td>\n<td style=\"width: 134.047px;\">\n<p><span style=\"color: #ff0000;\"><strong>Size<\/strong><\/span><\/p>\n<p><span style=\"color: #ff0000;\"><strong>(D\u00e0i*R\u1ed9ng*cao)<\/strong><\/span><\/p>\n<\/td>\n<td style=\"width: 420.422px;\"><span style=\"color: #ff0000;\"><strong><span color=\"#ff0000\" face=\"times new roman, times, serif\">\u0110\u1eb7c \u0110i\u1ec3m<\/span><\/strong><\/span><\/td>\n<td style=\"width: 108.828px;\"><span style=\"color: #ff0000;\"><strong>M\u00e0u S\u1eafc<\/strong><\/span><\/td>\n<td style=\"width: 54.2031px;\"><span style=\"color: #ff0000;\"><strong>Xu\u1ea5t X\u1ee9<\/strong><\/span><\/td>\n<td style=\"width: 58.1719px;\"><span style=\"color: #ff0000;\"><strong>B\u1ea3o h\u00e0nh<\/strong><\/span><\/td>\n<td style=\"width: 95.5156px;\"><span style=\"color: #ff0000;\"><strong>B\u1ed9 s\u1ea3n ph\u1ea9m g\u1ed3m<\/strong><\/span><\/td>\n<\/tr>\n<tr>\n<td style=\"width: 86.8125px;\">\n<p>G\u1ed7 Th\u00f4ng<\/p>\n<p>MDF-Melamine<\/p>\n<\/td>\n<td style=\"width: 134.047px;\">\n<p><span>800*300*1600mm<\/span><\/p>\n<\/td>\n<td style=\"width: 420.422px;\">\n<div class=\"o9v6fnle cxmmr5t8 oygrvhab hcukyx3x c1et5uql ii04i59q\">\n<div><span><\/span><\/div>\n<div><span><\/span><\/div>\n<\/div>\n<div class=\"o9v6fnle cxmmr5t8 oygrvhab hcukyx3x c1et5uql ii04i59q\">\n<div><span><\/span><\/div>\n<\/div>\n<p>C\u00f3 h\u1ed9c k\u00e9o \u0111\u1ef1ng \u0111\u1ed3<\/p>\n<p>C\u00e1c ng\u0103n r\u1ed9ng r\u00e3i , \u0111\u1ef1ng \u0111\u01b0\u1ee3c nhi\u1ec1u v\u1eadt d\u1ee5ng<\/p>\n<p>Trang tr\u00ed th\u00eam \u1edf tr\u00ean \u0111\u1ea7u k\u1ec7<\/p>\n<p>M\u00e0u s\u1eafc trang nh\u00e3, d\u1ec5 ph\u1ed1i v\u00e0o c\u00e1c kh\u00f4ng gian<\/p>\n<p>C\u00f3 th\u1ec3 \u0111\u1eb7t \u1edf nhi\u1ec1u kh\u00f4ng gian kh\u00e1c nhau : ph\u00f2ng kh\u00e1ch, l\u1ed1i \u0111i h\u00e0nh lang, ph\u00f2ng ng\u1ee7, ph\u00f2ng \u0111\u1ecdc s\u00e1ch,&#8230;<\/p>\n<\/td>\n<td style=\"width: 108.828px;\">\n<p>NH\u01af \u1ea2NH<\/p>\n<p><span>(\u0110\u1eb7t h\u00e0ng theo y\u00eau c\u1ea7u)<\/span><\/p>\n<\/td>\n<td style=\"width: 54.2031px;\">\n<p>VI\u1ec6T NAM<\/p>\n<\/td>\n<td style=\"width: 58.1719px;\">\n<p><span>12 th\u00e1ng<\/span><\/p>\n<\/td>\n<td style=\"width: 95.5156px;\">\n<p><span>01 t\u1ee7<\/span><\/p>\n<\/td>\n<\/tr>\n<\/tbody>\n<\/table>","protected":false},"excerpt":{"rendered":"<p>G\u1ed7 th\u00f4ng<br \/>\nMDF &#8211; Melamine<\/p>","protected":false},"featured_media":5163,"comment_status":"open","ping_status":"closed","template":"","meta":[],"product_cat":[66,93],"product_tag":[],"yoast_head":"<!-- This site is optimized with the Yoast SEO Premium plugin v21.7 (Yoast SEO v21.7) - https:\/\/yoast.com\/wordpress\/plugins\/seo\/ -->\n<title>T\u1ee7 Commode trang tr\u00ed AMA-TEANA - AMAFURNI<\/title>\n<meta name=\"robots\" content=\"index, follow, max-snippet:-1, max-image-preview:large, max-video-preview:-1\" \/>\n<link rel=\"canonical\" href=\"https:\/\/amafurni.vn\/en\/product\/tu-commode-trang-tri-ama-teana\/\" \/>\n<meta property=\"og:locale\" content=\"en_US\" \/>\n<meta property=\"og:type\" content=\"article\" \/>\n<meta property=\"og:title\" content=\"T\u1ee7 Commode trang tr\u00ed AMA-TEANA\" \/>\n<meta property=\"og:description\" content=\"G\u1ed7 th\u00f4ng MDF - Melamine\" \/>\n<meta property=\"og:url\" content=\"https:\/\/amafurni.vn\/en\/product\/tu-commode-trang-tri-ama-teana\/\" \/>\n<meta property=\"og:site_name\" content=\"AMAFURNI\" \/>\n<meta property=\"article:modified_time\" content=\"2025-11-12T07:11:55+00:00\" \/>\n<meta property=\"og:image\" content=\"https:\/\/amafurni.vn\/wp-content\/uploads\/2023\/12\/tu-commode-trang-tri-ama-teana_65717fe56f968.jpeg\" \/>\n\t<meta property=\"og:image:width\" content=\"800\" \/>\n\t<meta property=\"og:image:height\" content=\"800\" \/>\n\t<meta property=\"og:image:type\" content=\"image\/jpeg\" \/>\n<meta name=\"twitter:card\" content=\"summary_large_image\" \/>\n<meta name=\"twitter:label1\" content=\"Est. reading time\" \/>\n\t<meta name=\"twitter:data1\" content=\"1 minute\" \/>\n<script type=\"application\/ld+json\" class=\"yoast-schema-graph\">{\"@context\":\"https:\/\/schema.org\",\"@graph\":[{\"@type\":\"WebPage\",\"@id\":\"https:\/\/amafurni.vn\/san-pham\/tu-commode-trang-tri-ama-teana\/\",\"url\":\"https:\/\/amafurni.vn\/san-pham\/tu-commode-trang-tri-ama-teana\/\",\"name\":\"T\u1ee7 Commode trang tr\u00ed AMA-TEANA - AMAFURNI\",\"isPartOf\":{\"@id\":\"https:\/\/amafurni.vn\/#website\"},\"datePublished\":\"2023-12-07T08:19:18+00:00\",\"dateModified\":\"2025-11-12T07:11:55+00:00\",\"breadcrumb\":{\"@id\":\"https:\/\/amafurni.vn\/san-pham\/tu-commode-trang-tri-ama-teana\/#breadcrumb\"},\"inLanguage\":\"en-US\",\"potentialAction\":[{\"@type\":\"ReadAction\",\"target\":[\"https:\/\/amafurni.vn\/san-pham\/tu-commode-trang-tri-ama-teana\/\"]}]},{\"@type\":\"BreadcrumbList\",\"@id\":\"https:\/\/amafurni.vn\/san-pham\/tu-commode-trang-tri-ama-teana\/#breadcrumb\",\"itemListElement\":[{\"@type\":\"ListItem\",\"position\":1,\"name\":\"Trang ch\u1ee7\",\"item\":\"https:\/\/amafurni.vn\/\"},{\"@type\":\"ListItem\",\"position\":2,\"name\":\"S\u1ea3n ph\u1ea9m\",\"item\":\"https:\/\/amafurni.vn\/san-pham\/\"},{\"@type\":\"ListItem\",\"position\":3,\"name\":\"T\u1ee7 Commode trang tr\u00ed AMA-TEANA\"}]},{\"@type\":\"WebSite\",\"@id\":\"https:\/\/amafurni.vn\/#website\",\"url\":\"https:\/\/amafurni.vn\/\",\"name\":\"AMAFURNI\",\"description\":\"\",\"potentialAction\":[{\"@type\":\"SearchAction\",\"target\":{\"@type\":\"EntryPoint\",\"urlTemplate\":\"https:\/\/amafurni.vn\/?s={search_term_string}\"},\"query-input\":\"required name=search_term_string\"}],\"inLanguage\":\"en-US\"}]}<\/script>\n<!-- \/ Yoast SEO Premium plugin. -->","yoast_head_json":{"title":"T\u1ee7 Commode trang tr\u00ed AMA-TEANA - AMAFURNI","robots":{"index":"index","follow":"follow","max-snippet":"max-snippet:-1","max-image-preview":"max-image-preview:large","max-video-preview":"max-video-preview:-1"},"canonical":"https:\/\/amafurni.vn\/en\/product\/tu-commode-trang-tri-ama-teana\/","og_locale":"en_US","og_type":"article","og_title":"T\u1ee7 Commode trang tr\u00ed AMA-TEANA","og_description":"G\u1ed7 th\u00f4ng MDF - Melamine","og_url":"https:\/\/amafurni.vn\/en\/product\/tu-commode-trang-tri-ama-teana\/","og_site_name":"AMAFURNI","article_modified_time":"2025-11-12T07:11:55+00:00","og_image":[{"width":800,"height":800,"url":"https:\/\/amafurni.vn\/wp-content\/uploads\/2023\/12\/tu-commode-trang-tri-ama-teana_65717fe56f968.jpeg","type":"image\/jpeg"}],"twitter_card":"summary_large_image","twitter_misc":{"Est. reading time":"1 minute"},"schema":{"@context":"https:\/\/schema.org","@graph":[{"@type":"WebPage","@id":"https:\/\/amafurni.vn\/san-pham\/tu-commode-trang-tri-ama-teana\/","url":"https:\/\/amafurni.vn\/san-pham\/tu-commode-trang-tri-ama-teana\/","name":"T\u1ee7 Commode trang tr\u00ed AMA-TEANA - AMAFURNI","isPartOf":{"@id":"https:\/\/amafurni.vn\/#website"},"datePublished":"2023-12-07T08:19:18+00:00","dateModified":"2025-11-12T07:11:55+00:00","breadcrumb":{"@id":"https:\/\/amafurni.vn\/san-pham\/tu-commode-trang-tri-ama-teana\/#breadcrumb"},"inLanguage":"en-US","potentialAction":[{"@type":"ReadAction","target":["https:\/\/amafurni.vn\/san-pham\/tu-commode-trang-tri-ama-teana\/"]}]},{"@type":"BreadcrumbList","@id":"https:\/\/amafurni.vn\/san-pham\/tu-commode-trang-tri-ama-teana\/#breadcrumb","itemListElement":[{"@type":"ListItem","position":1,"name":"Trang ch\u1ee7","item":"https:\/\/amafurni.vn\/"},{"@type":"ListItem","position":2,"name":"S\u1ea3n ph\u1ea9m","item":"https:\/\/amafurni.vn\/san-pham\/"},{"@type":"ListItem","position":3,"name":"T\u1ee7 Commode trang tr\u00ed AMA-TEANA"}]},{"@type":"WebSite","@id":"https:\/\/amafurni.vn\/#website","url":"https:\/\/amafurni.vn\/","name":"AMAFURNI","description":"","potentialAction":[{"@type":"SearchAction","target":{"@type":"EntryPoint","urlTemplate":"https:\/\/amafurni.vn\/?s={search_term_string}"},"query-input":"required name=search_term_string"}],"inLanguage":"en-US"}]}},"_links":{"self":[{"href":"https:\/\/amafurni.vn\/en\/wp-json\/wp\/v2\/product\/5162"}],"collection":[{"href":"https:\/\/amafurni.vn\/en\/wp-json\/wp\/v2\/product"}],"about":[{"href":"https:\/\/amafurni.vn\/en\/wp-json\/wp\/v2\/types\/product"}],"replies":[{"embeddable":true,"href":"https:\/\/amafurni.vn\/en\/wp-json\/wp\/v2\/comments?post=5162"}],"wp:featuredmedia":[{"embeddable":true,"href":"https:\/\/amafurni.vn\/en\/wp-json\/wp\/v2\/media\/5163"}],"wp:attachment":[{"href":"https:\/\/amafurni.vn\/en\/wp-json\/wp\/v2\/media?parent=5162"}],"wp:term":[{"taxonomy":"product_cat","embeddable":true,"href":"https:\/\/amafurni.vn\/en\/wp-json\/wp\/v2\/product_cat?post=5162"},{"taxonomy":"product_tag","embeddable":true,"href":"https:\/\/amafurni.vn\/en\/wp-json\/wp\/v2\/product_tag?post=5162"}],"curies":[{"name":"wp","href":"https:\/\/api.w.org\/{rel}","templated":true}]}}