{"id":6032,"date":"2023-12-25T11:26:06","date_gmt":"2023-12-25T04:26:06","guid":{"rendered":"https:\/\/amafurni.vn\/?post_type=product&#038;p=6032"},"modified":"2025-11-12T14:11:55","modified_gmt":"2025-11-12T07:11:55","slug":"ghe-ama-50123","status":"publish","type":"product","link":"https:\/\/amafurni.vn\/en\/product\/ghe-ama-50123\/","title":{"rendered":"Gh\u1ebf AMA-50123"},"content":{"rendered":"<table class=\"woocommerce-product-attributes shop_attributes\" style=\"width: 98.25%;\" width=\"929\">\n<tbody>\n<tr class=\"woocommerce-product-attributes-item woocommerce-product-attributes-item--attribute_season\">\n<th class=\"woocommerce-product-attributes-item__label\" style=\"width: 11.1828%;\">Ch\u1ea5t li\u1ec7u<\/th>\n<td class=\"woocommerce-product-attributes-item__value\" style=\"width: 115.484%;\">Da PU ch\u1ed1ng ch\u00e1y cao c\u1ea5p, N\u1ec7m cao su non ch\u1ed1ng ch\u00e1y ti\u00eau chu\u1ea9n M\u1ef9, Ch\u00e2n nh\u1ef1a \u0110\u00fac \u0111\u1eb7c, B\u00e1nh xe ch\u1ed1ng \u1ed3n.<\/td>\n<\/tr>\n<tr class=\"woocommerce-product-attributes-item woocommerce-product-attributes-item--attribute_pa_color\">\n<th class=\"woocommerce-product-attributes-item__label\" style=\"width: 11.1828%;\">Color<\/th>\n<td class=\"woocommerce-product-attributes-item__value\" style=\"width: 115.484%;\">BLACK, GREY<\/td>\n<\/tr>\n<tr class=\"woocommerce-product-attributes-item woocommerce-product-attributes-item--attribute_style\">\n<th class=\"woocommerce-product-attributes-item__label\" style=\"width: 11.1828%;\">K\u00edch th\u01b0\u1edbc<\/th>\n<td class=\"woocommerce-product-attributes-item__value\" style=\"width: 115.484%;\">\u0110ang c\u1eadp nh\u1eadt<\/td>\n<\/tr>\n<tr class=\"woocommerce-product-attributes-item woocommerce-product-attributes-item--attribute_pa_material\">\n<th class=\"woocommerce-product-attributes-item__label\" style=\"width: 11.1828%;\">T\u00ednh n\u0103ng<\/th>\n<td class=\"woocommerce-product-attributes-item__value\" style=\"width: 115.484%;\">Gh\u1ebf si\u00eau ch\u1ecbu t\u1ea3i 150kg, Tay gh\u1ebf M\u1edf g\u1eadp, Xoay 360 \u0111\u1ed9, T\u0103ng\/gi\u1ea3m chi\u1ec1u cao, g\u1eadt g\u00f9 b\u1eadp b\u00eanh th\u01b0 gi\u00e3n<\/td>\n<\/tr>\n<tr class=\"woocommerce-product-attributes-item woocommerce-product-attributes-item--attribute_item-code\">\n<th class=\"woocommerce-product-attributes-item__label\" style=\"width: 11.1828%;\">B\u1ea3o h\u00e0nh<\/th>\n<td class=\"woocommerce-product-attributes-item__value\" style=\"width: 115.484%;\">\u00a012 th\u00e1ng<\/td>\n<\/tr>\n<\/tbody>\n<\/table>\n<p>&nbsp;<\/p>","protected":false},"excerpt":{"rendered":"<p>Thi\u1ebft k\u1ebf C\u00f4ng th\u00e1i h\u1ecdc b\u1ea3o v\u1ec7 c\u1ed9t s\u1ed1ng,T\u1ed1t cho s\u1ee9c kho\u1ebb<br \/>\nPiston \u0111i\u1ec1u ch\u1ec9nh \u0111\u1ed9 cao th\u1ea5p c\u1ee7a gh\u1ebf, \u0111\u1ea1t ti\u00eau chu\u1ea9n BIFMA c\u1ee7a M\u1ef9<br \/>\nCh\u1ea5t li\u1ec7u : Da PU ch\u1ed1ng ch\u00e1y cao c\u1ea5p, N\u1ec7m cao su non ch\u1ed1ng ch\u00e1y ti\u00eau chu\u1ea9n M\u1ef9, Ch\u00e2n nh\u1ef1a \u0110\u00fac \u0111\u1eb7c, B\u00e1nh xe ch\u1ed1ng \u1ed3n.<\/p>\n<p>T\u00ednh n\u0103ng : Gh\u1ebf si\u00eau ch\u1ecbu t\u1ea3i 150kg, Tay gh\u1ebf M\u1edf g\u1eadp, Xoay 360 \u0111\u1ed9, T\u0103ng\/gi\u1ea3m chi\u1ec1u cao, g\u1eadt g\u00f9 b\u1eadp b\u00eanh th\u01b0 gi\u00e3n<br \/>\nGh\u1ebf si\u00eau ch\u1ecbu \u0111c tr\u1ecdng l\u01b0\u1ee3ng 150kg<br \/>\n-Tr\u1ecdng l\u01b0\u1ee3ng gh\u1ebf:30kg.<\/p>","protected":false},"featured_media":6033,"comment_status":"open","ping_status":"closed","template":"","meta":[],"product_cat":[59,70],"product_tag":[124],"yoast_head":"<!-- This site is optimized with the Yoast SEO Premium plugin v21.7 (Yoast SEO v21.7) - https:\/\/yoast.com\/wordpress\/plugins\/seo\/ -->\n<title>Gh\u1ebf AMA-50123 - AMAFURNI<\/title>\n<meta name=\"robots\" content=\"index, follow, max-snippet:-1, max-image-preview:large, max-video-preview:-1\" \/>\n<link rel=\"canonical\" href=\"https:\/\/amafurni.vn\/en\/product\/ghe-ama-50123\/\" \/>\n<meta property=\"og:locale\" content=\"en_US\" \/>\n<meta property=\"og:type\" content=\"article\" \/>\n<meta property=\"og:title\" content=\"Gh\u1ebf AMA-50123\" \/>\n<meta property=\"og:description\" content=\"Thi\u1ebft k\u1ebf C\u00f4ng th\u00e1i h\u1ecdc b\u1ea3o v\u1ec7 c\u1ed9t s\u1ed1ng,T\u1ed1t cho s\u1ee9c kho\u1ebb Piston \u0111i\u1ec1u ch\u1ec9nh \u0111\u1ed9 cao th\u1ea5p c\u1ee7a gh\u1ebf, \u0111\u1ea1t ti\u00eau chu\u1ea9n BIFMA c\u1ee7a M\u1ef9 Ch\u1ea5t li\u1ec7u : Da PU ch\u1ed1ng ch\u00e1y cao c\u1ea5p, N\u1ec7m cao su non ch\u1ed1ng ch\u00e1y ti\u00eau chu\u1ea9n M\u1ef9, Ch\u00e2n nh\u1ef1a \u0110\u00fac \u0111\u1eb7c, B\u00e1nh xe ch\u1ed1ng \u1ed3n.  T\u00ednh n\u0103ng : Gh\u1ebf si\u00eau ch\u1ecbu t\u1ea3i 150kg, Tay gh\u1ebf M\u1edf g\u1eadp, Xoay 360 \u0111\u1ed9, T\u0103ng\/gi\u1ea3m chi\u1ec1u cao, g\u1eadt g\u00f9 b\u1eadp b\u00eanh th\u01b0 gi\u00e3n Gh\u1ebf si\u00eau ch\u1ecbu \u0111c tr\u1ecdng l\u01b0\u1ee3ng 150kg -Tr\u1ecdng l\u01b0\u1ee3ng gh\u1ebf:30kg.\" \/>\n<meta property=\"og:url\" content=\"https:\/\/amafurni.vn\/en\/product\/ghe-ama-50123\/\" \/>\n<meta property=\"og:site_name\" content=\"AMAFURNI\" \/>\n<meta property=\"article:modified_time\" content=\"2025-11-12T07:11:55+00:00\" \/>\n<meta property=\"og:image\" content=\"https:\/\/amafurni.vn\/wp-content\/uploads\/2023\/12\/z4999056221100_6722873afc4d79a904dbdee9eb1fc3e4.jpg\" \/>\n\t<meta property=\"og:image:width\" content=\"1280\" \/>\n\t<meta property=\"og:image:height\" content=\"1280\" \/>\n\t<meta property=\"og:image:type\" content=\"image\/jpeg\" \/>\n<meta name=\"twitter:card\" content=\"summary_large_image\" \/>\n<meta name=\"twitter:label1\" content=\"Est. reading time\" \/>\n\t<meta name=\"twitter:data1\" content=\"1 minute\" \/>\n<script type=\"application\/ld+json\" class=\"yoast-schema-graph\">{\"@context\":\"https:\/\/schema.org\",\"@graph\":[{\"@type\":\"WebPage\",\"@id\":\"https:\/\/amafurni.vn\/san-pham\/ghe-ama-50123\/\",\"url\":\"https:\/\/amafurni.vn\/san-pham\/ghe-ama-50123\/\",\"name\":\"Gh\u1ebf AMA-50123 - AMAFURNI\",\"isPartOf\":{\"@id\":\"https:\/\/amafurni.vn\/#website\"},\"datePublished\":\"2023-12-25T04:26:06+00:00\",\"dateModified\":\"2025-11-12T07:11:55+00:00\",\"breadcrumb\":{\"@id\":\"https:\/\/amafurni.vn\/san-pham\/ghe-ama-50123\/#breadcrumb\"},\"inLanguage\":\"en-US\",\"potentialAction\":[{\"@type\":\"ReadAction\",\"target\":[\"https:\/\/amafurni.vn\/san-pham\/ghe-ama-50123\/\"]}]},{\"@type\":\"BreadcrumbList\",\"@id\":\"https:\/\/amafurni.vn\/san-pham\/ghe-ama-50123\/#breadcrumb\",\"itemListElement\":[{\"@type\":\"ListItem\",\"position\":1,\"name\":\"Trang ch\u1ee7\",\"item\":\"https:\/\/amafurni.vn\/\"},{\"@type\":\"ListItem\",\"position\":2,\"name\":\"S\u1ea3n ph\u1ea9m\",\"item\":\"https:\/\/amafurni.vn\/san-pham\/\"},{\"@type\":\"ListItem\",\"position\":3,\"name\":\"Gh\u1ebf AMA-50123\"}]},{\"@type\":\"WebSite\",\"@id\":\"https:\/\/amafurni.vn\/#website\",\"url\":\"https:\/\/amafurni.vn\/\",\"name\":\"AMAFURNI\",\"description\":\"\",\"potentialAction\":[{\"@type\":\"SearchAction\",\"target\":{\"@type\":\"EntryPoint\",\"urlTemplate\":\"https:\/\/amafurni.vn\/?s={search_term_string}\"},\"query-input\":\"required name=search_term_string\"}],\"inLanguage\":\"en-US\"}]}<\/script>\n<!-- \/ Yoast SEO Premium plugin. -->","yoast_head_json":{"title":"Gh\u1ebf AMA-50123 - AMAFURNI","robots":{"index":"index","follow":"follow","max-snippet":"max-snippet:-1","max-image-preview":"max-image-preview:large","max-video-preview":"max-video-preview:-1"},"canonical":"https:\/\/amafurni.vn\/en\/product\/ghe-ama-50123\/","og_locale":"en_US","og_type":"article","og_title":"Gh\u1ebf AMA-50123","og_description":"Thi\u1ebft k\u1ebf C\u00f4ng th\u00e1i h\u1ecdc b\u1ea3o v\u1ec7 c\u1ed9t s\u1ed1ng,T\u1ed1t cho s\u1ee9c kho\u1ebb Piston \u0111i\u1ec1u ch\u1ec9nh \u0111\u1ed9 cao th\u1ea5p c\u1ee7a gh\u1ebf, \u0111\u1ea1t ti\u00eau chu\u1ea9n BIFMA c\u1ee7a M\u1ef9 Ch\u1ea5t li\u1ec7u : Da PU ch\u1ed1ng ch\u00e1y cao c\u1ea5p, N\u1ec7m cao su non ch\u1ed1ng ch\u00e1y ti\u00eau chu\u1ea9n M\u1ef9, Ch\u00e2n nh\u1ef1a \u0110\u00fac \u0111\u1eb7c, B\u00e1nh xe ch\u1ed1ng \u1ed3n.  T\u00ednh n\u0103ng : Gh\u1ebf si\u00eau ch\u1ecbu t\u1ea3i 150kg, Tay gh\u1ebf M\u1edf g\u1eadp, Xoay 360 \u0111\u1ed9, T\u0103ng\/gi\u1ea3m chi\u1ec1u cao, g\u1eadt g\u00f9 b\u1eadp b\u00eanh th\u01b0 gi\u00e3n Gh\u1ebf si\u00eau ch\u1ecbu \u0111c tr\u1ecdng l\u01b0\u1ee3ng 150kg -Tr\u1ecdng l\u01b0\u1ee3ng gh\u1ebf:30kg.","og_url":"https:\/\/amafurni.vn\/en\/product\/ghe-ama-50123\/","og_site_name":"AMAFURNI","article_modified_time":"2025-11-12T07:11:55+00:00","og_image":[{"width":1280,"height":1280,"url":"https:\/\/amafurni.vn\/wp-content\/uploads\/2023\/12\/z4999056221100_6722873afc4d79a904dbdee9eb1fc3e4.jpg","type":"image\/jpeg"}],"twitter_card":"summary_large_image","twitter_misc":{"Est. reading time":"1 minute"},"schema":{"@context":"https:\/\/schema.org","@graph":[{"@type":"WebPage","@id":"https:\/\/amafurni.vn\/san-pham\/ghe-ama-50123\/","url":"https:\/\/amafurni.vn\/san-pham\/ghe-ama-50123\/","name":"Gh\u1ebf AMA-50123 - AMAFURNI","isPartOf":{"@id":"https:\/\/amafurni.vn\/#website"},"datePublished":"2023-12-25T04:26:06+00:00","dateModified":"2025-11-12T07:11:55+00:00","breadcrumb":{"@id":"https:\/\/amafurni.vn\/san-pham\/ghe-ama-50123\/#breadcrumb"},"inLanguage":"en-US","potentialAction":[{"@type":"ReadAction","target":["https:\/\/amafurni.vn\/san-pham\/ghe-ama-50123\/"]}]},{"@type":"BreadcrumbList","@id":"https:\/\/amafurni.vn\/san-pham\/ghe-ama-50123\/#breadcrumb","itemListElement":[{"@type":"ListItem","position":1,"name":"Trang ch\u1ee7","item":"https:\/\/amafurni.vn\/"},{"@type":"ListItem","position":2,"name":"S\u1ea3n ph\u1ea9m","item":"https:\/\/amafurni.vn\/san-pham\/"},{"@type":"ListItem","position":3,"name":"Gh\u1ebf AMA-50123"}]},{"@type":"WebSite","@id":"https:\/\/amafurni.vn\/#website","url":"https:\/\/amafurni.vn\/","name":"AMAFURNI","description":"","potentialAction":[{"@type":"SearchAction","target":{"@type":"EntryPoint","urlTemplate":"https:\/\/amafurni.vn\/?s={search_term_string}"},"query-input":"required name=search_term_string"}],"inLanguage":"en-US"}]}},"_links":{"self":[{"href":"https:\/\/amafurni.vn\/en\/wp-json\/wp\/v2\/product\/6032"}],"collection":[{"href":"https:\/\/amafurni.vn\/en\/wp-json\/wp\/v2\/product"}],"about":[{"href":"https:\/\/amafurni.vn\/en\/wp-json\/wp\/v2\/types\/product"}],"replies":[{"embeddable":true,"href":"https:\/\/amafurni.vn\/en\/wp-json\/wp\/v2\/comments?post=6032"}],"wp:featuredmedia":[{"embeddable":true,"href":"https:\/\/amafurni.vn\/en\/wp-json\/wp\/v2\/media\/6033"}],"wp:attachment":[{"href":"https:\/\/amafurni.vn\/en\/wp-json\/wp\/v2\/media?parent=6032"}],"wp:term":[{"taxonomy":"product_cat","embeddable":true,"href":"https:\/\/amafurni.vn\/en\/wp-json\/wp\/v2\/product_cat?post=6032"},{"taxonomy":"product_tag","embeddable":true,"href":"https:\/\/amafurni.vn\/en\/wp-json\/wp\/v2\/product_tag?post=6032"}],"curies":[{"name":"wp","href":"https:\/\/api.w.org\/{rel}","templated":true}]}}