{"id":6107,"date":"2023-12-25T15:44:20","date_gmt":"2023-12-25T08:44:20","guid":{"rendered":"https:\/\/amafurni.vn\/?post_type=product&#038;p=6107"},"modified":"2025-11-12T14:11:55","modified_gmt":"2025-11-12T07:11:55","slug":"ghe-ama-clatina","status":"publish","type":"product","link":"https:\/\/amafurni.vn\/en\/product\/ghe-ama-clatina\/","title":{"rendered":"Gh\u1ebf AMA-CLATINA"},"content":{"rendered":"<table class=\"woocommerce-product-attributes shop_attributes\" style=\"width: 98.1676%;\" width=\"929\">\n<tbody>\n<tr class=\"woocommerce-product-attributes-item woocommerce-product-attributes-item--attribute_season\">\n<th class=\"woocommerce-product-attributes-item__label\" style=\"width: 11.1828%;\">Ch\u1ea5t li\u1ec7u<\/th>\n<td class=\"woocommerce-product-attributes-item__value\" style=\"width: 115.376%;\">B\u1ecdc Da PU cao c\u1ea5p, N\u1ec7m mousse ti\u00eau chu\u1ea9n ch\u1ed1ng ch\u00e1y M\u1ef9, Ch\u00e2n s\u1eaft s\u01a1n t\u0129nh \u0111i\u1ec7n , B\u00c1NH Xe ch\u1ed1ng \u1ed3n.<\/td>\n<\/tr>\n<tr class=\"woocommerce-product-attributes-item woocommerce-product-attributes-item--attribute_pa_color\">\n<th class=\"woocommerce-product-attributes-item__label\" style=\"width: 11.1828%;\">Color<\/th>\n<td class=\"woocommerce-product-attributes-item__value\" style=\"width: 115.376%;\">BLACK<\/td>\n<\/tr>\n<tr class=\"woocommerce-product-attributes-item woocommerce-product-attributes-item--attribute_style\">\n<th class=\"woocommerce-product-attributes-item__label\" style=\"width: 11.1828%;\">K\u00edch th\u01b0\u1edbc<\/th>\n<td class=\"woocommerce-product-attributes-item__value\" style=\"width: 115.376%;\">600*650*(960-1010)mm<\/td>\n<\/tr>\n<tr class=\"woocommerce-product-attributes-item woocommerce-product-attributes-item--attribute_pa_material\">\n<th class=\"woocommerce-product-attributes-item__label\" style=\"width: 11.1828%;\">T\u00ednh n\u0103ng<\/th>\n<td class=\"woocommerce-product-attributes-item__value\" style=\"width: 115.376%;\">Ng\u1ed3i c\u1ed1 \u0111\u1ecbnh<\/td>\n<\/tr>\n<tr class=\"woocommerce-product-attributes-item woocommerce-product-attributes-item--attribute_item-code\">\n<th class=\"woocommerce-product-attributes-item__label\" style=\"width: 11.1828%;\">B\u1ea3o h\u00e0nh<\/th>\n<td class=\"woocommerce-product-attributes-item__value\" style=\"width: 115.376%;\">\u00a006 th\u00e1ng<\/td>\n<\/tr>\n<\/tbody>\n<\/table>\n<p>&nbsp;<\/p>","protected":false},"excerpt":{"rendered":"<p><strong>Gh\u1ebf L\u00e0m Vi\u1ec7c\u00a0 <\/strong>l\u00e0 1 m\u1eabu gh\u1ebf nh\u1eadp kh\u1ea9u tr\u1ef1c ti\u1ebfp c\u1ee7a <strong>N\u1ed8I TH\u1ea4T AMA FURNITURE<\/strong> , v\u1edbi thi\u1ebft k\u1ebf tinh t\u1ebf , t\u1ed1i gian t\u1ea1o n\u00ean v\u1ebb \u0111\u1eb9p sang tr\u1ecdng cho kh\u00f4ng gian V\u0103n ph\u00f2ng c\u00f4ng ty, Ph\u00f2ng l\u00e0m vi\u1ec7c, v.v.<\/p>\n<ul>\n<li>M\u00e3 SP : AMA-CLATINA<\/li>\n<li>Ch\u1ea5t li\u1ec7u :\u00a0 M\u1eb7t n\u1ec7m b\u1ecdc da Simili, Ch\u00e2n s\u1eaft s\u01a1n t\u0129nh \u0111i\u1ec7n , B\u00c1NH Xe ch\u1ed1ng \u1ed3n.<\/li>\n<li>M\u00e0u s\u1eafc : Nhi\u1ec1u m\u00e0u<\/li>\n<li>T\u00ednh n\u0103ng :\n<ul>\n<li>Ch\u1ea5t l\u01b0\u1ee3ng b\u1ec1n ch\u1eafc, s\u1eed d\u1ee5ng l\u00e2u d\u00e0i<\/li>\n<li>D\u1ec5 d\u00e0ng lau ch\u00f9i, v\u1ec7 sinh<\/li>\n<li>Ch\u1ed1ng va \u0111\u1eadp t\u1ed1t, m\u00e0u s\u1eafc s\u1ed1ng \u0111\u1ed9ng<\/li>\n<\/ul>\n<ul>\n<li>\u1ee8ng d\u1ee5ng s\u1eed d\u1ee5ng trong V\u0103n Ph\u00f2ng, Ph\u00f2ng l\u00e0m vi\u1ec7c v.v<\/li>\n<li>Gh\u1ebf \u0111i\u1ec1u h\u00e0nh da Clatina Lillo mang phong c\u00e1ch t\u1ed1i gi\u1ea3n, ch\u1ea5t li\u1ec7u da m\u1ecbn, d\u1ebbo, m\u1ec1m m\u1ea1i mang \u0111\u1ebfn s\u1ef1 tho\u1ea3i m\u00e1i. \u0110\u01b0\u1ee3c thi\u1ebft k\u1ebf c\u00f4ng th\u00e1i h\u1ecdc, n\u00f3 s\u1ebd mang l\u1ea1i cho b\u1ea1n s\u1ef1 tho\u1ea3i m\u00e1i khi ng\u1ed3i trong th\u1eddi gian d\u00e0i. C\u00f3 th\u1ec3 \u0111i\u1ec1u ch\u1ec9nh chi\u1ec1u cao c\u01a1 th\u1ec3 v\u00e0 \u0111\u1ed9 nghi\u00eang c\u1ee7a l\u01b0ng, v\u00e0 r\u1ea5t d\u1ec5 l\u1eafp r\u00e1p. Gh\u1ebf Lillo c\u00f3 th\u1ec3 ch\u1ecbu \u0111\u01b0\u1ee3c tr\u1ecdng l\u01b0\u1ee3ng t\u1ed1i \u0111a 300 lbs.<\/li>\n<\/ul>\n<\/li>\n<\/ul>","protected":false},"featured_media":6126,"comment_status":"open","ping_status":"closed","template":"","meta":[],"product_cat":[59,70],"product_tag":[124],"yoast_head":"<!-- This site is optimized with the Yoast SEO Premium plugin v21.7 (Yoast SEO v21.7) - https:\/\/yoast.com\/wordpress\/plugins\/seo\/ -->\n<title>Gh\u1ebf AMA-CLATINA - AMAFURNI<\/title>\n<meta name=\"robots\" content=\"index, follow, max-snippet:-1, max-image-preview:large, max-video-preview:-1\" \/>\n<link rel=\"canonical\" href=\"https:\/\/amafurni.vn\/en\/product\/ghe-ama-clatina\/\" \/>\n<meta property=\"og:locale\" content=\"en_US\" \/>\n<meta property=\"og:type\" content=\"article\" \/>\n<meta property=\"og:title\" content=\"Gh\u1ebf AMA-CLATINA\" \/>\n<meta property=\"og:description\" content=\"Gh\u1ebf L\u00e0m Vi\u1ec7c\u00a0 l\u00e0 1 m\u1eabu gh\u1ebf nh\u1eadp kh\u1ea9u tr\u1ef1c ti\u1ebfp c\u1ee7a N\u1ed8I TH\u1ea4T AMA FURNITURE , v\u1edbi thi\u1ebft k\u1ebf tinh t\u1ebf , t\u1ed1i gian t\u1ea1o n\u00ean v\u1ebb \u0111\u1eb9p sang tr\u1ecdng cho kh\u00f4ng gian V\u0103n ph\u00f2ng c\u00f4ng ty, Ph\u00f2ng l\u00e0m vi\u1ec7c, v.v.   M\u00e3 SP : AMA-CLATINA  Ch\u1ea5t li\u1ec7u :\u00a0 M\u1eb7t n\u1ec7m b\u1ecdc da Simili, Ch\u00e2n s\u1eaft s\u01a1n t\u0129nh \u0111i\u1ec7n , B\u00c1NH Xe ch\u1ed1ng \u1ed3n.  M\u00e0u s\u1eafc : Nhi\u1ec1u m\u00e0u  T\u00ednh n\u0103ng :   Ch\u1ea5t l\u01b0\u1ee3ng b\u1ec1n ch\u1eafc, s\u1eed d\u1ee5ng l\u00e2u d\u00e0i  D\u1ec5 d\u00e0ng lau ch\u00f9i, v\u1ec7 sinh  Ch\u1ed1ng va \u0111\u1eadp t\u1ed1t, m\u00e0u s\u1eafc s\u1ed1ng \u0111\u1ed9ng    \u1ee8ng d\u1ee5ng s\u1eed d\u1ee5ng trong V\u0103n Ph\u00f2ng, Ph\u00f2ng l\u00e0m vi\u1ec7c v.v  Gh\u1ebf \u0111i\u1ec1u h\u00e0nh da Clatina Lillo mang phong c\u00e1ch t\u1ed1i gi\u1ea3n, ch\u1ea5t li\u1ec7u da m\u1ecbn, d\u1ebbo, m\u1ec1m m\u1ea1i mang \u0111\u1ebfn s\u1ef1 tho\u1ea3i m\u00e1i. \u0110\u01b0\u1ee3c thi\u1ebft k\u1ebf c\u00f4ng th\u00e1i h\u1ecdc, n\u00f3 s\u1ebd mang l\u1ea1i cho b\u1ea1n s\u1ef1 tho\u1ea3i m\u00e1i khi ng\u1ed3i trong th\u1eddi gian d\u00e0i. C\u00f3 th\u1ec3 \u0111i\u1ec1u ch\u1ec9nh chi\u1ec1u cao c\u01a1 th\u1ec3 v\u00e0 \u0111\u1ed9 nghi\u00eang c\u1ee7a l\u01b0ng, v\u00e0 r\u1ea5t d\u1ec5 l\u1eafp r\u00e1p. Gh\u1ebf Lillo c\u00f3 th\u1ec3 ch\u1ecbu \u0111\u01b0\u1ee3c tr\u1ecdng l\u01b0\u1ee3ng t\u1ed1i \u0111a 300 lbs.\" \/>\n<meta property=\"og:url\" content=\"https:\/\/amafurni.vn\/en\/product\/ghe-ama-clatina\/\" \/>\n<meta property=\"og:site_name\" content=\"AMAFURNI\" \/>\n<meta property=\"article:modified_time\" content=\"2025-11-12T07:11:55+00:00\" \/>\n<meta property=\"og:image\" content=\"https:\/\/amafurni.vn\/wp-content\/uploads\/2023\/12\/z5008010302770_5061c530ab9ada79b7d99d5a1ae689f8.jpg\" \/>\n\t<meta property=\"og:image:width\" content=\"800\" \/>\n\t<meta property=\"og:image:height\" content=\"800\" \/>\n\t<meta property=\"og:image:type\" content=\"image\/jpeg\" \/>\n<meta name=\"twitter:card\" content=\"summary_large_image\" \/>\n<meta name=\"twitter:label1\" content=\"Est. reading time\" \/>\n\t<meta name=\"twitter:data1\" content=\"1 minute\" \/>\n<script type=\"application\/ld+json\" class=\"yoast-schema-graph\">{\"@context\":\"https:\/\/schema.org\",\"@graph\":[{\"@type\":\"WebPage\",\"@id\":\"https:\/\/amafurni.vn\/san-pham\/ghe-ama-clatina\/\",\"url\":\"https:\/\/amafurni.vn\/san-pham\/ghe-ama-clatina\/\",\"name\":\"Gh\u1ebf AMA-CLATINA - AMAFURNI\",\"isPartOf\":{\"@id\":\"https:\/\/amafurni.vn\/#website\"},\"datePublished\":\"2023-12-25T08:44:20+00:00\",\"dateModified\":\"2025-11-12T07:11:55+00:00\",\"breadcrumb\":{\"@id\":\"https:\/\/amafurni.vn\/san-pham\/ghe-ama-clatina\/#breadcrumb\"},\"inLanguage\":\"en-US\",\"potentialAction\":[{\"@type\":\"ReadAction\",\"target\":[\"https:\/\/amafurni.vn\/san-pham\/ghe-ama-clatina\/\"]}]},{\"@type\":\"BreadcrumbList\",\"@id\":\"https:\/\/amafurni.vn\/san-pham\/ghe-ama-clatina\/#breadcrumb\",\"itemListElement\":[{\"@type\":\"ListItem\",\"position\":1,\"name\":\"Trang ch\u1ee7\",\"item\":\"https:\/\/amafurni.vn\/\"},{\"@type\":\"ListItem\",\"position\":2,\"name\":\"S\u1ea3n ph\u1ea9m\",\"item\":\"https:\/\/amafurni.vn\/san-pham\/\"},{\"@type\":\"ListItem\",\"position\":3,\"name\":\"Gh\u1ebf AMA-CLATINA\"}]},{\"@type\":\"WebSite\",\"@id\":\"https:\/\/amafurni.vn\/#website\",\"url\":\"https:\/\/amafurni.vn\/\",\"name\":\"AMAFURNI\",\"description\":\"\",\"potentialAction\":[{\"@type\":\"SearchAction\",\"target\":{\"@type\":\"EntryPoint\",\"urlTemplate\":\"https:\/\/amafurni.vn\/?s={search_term_string}\"},\"query-input\":\"required name=search_term_string\"}],\"inLanguage\":\"en-US\"}]}<\/script>\n<!-- \/ Yoast SEO Premium plugin. -->","yoast_head_json":{"title":"Gh\u1ebf AMA-CLATINA - AMAFURNI","robots":{"index":"index","follow":"follow","max-snippet":"max-snippet:-1","max-image-preview":"max-image-preview:large","max-video-preview":"max-video-preview:-1"},"canonical":"https:\/\/amafurni.vn\/en\/product\/ghe-ama-clatina\/","og_locale":"en_US","og_type":"article","og_title":"Gh\u1ebf AMA-CLATINA","og_description":"Gh\u1ebf L\u00e0m Vi\u1ec7c\u00a0 l\u00e0 1 m\u1eabu gh\u1ebf nh\u1eadp kh\u1ea9u tr\u1ef1c ti\u1ebfp c\u1ee7a N\u1ed8I TH\u1ea4T AMA FURNITURE , v\u1edbi thi\u1ebft k\u1ebf tinh t\u1ebf , t\u1ed1i gian t\u1ea1o n\u00ean v\u1ebb \u0111\u1eb9p sang tr\u1ecdng cho kh\u00f4ng gian V\u0103n ph\u00f2ng c\u00f4ng ty, Ph\u00f2ng l\u00e0m vi\u1ec7c, v.v.   M\u00e3 SP : AMA-CLATINA  Ch\u1ea5t li\u1ec7u :\u00a0 M\u1eb7t n\u1ec7m b\u1ecdc da Simili, Ch\u00e2n s\u1eaft s\u01a1n t\u0129nh \u0111i\u1ec7n , B\u00c1NH Xe ch\u1ed1ng \u1ed3n.  M\u00e0u s\u1eafc : Nhi\u1ec1u m\u00e0u  T\u00ednh n\u0103ng :   Ch\u1ea5t l\u01b0\u1ee3ng b\u1ec1n ch\u1eafc, s\u1eed d\u1ee5ng l\u00e2u d\u00e0i  D\u1ec5 d\u00e0ng lau ch\u00f9i, v\u1ec7 sinh  Ch\u1ed1ng va \u0111\u1eadp t\u1ed1t, m\u00e0u s\u1eafc s\u1ed1ng \u0111\u1ed9ng    \u1ee8ng d\u1ee5ng s\u1eed d\u1ee5ng trong V\u0103n Ph\u00f2ng, Ph\u00f2ng l\u00e0m vi\u1ec7c v.v  Gh\u1ebf \u0111i\u1ec1u h\u00e0nh da Clatina Lillo mang phong c\u00e1ch t\u1ed1i gi\u1ea3n, ch\u1ea5t li\u1ec7u da m\u1ecbn, d\u1ebbo, m\u1ec1m m\u1ea1i mang \u0111\u1ebfn s\u1ef1 tho\u1ea3i m\u00e1i. \u0110\u01b0\u1ee3c thi\u1ebft k\u1ebf c\u00f4ng th\u00e1i h\u1ecdc, n\u00f3 s\u1ebd mang l\u1ea1i cho b\u1ea1n s\u1ef1 tho\u1ea3i m\u00e1i khi ng\u1ed3i trong th\u1eddi gian d\u00e0i. C\u00f3 th\u1ec3 \u0111i\u1ec1u ch\u1ec9nh chi\u1ec1u cao c\u01a1 th\u1ec3 v\u00e0 \u0111\u1ed9 nghi\u00eang c\u1ee7a l\u01b0ng, v\u00e0 r\u1ea5t d\u1ec5 l\u1eafp r\u00e1p. Gh\u1ebf Lillo c\u00f3 th\u1ec3 ch\u1ecbu \u0111\u01b0\u1ee3c tr\u1ecdng l\u01b0\u1ee3ng t\u1ed1i \u0111a 300 lbs.","og_url":"https:\/\/amafurni.vn\/en\/product\/ghe-ama-clatina\/","og_site_name":"AMAFURNI","article_modified_time":"2025-11-12T07:11:55+00:00","og_image":[{"width":800,"height":800,"url":"https:\/\/amafurni.vn\/wp-content\/uploads\/2023\/12\/z5008010302770_5061c530ab9ada79b7d99d5a1ae689f8.jpg","type":"image\/jpeg"}],"twitter_card":"summary_large_image","twitter_misc":{"Est. reading time":"1 minute"},"schema":{"@context":"https:\/\/schema.org","@graph":[{"@type":"WebPage","@id":"https:\/\/amafurni.vn\/san-pham\/ghe-ama-clatina\/","url":"https:\/\/amafurni.vn\/san-pham\/ghe-ama-clatina\/","name":"Gh\u1ebf AMA-CLATINA - AMAFURNI","isPartOf":{"@id":"https:\/\/amafurni.vn\/#website"},"datePublished":"2023-12-25T08:44:20+00:00","dateModified":"2025-11-12T07:11:55+00:00","breadcrumb":{"@id":"https:\/\/amafurni.vn\/san-pham\/ghe-ama-clatina\/#breadcrumb"},"inLanguage":"en-US","potentialAction":[{"@type":"ReadAction","target":["https:\/\/amafurni.vn\/san-pham\/ghe-ama-clatina\/"]}]},{"@type":"BreadcrumbList","@id":"https:\/\/amafurni.vn\/san-pham\/ghe-ama-clatina\/#breadcrumb","itemListElement":[{"@type":"ListItem","position":1,"name":"Trang ch\u1ee7","item":"https:\/\/amafurni.vn\/"},{"@type":"ListItem","position":2,"name":"S\u1ea3n ph\u1ea9m","item":"https:\/\/amafurni.vn\/san-pham\/"},{"@type":"ListItem","position":3,"name":"Gh\u1ebf AMA-CLATINA"}]},{"@type":"WebSite","@id":"https:\/\/amafurni.vn\/#website","url":"https:\/\/amafurni.vn\/","name":"AMAFURNI","description":"","potentialAction":[{"@type":"SearchAction","target":{"@type":"EntryPoint","urlTemplate":"https:\/\/amafurni.vn\/?s={search_term_string}"},"query-input":"required name=search_term_string"}],"inLanguage":"en-US"}]}},"_links":{"self":[{"href":"https:\/\/amafurni.vn\/en\/wp-json\/wp\/v2\/product\/6107"}],"collection":[{"href":"https:\/\/amafurni.vn\/en\/wp-json\/wp\/v2\/product"}],"about":[{"href":"https:\/\/amafurni.vn\/en\/wp-json\/wp\/v2\/types\/product"}],"replies":[{"embeddable":true,"href":"https:\/\/amafurni.vn\/en\/wp-json\/wp\/v2\/comments?post=6107"}],"wp:featuredmedia":[{"embeddable":true,"href":"https:\/\/amafurni.vn\/en\/wp-json\/wp\/v2\/media\/6126"}],"wp:attachment":[{"href":"https:\/\/amafurni.vn\/en\/wp-json\/wp\/v2\/media?parent=6107"}],"wp:term":[{"taxonomy":"product_cat","embeddable":true,"href":"https:\/\/amafurni.vn\/en\/wp-json\/wp\/v2\/product_cat?post=6107"},{"taxonomy":"product_tag","embeddable":true,"href":"https:\/\/amafurni.vn\/en\/wp-json\/wp\/v2\/product_tag?post=6107"}],"curies":[{"name":"wp","href":"https:\/\/api.w.org\/{rel}","templated":true}]}}