{"id":6350,"date":"2023-12-26T15:20:27","date_gmt":"2023-12-26T08:20:27","guid":{"rendered":"https:\/\/amafurni.vn\/?post_type=product&#038;p=6350"},"modified":"2025-11-12T14:11:57","modified_gmt":"2025-11-12T07:11:57","slug":"ban-thap-ama-bb1010-12-2","status":"publish","type":"product","link":"https:\/\/amafurni.vn\/en\/product\/ban-thap-ama-bb1010-12-2\/","title":{"rendered":"B\u00e0n th\u1ea5p AMA-BB1010-12"},"content":{"rendered":"<p>&nbsp;<\/p>\n<table class=\"woocommerce-product-attributes shop_attributes\" width=\"929\">\n<tbody>\n<tr class=\"woocommerce-product-attributes-item woocommerce-product-attributes-item--attribute_season\">\n<th class=\"woocommerce-product-attributes-item__label\">Ch\u1ea5t li\u1ec7u<\/th>\n<td class=\"woocommerce-product-attributes-item__value\">Ch\u00e2n s\u1eaft s\u01a1n t\u0129nh \u0111i\u1ec7n, m\u1eb7t b\u00e0n MDF &#8211; Melamine.<\/td>\n<\/tr>\n<tr class=\"woocommerce-product-attributes-item woocommerce-product-attributes-item--attribute_pa_color\">\n<th class=\"woocommerce-product-attributes-item__label\">Color<\/th>\n<td class=\"woocommerce-product-attributes-item__value\">\u0110EN<\/td>\n<\/tr>\n<tr class=\"woocommerce-product-attributes-item woocommerce-product-attributes-item--attribute_style\">\n<th class=\"woocommerce-product-attributes-item__label\">K\u00edch th\u01b0\u1edbc<\/th>\n<td class=\"woocommerce-product-attributes-item__value\">1200*600*350mm<\/td>\n<\/tr>\n<tr class=\"woocommerce-product-attributes-item woocommerce-product-attributes-item--attribute_pa_material\">\n<th class=\"woocommerce-product-attributes-item__label\">T\u00ednh n\u0103ng<\/th>\n<td class=\"woocommerce-product-attributes-item__value\">B\u00e0n b\u1ec7t th\u1ea5p<br \/>\nCh\u00e2n : c\u00f3 3 ki\u1ec3u Z, K, U<\/td>\n<\/tr>\n<tr class=\"woocommerce-product-attributes-item woocommerce-product-attributes-item--attribute_item-code\">\n<th class=\"woocommerce-product-attributes-item__label\">B\u1ea3o h\u00e0nh<\/th>\n<td class=\"woocommerce-product-attributes-item__value\">\u00a006 th\u00e1ng<\/td>\n<\/tr>\n<\/tbody>\n<\/table>\n<p>&nbsp;<\/p>","protected":false},"excerpt":{"rendered":"<p><a href=\"https:\/\/noithatfufutech.com\/ban-bet-k-simple\"><strong><u>B\u00c0N B\u1ec6T TH\u1ea4P AMA-BB1010-12\u00a0<\/u><\/strong><\/a><\/p>\n<ul>\n<li>K\u00edch th\u01b0\u1edbc: 1200*600*350mm ( D\u00e0i x r\u1ed9ng x cao )<\/li>\n<li>M\u00e0u s\u1eafc: full \u0111en<\/li>\n<li>Ch\u1ea5t li\u1ec7u: Ch\u00e2n s\u1eaft s\u01a1n t\u0129nh \u0111i\u1ec7n, m\u1eb7t b\u00e0n MDF &#8211; Melamine.<\/li>\n<li>Ki\u1ec3u ch\u00e2n:\u00a0c\u00f3 3 ki\u1ec3u Z, K, U<\/li>\n<li>D\u1ea1ng b\u00e0n: M\u1eb7t b\u00e0n h\u00ecnh ch\u1eef nh\u1eadt, gi\u00fap t\u1ed1i \u0111a di\u1ec7n t\u00edch<\/li>\n<li>T\u00ednh n\u0103ng: Ng\u1ed3i b\u1ec7t c\u1ed1 \u0111\u1ecbnh.<\/li>\n<\/ul>","protected":false},"featured_media":6367,"comment_status":"open","ping_status":"closed","template":"","meta":[],"product_cat":[60,81],"product_tag":[153],"yoast_head":"<!-- This site is optimized with the Yoast SEO Premium plugin v21.7 (Yoast SEO v21.7) - https:\/\/yoast.com\/wordpress\/plugins\/seo\/ -->\n<title>B\u00e0n th\u1ea5p AMA-BB1010-12 - AMAFURNI<\/title>\n<meta name=\"robots\" content=\"index, follow, max-snippet:-1, max-image-preview:large, max-video-preview:-1\" \/>\n<link rel=\"canonical\" href=\"https:\/\/amafurni.vn\/en\/product\/ban-thap-ama-bb1010-12-2\/\" \/>\n<meta property=\"og:locale\" content=\"en_US\" \/>\n<meta property=\"og:type\" content=\"article\" \/>\n<meta property=\"og:title\" content=\"B\u00e0n th\u1ea5p AMA-BB1010-12\" \/>\n<meta property=\"og:description\" content=\"B\u00c0N B\u1ec6T TH\u1ea4P AMA-BB1010-12\u00a0   K\u00edch th\u01b0\u1edbc: 1200*600*350mm ( D\u00e0i x r\u1ed9ng x cao )  M\u00e0u s\u1eafc: full \u0111en  Ch\u1ea5t li\u1ec7u: Ch\u00e2n s\u1eaft s\u01a1n t\u0129nh \u0111i\u1ec7n, m\u1eb7t b\u00e0n MDF - Melamine.  Ki\u1ec3u ch\u00e2n:\u00a0c\u00f3 3 ki\u1ec3u Z, K, U  D\u1ea1ng b\u00e0n: M\u1eb7t b\u00e0n h\u00ecnh ch\u1eef nh\u1eadt, gi\u00fap t\u1ed1i \u0111a di\u1ec7n t\u00edch  T\u00ednh n\u0103ng: Ng\u1ed3i b\u1ec7t c\u1ed1 \u0111\u1ecbnh.\" \/>\n<meta property=\"og:url\" content=\"https:\/\/amafurni.vn\/en\/product\/ban-thap-ama-bb1010-12-2\/\" \/>\n<meta property=\"og:site_name\" content=\"AMAFURNI\" \/>\n<meta property=\"article:modified_time\" content=\"2025-11-12T07:11:57+00:00\" \/>\n<meta property=\"og:image\" content=\"https:\/\/amafurni.vn\/wp-content\/uploads\/2023\/12\/z5011197890121_cf543417a8e131510047587fdd263815.jpg\" \/>\n\t<meta property=\"og:image:width\" content=\"800\" \/>\n\t<meta property=\"og:image:height\" content=\"800\" \/>\n\t<meta property=\"og:image:type\" content=\"image\/jpeg\" \/>\n<meta name=\"twitter:card\" content=\"summary_large_image\" \/>\n<meta name=\"twitter:label1\" content=\"Est. reading time\" \/>\n\t<meta name=\"twitter:data1\" content=\"1 minute\" \/>\n<script type=\"application\/ld+json\" class=\"yoast-schema-graph\">{\"@context\":\"https:\/\/schema.org\",\"@graph\":[{\"@type\":\"WebPage\",\"@id\":\"https:\/\/amafurni.vn\/san-pham\/ban-thap-ama-bb1010-12-2\/\",\"url\":\"https:\/\/amafurni.vn\/san-pham\/ban-thap-ama-bb1010-12-2\/\",\"name\":\"B\u00e0n th\u1ea5p AMA-BB1010-12 - AMAFURNI\",\"isPartOf\":{\"@id\":\"https:\/\/amafurni.vn\/#website\"},\"datePublished\":\"2023-12-26T08:20:27+00:00\",\"dateModified\":\"2025-11-12T07:11:57+00:00\",\"breadcrumb\":{\"@id\":\"https:\/\/amafurni.vn\/san-pham\/ban-thap-ama-bb1010-12-2\/#breadcrumb\"},\"inLanguage\":\"en-US\",\"potentialAction\":[{\"@type\":\"ReadAction\",\"target\":[\"https:\/\/amafurni.vn\/san-pham\/ban-thap-ama-bb1010-12-2\/\"]}]},{\"@type\":\"BreadcrumbList\",\"@id\":\"https:\/\/amafurni.vn\/san-pham\/ban-thap-ama-bb1010-12-2\/#breadcrumb\",\"itemListElement\":[{\"@type\":\"ListItem\",\"position\":1,\"name\":\"Trang ch\u1ee7\",\"item\":\"https:\/\/amafurni.vn\/\"},{\"@type\":\"ListItem\",\"position\":2,\"name\":\"S\u1ea3n ph\u1ea9m\",\"item\":\"https:\/\/amafurni.vn\/san-pham\/\"},{\"@type\":\"ListItem\",\"position\":3,\"name\":\"B\u00e0n th\u1ea5p AMA-BB1010-12\"}]},{\"@type\":\"WebSite\",\"@id\":\"https:\/\/amafurni.vn\/#website\",\"url\":\"https:\/\/amafurni.vn\/\",\"name\":\"AMAFURNI\",\"description\":\"\",\"potentialAction\":[{\"@type\":\"SearchAction\",\"target\":{\"@type\":\"EntryPoint\",\"urlTemplate\":\"https:\/\/amafurni.vn\/?s={search_term_string}\"},\"query-input\":\"required name=search_term_string\"}],\"inLanguage\":\"en-US\"}]}<\/script>\n<!-- \/ Yoast SEO Premium plugin. -->","yoast_head_json":{"title":"B\u00e0n th\u1ea5p AMA-BB1010-12 - AMAFURNI","robots":{"index":"index","follow":"follow","max-snippet":"max-snippet:-1","max-image-preview":"max-image-preview:large","max-video-preview":"max-video-preview:-1"},"canonical":"https:\/\/amafurni.vn\/en\/product\/ban-thap-ama-bb1010-12-2\/","og_locale":"en_US","og_type":"article","og_title":"B\u00e0n th\u1ea5p AMA-BB1010-12","og_description":"B\u00c0N B\u1ec6T TH\u1ea4P AMA-BB1010-12\u00a0   K\u00edch th\u01b0\u1edbc: 1200*600*350mm ( D\u00e0i x r\u1ed9ng x cao )  M\u00e0u s\u1eafc: full \u0111en  Ch\u1ea5t li\u1ec7u: Ch\u00e2n s\u1eaft s\u01a1n t\u0129nh \u0111i\u1ec7n, m\u1eb7t b\u00e0n MDF - Melamine.  Ki\u1ec3u ch\u00e2n:\u00a0c\u00f3 3 ki\u1ec3u Z, K, U  D\u1ea1ng b\u00e0n: M\u1eb7t b\u00e0n h\u00ecnh ch\u1eef nh\u1eadt, gi\u00fap t\u1ed1i \u0111a di\u1ec7n t\u00edch  T\u00ednh n\u0103ng: Ng\u1ed3i b\u1ec7t c\u1ed1 \u0111\u1ecbnh.","og_url":"https:\/\/amafurni.vn\/en\/product\/ban-thap-ama-bb1010-12-2\/","og_site_name":"AMAFURNI","article_modified_time":"2025-11-12T07:11:57+00:00","og_image":[{"width":800,"height":800,"url":"https:\/\/amafurni.vn\/wp-content\/uploads\/2023\/12\/z5011197890121_cf543417a8e131510047587fdd263815.jpg","type":"image\/jpeg"}],"twitter_card":"summary_large_image","twitter_misc":{"Est. reading time":"1 minute"},"schema":{"@context":"https:\/\/schema.org","@graph":[{"@type":"WebPage","@id":"https:\/\/amafurni.vn\/san-pham\/ban-thap-ama-bb1010-12-2\/","url":"https:\/\/amafurni.vn\/san-pham\/ban-thap-ama-bb1010-12-2\/","name":"B\u00e0n th\u1ea5p AMA-BB1010-12 - AMAFURNI","isPartOf":{"@id":"https:\/\/amafurni.vn\/#website"},"datePublished":"2023-12-26T08:20:27+00:00","dateModified":"2025-11-12T07:11:57+00:00","breadcrumb":{"@id":"https:\/\/amafurni.vn\/san-pham\/ban-thap-ama-bb1010-12-2\/#breadcrumb"},"inLanguage":"en-US","potentialAction":[{"@type":"ReadAction","target":["https:\/\/amafurni.vn\/san-pham\/ban-thap-ama-bb1010-12-2\/"]}]},{"@type":"BreadcrumbList","@id":"https:\/\/amafurni.vn\/san-pham\/ban-thap-ama-bb1010-12-2\/#breadcrumb","itemListElement":[{"@type":"ListItem","position":1,"name":"Trang ch\u1ee7","item":"https:\/\/amafurni.vn\/"},{"@type":"ListItem","position":2,"name":"S\u1ea3n ph\u1ea9m","item":"https:\/\/amafurni.vn\/san-pham\/"},{"@type":"ListItem","position":3,"name":"B\u00e0n th\u1ea5p AMA-BB1010-12"}]},{"@type":"WebSite","@id":"https:\/\/amafurni.vn\/#website","url":"https:\/\/amafurni.vn\/","name":"AMAFURNI","description":"","potentialAction":[{"@type":"SearchAction","target":{"@type":"EntryPoint","urlTemplate":"https:\/\/amafurni.vn\/?s={search_term_string}"},"query-input":"required name=search_term_string"}],"inLanguage":"en-US"}]}},"_links":{"self":[{"href":"https:\/\/amafurni.vn\/en\/wp-json\/wp\/v2\/product\/6350"}],"collection":[{"href":"https:\/\/amafurni.vn\/en\/wp-json\/wp\/v2\/product"}],"about":[{"href":"https:\/\/amafurni.vn\/en\/wp-json\/wp\/v2\/types\/product"}],"replies":[{"embeddable":true,"href":"https:\/\/amafurni.vn\/en\/wp-json\/wp\/v2\/comments?post=6350"}],"wp:featuredmedia":[{"embeddable":true,"href":"https:\/\/amafurni.vn\/en\/wp-json\/wp\/v2\/media\/6367"}],"wp:attachment":[{"href":"https:\/\/amafurni.vn\/en\/wp-json\/wp\/v2\/media?parent=6350"}],"wp:term":[{"taxonomy":"product_cat","embeddable":true,"href":"https:\/\/amafurni.vn\/en\/wp-json\/wp\/v2\/product_cat?post=6350"},{"taxonomy":"product_tag","embeddable":true,"href":"https:\/\/amafurni.vn\/en\/wp-json\/wp\/v2\/product_tag?post=6350"}],"curies":[{"name":"wp","href":"https:\/\/api.w.org\/{rel}","templated":true}]}}