{"id":6840,"date":"2023-12-27T16:40:39","date_gmt":"2023-12-27T09:40:39","guid":{"rendered":"https:\/\/amafurni.vn\/?post_type=product&#038;p=6840"},"modified":"2025-11-12T14:12:00","modified_gmt":"2025-11-12T07:12:00","slug":"ghe-ama-cth-79","status":"publish","type":"product","link":"https:\/\/amafurni.vn\/en\/product\/ghe-ama-cth-79\/","title":{"rendered":"Gh\u1ebf AMA-CTH-79"},"content":{"rendered":"<table class=\"woocommerce-product-attributes shop_attributes\" style=\"width: 100.323%; height: 115px;\" width=\"929\">\n<tbody>\n<tr class=\"woocommerce-product-attributes-item woocommerce-product-attributes-item--attribute_season\" style=\"height: 23px;\">\n<th class=\"woocommerce-product-attributes-item__label\" style=\"width: 10.4301%; height: 23px;\">Ch\u1ea5t li\u1ec7u<\/th>\n<td class=\"woocommerce-product-attributes-item__value\" style=\"width: 118.925%; height: 23px;\">khung s\u01b0\u1eddn nh\u1ef1a PP, L\u01b0ng b\u1ecdc l\u01b0\u1edbi, N\u1ec7m ng\u1ed3i b\u1ecdc v\u1ea3i, ch\u00e2n nh\u1ef1a \u0111\u00fac \u0111\u1eb7c.<\/td>\n<\/tr>\n<tr class=\"woocommerce-product-attributes-item woocommerce-product-attributes-item--attribute_pa_color\" style=\"height: 23px;\">\n<th class=\"woocommerce-product-attributes-item__label\" style=\"width: 10.4301%; height: 23px;\">Color<\/th>\n<td class=\"woocommerce-product-attributes-item__value\" style=\"width: 118.925%; height: 23px;\">S\u01b0\u1eddn \u0111en l\u01b0\u1edbi \u0111en, S\u01b0\u1eddn tr\u1eafng l\u01b0\u1edbi \u0111en<\/td>\n<\/tr>\n<tr class=\"woocommerce-product-attributes-item woocommerce-product-attributes-item--attribute_style\" style=\"height: 23px;\">\n<th class=\"woocommerce-product-attributes-item__label\" style=\"width: 10.4301%; height: 23px;\">K\u00edch th\u01b0\u1edbc<\/th>\n<td class=\"woocommerce-product-attributes-item__value\" style=\"width: 118.925%; height: 23px;\">\u0110ang c\u1eadp nh\u1eadt<\/td>\n<\/tr>\n<tr class=\"woocommerce-product-attributes-item woocommerce-product-attributes-item--attribute_pa_material\" style=\"height: 23px;\">\n<th class=\"woocommerce-product-attributes-item__label\" style=\"width: 10.4301%; height: 23px;\">T\u00ednh n\u0103ng<\/th>\n<td class=\"woocommerce-product-attributes-item__value\" style=\"width: 118.925%; height: 23px;\">D\u1ef1a \u0111\u1ea7u T\u0103ng\/Gi\u1ea3m chi\u1ec1u cao, Tay gh\u1ebf m\u1edf g\u1eadp, G\u1eacT g\u00f9 b\u1eadp b\u00eanh th\u01b0 gi\u00e3n.<\/td>\n<\/tr>\n<tr class=\"woocommerce-product-attributes-item woocommerce-product-attributes-item--attribute_item-code\" style=\"height: 23px;\">\n<th class=\"woocommerce-product-attributes-item__label\" style=\"width: 10.4301%; height: 23px;\">B\u1ea3o h\u00e0nh<\/th>\n<td class=\"woocommerce-product-attributes-item__value\" style=\"width: 118.925%; height: 23px;\">\u00a006 th\u00e1ng<\/td>\n<\/tr>\n<\/tbody>\n<\/table>\n<p>&nbsp;<\/p>","protected":false},"excerpt":{"rendered":"<p>Ch\u1ea5t li\u1ec7u khung s\u01b0\u1eddn nh\u1ef1a PP, L\u01b0ng b\u1ecdc l\u01b0\u1edbi, N\u1ec7m ng\u1ed3i b\u1ecdc v\u1ea3i, ch\u00e2n nh\u1ef1a \u0111\u00fac \u0111\u1eb7c. M\u00e0u s\u1eafc S\u01b0\u1eddn \u0111en l\u01b0\u1edbi \u0111en, S\u01b0\u1eddn tr\u1eafng l\u01b0\u1edbi \u0111en K\u00edch th\u01b0\u1edbc \u0110ang c\u1eadp nh\u1eadt T\u00ednh n\u0103ng D\u1ef1a \u0111\u1ea7u T\u0103ng\/Gi\u1ea3m chi\u1ec1u cao, Tay gh\u1ebf m\u1edf g\u1eadp, G\u1eacT g\u00f9 b\u1eadp b\u00eanh th\u01b0 gi\u00e3n. B\u1ea3o h\u00e0nh \u00a006 th\u00e1ng &nbsp;<\/p>","protected":false},"featured_media":6846,"comment_status":"open","ping_status":"closed","template":"","meta":[],"product_cat":[59,70,112],"product_tag":[],"yoast_head":"<!-- This site is optimized with the Yoast SEO Premium plugin v21.7 (Yoast SEO v21.7) - https:\/\/yoast.com\/wordpress\/plugins\/seo\/ -->\n<title>Gh\u1ebf AMA-CTH-79 - AMAFURNI<\/title>\n<meta name=\"robots\" content=\"index, follow, max-snippet:-1, max-image-preview:large, max-video-preview:-1\" \/>\n<link rel=\"canonical\" href=\"https:\/\/amafurni.vn\/en\/product\/ghe-ama-cth-79\/\" \/>\n<meta property=\"og:locale\" content=\"en_US\" \/>\n<meta property=\"og:type\" content=\"article\" \/>\n<meta property=\"og:title\" content=\"Gh\u1ebf AMA-CTH-79\" \/>\n<meta property=\"og:description\" content=\"Ch\u1ea5t li\u1ec7u khung s\u01b0\u1eddn nh\u1ef1a PP, L\u01b0ng b\u1ecdc l\u01b0\u1edbi, N\u1ec7m ng\u1ed3i b\u1ecdc v\u1ea3i, ch\u00e2n nh\u1ef1a \u0111\u00fac \u0111\u1eb7c. M\u00e0u s\u1eafc S\u01b0\u1eddn \u0111en l\u01b0\u1edbi \u0111en, S\u01b0\u1eddn tr\u1eafng l\u01b0\u1edbi \u0111en K\u00edch th\u01b0\u1edbc \u0110ang c\u1eadp nh\u1eadt T\u00ednh n\u0103ng D\u1ef1a \u0111\u1ea7u T\u0103ng\/Gi\u1ea3m chi\u1ec1u cao, Tay gh\u1ebf m\u1edf g\u1eadp, G\u1eacT g\u00f9 b\u1eadp b\u00eanh th\u01b0 gi\u00e3n. B\u1ea3o h\u00e0nh \u00a006 th\u00e1ng &nbsp;\" \/>\n<meta property=\"og:url\" content=\"https:\/\/amafurni.vn\/en\/product\/ghe-ama-cth-79\/\" \/>\n<meta property=\"og:site_name\" content=\"AMAFURNI\" \/>\n<meta property=\"article:modified_time\" content=\"2025-11-12T07:12:00+00:00\" \/>\n<meta property=\"og:image\" content=\"https:\/\/amafurni.vn\/wp-content\/uploads\/2023\/12\/z5013170347773_a0901f3add2af1a34d6c91a1aba15906.jpg\" \/>\n\t<meta property=\"og:image:width\" content=\"1440\" \/>\n\t<meta property=\"og:image:height\" content=\"1920\" \/>\n\t<meta property=\"og:image:type\" content=\"image\/jpeg\" \/>\n<meta name=\"twitter:card\" content=\"summary_large_image\" \/>\n<meta name=\"twitter:label1\" content=\"Est. reading time\" \/>\n\t<meta name=\"twitter:data1\" content=\"1 minute\" \/>\n<script type=\"application\/ld+json\" class=\"yoast-schema-graph\">{\"@context\":\"https:\/\/schema.org\",\"@graph\":[{\"@type\":\"WebPage\",\"@id\":\"https:\/\/amafurni.vn\/san-pham\/ghe-ama-cth-79\/\",\"url\":\"https:\/\/amafurni.vn\/san-pham\/ghe-ama-cth-79\/\",\"name\":\"Gh\u1ebf AMA-CTH-79 - AMAFURNI\",\"isPartOf\":{\"@id\":\"https:\/\/amafurni.vn\/#website\"},\"datePublished\":\"2023-12-27T09:40:39+00:00\",\"dateModified\":\"2025-11-12T07:12:00+00:00\",\"breadcrumb\":{\"@id\":\"https:\/\/amafurni.vn\/san-pham\/ghe-ama-cth-79\/#breadcrumb\"},\"inLanguage\":\"en-US\",\"potentialAction\":[{\"@type\":\"ReadAction\",\"target\":[\"https:\/\/amafurni.vn\/san-pham\/ghe-ama-cth-79\/\"]}]},{\"@type\":\"BreadcrumbList\",\"@id\":\"https:\/\/amafurni.vn\/san-pham\/ghe-ama-cth-79\/#breadcrumb\",\"itemListElement\":[{\"@type\":\"ListItem\",\"position\":1,\"name\":\"Trang ch\u1ee7\",\"item\":\"https:\/\/amafurni.vn\/\"},{\"@type\":\"ListItem\",\"position\":2,\"name\":\"S\u1ea3n ph\u1ea9m\",\"item\":\"https:\/\/amafurni.vn\/san-pham\/\"},{\"@type\":\"ListItem\",\"position\":3,\"name\":\"Gh\u1ebf AMA-CTH-79\"}]},{\"@type\":\"WebSite\",\"@id\":\"https:\/\/amafurni.vn\/#website\",\"url\":\"https:\/\/amafurni.vn\/\",\"name\":\"AMAFURNI\",\"description\":\"\",\"potentialAction\":[{\"@type\":\"SearchAction\",\"target\":{\"@type\":\"EntryPoint\",\"urlTemplate\":\"https:\/\/amafurni.vn\/?s={search_term_string}\"},\"query-input\":\"required name=search_term_string\"}],\"inLanguage\":\"en-US\"}]}<\/script>\n<!-- \/ Yoast SEO Premium plugin. -->","yoast_head_json":{"title":"Gh\u1ebf AMA-CTH-79 - AMAFURNI","robots":{"index":"index","follow":"follow","max-snippet":"max-snippet:-1","max-image-preview":"max-image-preview:large","max-video-preview":"max-video-preview:-1"},"canonical":"https:\/\/amafurni.vn\/en\/product\/ghe-ama-cth-79\/","og_locale":"en_US","og_type":"article","og_title":"Gh\u1ebf AMA-CTH-79","og_description":"Ch\u1ea5t li\u1ec7u khung s\u01b0\u1eddn nh\u1ef1a PP, L\u01b0ng b\u1ecdc l\u01b0\u1edbi, N\u1ec7m ng\u1ed3i b\u1ecdc v\u1ea3i, ch\u00e2n nh\u1ef1a \u0111\u00fac \u0111\u1eb7c. M\u00e0u s\u1eafc S\u01b0\u1eddn \u0111en l\u01b0\u1edbi \u0111en, S\u01b0\u1eddn tr\u1eafng l\u01b0\u1edbi \u0111en K\u00edch th\u01b0\u1edbc \u0110ang c\u1eadp nh\u1eadt T\u00ednh n\u0103ng D\u1ef1a \u0111\u1ea7u T\u0103ng\/Gi\u1ea3m chi\u1ec1u cao, Tay gh\u1ebf m\u1edf g\u1eadp, G\u1eacT g\u00f9 b\u1eadp b\u00eanh th\u01b0 gi\u00e3n. B\u1ea3o h\u00e0nh \u00a006 th\u00e1ng &nbsp;","og_url":"https:\/\/amafurni.vn\/en\/product\/ghe-ama-cth-79\/","og_site_name":"AMAFURNI","article_modified_time":"2025-11-12T07:12:00+00:00","og_image":[{"width":1440,"height":1920,"url":"https:\/\/amafurni.vn\/wp-content\/uploads\/2023\/12\/z5013170347773_a0901f3add2af1a34d6c91a1aba15906.jpg","type":"image\/jpeg"}],"twitter_card":"summary_large_image","twitter_misc":{"Est. reading time":"1 minute"},"schema":{"@context":"https:\/\/schema.org","@graph":[{"@type":"WebPage","@id":"https:\/\/amafurni.vn\/san-pham\/ghe-ama-cth-79\/","url":"https:\/\/amafurni.vn\/san-pham\/ghe-ama-cth-79\/","name":"Gh\u1ebf AMA-CTH-79 - AMAFURNI","isPartOf":{"@id":"https:\/\/amafurni.vn\/#website"},"datePublished":"2023-12-27T09:40:39+00:00","dateModified":"2025-11-12T07:12:00+00:00","breadcrumb":{"@id":"https:\/\/amafurni.vn\/san-pham\/ghe-ama-cth-79\/#breadcrumb"},"inLanguage":"en-US","potentialAction":[{"@type":"ReadAction","target":["https:\/\/amafurni.vn\/san-pham\/ghe-ama-cth-79\/"]}]},{"@type":"BreadcrumbList","@id":"https:\/\/amafurni.vn\/san-pham\/ghe-ama-cth-79\/#breadcrumb","itemListElement":[{"@type":"ListItem","position":1,"name":"Trang ch\u1ee7","item":"https:\/\/amafurni.vn\/"},{"@type":"ListItem","position":2,"name":"S\u1ea3n ph\u1ea9m","item":"https:\/\/amafurni.vn\/san-pham\/"},{"@type":"ListItem","position":3,"name":"Gh\u1ebf AMA-CTH-79"}]},{"@type":"WebSite","@id":"https:\/\/amafurni.vn\/#website","url":"https:\/\/amafurni.vn\/","name":"AMAFURNI","description":"","potentialAction":[{"@type":"SearchAction","target":{"@type":"EntryPoint","urlTemplate":"https:\/\/amafurni.vn\/?s={search_term_string}"},"query-input":"required name=search_term_string"}],"inLanguage":"en-US"}]}},"_links":{"self":[{"href":"https:\/\/amafurni.vn\/en\/wp-json\/wp\/v2\/product\/6840"}],"collection":[{"href":"https:\/\/amafurni.vn\/en\/wp-json\/wp\/v2\/product"}],"about":[{"href":"https:\/\/amafurni.vn\/en\/wp-json\/wp\/v2\/types\/product"}],"replies":[{"embeddable":true,"href":"https:\/\/amafurni.vn\/en\/wp-json\/wp\/v2\/comments?post=6840"}],"wp:featuredmedia":[{"embeddable":true,"href":"https:\/\/amafurni.vn\/en\/wp-json\/wp\/v2\/media\/6846"}],"wp:attachment":[{"href":"https:\/\/amafurni.vn\/en\/wp-json\/wp\/v2\/media?parent=6840"}],"wp:term":[{"taxonomy":"product_cat","embeddable":true,"href":"https:\/\/amafurni.vn\/en\/wp-json\/wp\/v2\/product_cat?post=6840"},{"taxonomy":"product_tag","embeddable":true,"href":"https:\/\/amafurni.vn\/en\/wp-json\/wp\/v2\/product_tag?post=6840"}],"curies":[{"name":"wp","href":"https:\/\/api.w.org\/{rel}","templated":true}]}}