{"id":6859,"date":"2023-12-28T10:28:59","date_gmt":"2023-12-28T03:28:59","guid":{"rendered":"https:\/\/amafurni.vn\/?post_type=product&#038;p=6859"},"modified":"2025-11-12T14:11:59","modified_gmt":"2025-11-12T07:11:59","slug":"ama-sofa-bed-sb-01","status":"publish","type":"product","link":"https:\/\/amafurni.vn\/en\/product\/ama-sofa-bed-sb-01\/","title":{"rendered":"AMA-SOFA BED SB-01"},"content":{"rendered":"<table class=\"woocommerce-product-attributes shop_attributes\" style=\"width: 100.801%;height: 312px\" width=\"929\">\n<tbody>\n<tr class=\"woocommerce-product-attributes-item woocommerce-product-attributes-item--attribute_season\" style=\"height: 24px\">\n<th class=\"woocommerce-product-attributes-item__label\" style=\"width: 11.0032%;height: 24px\">Material<\/th>\n<td class=\"woocommerce-product-attributes-item__value\" style=\"width: 88.1338%;height: 24px\">19 m\u00e0u v\u1ea3i v\u00e0 35 m\u00e0u da simili<\/td>\n<\/tr>\n<tr class=\"woocommerce-product-attributes-item woocommerce-product-attributes-item--attribute_pa_color\" style=\"height: 24px\">\n<th class=\"woocommerce-product-attributes-item__label\" style=\"width: 11.0032%;height: 24px\">M\u00e0u S\u1eafc<\/th>\n<td class=\"woocommerce-product-attributes-item__value\" style=\"width: 88.1338%;height: 24px\">Tu\u1ef3 theo y\u00eau c\u1ea7u<\/td>\n<\/tr>\n<tr class=\"woocommerce-product-attributes-item woocommerce-product-attributes-item--attribute_style\" style=\"height: 216px\">\n<th class=\"woocommerce-product-attributes-item__label\" style=\"width: 11.0032%;height: 216px\">Size<\/th>\n<td class=\"woocommerce-product-attributes-item__value\" style=\"width: 88.1338%;height: 216px\">&#8211; K\u00edch th\u01b0\u1edbc gh\u1ebf Sofa:<\/p>\n<p>D\u00e0i: 1850 mm X R\u1ed9ng: 500 mm X Cao: 880 mm<\/p>\n<p>&#8211; K\u00edch th\u01b0\u1edbc m\u1edf ra th\u00e0nh gi\u01b0\u1eddng:<\/p>\n<p>D\u00e0i: 1850 mm X R\u1ed9ng: 1100 mm<\/p>\n<p>&#8211; Ch\u00e2n gh\u1ebf cao: 200 mm<\/td>\n<\/tr>\n<tr class=\"woocommerce-product-attributes-item woocommerce-product-attributes-item--attribute_pa_material\" style=\"height: 24px\">\n<th class=\"woocommerce-product-attributes-item__label\" style=\"width: 11.0032%;height: 24px\">T\u00ednh N\u0103ng<\/th>\n<td class=\"woocommerce-product-attributes-item__value\" style=\"width: 88.1338%;height: 24px\">\u00a03 g\u00f3c \u0111\u1ed9 ng\u1ea3 l\u01b0ng th\u01b0 gi\u1ea3n<\/td>\n<\/tr>\n<tr class=\"woocommerce-product-attributes-item woocommerce-product-attributes-item--attribute_item-code\" style=\"height: 24px\">\n<th class=\"woocommerce-product-attributes-item__label\" style=\"width: 11.0032%;height: 24px\">B\u1ea3o H\u00e0nh<\/th>\n<td class=\"woocommerce-product-attributes-item__value\" style=\"width: 88.1338%;height: 24px\">12 th\u00e1ng<\/td>\n<\/tr>\n<\/tbody>\n<\/table>","protected":false},"excerpt":{"rendered":"<p>Sofa Gi\u01b0\u1eddng &#8211; Sofa Bed Sofia v\u1eeba l\u00e0m gi\u01b0\u1eddng v\u1eeba l\u00e0m gh\u1ebf sofa ti\u1ec7n l\u1ee3i v\u00e0 ti\u1ebft ki\u1ec7m.<\/p>\n<p>T\u00d4 \u0110I\u1ec2M KH\u00d4NG GIAN NH\u00c0 B\u1ea0N V\u1edaI T\u00d9Y CH\u1eccN 19 M\u00c0U V\u1ea2I V\u00c0 35 M\u00c0U DA SIMILI<br \/>\nV\u1edbi 19 m\u00e0u v\u1ea3i\u00a0v\u00e0\u00a035 m\u00e0u da Simili, tha h\u1ed3 l\u1ef1a ch\u1ecdn m\u00e0u sofa\u00a0ph\u00f9 h\u1ee3p v\u1edbi s\u1edf th\u00edch v\u00e0 kh\u00f4ng gian nh\u00e0 b\u1ea1n<\/p>\n<p>\u01afU \u0110I\u1ec2M KH\u00c1C BI\u1ec6T C\u1ee6A SOFIA<br \/>\n&#8211; 3 g\u00f3c \u0111\u1ed9 ng\u1ea3 l\u01b0ng th\u01b0 gi\u00e3n<br \/>\nNgo\u00e0i 2 g\u00f3c \u0111\u1ed9 ng\u1ea3 l\u01b0ng l\u00e0 100 \u0111\u1ed9 (gh\u1ebf sofa) v\u00e0 ng\u1ea3 l\u01b0ng 180 \u0111\u1ed9 (gi\u01b0\u1eddng sofa), c\u00f2n thi\u1ebft k\u1ebf cho SB 01 th\u00eam 1 g\u00f3c ng\u1ea3 l\u01b0ng 140 \u0111\u1ed9. \u1ede g\u00f3c \u0111\u1ed9 n\u00e0y, SB 01 s\u1ebd gi\u00fap l\u01b0ng b\u1ea1n \u0111\u01b0\u1ee3c t\u1ef1a ho\u00e0n to\u00e0n v\u00e0o th\u00e0nh gh\u1ebf, gi\u00fap gi\u1ea3m tr\u1ecdng l\u01b0\u1ee3ng v\u00e0 \u00e1p l\u1ef1c l\u00ean c\u1ed9t s\u1ed1ng, t\u1ea1o c\u1ea3m gi\u00e1c th\u01b0 gi\u00e3n tuy\u1ec7t \u0111\u1ed1i.<\/p>\n<p>&#8211; N\u1eb1m ng\u1ee7 tr\u00ean Sofa gi\u01b0\u1eddng\u00a0SB 01\u00a0su\u1ed1t 8 ti\u1ebfng m\u00e0 kh\u00f4ng s\u1ee3 \u0111au l\u01b0ng:<br \/>\nTheo c\u00e1c chuy\u00ean gia v\u00e0 b\u00e1c s\u0129 v\u1ec1 x\u01b0\u01a1ng \u0111\u1ec1u khuy\u00ean r\u1eb1ng ng\u01b0\u1eddi b\u1ecb ch\u1ee9ng \u0111au m\u1ecfi l\u01b0ng n\u00ean n\u1eb1m n\u1ec7m c\u00f3 \u0111\u1ed9 c\u1ee9ng v\u1eeba ph\u1ea3i, kh\u00f4ng n\u00ean n\u1eb1m n\u1ec7m qu\u00e1 c\u1ee9ng hay qu\u00e1 m\u1ec1m s\u1ebd \u1ea3nh h\u01b0\u1edfng \u0111\u1ebfn \u0111\u1ed9 cong c\u1ee7a c\u1ed9t s\u1ed1ng.<br \/>\nV\u00ec th\u1ebf, n\u1ec7m\u00a0SB 01\u00a0\u0111\u01b0\u1ee3c thi\u1ebft k\u1ebf d\u1ef1a tr\u00ean ti\u00eau chu\u1ea9n v\u1ec1 s\u1ee9c kh\u1ecfe, c\u00f3 \u0111\u1ed9 c\u1ee9ng v\u1eeba ph\u1ea3i, khi n\u1eb1m l\u00e2u v\u1eabn kh\u00f4ng b\u1ecb \u0111au l\u01b0ng, b\u1ea1n c\u00f3 th\u1ec3 n\u1eb1m ng\u1ee7 su\u1ed1t 8 ti\u1ebfng tr\u00ean gi\u01b0\u1eddng\u00a0SB 01\u00a0m\u00e0 kh\u00f4ng c\u00f3 c\u1ea3m gi\u00e1c m\u1ec7t m\u1ecfi hay u\u1ec3 o\u1ea3i nh\u01b0 n\u1eb1m nh\u1eefng gh\u1ebf sofa th\u00f4ng th\u01b0\u1eddng.<\/p>\n<div class=\"module\">\n<div class=\"detail-decrip des_1\">\n<div class=\"box-img box-img-left\">\n<div class=\"des\">&#8211; Khe g\u1ea5p gi\u1eefa n\u1ec7m kh\u00f4ng b\u1ecb c\u1ea5n khi n\u1eb1m:<br \/>\n\u0110\u1ed1i v\u1edbi sofa gi\u01b0\u1eddng th\u01b0\u1eddng c\u00f3 khe g\u1ea5p gi\u1eefa n\u1ec7m (x\u1ebfp th\u00e0nh gh\u1ebf sofa), n\u00ean khi k\u00e9o ra th\u00e0nh gi\u01b0\u1eddng, khe g\u1ea5p s\u1ebd t\u1ea1o th\u00e0nh 1 \u0111\u01b0\u1eddng l\u00f5m xu\u1ed1ng, n\u1ebfu b\u1ea1n n\u1eb1m ngay v\u1ecb tr\u00ed n\u00e0y l\u01b0ng s\u1ebd b\u1ecb c\u1ea5n v\u00e0 c\u00f3 c\u1ea3m gi\u00e1c kh\u00f4ng tho\u1ea3i m\u00e1i.<br \/>\nHi\u1ec3u \u0111\u01b0\u1ee3c \u0111i\u1ec1u n\u00e0y, Themia.vn \u0111\u00e3 thi\u1ebft k\u1ebf cho khe g\u1ea5p \u0111\u01b0\u1ee3c n\u00e2ng \u0111\u1ec1u b\u1edfi m\u1eb7t n\u1ec7m 2 b\u00ean, kh\u00f4ng b\u1ecb c\u1ea5n khi n\u1eb1m.<\/div>\n<\/div>\n<\/div>\n<\/div>\n<div class=\"module\">\n<div class=\"detail-decrip des_1\">\n<p>&#8211; Ch\u00e2n gh\u1ebf th\u00e1o l\u1eafp d\u1ec5 d\u00e0ng v\u1eadn chuy\u1ec3n:<\/p>\n<p>Ch\u00e2n s\u1eaft s\u01a1n t\u0129nh \u0111i\u1ec7n b\u1ec1n ch\u1eafc, kh\u00f4ng g\u1ec9 v\u00e0 c\u00f3 th\u1ec3 th\u00e1o l\u1eafp, gi\u00fap qu\u00e1 tr\u00ecnh v\u1eadn chuy\u1ec3n, di d\u1eddi d\u1ec5 d\u00e0ng, tr\u00e1nh va qu\u1eb9t.<\/p>\n<p>\u0110i\u1ec1u n\u00e0y r\u1ea5t c\u00f3 \u00edch m\u1ed7i khi b\u1ea1n chuy\u1ec3n n\u01a1i sinh s\u1ed1ng ho\u1eb7c v\u1edbi c\u00e1c c\u00f4ng tr\u00ecnh c\u1ea7n thay \u0111\u1ed5i b\u1ed1 c\u1ee5c kh\u00f4ng gian.<\/p>\n<p>&nbsp;<\/p>\n<p>&nbsp;<\/p>\n<p>TH\u00d4NG S\u1ed0 K\u1ef8 THU\u1eacT<\/p>\n<p>&#8211; K\u00edch th\u01b0\u1edbc gh\u1ebf Sofa:<\/p>\n<p>D\u00e0i: 1850 mm X R\u1ed9ng: 500 mm X Cao: 880 mm<\/p>\n<p>&#8211; K\u00edch th\u01b0\u1edbc m\u1edf ra th\u00e0nh gi\u01b0\u1eddng:<\/p>\n<p>D\u00e0i: 1850 mm X R\u1ed9ng: 1100 mm<\/p>\n<p>&#8211; Ch\u00e2n gh\u1ebf cao: 200 mm<\/p>\n<p>&nbsp;<\/p>\n<\/div>\n<\/div>","protected":false},"featured_media":6893,"comment_status":"open","ping_status":"closed","template":"","meta":[],"product_cat":[61,86,111],"product_tag":[164,165],"yoast_head":"<!-- This site is optimized with the Yoast SEO Premium plugin v21.7 (Yoast SEO v21.7) - https:\/\/yoast.com\/wordpress\/plugins\/seo\/ -->\n<title>AMA-SOFA BED SB-01 - AMAFURNI<\/title>\n<meta name=\"robots\" content=\"index, follow, max-snippet:-1, max-image-preview:large, max-video-preview:-1\" \/>\n<link rel=\"canonical\" href=\"https:\/\/amafurni.vn\/en\/product\/ama-sofa-bed-sb-01\/\" \/>\n<meta property=\"og:locale\" content=\"en_US\" \/>\n<meta property=\"og:type\" content=\"article\" \/>\n<meta property=\"og:title\" content=\"AMA-SOFA BED SB-01\" \/>\n<meta property=\"og:description\" content=\"Sofa Gi\u01b0\u1eddng - Sofa Bed Sofia v\u1eeba l\u00e0m gi\u01b0\u1eddng v\u1eeba l\u00e0m gh\u1ebf sofa ti\u1ec7n l\u1ee3i v\u00e0 ti\u1ebft ki\u1ec7m.  T\u00d4 \u0110I\u1ec2M KH\u00d4NG GIAN NH\u00c0 B\u1ea0N V\u1edaI T\u00d9Y CH\u1eccN 19 M\u00c0U V\u1ea2I V\u00c0 35 M\u00c0U DA SIMILI V\u1edbi 19 m\u00e0u v\u1ea3i\u00a0v\u00e0\u00a035 m\u00e0u da Simili, tha h\u1ed3 l\u1ef1a ch\u1ecdn m\u00e0u sofa\u00a0ph\u00f9 h\u1ee3p v\u1edbi s\u1edf th\u00edch v\u00e0 kh\u00f4ng gian nh\u00e0 b\u1ea1n  \u01afU \u0110I\u1ec2M KH\u00c1C BI\u1ec6T C\u1ee6A SOFIA - 3 g\u00f3c \u0111\u1ed9 ng\u1ea3 l\u01b0ng th\u01b0 gi\u00e3n Ngo\u00e0i 2 g\u00f3c \u0111\u1ed9 ng\u1ea3 l\u01b0ng l\u00e0 100 \u0111\u1ed9 (gh\u1ebf sofa) v\u00e0 ng\u1ea3 l\u01b0ng 180 \u0111\u1ed9 (gi\u01b0\u1eddng sofa), c\u00f2n thi\u1ebft k\u1ebf cho SB 01 th\u00eam 1 g\u00f3c ng\u1ea3 l\u01b0ng 140 \u0111\u1ed9. \u1ede g\u00f3c \u0111\u1ed9 n\u00e0y, SB 01 s\u1ebd gi\u00fap l\u01b0ng b\u1ea1n \u0111\u01b0\u1ee3c t\u1ef1a ho\u00e0n to\u00e0n v\u00e0o th\u00e0nh gh\u1ebf, gi\u00fap gi\u1ea3m tr\u1ecdng l\u01b0\u1ee3ng v\u00e0 \u00e1p l\u1ef1c l\u00ean c\u1ed9t s\u1ed1ng, t\u1ea1o c\u1ea3m gi\u00e1c th\u01b0 gi\u00e3n tuy\u1ec7t \u0111\u1ed1i.  - N\u1eb1m ng\u1ee7 tr\u00ean Sofa gi\u01b0\u1eddng\u00a0SB 01\u00a0su\u1ed1t 8 ti\u1ebfng m\u00e0 kh\u00f4ng s\u1ee3 \u0111au l\u01b0ng: Theo c\u00e1c chuy\u00ean gia v\u00e0 b\u00e1c s\u0129 v\u1ec1 x\u01b0\u01a1ng \u0111\u1ec1u khuy\u00ean r\u1eb1ng ng\u01b0\u1eddi b\u1ecb ch\u1ee9ng \u0111au m\u1ecfi l\u01b0ng n\u00ean n\u1eb1m n\u1ec7m c\u00f3 \u0111\u1ed9 c\u1ee9ng v\u1eeba ph\u1ea3i, kh\u00f4ng n\u00ean n\u1eb1m n\u1ec7m qu\u00e1 c\u1ee9ng hay qu\u00e1 m\u1ec1m s\u1ebd \u1ea3nh h\u01b0\u1edfng \u0111\u1ebfn \u0111\u1ed9 cong c\u1ee7a c\u1ed9t s\u1ed1ng. V\u00ec th\u1ebf, n\u1ec7m\u00a0SB 01\u00a0\u0111\u01b0\u1ee3c thi\u1ebft k\u1ebf d\u1ef1a tr\u00ean ti\u00eau chu\u1ea9n v\u1ec1 s\u1ee9c kh\u1ecfe, c\u00f3 \u0111\u1ed9 c\u1ee9ng v\u1eeba ph\u1ea3i, khi n\u1eb1m l\u00e2u v\u1eabn kh\u00f4ng b\u1ecb \u0111au l\u01b0ng, b\u1ea1n c\u00f3 th\u1ec3 n\u1eb1m ng\u1ee7 su\u1ed1t 8 ti\u1ebfng tr\u00ean gi\u01b0\u1eddng\u00a0SB 01\u00a0m\u00e0 kh\u00f4ng c\u00f3 c\u1ea3m gi\u00e1c m\u1ec7t m\u1ecfi hay u\u1ec3 o\u1ea3i nh\u01b0 n\u1eb1m nh\u1eefng gh\u1ebf sofa th\u00f4ng th\u01b0\u1eddng.    - Khe g\u1ea5p gi\u1eefa n\u1ec7m kh\u00f4ng b\u1ecb c\u1ea5n khi n\u1eb1m: \u0110\u1ed1i v\u1edbi sofa gi\u01b0\u1eddng th\u01b0\u1eddng c\u00f3 khe g\u1ea5p gi\u1eefa n\u1ec7m (x\u1ebfp th\u00e0nh gh\u1ebf sofa), n\u00ean khi k\u00e9o ra th\u00e0nh gi\u01b0\u1eddng, khe g\u1ea5p s\u1ebd t\u1ea1o th\u00e0nh 1 \u0111\u01b0\u1eddng l\u00f5m xu\u1ed1ng, n\u1ebfu b\u1ea1n n\u1eb1m ngay v\u1ecb tr\u00ed n\u00e0y l\u01b0ng s\u1ebd b\u1ecb c\u1ea5n v\u00e0 c\u00f3 c\u1ea3m gi\u00e1c kh\u00f4ng tho\u1ea3i m\u00e1i. Hi\u1ec3u \u0111\u01b0\u1ee3c \u0111i\u1ec1u n\u00e0y, Themia.vn \u0111\u00e3 thi\u1ebft k\u1ebf cho khe g\u1ea5p \u0111\u01b0\u1ee3c n\u00e2ng \u0111\u1ec1u b\u1edfi m\u1eb7t n\u1ec7m 2 b\u00ean, kh\u00f4ng b\u1ecb c\u1ea5n khi n\u1eb1m.       - Ch\u00e2n gh\u1ebf th\u00e1o l\u1eafp d\u1ec5 d\u00e0ng v\u1eadn chuy\u1ec3n:  Ch\u00e2n s\u1eaft s\u01a1n t\u0129nh \u0111i\u1ec7n b\u1ec1n ch\u1eafc, kh\u00f4ng g\u1ec9 v\u00e0 c\u00f3 th\u1ec3 th\u00e1o l\u1eafp, gi\u00fap qu\u00e1 tr\u00ecnh v\u1eadn chuy\u1ec3n, di d\u1eddi d\u1ec5 d\u00e0ng, tr\u00e1nh va qu\u1eb9t.  \u0110i\u1ec1u n\u00e0y r\u1ea5t c\u00f3 \u00edch m\u1ed7i khi b\u1ea1n chuy\u1ec3n n\u01a1i sinh s\u1ed1ng ho\u1eb7c v\u1edbi c\u00e1c c\u00f4ng tr\u00ecnh c\u1ea7n thay \u0111\u1ed5i b\u1ed1 c\u1ee5c kh\u00f4ng gian.  &nbsp;  &nbsp;  TH\u00d4NG S\u1ed0 K\u1ef8 THU\u1eacT  - K\u00edch th\u01b0\u1edbc gh\u1ebf Sofa:  D\u00e0i: 1850 mm X R\u1ed9ng: 500 mm X Cao: 880 mm  - K\u00edch th\u01b0\u1edbc m\u1edf ra th\u00e0nh gi\u01b0\u1eddng:  D\u00e0i: 1850 mm X R\u1ed9ng: 1100 mm  - Ch\u00e2n gh\u1ebf cao: 200 mm  &nbsp;\" \/>\n<meta property=\"og:url\" content=\"https:\/\/amafurni.vn\/en\/product\/ama-sofa-bed-sb-01\/\" \/>\n<meta property=\"og:site_name\" content=\"AMAFURNI\" \/>\n<meta property=\"article:modified_time\" content=\"2025-11-12T07:11:59+00:00\" \/>\n<meta property=\"og:image\" content=\"https:\/\/amafurni.vn\/wp-content\/uploads\/2023\/12\/z5017214008932_b86e87e4ed462c363819608f5ce70461.jpg\" \/>\n\t<meta property=\"og:image:width\" content=\"800\" \/>\n\t<meta property=\"og:image:height\" content=\"800\" \/>\n\t<meta property=\"og:image:type\" content=\"image\/jpeg\" \/>\n<meta name=\"twitter:card\" content=\"summary_large_image\" \/>\n<meta name=\"twitter:label1\" content=\"Est. reading time\" \/>\n\t<meta name=\"twitter:data1\" content=\"1 minute\" \/>\n<script type=\"application\/ld+json\" class=\"yoast-schema-graph\">{\"@context\":\"https:\/\/schema.org\",\"@graph\":[{\"@type\":\"WebPage\",\"@id\":\"https:\/\/amafurni.vn\/san-pham\/ama-sofa-bed-sb-01\/\",\"url\":\"https:\/\/amafurni.vn\/san-pham\/ama-sofa-bed-sb-01\/\",\"name\":\"AMA-SOFA BED SB-01 - AMAFURNI\",\"isPartOf\":{\"@id\":\"https:\/\/amafurni.vn\/#website\"},\"datePublished\":\"2023-12-28T03:28:59+00:00\",\"dateModified\":\"2025-11-12T07:11:59+00:00\",\"breadcrumb\":{\"@id\":\"https:\/\/amafurni.vn\/san-pham\/ama-sofa-bed-sb-01\/#breadcrumb\"},\"inLanguage\":\"en-US\",\"potentialAction\":[{\"@type\":\"ReadAction\",\"target\":[\"https:\/\/amafurni.vn\/san-pham\/ama-sofa-bed-sb-01\/\"]}]},{\"@type\":\"BreadcrumbList\",\"@id\":\"https:\/\/amafurni.vn\/san-pham\/ama-sofa-bed-sb-01\/#breadcrumb\",\"itemListElement\":[{\"@type\":\"ListItem\",\"position\":1,\"name\":\"Trang ch\u1ee7\",\"item\":\"https:\/\/amafurni.vn\/\"},{\"@type\":\"ListItem\",\"position\":2,\"name\":\"S\u1ea3n ph\u1ea9m\",\"item\":\"https:\/\/amafurni.vn\/san-pham\/\"},{\"@type\":\"ListItem\",\"position\":3,\"name\":\"AMA-SOFA BED SB-01\"}]},{\"@type\":\"WebSite\",\"@id\":\"https:\/\/amafurni.vn\/#website\",\"url\":\"https:\/\/amafurni.vn\/\",\"name\":\"AMAFURNI\",\"description\":\"\",\"potentialAction\":[{\"@type\":\"SearchAction\",\"target\":{\"@type\":\"EntryPoint\",\"urlTemplate\":\"https:\/\/amafurni.vn\/?s={search_term_string}\"},\"query-input\":\"required name=search_term_string\"}],\"inLanguage\":\"en-US\"}]}<\/script>\n<!-- \/ Yoast SEO Premium plugin. -->","yoast_head_json":{"title":"AMA-SOFA BED SB-01 - AMAFURNI","robots":{"index":"index","follow":"follow","max-snippet":"max-snippet:-1","max-image-preview":"max-image-preview:large","max-video-preview":"max-video-preview:-1"},"canonical":"https:\/\/amafurni.vn\/en\/product\/ama-sofa-bed-sb-01\/","og_locale":"en_US","og_type":"article","og_title":"AMA-SOFA BED SB-01","og_description":"Sofa Gi\u01b0\u1eddng - Sofa Bed Sofia v\u1eeba l\u00e0m gi\u01b0\u1eddng v\u1eeba l\u00e0m gh\u1ebf sofa ti\u1ec7n l\u1ee3i v\u00e0 ti\u1ebft ki\u1ec7m.  T\u00d4 \u0110I\u1ec2M KH\u00d4NG GIAN NH\u00c0 B\u1ea0N V\u1edaI T\u00d9Y CH\u1eccN 19 M\u00c0U V\u1ea2I V\u00c0 35 M\u00c0U DA SIMILI V\u1edbi 19 m\u00e0u v\u1ea3i\u00a0v\u00e0\u00a035 m\u00e0u da Simili, tha h\u1ed3 l\u1ef1a ch\u1ecdn m\u00e0u sofa\u00a0ph\u00f9 h\u1ee3p v\u1edbi s\u1edf th\u00edch v\u00e0 kh\u00f4ng gian nh\u00e0 b\u1ea1n  \u01afU \u0110I\u1ec2M KH\u00c1C BI\u1ec6T C\u1ee6A SOFIA - 3 g\u00f3c \u0111\u1ed9 ng\u1ea3 l\u01b0ng th\u01b0 gi\u00e3n Ngo\u00e0i 2 g\u00f3c \u0111\u1ed9 ng\u1ea3 l\u01b0ng l\u00e0 100 \u0111\u1ed9 (gh\u1ebf sofa) v\u00e0 ng\u1ea3 l\u01b0ng 180 \u0111\u1ed9 (gi\u01b0\u1eddng sofa), c\u00f2n thi\u1ebft k\u1ebf cho SB 01 th\u00eam 1 g\u00f3c ng\u1ea3 l\u01b0ng 140 \u0111\u1ed9. \u1ede g\u00f3c \u0111\u1ed9 n\u00e0y, SB 01 s\u1ebd gi\u00fap l\u01b0ng b\u1ea1n \u0111\u01b0\u1ee3c t\u1ef1a ho\u00e0n to\u00e0n v\u00e0o th\u00e0nh gh\u1ebf, gi\u00fap gi\u1ea3m tr\u1ecdng l\u01b0\u1ee3ng v\u00e0 \u00e1p l\u1ef1c l\u00ean c\u1ed9t s\u1ed1ng, t\u1ea1o c\u1ea3m gi\u00e1c th\u01b0 gi\u00e3n tuy\u1ec7t \u0111\u1ed1i.  - N\u1eb1m ng\u1ee7 tr\u00ean Sofa gi\u01b0\u1eddng\u00a0SB 01\u00a0su\u1ed1t 8 ti\u1ebfng m\u00e0 kh\u00f4ng s\u1ee3 \u0111au l\u01b0ng: Theo c\u00e1c chuy\u00ean gia v\u00e0 b\u00e1c s\u0129 v\u1ec1 x\u01b0\u01a1ng \u0111\u1ec1u khuy\u00ean r\u1eb1ng ng\u01b0\u1eddi b\u1ecb ch\u1ee9ng \u0111au m\u1ecfi l\u01b0ng n\u00ean n\u1eb1m n\u1ec7m c\u00f3 \u0111\u1ed9 c\u1ee9ng v\u1eeba ph\u1ea3i, kh\u00f4ng n\u00ean n\u1eb1m n\u1ec7m qu\u00e1 c\u1ee9ng hay qu\u00e1 m\u1ec1m s\u1ebd \u1ea3nh h\u01b0\u1edfng \u0111\u1ebfn \u0111\u1ed9 cong c\u1ee7a c\u1ed9t s\u1ed1ng. V\u00ec th\u1ebf, n\u1ec7m\u00a0SB 01\u00a0\u0111\u01b0\u1ee3c thi\u1ebft k\u1ebf d\u1ef1a tr\u00ean ti\u00eau chu\u1ea9n v\u1ec1 s\u1ee9c kh\u1ecfe, c\u00f3 \u0111\u1ed9 c\u1ee9ng v\u1eeba ph\u1ea3i, khi n\u1eb1m l\u00e2u v\u1eabn kh\u00f4ng b\u1ecb \u0111au l\u01b0ng, b\u1ea1n c\u00f3 th\u1ec3 n\u1eb1m ng\u1ee7 su\u1ed1t 8 ti\u1ebfng tr\u00ean gi\u01b0\u1eddng\u00a0SB 01\u00a0m\u00e0 kh\u00f4ng c\u00f3 c\u1ea3m gi\u00e1c m\u1ec7t m\u1ecfi hay u\u1ec3 o\u1ea3i nh\u01b0 n\u1eb1m nh\u1eefng gh\u1ebf sofa th\u00f4ng th\u01b0\u1eddng.    - Khe g\u1ea5p gi\u1eefa n\u1ec7m kh\u00f4ng b\u1ecb c\u1ea5n khi n\u1eb1m: \u0110\u1ed1i v\u1edbi sofa gi\u01b0\u1eddng th\u01b0\u1eddng c\u00f3 khe g\u1ea5p gi\u1eefa n\u1ec7m (x\u1ebfp th\u00e0nh gh\u1ebf sofa), n\u00ean khi k\u00e9o ra th\u00e0nh gi\u01b0\u1eddng, khe g\u1ea5p s\u1ebd t\u1ea1o th\u00e0nh 1 \u0111\u01b0\u1eddng l\u00f5m xu\u1ed1ng, n\u1ebfu b\u1ea1n n\u1eb1m ngay v\u1ecb tr\u00ed n\u00e0y l\u01b0ng s\u1ebd b\u1ecb c\u1ea5n v\u00e0 c\u00f3 c\u1ea3m gi\u00e1c kh\u00f4ng tho\u1ea3i m\u00e1i. Hi\u1ec3u \u0111\u01b0\u1ee3c \u0111i\u1ec1u n\u00e0y, Themia.vn \u0111\u00e3 thi\u1ebft k\u1ebf cho khe g\u1ea5p \u0111\u01b0\u1ee3c n\u00e2ng \u0111\u1ec1u b\u1edfi m\u1eb7t n\u1ec7m 2 b\u00ean, kh\u00f4ng b\u1ecb c\u1ea5n khi n\u1eb1m.       - Ch\u00e2n gh\u1ebf th\u00e1o l\u1eafp d\u1ec5 d\u00e0ng v\u1eadn chuy\u1ec3n:  Ch\u00e2n s\u1eaft s\u01a1n t\u0129nh \u0111i\u1ec7n b\u1ec1n ch\u1eafc, kh\u00f4ng g\u1ec9 v\u00e0 c\u00f3 th\u1ec3 th\u00e1o l\u1eafp, gi\u00fap qu\u00e1 tr\u00ecnh v\u1eadn chuy\u1ec3n, di d\u1eddi d\u1ec5 d\u00e0ng, tr\u00e1nh va qu\u1eb9t.  \u0110i\u1ec1u n\u00e0y r\u1ea5t c\u00f3 \u00edch m\u1ed7i khi b\u1ea1n chuy\u1ec3n n\u01a1i sinh s\u1ed1ng ho\u1eb7c v\u1edbi c\u00e1c c\u00f4ng tr\u00ecnh c\u1ea7n thay \u0111\u1ed5i b\u1ed1 c\u1ee5c kh\u00f4ng gian.  &nbsp;  &nbsp;  TH\u00d4NG S\u1ed0 K\u1ef8 THU\u1eacT  - K\u00edch th\u01b0\u1edbc gh\u1ebf Sofa:  D\u00e0i: 1850 mm X R\u1ed9ng: 500 mm X Cao: 880 mm  - K\u00edch th\u01b0\u1edbc m\u1edf ra th\u00e0nh gi\u01b0\u1eddng:  D\u00e0i: 1850 mm X R\u1ed9ng: 1100 mm  - Ch\u00e2n gh\u1ebf cao: 200 mm  &nbsp;","og_url":"https:\/\/amafurni.vn\/en\/product\/ama-sofa-bed-sb-01\/","og_site_name":"AMAFURNI","article_modified_time":"2025-11-12T07:11:59+00:00","og_image":[{"width":800,"height":800,"url":"https:\/\/amafurni.vn\/wp-content\/uploads\/2023\/12\/z5017214008932_b86e87e4ed462c363819608f5ce70461.jpg","type":"image\/jpeg"}],"twitter_card":"summary_large_image","twitter_misc":{"Est. reading time":"1 minute"},"schema":{"@context":"https:\/\/schema.org","@graph":[{"@type":"WebPage","@id":"https:\/\/amafurni.vn\/san-pham\/ama-sofa-bed-sb-01\/","url":"https:\/\/amafurni.vn\/san-pham\/ama-sofa-bed-sb-01\/","name":"AMA-SOFA BED SB-01 - AMAFURNI","isPartOf":{"@id":"https:\/\/amafurni.vn\/#website"},"datePublished":"2023-12-28T03:28:59+00:00","dateModified":"2025-11-12T07:11:59+00:00","breadcrumb":{"@id":"https:\/\/amafurni.vn\/san-pham\/ama-sofa-bed-sb-01\/#breadcrumb"},"inLanguage":"en-US","potentialAction":[{"@type":"ReadAction","target":["https:\/\/amafurni.vn\/san-pham\/ama-sofa-bed-sb-01\/"]}]},{"@type":"BreadcrumbList","@id":"https:\/\/amafurni.vn\/san-pham\/ama-sofa-bed-sb-01\/#breadcrumb","itemListElement":[{"@type":"ListItem","position":1,"name":"Trang ch\u1ee7","item":"https:\/\/amafurni.vn\/"},{"@type":"ListItem","position":2,"name":"S\u1ea3n ph\u1ea9m","item":"https:\/\/amafurni.vn\/san-pham\/"},{"@type":"ListItem","position":3,"name":"AMA-SOFA BED SB-01"}]},{"@type":"WebSite","@id":"https:\/\/amafurni.vn\/#website","url":"https:\/\/amafurni.vn\/","name":"AMAFURNI","description":"","potentialAction":[{"@type":"SearchAction","target":{"@type":"EntryPoint","urlTemplate":"https:\/\/amafurni.vn\/?s={search_term_string}"},"query-input":"required name=search_term_string"}],"inLanguage":"en-US"}]}},"_links":{"self":[{"href":"https:\/\/amafurni.vn\/en\/wp-json\/wp\/v2\/product\/6859"}],"collection":[{"href":"https:\/\/amafurni.vn\/en\/wp-json\/wp\/v2\/product"}],"about":[{"href":"https:\/\/amafurni.vn\/en\/wp-json\/wp\/v2\/types\/product"}],"replies":[{"embeddable":true,"href":"https:\/\/amafurni.vn\/en\/wp-json\/wp\/v2\/comments?post=6859"}],"wp:featuredmedia":[{"embeddable":true,"href":"https:\/\/amafurni.vn\/en\/wp-json\/wp\/v2\/media\/6893"}],"wp:attachment":[{"href":"https:\/\/amafurni.vn\/en\/wp-json\/wp\/v2\/media?parent=6859"}],"wp:term":[{"taxonomy":"product_cat","embeddable":true,"href":"https:\/\/amafurni.vn\/en\/wp-json\/wp\/v2\/product_cat?post=6859"},{"taxonomy":"product_tag","embeddable":true,"href":"https:\/\/amafurni.vn\/en\/wp-json\/wp\/v2\/product_tag?post=6859"}],"curies":[{"name":"wp","href":"https:\/\/api.w.org\/{rel}","templated":true}]}}