{"id":6913,"date":"2023-12-28T13:43:08","date_gmt":"2023-12-28T06:43:08","guid":{"rendered":"https:\/\/amafurni.vn\/?post_type=product&#038;p=6913"},"modified":"2025-11-12T14:12:01","modified_gmt":"2025-11-12T07:12:01","slug":"ama-sofa-bed-sb-09","status":"publish","type":"product","link":"https:\/\/amafurni.vn\/en\/product\/ama-sofa-bed-sb-09\/","title":{"rendered":"AMA-SOFA BED SB-09"},"content":{"rendered":"<table class=\"woocommerce-product-attributes shop_attributes\" width=\"929\">\n<tbody>\n<tr class=\"woocommerce-product-attributes-item woocommerce-product-attributes-item--attribute_season\">\n<th class=\"woocommerce-product-attributes-item__label\">Material<\/th>\n<td class=\"woocommerce-product-attributes-item__value\">b\u1ecdc PU ho\u1eb7c V\u1ea3i.<\/td>\n<\/tr>\n<tr class=\"woocommerce-product-attributes-item woocommerce-product-attributes-item--attribute_pa_color\">\n<th class=\"woocommerce-product-attributes-item__label\">M\u00e0u S\u1eafc<\/th>\n<td class=\"woocommerce-product-attributes-item__value\">Tu\u1ef3 ch\u1ecdn theo y\u00eau c\u1ea7u.<\/td>\n<\/tr>\n<tr class=\"woocommerce-product-attributes-item woocommerce-product-attributes-item--attribute_style\">\n<th class=\"woocommerce-product-attributes-item__label\">Size<\/th>\n<td class=\"woocommerce-product-attributes-item__value\">1950*1100*850*mm ( K\u00edch th\u01b0\u1edbc ch\u1ec9 mang t\u00ednh t\u01b0\u01a1ng \u0111\u1ed1i ).<\/td>\n<\/tr>\n<tr class=\"woocommerce-product-attributes-item woocommerce-product-attributes-item--attribute_pa_material\">\n<th class=\"woocommerce-product-attributes-item__label\">T\u00ednh N\u0103ng<\/th>\n<td class=\"woocommerce-product-attributes-item__value\">C\u00f3 th\u1ec3 b\u1eadt ng\u00e3 ra th\u00e0nh gi\u01b0\u1eddng.<\/td>\n<\/tr>\n<tr class=\"woocommerce-product-attributes-item woocommerce-product-attributes-item--attribute_item-code\">\n<th class=\"woocommerce-product-attributes-item__label\">B\u1ea3o H\u00e0nh<\/th>\n<td class=\"woocommerce-product-attributes-item__value\">12 th\u00e1ng<\/td>\n<\/tr>\n<\/tbody>\n<\/table>","protected":false},"excerpt":{"rendered":"<p>Gh\u1ebf Sofa\u00a0Bed SB &#8211; 09 \u0111\u01b0\u1ee3c thi\u1ebft k\u1ebf,\u00a0c\u00f3 th\u1ec3 m\u1edf r\u1ed9ng t\u1eeb gh\u1ebf th\u00e0nh gi\u01b0\u1eddng ch\u1ec9 trong t\u00edch t\u1eafc<\/p>\n<p>Ch\u1ec9 v\u1edbi v\u00e0i thao t\u00e1c b\u1ea1n s\u1ebd c\u00f3 ngay chi\u1ebfc gi\u01b0\u1eddng xinh x\u1eafn v\u00e0 ch\u1eafc ch\u1eafn khi nh\u00e0 c\u00f3 kh\u00e1ch ho\u1eb7c m\u1ee5c \u0111\u00edch ngh\u1ec9 ng\u01a1i t\u1ea1i ch\u1ed7.<\/p>","protected":false},"featured_media":6922,"comment_status":"open","ping_status":"closed","template":"","meta":[],"product_cat":[61,86,111],"product_tag":[164,165],"yoast_head":"<!-- This site is optimized with the Yoast SEO Premium plugin v21.7 (Yoast SEO v21.7) - https:\/\/yoast.com\/wordpress\/plugins\/seo\/ -->\n<title>AMA-SOFA BED SB-09 - AMAFURNI<\/title>\n<meta name=\"robots\" content=\"index, follow, max-snippet:-1, max-image-preview:large, max-video-preview:-1\" \/>\n<link rel=\"canonical\" href=\"https:\/\/amafurni.vn\/en\/product\/ama-sofa-bed-sb-09\/\" \/>\n<meta property=\"og:locale\" content=\"en_US\" \/>\n<meta property=\"og:type\" content=\"article\" \/>\n<meta property=\"og:title\" content=\"AMA-SOFA BED SB-09\" \/>\n<meta property=\"og:description\" content=\"Gh\u1ebf Sofa\u00a0Bed SB - 09 \u0111\u01b0\u1ee3c thi\u1ebft k\u1ebf,\u00a0c\u00f3 th\u1ec3 m\u1edf r\u1ed9ng t\u1eeb gh\u1ebf th\u00e0nh gi\u01b0\u1eddng ch\u1ec9 trong t\u00edch t\u1eafc  Ch\u1ec9 v\u1edbi v\u00e0i thao t\u00e1c b\u1ea1n s\u1ebd c\u00f3 ngay chi\u1ebfc gi\u01b0\u1eddng xinh x\u1eafn v\u00e0 ch\u1eafc ch\u1eafn khi nh\u00e0 c\u00f3 kh\u00e1ch ho\u1eb7c m\u1ee5c \u0111\u00edch ngh\u1ec9 ng\u01a1i t\u1ea1i ch\u1ed7.\" \/>\n<meta property=\"og:url\" content=\"https:\/\/amafurni.vn\/en\/product\/ama-sofa-bed-sb-09\/\" \/>\n<meta property=\"og:site_name\" content=\"AMAFURNI\" \/>\n<meta property=\"article:modified_time\" content=\"2025-11-12T07:12:01+00:00\" \/>\n<meta property=\"og:image\" content=\"https:\/\/amafurni.vn\/wp-content\/uploads\/2023\/12\/z5017294452609_4f1c1122df76a197373d591bc282aa34.jpg\" \/>\n\t<meta property=\"og:image:width\" content=\"800\" \/>\n\t<meta property=\"og:image:height\" content=\"800\" \/>\n\t<meta property=\"og:image:type\" content=\"image\/jpeg\" \/>\n<meta name=\"twitter:card\" content=\"summary_large_image\" \/>\n<meta name=\"twitter:label1\" content=\"Est. reading time\" \/>\n\t<meta name=\"twitter:data1\" content=\"1 minute\" \/>\n<script type=\"application\/ld+json\" class=\"yoast-schema-graph\">{\"@context\":\"https:\/\/schema.org\",\"@graph\":[{\"@type\":\"WebPage\",\"@id\":\"https:\/\/amafurni.vn\/san-pham\/ama-sofa-bed-sb-09\/\",\"url\":\"https:\/\/amafurni.vn\/san-pham\/ama-sofa-bed-sb-09\/\",\"name\":\"AMA-SOFA BED SB-09 - AMAFURNI\",\"isPartOf\":{\"@id\":\"https:\/\/amafurni.vn\/#website\"},\"datePublished\":\"2023-12-28T06:43:08+00:00\",\"dateModified\":\"2025-11-12T07:12:01+00:00\",\"breadcrumb\":{\"@id\":\"https:\/\/amafurni.vn\/san-pham\/ama-sofa-bed-sb-09\/#breadcrumb\"},\"inLanguage\":\"en-US\",\"potentialAction\":[{\"@type\":\"ReadAction\",\"target\":[\"https:\/\/amafurni.vn\/san-pham\/ama-sofa-bed-sb-09\/\"]}]},{\"@type\":\"BreadcrumbList\",\"@id\":\"https:\/\/amafurni.vn\/san-pham\/ama-sofa-bed-sb-09\/#breadcrumb\",\"itemListElement\":[{\"@type\":\"ListItem\",\"position\":1,\"name\":\"Trang ch\u1ee7\",\"item\":\"https:\/\/amafurni.vn\/\"},{\"@type\":\"ListItem\",\"position\":2,\"name\":\"S\u1ea3n ph\u1ea9m\",\"item\":\"https:\/\/amafurni.vn\/san-pham\/\"},{\"@type\":\"ListItem\",\"position\":3,\"name\":\"AMA-SOFA BED SB-09\"}]},{\"@type\":\"WebSite\",\"@id\":\"https:\/\/amafurni.vn\/#website\",\"url\":\"https:\/\/amafurni.vn\/\",\"name\":\"AMAFURNI\",\"description\":\"\",\"potentialAction\":[{\"@type\":\"SearchAction\",\"target\":{\"@type\":\"EntryPoint\",\"urlTemplate\":\"https:\/\/amafurni.vn\/?s={search_term_string}\"},\"query-input\":\"required name=search_term_string\"}],\"inLanguage\":\"en-US\"}]}<\/script>\n<!-- \/ Yoast SEO Premium plugin. -->","yoast_head_json":{"title":"AMA-SOFA BED SB-09 - AMAFURNI","robots":{"index":"index","follow":"follow","max-snippet":"max-snippet:-1","max-image-preview":"max-image-preview:large","max-video-preview":"max-video-preview:-1"},"canonical":"https:\/\/amafurni.vn\/en\/product\/ama-sofa-bed-sb-09\/","og_locale":"en_US","og_type":"article","og_title":"AMA-SOFA BED SB-09","og_description":"Gh\u1ebf Sofa\u00a0Bed SB - 09 \u0111\u01b0\u1ee3c thi\u1ebft k\u1ebf,\u00a0c\u00f3 th\u1ec3 m\u1edf r\u1ed9ng t\u1eeb gh\u1ebf th\u00e0nh gi\u01b0\u1eddng ch\u1ec9 trong t\u00edch t\u1eafc  Ch\u1ec9 v\u1edbi v\u00e0i thao t\u00e1c b\u1ea1n s\u1ebd c\u00f3 ngay chi\u1ebfc gi\u01b0\u1eddng xinh x\u1eafn v\u00e0 ch\u1eafc ch\u1eafn khi nh\u00e0 c\u00f3 kh\u00e1ch ho\u1eb7c m\u1ee5c \u0111\u00edch ngh\u1ec9 ng\u01a1i t\u1ea1i ch\u1ed7.","og_url":"https:\/\/amafurni.vn\/en\/product\/ama-sofa-bed-sb-09\/","og_site_name":"AMAFURNI","article_modified_time":"2025-11-12T07:12:01+00:00","og_image":[{"width":800,"height":800,"url":"https:\/\/amafurni.vn\/wp-content\/uploads\/2023\/12\/z5017294452609_4f1c1122df76a197373d591bc282aa34.jpg","type":"image\/jpeg"}],"twitter_card":"summary_large_image","twitter_misc":{"Est. reading time":"1 minute"},"schema":{"@context":"https:\/\/schema.org","@graph":[{"@type":"WebPage","@id":"https:\/\/amafurni.vn\/san-pham\/ama-sofa-bed-sb-09\/","url":"https:\/\/amafurni.vn\/san-pham\/ama-sofa-bed-sb-09\/","name":"AMA-SOFA BED SB-09 - AMAFURNI","isPartOf":{"@id":"https:\/\/amafurni.vn\/#website"},"datePublished":"2023-12-28T06:43:08+00:00","dateModified":"2025-11-12T07:12:01+00:00","breadcrumb":{"@id":"https:\/\/amafurni.vn\/san-pham\/ama-sofa-bed-sb-09\/#breadcrumb"},"inLanguage":"en-US","potentialAction":[{"@type":"ReadAction","target":["https:\/\/amafurni.vn\/san-pham\/ama-sofa-bed-sb-09\/"]}]},{"@type":"BreadcrumbList","@id":"https:\/\/amafurni.vn\/san-pham\/ama-sofa-bed-sb-09\/#breadcrumb","itemListElement":[{"@type":"ListItem","position":1,"name":"Trang ch\u1ee7","item":"https:\/\/amafurni.vn\/"},{"@type":"ListItem","position":2,"name":"S\u1ea3n ph\u1ea9m","item":"https:\/\/amafurni.vn\/san-pham\/"},{"@type":"ListItem","position":3,"name":"AMA-SOFA BED SB-09"}]},{"@type":"WebSite","@id":"https:\/\/amafurni.vn\/#website","url":"https:\/\/amafurni.vn\/","name":"AMAFURNI","description":"","potentialAction":[{"@type":"SearchAction","target":{"@type":"EntryPoint","urlTemplate":"https:\/\/amafurni.vn\/?s={search_term_string}"},"query-input":"required name=search_term_string"}],"inLanguage":"en-US"}]}},"_links":{"self":[{"href":"https:\/\/amafurni.vn\/en\/wp-json\/wp\/v2\/product\/6913"}],"collection":[{"href":"https:\/\/amafurni.vn\/en\/wp-json\/wp\/v2\/product"}],"about":[{"href":"https:\/\/amafurni.vn\/en\/wp-json\/wp\/v2\/types\/product"}],"replies":[{"embeddable":true,"href":"https:\/\/amafurni.vn\/en\/wp-json\/wp\/v2\/comments?post=6913"}],"wp:featuredmedia":[{"embeddable":true,"href":"https:\/\/amafurni.vn\/en\/wp-json\/wp\/v2\/media\/6922"}],"wp:attachment":[{"href":"https:\/\/amafurni.vn\/en\/wp-json\/wp\/v2\/media?parent=6913"}],"wp:term":[{"taxonomy":"product_cat","embeddable":true,"href":"https:\/\/amafurni.vn\/en\/wp-json\/wp\/v2\/product_cat?post=6913"},{"taxonomy":"product_tag","embeddable":true,"href":"https:\/\/amafurni.vn\/en\/wp-json\/wp\/v2\/product_tag?post=6913"}],"curies":[{"name":"wp","href":"https:\/\/api.w.org\/{rel}","templated":true}]}}