{"id":7146,"date":"2023-12-29T13:27:20","date_gmt":"2023-12-29T06:27:20","guid":{"rendered":"https:\/\/amafurni.vn\/?post_type=product&#038;p=7146"},"modified":"2025-11-12T14:12:03","modified_gmt":"2025-11-12T07:12:03","slug":"ban-ama-woodi-bgd01-1816","status":"publish","type":"product","link":"https:\/\/amafurni.vn\/en\/product\/ban-ama-woodi-bgd01-1816\/","title":{"rendered":"B\u00e0n AMA-WOODI BGD01-1816"},"content":{"rendered":"<table class=\"woocommerce-product-attributes shop_attributes\" width=\"929\">\n<tbody>\n<tr class=\"woocommerce-product-attributes-item woocommerce-product-attributes-item--attribute_season\">\n<th class=\"woocommerce-product-attributes-item__label\">Material<\/th>\n<td class=\"woocommerce-product-attributes-item__value\">M\u1eb7t b\u00e0n: V\u00e1n MFC ph\u1ee7 Melamine d\u00e0y 36mm. Ch\u00e2n b\u00e0n: V\u00e1n MFC 36mm. T\u1ee7 v\u00e1n MFC 18mm<\/td>\n<\/tr>\n<tr class=\"woocommerce-product-attributes-item woocommerce-product-attributes-item--attribute_pa_color\">\n<th class=\"woocommerce-product-attributes-item__label\">M\u00e0u S\u1eafc<\/th>\n<td class=\"woocommerce-product-attributes-item__value\">Tu\u1ef3 theo y\u00eau c\u1ea7u<\/td>\n<\/tr>\n<tr class=\"woocommerce-product-attributes-item woocommerce-product-attributes-item--attribute_style\">\n<th class=\"woocommerce-product-attributes-item__label\">Size<\/th>\n<td class=\"woocommerce-product-attributes-item__value\">K\u00edch th\u01b0\u1edbc b\u00e0n: W1800 x D700 x H750mm<br \/>\nK\u00edch th\u01b0\u1edbc t\u1ee7: W1600 x D450 x H630mm<\/td>\n<\/tr>\n<tr class=\"woocommerce-product-attributes-item woocommerce-product-attributes-item--attribute_pa_material\">\n<th class=\"woocommerce-product-attributes-item__label\">T\u00ednh N\u0103ng<\/th>\n<td class=\"woocommerce-product-attributes-item__value\">B\u00e0n l\u00e3nh \u0111\u1ea1o li\u1ec1n t\u1ee7<\/td>\n<\/tr>\n<tr class=\"woocommerce-product-attributes-item woocommerce-product-attributes-item--attribute_item-code\">\n<th class=\"woocommerce-product-attributes-item__label\">B\u1ea3o H\u00e0nh<\/th>\n<td class=\"woocommerce-product-attributes-item__value\">2 n\u0103m<\/td>\n<\/tr>\n<\/tbody>\n<\/table>","protected":false},"excerpt":{"rendered":"<p>1.T\u00ean s\u1ea3n ph\u1ea9m: B\u00e0n l\u00e3nh \u0111\u1ea1o li\u1ec1n t\u1ee7 Woodi<br \/>\n2.K\u00edch th\u01b0\u1edbc b\u00e0n: W1800 x D700 x H750mm<br \/>\nK\u00edch th\u01b0\u1edbc t\u1ee7: W1600 x D450 x H630mm<br \/>\n3.Ch\u1ea5t li\u1ec7u:<br \/>\n&#8211; M\u1eb7t b\u00e0n: V\u00e1n MFC ph\u1ee7 Melamine d\u00e0y 36mm<br \/>\n&#8211; Ch\u00e2n b\u00e0n: V\u00e1n MFC 36mm<br \/>\n&#8211; T\u1ee7 v\u00e1n MFC 18mm<br \/>\n4.M\u00e0u s\u1eafc<br \/>\n&#8211; M\u1eb7t b\u00e0n: MFC m\u00e0u&#8230;&#8230;.<br \/>\n&#8211; Ch\u00e2n b\u00e0n: V\u00e1n MFC m\u00e0u&#8230;&#8230;&#8230;&#8230;..<br \/>\n&#8211; T\u1ea5m che ch\u00e2n: V\u00e1n MFC m\u00e0u&#8230;&#8230;&#8230;&#8230;&#8230;..<br \/>\n5. Xu\u1ea5t x\u1ee9: Vi\u1ec7t Nam<br \/>\n6. B\u1ea3o h\u00e0nh: 2 n\u0103m<\/p>\n<p>&nbsp;<\/p>","protected":false},"featured_media":7483,"comment_status":"open","ping_status":"closed","template":"","meta":[],"product_cat":[59,76,174],"product_tag":[159,171],"yoast_head":"<!-- This site is optimized with the Yoast SEO Premium plugin v21.7 (Yoast SEO v21.7) - https:\/\/yoast.com\/wordpress\/plugins\/seo\/ -->\n<title>B\u00e0n AMA-WOODI BGD01-1816 - AMAFURNI<\/title>\n<meta name=\"robots\" content=\"index, follow, max-snippet:-1, max-image-preview:large, max-video-preview:-1\" \/>\n<link rel=\"canonical\" href=\"https:\/\/amafurni.vn\/en\/product\/ban-ama-woodi-bgd01-1816\/\" \/>\n<meta property=\"og:locale\" content=\"en_US\" \/>\n<meta property=\"og:type\" content=\"article\" \/>\n<meta property=\"og:title\" content=\"B\u00e0n AMA-WOODI BGD01-1816\" \/>\n<meta property=\"og:description\" content=\"1.T\u00ean s\u1ea3n ph\u1ea9m: B\u00e0n l\u00e3nh \u0111\u1ea1o li\u1ec1n t\u1ee7 Woodi 2.K\u00edch th\u01b0\u1edbc b\u00e0n: W1800 x D700 x H750mm K\u00edch th\u01b0\u1edbc t\u1ee7: W1600 x D450 x H630mm 3.Ch\u1ea5t li\u1ec7u: - M\u1eb7t b\u00e0n: V\u00e1n MFC ph\u1ee7 Melamine d\u00e0y 36mm - Ch\u00e2n b\u00e0n: V\u00e1n MFC 36mm - T\u1ee7 v\u00e1n MFC 18mm 4.M\u00e0u s\u1eafc - M\u1eb7t b\u00e0n: MFC m\u00e0u....... - Ch\u00e2n b\u00e0n: V\u00e1n MFC m\u00e0u.............. - T\u1ea5m che ch\u00e2n: V\u00e1n MFC m\u00e0u................. 5. Xu\u1ea5t x\u1ee9: Vi\u1ec7t Nam 6. B\u1ea3o h\u00e0nh: 2 n\u0103m  &nbsp;\" \/>\n<meta property=\"og:url\" content=\"https:\/\/amafurni.vn\/en\/product\/ban-ama-woodi-bgd01-1816\/\" \/>\n<meta property=\"og:site_name\" content=\"AMAFURNI\" \/>\n<meta property=\"article:modified_time\" content=\"2025-11-12T07:12:03+00:00\" \/>\n<meta property=\"og:image\" content=\"https:\/\/amafurni.vn\/wp-content\/uploads\/2023\/12\/z5023802638856_8f29069595ff5366d2f8c99572da5712.jpg\" \/>\n\t<meta property=\"og:image:width\" content=\"800\" \/>\n\t<meta property=\"og:image:height\" content=\"800\" \/>\n\t<meta property=\"og:image:type\" content=\"image\/jpeg\" \/>\n<meta name=\"twitter:card\" content=\"summary_large_image\" \/>\n<meta name=\"twitter:label1\" content=\"Est. reading time\" \/>\n\t<meta name=\"twitter:data1\" content=\"1 minute\" \/>\n<script type=\"application\/ld+json\" class=\"yoast-schema-graph\">{\"@context\":\"https:\/\/schema.org\",\"@graph\":[{\"@type\":\"WebPage\",\"@id\":\"https:\/\/amafurni.vn\/san-pham\/ban-ama-woodi-bgd01-1816\/\",\"url\":\"https:\/\/amafurni.vn\/san-pham\/ban-ama-woodi-bgd01-1816\/\",\"name\":\"B\u00e0n AMA-WOODI BGD01-1816 - AMAFURNI\",\"isPartOf\":{\"@id\":\"https:\/\/amafurni.vn\/#website\"},\"datePublished\":\"2023-12-29T06:27:20+00:00\",\"dateModified\":\"2025-11-12T07:12:03+00:00\",\"breadcrumb\":{\"@id\":\"https:\/\/amafurni.vn\/san-pham\/ban-ama-woodi-bgd01-1816\/#breadcrumb\"},\"inLanguage\":\"en-US\",\"potentialAction\":[{\"@type\":\"ReadAction\",\"target\":[\"https:\/\/amafurni.vn\/san-pham\/ban-ama-woodi-bgd01-1816\/\"]}]},{\"@type\":\"BreadcrumbList\",\"@id\":\"https:\/\/amafurni.vn\/san-pham\/ban-ama-woodi-bgd01-1816\/#breadcrumb\",\"itemListElement\":[{\"@type\":\"ListItem\",\"position\":1,\"name\":\"Trang ch\u1ee7\",\"item\":\"https:\/\/amafurni.vn\/\"},{\"@type\":\"ListItem\",\"position\":2,\"name\":\"S\u1ea3n ph\u1ea9m\",\"item\":\"https:\/\/amafurni.vn\/san-pham\/\"},{\"@type\":\"ListItem\",\"position\":3,\"name\":\"B\u00e0n AMA-WOODI BGD01-1816\"}]},{\"@type\":\"WebSite\",\"@id\":\"https:\/\/amafurni.vn\/#website\",\"url\":\"https:\/\/amafurni.vn\/\",\"name\":\"AMAFURNI\",\"description\":\"\",\"potentialAction\":[{\"@type\":\"SearchAction\",\"target\":{\"@type\":\"EntryPoint\",\"urlTemplate\":\"https:\/\/amafurni.vn\/?s={search_term_string}\"},\"query-input\":\"required name=search_term_string\"}],\"inLanguage\":\"en-US\"}]}<\/script>\n<!-- \/ Yoast SEO Premium plugin. -->","yoast_head_json":{"title":"B\u00e0n AMA-WOODI BGD01-1816 - AMAFURNI","robots":{"index":"index","follow":"follow","max-snippet":"max-snippet:-1","max-image-preview":"max-image-preview:large","max-video-preview":"max-video-preview:-1"},"canonical":"https:\/\/amafurni.vn\/en\/product\/ban-ama-woodi-bgd01-1816\/","og_locale":"en_US","og_type":"article","og_title":"B\u00e0n AMA-WOODI BGD01-1816","og_description":"1.T\u00ean s\u1ea3n ph\u1ea9m: B\u00e0n l\u00e3nh \u0111\u1ea1o li\u1ec1n t\u1ee7 Woodi 2.K\u00edch th\u01b0\u1edbc b\u00e0n: W1800 x D700 x H750mm K\u00edch th\u01b0\u1edbc t\u1ee7: W1600 x D450 x H630mm 3.Ch\u1ea5t li\u1ec7u: - M\u1eb7t b\u00e0n: V\u00e1n MFC ph\u1ee7 Melamine d\u00e0y 36mm - Ch\u00e2n b\u00e0n: V\u00e1n MFC 36mm - T\u1ee7 v\u00e1n MFC 18mm 4.M\u00e0u s\u1eafc - M\u1eb7t b\u00e0n: MFC m\u00e0u....... - Ch\u00e2n b\u00e0n: V\u00e1n MFC m\u00e0u.............. - T\u1ea5m che ch\u00e2n: V\u00e1n MFC m\u00e0u................. 5. Xu\u1ea5t x\u1ee9: Vi\u1ec7t Nam 6. B\u1ea3o h\u00e0nh: 2 n\u0103m  &nbsp;","og_url":"https:\/\/amafurni.vn\/en\/product\/ban-ama-woodi-bgd01-1816\/","og_site_name":"AMAFURNI","article_modified_time":"2025-11-12T07:12:03+00:00","og_image":[{"width":800,"height":800,"url":"https:\/\/amafurni.vn\/wp-content\/uploads\/2023\/12\/z5023802638856_8f29069595ff5366d2f8c99572da5712.jpg","type":"image\/jpeg"}],"twitter_card":"summary_large_image","twitter_misc":{"Est. reading time":"1 minute"},"schema":{"@context":"https:\/\/schema.org","@graph":[{"@type":"WebPage","@id":"https:\/\/amafurni.vn\/san-pham\/ban-ama-woodi-bgd01-1816\/","url":"https:\/\/amafurni.vn\/san-pham\/ban-ama-woodi-bgd01-1816\/","name":"B\u00e0n AMA-WOODI BGD01-1816 - AMAFURNI","isPartOf":{"@id":"https:\/\/amafurni.vn\/#website"},"datePublished":"2023-12-29T06:27:20+00:00","dateModified":"2025-11-12T07:12:03+00:00","breadcrumb":{"@id":"https:\/\/amafurni.vn\/san-pham\/ban-ama-woodi-bgd01-1816\/#breadcrumb"},"inLanguage":"en-US","potentialAction":[{"@type":"ReadAction","target":["https:\/\/amafurni.vn\/san-pham\/ban-ama-woodi-bgd01-1816\/"]}]},{"@type":"BreadcrumbList","@id":"https:\/\/amafurni.vn\/san-pham\/ban-ama-woodi-bgd01-1816\/#breadcrumb","itemListElement":[{"@type":"ListItem","position":1,"name":"Trang ch\u1ee7","item":"https:\/\/amafurni.vn\/"},{"@type":"ListItem","position":2,"name":"S\u1ea3n ph\u1ea9m","item":"https:\/\/amafurni.vn\/san-pham\/"},{"@type":"ListItem","position":3,"name":"B\u00e0n AMA-WOODI BGD01-1816"}]},{"@type":"WebSite","@id":"https:\/\/amafurni.vn\/#website","url":"https:\/\/amafurni.vn\/","name":"AMAFURNI","description":"","potentialAction":[{"@type":"SearchAction","target":{"@type":"EntryPoint","urlTemplate":"https:\/\/amafurni.vn\/?s={search_term_string}"},"query-input":"required name=search_term_string"}],"inLanguage":"en-US"}]}},"_links":{"self":[{"href":"https:\/\/amafurni.vn\/en\/wp-json\/wp\/v2\/product\/7146"}],"collection":[{"href":"https:\/\/amafurni.vn\/en\/wp-json\/wp\/v2\/product"}],"about":[{"href":"https:\/\/amafurni.vn\/en\/wp-json\/wp\/v2\/types\/product"}],"replies":[{"embeddable":true,"href":"https:\/\/amafurni.vn\/en\/wp-json\/wp\/v2\/comments?post=7146"}],"wp:featuredmedia":[{"embeddable":true,"href":"https:\/\/amafurni.vn\/en\/wp-json\/wp\/v2\/media\/7483"}],"wp:attachment":[{"href":"https:\/\/amafurni.vn\/en\/wp-json\/wp\/v2\/media?parent=7146"}],"wp:term":[{"taxonomy":"product_cat","embeddable":true,"href":"https:\/\/amafurni.vn\/en\/wp-json\/wp\/v2\/product_cat?post=7146"},{"taxonomy":"product_tag","embeddable":true,"href":"https:\/\/amafurni.vn\/en\/wp-json\/wp\/v2\/product_tag?post=7146"}],"curies":[{"name":"wp","href":"https:\/\/api.w.org\/{rel}","templated":true}]}}