{"id":7195,"date":"2023-12-29T14:10:56","date_gmt":"2023-12-29T07:10:56","guid":{"rendered":"https:\/\/amafurni.vn\/?post_type=product&#038;p=7195"},"modified":"2025-11-12T14:12:04","modified_gmt":"2025-11-12T07:12:04","slug":"ban-ama-zenny-01-bg02-1405","status":"publish","type":"product","link":"https:\/\/amafurni.vn\/en\/product\/ban-ama-zenny-01-bg02-1405\/","title":{"rendered":"B\u00e0n AMA-ZENNY 01 BG02-1405"},"content":{"rendered":"<table class=\"woocommerce-product-attributes shop_attributes\" style=\"width: 100.801%;height: 120px\" width=\"929\">\n<tbody>\n<tr class=\"woocommerce-product-attributes-item woocommerce-product-attributes-item--attribute_season\" style=\"height: 24px\">\n<th class=\"woocommerce-product-attributes-item__label\" style=\"height: 24px\">Material<\/th>\n<td class=\"woocommerce-product-attributes-item__value\" style=\"height: 24px\">M\u1eb7t b\u00e0n: V\u00e1n MFC ph\u1ee7 Melamine d\u00e0y 18mm. Ch\u00e2n b\u00e0n: S\u1eaft s\u01a1n t\u0129nh \u0111i\u1ec7n.<\/td>\n<\/tr>\n<tr class=\"woocommerce-product-attributes-item woocommerce-product-attributes-item--attribute_pa_color\" style=\"height: 24px\">\n<th class=\"woocommerce-product-attributes-item__label\" style=\"height: 24px\">M\u00e0u S\u1eafc<\/th>\n<td class=\"woocommerce-product-attributes-item__value\" style=\"height: 24px\">Tu\u1ef3 theo y\u00eau c\u1ea7u<\/td>\n<\/tr>\n<tr class=\"woocommerce-product-attributes-item woocommerce-product-attributes-item--attribute_style\" style=\"height: 24px\">\n<th class=\"woocommerce-product-attributes-item__label\" style=\"height: 24px\">Size<\/th>\n<td class=\"woocommerce-product-attributes-item__value\" style=\"height: 24px\">W1400*D500*H750mm<\/td>\n<\/tr>\n<tr class=\"woocommerce-product-attributes-item woocommerce-product-attributes-item--attribute_pa_material\" style=\"height: 24px\">\n<th class=\"woocommerce-product-attributes-item__label\" style=\"height: 24px\">T\u00ednh N\u0103ng<\/th>\n<td class=\"woocommerce-product-attributes-item__value\" style=\"height: 24px\">Ng\u1ed3i c\u1ed1 \u0111\u1ecbnh<\/td>\n<\/tr>\n<tr class=\"woocommerce-product-attributes-item woocommerce-product-attributes-item--attribute_item-code\" style=\"height: 24px\">\n<th class=\"woocommerce-product-attributes-item__label\" style=\"height: 24px\">B\u1ea3o H\u00e0nh<\/th>\n<td class=\"woocommerce-product-attributes-item__value\" style=\"height: 24px\">2 n\u0103m<\/td>\n<\/tr>\n<\/tbody>\n<\/table>","protected":false},"excerpt":{"rendered":"<p>1. T\u00ean s\u1ea3n ph\u1ea9m: B\u00e0n Zenny 01<br \/>\n2. K\u00edch th\u01b0\u1edbc: W1400*D500*H750mm<br \/>\n3. Ch\u1ea5t li\u1ec7u:<br \/>\n&#8211; M\u1eb7t b\u00e0n: V\u00e1n MFC ph\u1ee7 Melamine d\u00e0y 18mm<br \/>\n&#8211; Ch\u00e2n b\u00e0n: S\u1eaft s\u01a1n t\u0129nh \u0111i\u1ec7n<br \/>\n4. M\u00e0u s\u1eafc:<br \/>\n&#8211; M\u1eb7t b\u00e0n: MFC m\u00e0u. . . . . . .<br \/>\n&#8211; Ch\u00e2n b\u00e0n: &#8230;&#8230;<br \/>\n5. Xu\u1ea5t x\u1ee9: Vi\u1ec7t Nam<br \/>\n6. B\u1ea3o h\u00e0nh: 2 n\u0103m<\/p>\n<p>&nbsp;<\/p>","protected":false},"featured_media":7486,"comment_status":"open","ping_status":"closed","template":"","meta":[],"product_cat":[59,168,76],"product_tag":[161,159],"yoast_head":"<!-- This site is optimized with the Yoast SEO Premium plugin v21.7 (Yoast SEO v21.7) - https:\/\/yoast.com\/wordpress\/plugins\/seo\/ -->\n<title>B\u00e0n AMA-ZENNY 01 BG02-1405 - AMAFURNI<\/title>\n<meta name=\"robots\" content=\"index, follow, max-snippet:-1, max-image-preview:large, max-video-preview:-1\" \/>\n<link rel=\"canonical\" href=\"https:\/\/amafurni.vn\/en\/product\/ban-ama-zenny-01-bg02-1405\/\" \/>\n<meta property=\"og:locale\" content=\"en_US\" \/>\n<meta property=\"og:type\" content=\"article\" \/>\n<meta property=\"og:title\" content=\"B\u00e0n AMA-ZENNY 01 BG02-1405\" \/>\n<meta property=\"og:description\" content=\"1. T\u00ean s\u1ea3n ph\u1ea9m: B\u00e0n Zenny 01 2. K\u00edch th\u01b0\u1edbc: W1400*D500*H750mm 3. Ch\u1ea5t li\u1ec7u: - M\u1eb7t b\u00e0n: V\u00e1n MFC ph\u1ee7 Melamine d\u00e0y 18mm - Ch\u00e2n b\u00e0n: S\u1eaft s\u01a1n t\u0129nh \u0111i\u1ec7n 4. M\u00e0u s\u1eafc: - M\u1eb7t b\u00e0n: MFC m\u00e0u. . . . . . . - Ch\u00e2n b\u00e0n: ...... 5. Xu\u1ea5t x\u1ee9: Vi\u1ec7t Nam 6. B\u1ea3o h\u00e0nh: 2 n\u0103m  &nbsp;\" \/>\n<meta property=\"og:url\" content=\"https:\/\/amafurni.vn\/en\/product\/ban-ama-zenny-01-bg02-1405\/\" \/>\n<meta property=\"og:site_name\" content=\"AMAFURNI\" \/>\n<meta property=\"article:modified_time\" content=\"2025-11-12T07:12:04+00:00\" \/>\n<meta property=\"og:image\" content=\"https:\/\/amafurni.vn\/wp-content\/uploads\/2023\/12\/z5023802655903_c42938378bfd6e073a9331b8acaab4e0.jpg\" \/>\n\t<meta property=\"og:image:width\" content=\"800\" \/>\n\t<meta property=\"og:image:height\" content=\"800\" \/>\n\t<meta property=\"og:image:type\" content=\"image\/jpeg\" \/>\n<meta name=\"twitter:card\" content=\"summary_large_image\" \/>\n<meta name=\"twitter:label1\" content=\"Est. reading time\" \/>\n\t<meta name=\"twitter:data1\" content=\"1 minute\" \/>\n<script type=\"application\/ld+json\" class=\"yoast-schema-graph\">{\"@context\":\"https:\/\/schema.org\",\"@graph\":[{\"@type\":\"WebPage\",\"@id\":\"https:\/\/amafurni.vn\/san-pham\/ban-ama-zenny-01-bg02-1405\/\",\"url\":\"https:\/\/amafurni.vn\/san-pham\/ban-ama-zenny-01-bg02-1405\/\",\"name\":\"B\u00e0n AMA-ZENNY 01 BG02-1405 - AMAFURNI\",\"isPartOf\":{\"@id\":\"https:\/\/amafurni.vn\/#website\"},\"datePublished\":\"2023-12-29T07:10:56+00:00\",\"dateModified\":\"2025-11-12T07:12:04+00:00\",\"breadcrumb\":{\"@id\":\"https:\/\/amafurni.vn\/san-pham\/ban-ama-zenny-01-bg02-1405\/#breadcrumb\"},\"inLanguage\":\"en-US\",\"potentialAction\":[{\"@type\":\"ReadAction\",\"target\":[\"https:\/\/amafurni.vn\/san-pham\/ban-ama-zenny-01-bg02-1405\/\"]}]},{\"@type\":\"BreadcrumbList\",\"@id\":\"https:\/\/amafurni.vn\/san-pham\/ban-ama-zenny-01-bg02-1405\/#breadcrumb\",\"itemListElement\":[{\"@type\":\"ListItem\",\"position\":1,\"name\":\"Trang ch\u1ee7\",\"item\":\"https:\/\/amafurni.vn\/\"},{\"@type\":\"ListItem\",\"position\":2,\"name\":\"S\u1ea3n ph\u1ea9m\",\"item\":\"https:\/\/amafurni.vn\/san-pham\/\"},{\"@type\":\"ListItem\",\"position\":3,\"name\":\"B\u00e0n AMA-ZENNY 01 BG02-1405\"}]},{\"@type\":\"WebSite\",\"@id\":\"https:\/\/amafurni.vn\/#website\",\"url\":\"https:\/\/amafurni.vn\/\",\"name\":\"AMAFURNI\",\"description\":\"\",\"potentialAction\":[{\"@type\":\"SearchAction\",\"target\":{\"@type\":\"EntryPoint\",\"urlTemplate\":\"https:\/\/amafurni.vn\/?s={search_term_string}\"},\"query-input\":\"required name=search_term_string\"}],\"inLanguage\":\"en-US\"}]}<\/script>\n<!-- \/ Yoast SEO Premium plugin. -->","yoast_head_json":{"title":"B\u00e0n AMA-ZENNY 01 BG02-1405 - AMAFURNI","robots":{"index":"index","follow":"follow","max-snippet":"max-snippet:-1","max-image-preview":"max-image-preview:large","max-video-preview":"max-video-preview:-1"},"canonical":"https:\/\/amafurni.vn\/en\/product\/ban-ama-zenny-01-bg02-1405\/","og_locale":"en_US","og_type":"article","og_title":"B\u00e0n AMA-ZENNY 01 BG02-1405","og_description":"1. T\u00ean s\u1ea3n ph\u1ea9m: B\u00e0n Zenny 01 2. K\u00edch th\u01b0\u1edbc: W1400*D500*H750mm 3. Ch\u1ea5t li\u1ec7u: - M\u1eb7t b\u00e0n: V\u00e1n MFC ph\u1ee7 Melamine d\u00e0y 18mm - Ch\u00e2n b\u00e0n: S\u1eaft s\u01a1n t\u0129nh \u0111i\u1ec7n 4. M\u00e0u s\u1eafc: - M\u1eb7t b\u00e0n: MFC m\u00e0u. . . . . . . - Ch\u00e2n b\u00e0n: ...... 5. Xu\u1ea5t x\u1ee9: Vi\u1ec7t Nam 6. B\u1ea3o h\u00e0nh: 2 n\u0103m  &nbsp;","og_url":"https:\/\/amafurni.vn\/en\/product\/ban-ama-zenny-01-bg02-1405\/","og_site_name":"AMAFURNI","article_modified_time":"2025-11-12T07:12:04+00:00","og_image":[{"width":800,"height":800,"url":"https:\/\/amafurni.vn\/wp-content\/uploads\/2023\/12\/z5023802655903_c42938378bfd6e073a9331b8acaab4e0.jpg","type":"image\/jpeg"}],"twitter_card":"summary_large_image","twitter_misc":{"Est. reading time":"1 minute"},"schema":{"@context":"https:\/\/schema.org","@graph":[{"@type":"WebPage","@id":"https:\/\/amafurni.vn\/san-pham\/ban-ama-zenny-01-bg02-1405\/","url":"https:\/\/amafurni.vn\/san-pham\/ban-ama-zenny-01-bg02-1405\/","name":"B\u00e0n AMA-ZENNY 01 BG02-1405 - AMAFURNI","isPartOf":{"@id":"https:\/\/amafurni.vn\/#website"},"datePublished":"2023-12-29T07:10:56+00:00","dateModified":"2025-11-12T07:12:04+00:00","breadcrumb":{"@id":"https:\/\/amafurni.vn\/san-pham\/ban-ama-zenny-01-bg02-1405\/#breadcrumb"},"inLanguage":"en-US","potentialAction":[{"@type":"ReadAction","target":["https:\/\/amafurni.vn\/san-pham\/ban-ama-zenny-01-bg02-1405\/"]}]},{"@type":"BreadcrumbList","@id":"https:\/\/amafurni.vn\/san-pham\/ban-ama-zenny-01-bg02-1405\/#breadcrumb","itemListElement":[{"@type":"ListItem","position":1,"name":"Trang ch\u1ee7","item":"https:\/\/amafurni.vn\/"},{"@type":"ListItem","position":2,"name":"S\u1ea3n ph\u1ea9m","item":"https:\/\/amafurni.vn\/san-pham\/"},{"@type":"ListItem","position":3,"name":"B\u00e0n AMA-ZENNY 01 BG02-1405"}]},{"@type":"WebSite","@id":"https:\/\/amafurni.vn\/#website","url":"https:\/\/amafurni.vn\/","name":"AMAFURNI","description":"","potentialAction":[{"@type":"SearchAction","target":{"@type":"EntryPoint","urlTemplate":"https:\/\/amafurni.vn\/?s={search_term_string}"},"query-input":"required name=search_term_string"}],"inLanguage":"en-US"}]}},"_links":{"self":[{"href":"https:\/\/amafurni.vn\/en\/wp-json\/wp\/v2\/product\/7195"}],"collection":[{"href":"https:\/\/amafurni.vn\/en\/wp-json\/wp\/v2\/product"}],"about":[{"href":"https:\/\/amafurni.vn\/en\/wp-json\/wp\/v2\/types\/product"}],"replies":[{"embeddable":true,"href":"https:\/\/amafurni.vn\/en\/wp-json\/wp\/v2\/comments?post=7195"}],"wp:featuredmedia":[{"embeddable":true,"href":"https:\/\/amafurni.vn\/en\/wp-json\/wp\/v2\/media\/7486"}],"wp:attachment":[{"href":"https:\/\/amafurni.vn\/en\/wp-json\/wp\/v2\/media?parent=7195"}],"wp:term":[{"taxonomy":"product_cat","embeddable":true,"href":"https:\/\/amafurni.vn\/en\/wp-json\/wp\/v2\/product_cat?post=7195"},{"taxonomy":"product_tag","embeddable":true,"href":"https:\/\/amafurni.vn\/en\/wp-json\/wp\/v2\/product_tag?post=7195"}],"curies":[{"name":"wp","href":"https:\/\/api.w.org\/{rel}","templated":true}]}}