{"id":7554,"date":"2024-01-02T12:19:18","date_gmt":"2024-01-02T05:19:18","guid":{"rendered":"https:\/\/amafurni.vn\/?post_type=product&#038;p=7554"},"modified":"2025-11-12T14:12:07","modified_gmt":"2025-11-12T07:12:07","slug":"ghe-ama-aeron-01","status":"publish","type":"product","link":"https:\/\/amafurni.vn\/en\/product\/ghe-ama-aeron-01\/","title":{"rendered":"Gh\u1ebf AMA-AERON 01"},"content":{"rendered":"<table class=\"woocommerce-product-attributes shop_attributes\" style=\"width: 100.801%;height: 120px\" width=\"929\">\n<tbody>\n<tr class=\"woocommerce-product-attributes-item woocommerce-product-attributes-item--attribute_season\" style=\"height: 24px\">\n<th class=\"woocommerce-product-attributes-item__label\" style=\"height: 24px\">Material<\/th>\n<td class=\"woocommerce-product-attributes-item__value\" style=\"height: 24px\">T\u1ef1a l\u01b0ng gh\u1ebf khung b\u1eb1ng nh\u1ef1a, b\u1ecdc l\u01b0\u1edbi. N\u1ec7m b\u1ecdc l\u01b0\u1edbi. Phu\u1ed9c m\u1ea1 crome. Ch\u00e2n gh\u1ebf b\u1eb1ng nh\u00f4m<\/td>\n<\/tr>\n<tr class=\"woocommerce-product-attributes-item woocommerce-product-attributes-item--attribute_pa_color\" style=\"height: 24px\">\n<th class=\"woocommerce-product-attributes-item__label\" style=\"height: 24px\">M\u00e0u S\u1eafc<\/th>\n<td class=\"woocommerce-product-attributes-item__value\" style=\"height: 24px\">Tu\u1ef3 theo y\u00eau c\u1ea7u<\/td>\n<\/tr>\n<tr class=\"woocommerce-product-attributes-item woocommerce-product-attributes-item--attribute_style\" style=\"height: 24px\">\n<th class=\"woocommerce-product-attributes-item__label\" style=\"height: 24px\">Size<\/th>\n<td class=\"woocommerce-product-attributes-item__value\" style=\"height: 24px\">(654-718)*(400-470)*(1041-1143)*mm<\/td>\n<\/tr>\n<tr class=\"woocommerce-product-attributes-item woocommerce-product-attributes-item--attribute_pa_material\" style=\"height: 24px\">\n<th class=\"woocommerce-product-attributes-item__label\" style=\"height: 24px\">T\u00ednh N\u0103ng<\/th>\n<td class=\"woocommerce-product-attributes-item__value\" style=\"height: 24px\">Xoay 360 \u0111\u1ed9. T\u0103ng\/gi\u1ea3m chi\u1ec1u cao. Tay gh\u1ebf c\u00f3 th\u1ec3 \u0111i\u1ec1u ch\u1ec9nh<\/td>\n<\/tr>\n<tr class=\"woocommerce-product-attributes-item woocommerce-product-attributes-item--attribute_item-code\" style=\"height: 24px\">\n<th class=\"woocommerce-product-attributes-item__label\" style=\"height: 24px\">B\u1ea3o H\u00e0nh<\/th>\n<td class=\"woocommerce-product-attributes-item__value\" style=\"height: 24px\">12 n\u0103m<\/td>\n<\/tr>\n<\/tbody>\n<\/table>","protected":false},"excerpt":{"rendered":"<p>1. T\u1ef1a \u0110\u1ea7u : Gh\u1ebf kh\u00f4ng c\u00f3 t\u1ef1a \u0111\u1ea7u<br \/>\n2. T\u1ef1a l\u01b0ng gh\u1ebf : T\u1ef1a l\u01b0ng gh\u1ebf khung b\u1eb1ng nh\u1ef1a, b\u1ecdc l\u01b0\u1edbi, l\u01b0ng gh\u1ebf c\u1ed1 \u0111\u1ecbnh<br \/>\n3. H\u1ed7 tr\u1ee3 c\u1ed9t s\u1ed1ng : H\u1ed7 tr\u1ee3 c\u1ed9t s\u1ed1ng c\u00f3 th\u1ec3 \u0111i\u1ec1u ch\u1ec9nh<br \/>\n4. N\u1ec7m : b\u1ecdc l\u01b0\u1edbi<br \/>\n5. Tay gh\u1ebf : Tay gh\u1ebf c\u00f3 th\u1ec3 \u0111i\u1ec1u ch\u1ec9nh<br \/>\n6. B\u1ed9 \u0111i\u1ec1u khi\u1ec3n : B\u1ed9 \u0111i\u1ec1u khi\u1ec3n c\u00f3 c\u00e1c t\u00ednh n\u0103ng: n\u00e2ng h\u1ea1 chi\u1ec1u cao, ch\u1ed1t ng\u1ea3 l\u01b0ng \u0111a \u0111i\u1ec3m, \u0111i\u1ec1u ch\u1ec9nh tr\u1ecdng l\u01b0\u1ee3ng theo ng\u01b0\u1eddi s\u1eed d\u1ee5ng, ch\u1ed1t kh\u00f3a an to\u00e0n<br \/>\n7. Phu\u1ed9c : M\u1ea1 crome, ti\u00eau chu\u1ea9n BIFMA 85C ch\u1ecbu t\u1ea3i tr\u1ecdng \u0111\u1ebfn 100kg<br \/>\n8. Ch\u00e2n gh\u1ebf : Ch\u00e2n gh\u1ebf b\u1eb1ng nh\u00f4m ch\u1ecbu l\u1ef1c cao v\u1edbi \u0111\u01b0\u1eddng k\u00ednh v\u00f2ng ch\u00e2n 640mm r\u1ea5t v\u1eefng ch\u1eafc khi ng\u1ea3 l\u01b0ng<br \/>\n9. B\u00e1nh xe: B\u00e1nh xe s\u1eed d\u1ee5ng b\u1ec1 m\u1eb7t s\u00e0n c\u1ee9ng phi 50mm<br \/>\n10. M\u00e0u l\u01b0ng:<br \/>\n11. M\u00e0u n\u1ec7m:<br \/>\n12. Xu\u1ea5t x\u1ee9: TRUNG QU\u1ed0C -HERMAN MILLER<br \/>\n13. B\u1ea3o H\u00e0nh: 12 n\u0103m<\/p>","protected":false},"featured_media":7561,"comment_status":"open","ping_status":"closed","template":"","meta":[],"product_cat":[70,68,106,108],"product_tag":[177,124,125],"yoast_head":"<!-- This site is optimized with the Yoast SEO Premium plugin v21.7 (Yoast SEO v21.7) - https:\/\/yoast.com\/wordpress\/plugins\/seo\/ -->\n<title>Gh\u1ebf AMA-AERON 01 - AMAFURNI<\/title>\n<meta name=\"robots\" content=\"index, follow, max-snippet:-1, max-image-preview:large, max-video-preview:-1\" \/>\n<link rel=\"canonical\" href=\"https:\/\/amafurni.vn\/en\/product\/ghe-ama-aeron-01\/\" \/>\n<meta property=\"og:locale\" content=\"en_US\" \/>\n<meta property=\"og:type\" content=\"article\" \/>\n<meta property=\"og:title\" content=\"Gh\u1ebf AMA-AERON 01\" \/>\n<meta property=\"og:description\" content=\"1. T\u1ef1a \u0110\u1ea7u : Gh\u1ebf kh\u00f4ng c\u00f3 t\u1ef1a \u0111\u1ea7u 2. T\u1ef1a l\u01b0ng gh\u1ebf : T\u1ef1a l\u01b0ng gh\u1ebf khung b\u1eb1ng nh\u1ef1a, b\u1ecdc l\u01b0\u1edbi, l\u01b0ng gh\u1ebf c\u1ed1 \u0111\u1ecbnh 3. H\u1ed7 tr\u1ee3 c\u1ed9t s\u1ed1ng : H\u1ed7 tr\u1ee3 c\u1ed9t s\u1ed1ng c\u00f3 th\u1ec3 \u0111i\u1ec1u ch\u1ec9nh 4. N\u1ec7m : b\u1ecdc l\u01b0\u1edbi 5. Tay gh\u1ebf : Tay gh\u1ebf c\u00f3 th\u1ec3 \u0111i\u1ec1u ch\u1ec9nh 6. B\u1ed9 \u0111i\u1ec1u khi\u1ec3n : B\u1ed9 \u0111i\u1ec1u khi\u1ec3n c\u00f3 c\u00e1c t\u00ednh n\u0103ng: n\u00e2ng h\u1ea1 chi\u1ec1u cao, ch\u1ed1t ng\u1ea3 l\u01b0ng \u0111a \u0111i\u1ec3m, \u0111i\u1ec1u ch\u1ec9nh tr\u1ecdng l\u01b0\u1ee3ng theo ng\u01b0\u1eddi s\u1eed d\u1ee5ng, ch\u1ed1t kh\u00f3a an to\u00e0n 7. Phu\u1ed9c : M\u1ea1 crome, ti\u00eau chu\u1ea9n BIFMA 85C ch\u1ecbu t\u1ea3i tr\u1ecdng \u0111\u1ebfn 100kg 8. Ch\u00e2n gh\u1ebf : Ch\u00e2n gh\u1ebf b\u1eb1ng nh\u00f4m ch\u1ecbu l\u1ef1c cao v\u1edbi \u0111\u01b0\u1eddng k\u00ednh v\u00f2ng ch\u00e2n 640mm r\u1ea5t v\u1eefng ch\u1eafc khi ng\u1ea3 l\u01b0ng 9. B\u00e1nh xe: B\u00e1nh xe s\u1eed d\u1ee5ng b\u1ec1 m\u1eb7t s\u00e0n c\u1ee9ng phi 50mm 10. M\u00e0u l\u01b0ng: 11. M\u00e0u n\u1ec7m: 12. Xu\u1ea5t x\u1ee9: TRUNG QU\u1ed0C -HERMAN MILLER 13. B\u1ea3o H\u00e0nh: 12 n\u0103m\" \/>\n<meta property=\"og:url\" content=\"https:\/\/amafurni.vn\/en\/product\/ghe-ama-aeron-01\/\" \/>\n<meta property=\"og:site_name\" content=\"AMAFURNI\" \/>\n<meta property=\"article:modified_time\" content=\"2025-11-12T07:12:07+00:00\" \/>\n<meta property=\"og:image\" content=\"https:\/\/amafurni.vn\/wp-content\/uploads\/2024\/01\/z5024410043173_fbf1abdb6f32d0cd90f95bebcce5208a.jpg\" \/>\n\t<meta property=\"og:image:width\" content=\"800\" \/>\n\t<meta property=\"og:image:height\" content=\"800\" \/>\n\t<meta property=\"og:image:type\" content=\"image\/jpeg\" \/>\n<meta name=\"twitter:card\" content=\"summary_large_image\" \/>\n<meta name=\"twitter:label1\" content=\"Est. reading time\" \/>\n\t<meta name=\"twitter:data1\" content=\"1 minute\" \/>\n<script type=\"application\/ld+json\" class=\"yoast-schema-graph\">{\"@context\":\"https:\/\/schema.org\",\"@graph\":[{\"@type\":\"WebPage\",\"@id\":\"https:\/\/amafurni.vn\/san-pham\/ghe-ama-aeron-01\/\",\"url\":\"https:\/\/amafurni.vn\/san-pham\/ghe-ama-aeron-01\/\",\"name\":\"Gh\u1ebf AMA-AERON 01 - AMAFURNI\",\"isPartOf\":{\"@id\":\"https:\/\/amafurni.vn\/#website\"},\"datePublished\":\"2024-01-02T05:19:18+00:00\",\"dateModified\":\"2025-11-12T07:12:07+00:00\",\"breadcrumb\":{\"@id\":\"https:\/\/amafurni.vn\/san-pham\/ghe-ama-aeron-01\/#breadcrumb\"},\"inLanguage\":\"en-US\",\"potentialAction\":[{\"@type\":\"ReadAction\",\"target\":[\"https:\/\/amafurni.vn\/san-pham\/ghe-ama-aeron-01\/\"]}]},{\"@type\":\"BreadcrumbList\",\"@id\":\"https:\/\/amafurni.vn\/san-pham\/ghe-ama-aeron-01\/#breadcrumb\",\"itemListElement\":[{\"@type\":\"ListItem\",\"position\":1,\"name\":\"Trang ch\u1ee7\",\"item\":\"https:\/\/amafurni.vn\/\"},{\"@type\":\"ListItem\",\"position\":2,\"name\":\"S\u1ea3n ph\u1ea9m\",\"item\":\"https:\/\/amafurni.vn\/san-pham\/\"},{\"@type\":\"ListItem\",\"position\":3,\"name\":\"Gh\u1ebf AMA-AERON 01\"}]},{\"@type\":\"WebSite\",\"@id\":\"https:\/\/amafurni.vn\/#website\",\"url\":\"https:\/\/amafurni.vn\/\",\"name\":\"AMAFURNI\",\"description\":\"\",\"potentialAction\":[{\"@type\":\"SearchAction\",\"target\":{\"@type\":\"EntryPoint\",\"urlTemplate\":\"https:\/\/amafurni.vn\/?s={search_term_string}\"},\"query-input\":\"required name=search_term_string\"}],\"inLanguage\":\"en-US\"}]}<\/script>\n<!-- \/ Yoast SEO Premium plugin. -->","yoast_head_json":{"title":"Gh\u1ebf AMA-AERON 01 - AMAFURNI","robots":{"index":"index","follow":"follow","max-snippet":"max-snippet:-1","max-image-preview":"max-image-preview:large","max-video-preview":"max-video-preview:-1"},"canonical":"https:\/\/amafurni.vn\/en\/product\/ghe-ama-aeron-01\/","og_locale":"en_US","og_type":"article","og_title":"Gh\u1ebf AMA-AERON 01","og_description":"1. T\u1ef1a \u0110\u1ea7u : Gh\u1ebf kh\u00f4ng c\u00f3 t\u1ef1a \u0111\u1ea7u 2. T\u1ef1a l\u01b0ng gh\u1ebf : T\u1ef1a l\u01b0ng gh\u1ebf khung b\u1eb1ng nh\u1ef1a, b\u1ecdc l\u01b0\u1edbi, l\u01b0ng gh\u1ebf c\u1ed1 \u0111\u1ecbnh 3. H\u1ed7 tr\u1ee3 c\u1ed9t s\u1ed1ng : H\u1ed7 tr\u1ee3 c\u1ed9t s\u1ed1ng c\u00f3 th\u1ec3 \u0111i\u1ec1u ch\u1ec9nh 4. N\u1ec7m : b\u1ecdc l\u01b0\u1edbi 5. Tay gh\u1ebf : Tay gh\u1ebf c\u00f3 th\u1ec3 \u0111i\u1ec1u ch\u1ec9nh 6. B\u1ed9 \u0111i\u1ec1u khi\u1ec3n : B\u1ed9 \u0111i\u1ec1u khi\u1ec3n c\u00f3 c\u00e1c t\u00ednh n\u0103ng: n\u00e2ng h\u1ea1 chi\u1ec1u cao, ch\u1ed1t ng\u1ea3 l\u01b0ng \u0111a \u0111i\u1ec3m, \u0111i\u1ec1u ch\u1ec9nh tr\u1ecdng l\u01b0\u1ee3ng theo ng\u01b0\u1eddi s\u1eed d\u1ee5ng, ch\u1ed1t kh\u00f3a an to\u00e0n 7. Phu\u1ed9c : M\u1ea1 crome, ti\u00eau chu\u1ea9n BIFMA 85C ch\u1ecbu t\u1ea3i tr\u1ecdng \u0111\u1ebfn 100kg 8. Ch\u00e2n gh\u1ebf : Ch\u00e2n gh\u1ebf b\u1eb1ng nh\u00f4m ch\u1ecbu l\u1ef1c cao v\u1edbi \u0111\u01b0\u1eddng k\u00ednh v\u00f2ng ch\u00e2n 640mm r\u1ea5t v\u1eefng ch\u1eafc khi ng\u1ea3 l\u01b0ng 9. B\u00e1nh xe: B\u00e1nh xe s\u1eed d\u1ee5ng b\u1ec1 m\u1eb7t s\u00e0n c\u1ee9ng phi 50mm 10. M\u00e0u l\u01b0ng: 11. M\u00e0u n\u1ec7m: 12. Xu\u1ea5t x\u1ee9: TRUNG QU\u1ed0C -HERMAN MILLER 13. B\u1ea3o H\u00e0nh: 12 n\u0103m","og_url":"https:\/\/amafurni.vn\/en\/product\/ghe-ama-aeron-01\/","og_site_name":"AMAFURNI","article_modified_time":"2025-11-12T07:12:07+00:00","og_image":[{"width":800,"height":800,"url":"https:\/\/amafurni.vn\/wp-content\/uploads\/2024\/01\/z5024410043173_fbf1abdb6f32d0cd90f95bebcce5208a.jpg","type":"image\/jpeg"}],"twitter_card":"summary_large_image","twitter_misc":{"Est. reading time":"1 minute"},"schema":{"@context":"https:\/\/schema.org","@graph":[{"@type":"WebPage","@id":"https:\/\/amafurni.vn\/san-pham\/ghe-ama-aeron-01\/","url":"https:\/\/amafurni.vn\/san-pham\/ghe-ama-aeron-01\/","name":"Gh\u1ebf AMA-AERON 01 - AMAFURNI","isPartOf":{"@id":"https:\/\/amafurni.vn\/#website"},"datePublished":"2024-01-02T05:19:18+00:00","dateModified":"2025-11-12T07:12:07+00:00","breadcrumb":{"@id":"https:\/\/amafurni.vn\/san-pham\/ghe-ama-aeron-01\/#breadcrumb"},"inLanguage":"en-US","potentialAction":[{"@type":"ReadAction","target":["https:\/\/amafurni.vn\/san-pham\/ghe-ama-aeron-01\/"]}]},{"@type":"BreadcrumbList","@id":"https:\/\/amafurni.vn\/san-pham\/ghe-ama-aeron-01\/#breadcrumb","itemListElement":[{"@type":"ListItem","position":1,"name":"Trang ch\u1ee7","item":"https:\/\/amafurni.vn\/"},{"@type":"ListItem","position":2,"name":"S\u1ea3n ph\u1ea9m","item":"https:\/\/amafurni.vn\/san-pham\/"},{"@type":"ListItem","position":3,"name":"Gh\u1ebf AMA-AERON 01"}]},{"@type":"WebSite","@id":"https:\/\/amafurni.vn\/#website","url":"https:\/\/amafurni.vn\/","name":"AMAFURNI","description":"","potentialAction":[{"@type":"SearchAction","target":{"@type":"EntryPoint","urlTemplate":"https:\/\/amafurni.vn\/?s={search_term_string}"},"query-input":"required name=search_term_string"}],"inLanguage":"en-US"}]}},"_links":{"self":[{"href":"https:\/\/amafurni.vn\/en\/wp-json\/wp\/v2\/product\/7554"}],"collection":[{"href":"https:\/\/amafurni.vn\/en\/wp-json\/wp\/v2\/product"}],"about":[{"href":"https:\/\/amafurni.vn\/en\/wp-json\/wp\/v2\/types\/product"}],"replies":[{"embeddable":true,"href":"https:\/\/amafurni.vn\/en\/wp-json\/wp\/v2\/comments?post=7554"}],"wp:featuredmedia":[{"embeddable":true,"href":"https:\/\/amafurni.vn\/en\/wp-json\/wp\/v2\/media\/7561"}],"wp:attachment":[{"href":"https:\/\/amafurni.vn\/en\/wp-json\/wp\/v2\/media?parent=7554"}],"wp:term":[{"taxonomy":"product_cat","embeddable":true,"href":"https:\/\/amafurni.vn\/en\/wp-json\/wp\/v2\/product_cat?post=7554"},{"taxonomy":"product_tag","embeddable":true,"href":"https:\/\/amafurni.vn\/en\/wp-json\/wp\/v2\/product_tag?post=7554"}],"curies":[{"name":"wp","href":"https:\/\/api.w.org\/{rel}","templated":true}]}}