{"id":8073,"date":"2024-01-05T15:53:11","date_gmt":"2024-01-05T08:53:11","guid":{"rendered":"https:\/\/amafurni.vn\/?post_type=product&#038;p=8073"},"modified":"2025-11-12T14:12:10","modified_gmt":"2025-11-12T07:12:10","slug":"ban-mfc-ama-mx-6118","status":"publish","type":"product","link":"https:\/\/amafurni.vn\/en\/product\/ban-mfc-ama-mx-6118\/","title":{"rendered":"B\u00e0n gi\u00e1m \u0111\u1ed1c AMA-MX-6118"},"content":{"rendered":"<table class=\"woocommerce-product-attributes shop_attributes\" style=\"width: 99.7117%;height: 175px\" width=\"929\">\n<tbody>\n<tr class=\"woocommerce-product-attributes-item woocommerce-product-attributes-item--attribute_season\" style=\"height: 33px\">\n<th class=\"woocommerce-product-attributes-item__label\" style=\"height: 33px;width: 43.2432%\">Material<\/th>\n<td class=\"woocommerce-product-attributes-item__value\" style=\"height: 33px;width: 54.8108%\">MFC &#8211; Melamine<\/td>\n<\/tr>\n<tr class=\"woocommerce-product-attributes-item woocommerce-product-attributes-item--attribute_pa_color\" style=\"height: 32px\">\n<th class=\"woocommerce-product-attributes-item__label\" style=\"height: 32px;width: 43.2432%\">M\u00e0u S\u1eafc<\/th>\n<td class=\"woocommerce-product-attributes-item__value\" style=\"height: 32px;width: 54.8108%\">N\u00e2u v\u00e0ng<\/td>\n<\/tr>\n<tr class=\"woocommerce-product-attributes-item woocommerce-product-attributes-item--attribute_style\" style=\"height: 34px\">\n<th class=\"woocommerce-product-attributes-item__label\" style=\"height: 34px;width: 43.2432%\">Size<\/th>\n<td class=\"woocommerce-product-attributes-item__value\" style=\"height: 34px;width: 54.8108%\">1800*900*760<\/td>\n<\/tr>\n<tr class=\"woocommerce-product-attributes-item woocommerce-product-attributes-item--attribute_pa_material\" style=\"height: 33px\">\n<th class=\"woocommerce-product-attributes-item__label\" style=\"height: 33px;width: 43.2432%\">T\u00ednh N\u0103ng<\/th>\n<td class=\"woocommerce-product-attributes-item__value\" style=\"height: 33px;width: 54.8108%\">(ko t\u1ee7 di \u0111\u1ed9ng)<\/td>\n<\/tr>\n<tr class=\"woocommerce-product-attributes-item woocommerce-product-attributes-item--attribute_item-code\" style=\"height: 43px\">\n<th class=\"woocommerce-product-attributes-item__label\" style=\"height: 43px;width: 43.2432%\">B\u1ea3o H\u00e0nh<\/th>\n<td class=\"woocommerce-product-attributes-item__value\" style=\"height: 43px;width: 54.8108%\">2 n\u0103m<\/td>\n<\/tr>\n<\/tbody>\n<\/table>","protected":false},"excerpt":{"rendered":"<p><strong>Director&#039;s desk\u00a0<\/strong>l\u00e0 1 m\u1eabu b\u00e0n nh\u1eadp kh\u1ea9u tr\u1ef1c ti\u1ebfp c\u1ee7a\u00a0<strong>N\u1ed8I TH\u1ea4T AMA FURNITURE<\/strong>\u00a0, v\u1edbi thi\u1ebft k\u1ebf tinh t\u1ebf, t\u1ed1i gian t\u1ea1o n\u00ean v\u1ebb \u0111\u1eb9p sang tr\u1ecdng cho kh\u00f4ng gian V\u0103n ph\u00f2ng.<\/p>\n<ul>\n<li>M\u00e3 SP : AMA-MX-6118<\/li>\n<li>Ch\u1ea5t li\u1ec7u : MDF Melamin<\/li>\n<li>T\u00ednh n\u0103ng :\n<ul>\n<li>Ch\u1ea5t l\u01b0\u1ee3ng b\u1ec1n ch\u1eafc, s\u1eed d\u1ee5ng l\u00e2u d\u00e0i<\/li>\n<li>D\u1ec5 d\u00e0ng lau ch\u00f9i, v\u1ec7 sinh<\/li>\n<li>Ch\u1ed1ng va \u0111\u1eadp t\u1ed1t<\/li>\n<\/ul>\n<ul>\n<li>M\u1eb7t b\u00e0n thi\u1ebft k\u1ebf tinh t\u1ebf, sang tr\u1ecdng<\/li>\n<\/ul>\n<\/li>\n<\/ul>","protected":false},"featured_media":8085,"comment_status":"open","ping_status":"closed","template":"","meta":[],"product_cat":[59,75,76],"product_tag":[233,159],"yoast_head":"<!-- This site is optimized with the Yoast SEO Premium plugin v21.7 (Yoast SEO v21.7) - https:\/\/yoast.com\/wordpress\/plugins\/seo\/ -->\n<title>B\u00e0n gi\u00e1m \u0111\u1ed1c AMA-MX-6118 - AMAFURNI<\/title>\n<meta name=\"description\" content=\"B\u00e0n l\u00e0m vi\u1ec7c v\u0103n ph\u00f2ng MFC AMA-MX-6118 .M\u1eabu b\u00e0n l\u00e0m vi\u1ec7c d\u00e0nh cho l\u00e3nh \u0111\u1ea1o v\u1edbi thi\u1ebft k\u1ebf \u0111\u1eb9p m\u1eaft hi\u1ec7n \u0111\u1ea1i \u0111\u00e1p \u1ee9ng nhu c\u1ea7u s\u1eed d\u1ee5ng, ti\u1ebft ki\u1ec7m di\u1ec7n t\u00edch, ph\u00f9 h\u1ee3p v\u1edbi m\u1ecdi kh\u00f4ng gian. S\u1ea3n ph\u1ea9m \u0111\u01b0\u1ee3c trau chu\u1ed1t trong t\u1eebng chi ti\u1ebft gi\u00fap kh\u00f4ng gian v\u0103n ph\u00f2ng chuy\u00ean nghi\u1ec7p, \u0111\u1eb3ng c\u1ea5p h\u01a1n.\" \/>\n<meta name=\"robots\" content=\"index, follow, max-snippet:-1, max-image-preview:large, max-video-preview:-1\" \/>\n<link rel=\"canonical\" href=\"https:\/\/amafurni.vn\/en\/product\/ban-mfc-ama-mx-6118\/\" \/>\n<meta property=\"og:locale\" content=\"en_US\" \/>\n<meta property=\"og:type\" content=\"article\" \/>\n<meta property=\"og:title\" content=\"B\u00e0n gi\u00e1m \u0111\u1ed1c AMA-MX-6118\" \/>\n<meta property=\"og:description\" content=\"B\u00e0n l\u00e0m vi\u1ec7c v\u0103n ph\u00f2ng MFC AMA-MX-6118 .M\u1eabu b\u00e0n l\u00e0m vi\u1ec7c d\u00e0nh cho l\u00e3nh \u0111\u1ea1o v\u1edbi thi\u1ebft k\u1ebf \u0111\u1eb9p m\u1eaft hi\u1ec7n \u0111\u1ea1i \u0111\u00e1p \u1ee9ng nhu c\u1ea7u s\u1eed d\u1ee5ng, ti\u1ebft ki\u1ec7m di\u1ec7n t\u00edch, ph\u00f9 h\u1ee3p v\u1edbi m\u1ecdi kh\u00f4ng gian. S\u1ea3n ph\u1ea9m \u0111\u01b0\u1ee3c trau chu\u1ed1t trong t\u1eebng chi ti\u1ebft gi\u00fap kh\u00f4ng gian v\u0103n ph\u00f2ng chuy\u00ean nghi\u1ec7p, \u0111\u1eb3ng c\u1ea5p h\u01a1n.\" \/>\n<meta property=\"og:url\" content=\"https:\/\/amafurni.vn\/en\/product\/ban-mfc-ama-mx-6118\/\" \/>\n<meta property=\"og:site_name\" content=\"AMAFURNI\" \/>\n<meta property=\"article:modified_time\" content=\"2025-11-12T07:12:10+00:00\" \/>\n<meta property=\"og:image\" content=\"https:\/\/amafurni.vn\/wp-content\/uploads\/2024\/01\/6118.jpg\" \/>\n\t<meta property=\"og:image:width\" content=\"800\" \/>\n\t<meta property=\"og:image:height\" content=\"800\" \/>\n\t<meta property=\"og:image:type\" content=\"image\/jpeg\" \/>\n<meta name=\"twitter:card\" content=\"summary_large_image\" \/>\n<meta name=\"twitter:label1\" content=\"Est. reading time\" \/>\n\t<meta name=\"twitter:data1\" content=\"1 minute\" \/>\n<script type=\"application\/ld+json\" class=\"yoast-schema-graph\">{\"@context\":\"https:\/\/schema.org\",\"@graph\":[{\"@type\":\"WebPage\",\"@id\":\"https:\/\/amafurni.vn\/san-pham\/ban-mfc-ama-mx-6118\/\",\"url\":\"https:\/\/amafurni.vn\/san-pham\/ban-mfc-ama-mx-6118\/\",\"name\":\"B\u00e0n gi\u00e1m \u0111\u1ed1c AMA-MX-6118 - AMAFURNI\",\"isPartOf\":{\"@id\":\"https:\/\/amafurni.vn\/#website\"},\"datePublished\":\"2024-01-05T08:53:11+00:00\",\"dateModified\":\"2025-11-12T07:12:10+00:00\",\"description\":\"B\u00e0n l\u00e0m vi\u1ec7c v\u0103n ph\u00f2ng MFC AMA-MX-6118 .M\u1eabu b\u00e0n l\u00e0m vi\u1ec7c d\u00e0nh cho l\u00e3nh \u0111\u1ea1o v\u1edbi thi\u1ebft k\u1ebf \u0111\u1eb9p m\u1eaft hi\u1ec7n \u0111\u1ea1i \u0111\u00e1p \u1ee9ng nhu c\u1ea7u s\u1eed d\u1ee5ng, ti\u1ebft ki\u1ec7m di\u1ec7n t\u00edch, ph\u00f9 h\u1ee3p v\u1edbi m\u1ecdi kh\u00f4ng gian. S\u1ea3n ph\u1ea9m \u0111\u01b0\u1ee3c trau chu\u1ed1t trong t\u1eebng chi ti\u1ebft gi\u00fap kh\u00f4ng gian v\u0103n ph\u00f2ng chuy\u00ean nghi\u1ec7p, \u0111\u1eb3ng c\u1ea5p h\u01a1n.\",\"breadcrumb\":{\"@id\":\"https:\/\/amafurni.vn\/san-pham\/ban-mfc-ama-mx-6118\/#breadcrumb\"},\"inLanguage\":\"en-US\",\"potentialAction\":[{\"@type\":\"ReadAction\",\"target\":[\"https:\/\/amafurni.vn\/san-pham\/ban-mfc-ama-mx-6118\/\"]}]},{\"@type\":\"BreadcrumbList\",\"@id\":\"https:\/\/amafurni.vn\/san-pham\/ban-mfc-ama-mx-6118\/#breadcrumb\",\"itemListElement\":[{\"@type\":\"ListItem\",\"position\":1,\"name\":\"Trang ch\u1ee7\",\"item\":\"https:\/\/amafurni.vn\/\"},{\"@type\":\"ListItem\",\"position\":2,\"name\":\"S\u1ea3n ph\u1ea9m\",\"item\":\"https:\/\/amafurni.vn\/san-pham\/\"},{\"@type\":\"ListItem\",\"position\":3,\"name\":\"B\u00e0n gi\u00e1m \u0111\u1ed1c AMA-MX-6118\"}]},{\"@type\":\"WebSite\",\"@id\":\"https:\/\/amafurni.vn\/#website\",\"url\":\"https:\/\/amafurni.vn\/\",\"name\":\"AMAFURNI\",\"description\":\"\",\"potentialAction\":[{\"@type\":\"SearchAction\",\"target\":{\"@type\":\"EntryPoint\",\"urlTemplate\":\"https:\/\/amafurni.vn\/?s={search_term_string}\"},\"query-input\":\"required name=search_term_string\"}],\"inLanguage\":\"en-US\"}]}<\/script>\n<!-- \/ Yoast SEO Premium plugin. -->","yoast_head_json":{"title":"B\u00e0n gi\u00e1m \u0111\u1ed1c AMA-MX-6118 - AMAFURNI","description":"B\u00e0n l\u00e0m vi\u1ec7c v\u0103n ph\u00f2ng MFC AMA-MX-6118 .M\u1eabu b\u00e0n l\u00e0m vi\u1ec7c d\u00e0nh cho l\u00e3nh \u0111\u1ea1o v\u1edbi thi\u1ebft k\u1ebf \u0111\u1eb9p m\u1eaft hi\u1ec7n \u0111\u1ea1i \u0111\u00e1p \u1ee9ng nhu c\u1ea7u s\u1eed d\u1ee5ng, ti\u1ebft ki\u1ec7m di\u1ec7n t\u00edch, ph\u00f9 h\u1ee3p v\u1edbi m\u1ecdi kh\u00f4ng gian. S\u1ea3n ph\u1ea9m \u0111\u01b0\u1ee3c trau chu\u1ed1t trong t\u1eebng chi ti\u1ebft gi\u00fap kh\u00f4ng gian v\u0103n ph\u00f2ng chuy\u00ean nghi\u1ec7p, \u0111\u1eb3ng c\u1ea5p h\u01a1n.","robots":{"index":"index","follow":"follow","max-snippet":"max-snippet:-1","max-image-preview":"max-image-preview:large","max-video-preview":"max-video-preview:-1"},"canonical":"https:\/\/amafurni.vn\/en\/product\/ban-mfc-ama-mx-6118\/","og_locale":"en_US","og_type":"article","og_title":"B\u00e0n gi\u00e1m \u0111\u1ed1c AMA-MX-6118","og_description":"B\u00e0n l\u00e0m vi\u1ec7c v\u0103n ph\u00f2ng MFC AMA-MX-6118 .M\u1eabu b\u00e0n l\u00e0m vi\u1ec7c d\u00e0nh cho l\u00e3nh \u0111\u1ea1o v\u1edbi thi\u1ebft k\u1ebf \u0111\u1eb9p m\u1eaft hi\u1ec7n \u0111\u1ea1i \u0111\u00e1p \u1ee9ng nhu c\u1ea7u s\u1eed d\u1ee5ng, ti\u1ebft ki\u1ec7m di\u1ec7n t\u00edch, ph\u00f9 h\u1ee3p v\u1edbi m\u1ecdi kh\u00f4ng gian. S\u1ea3n ph\u1ea9m \u0111\u01b0\u1ee3c trau chu\u1ed1t trong t\u1eebng chi ti\u1ebft gi\u00fap kh\u00f4ng gian v\u0103n ph\u00f2ng chuy\u00ean nghi\u1ec7p, \u0111\u1eb3ng c\u1ea5p h\u01a1n.","og_url":"https:\/\/amafurni.vn\/en\/product\/ban-mfc-ama-mx-6118\/","og_site_name":"AMAFURNI","article_modified_time":"2025-11-12T07:12:10+00:00","og_image":[{"width":800,"height":800,"url":"https:\/\/amafurni.vn\/wp-content\/uploads\/2024\/01\/6118.jpg","type":"image\/jpeg"}],"twitter_card":"summary_large_image","twitter_misc":{"Est. reading time":"1 minute"},"schema":{"@context":"https:\/\/schema.org","@graph":[{"@type":"WebPage","@id":"https:\/\/amafurni.vn\/san-pham\/ban-mfc-ama-mx-6118\/","url":"https:\/\/amafurni.vn\/san-pham\/ban-mfc-ama-mx-6118\/","name":"B\u00e0n gi\u00e1m \u0111\u1ed1c AMA-MX-6118 - AMAFURNI","isPartOf":{"@id":"https:\/\/amafurni.vn\/#website"},"datePublished":"2024-01-05T08:53:11+00:00","dateModified":"2025-11-12T07:12:10+00:00","description":"B\u00e0n l\u00e0m vi\u1ec7c v\u0103n ph\u00f2ng MFC AMA-MX-6118 .M\u1eabu b\u00e0n l\u00e0m vi\u1ec7c d\u00e0nh cho l\u00e3nh \u0111\u1ea1o v\u1edbi thi\u1ebft k\u1ebf \u0111\u1eb9p m\u1eaft hi\u1ec7n \u0111\u1ea1i \u0111\u00e1p \u1ee9ng nhu c\u1ea7u s\u1eed d\u1ee5ng, ti\u1ebft ki\u1ec7m di\u1ec7n t\u00edch, ph\u00f9 h\u1ee3p v\u1edbi m\u1ecdi kh\u00f4ng gian. S\u1ea3n ph\u1ea9m \u0111\u01b0\u1ee3c trau chu\u1ed1t trong t\u1eebng chi ti\u1ebft gi\u00fap kh\u00f4ng gian v\u0103n ph\u00f2ng chuy\u00ean nghi\u1ec7p, \u0111\u1eb3ng c\u1ea5p h\u01a1n.","breadcrumb":{"@id":"https:\/\/amafurni.vn\/san-pham\/ban-mfc-ama-mx-6118\/#breadcrumb"},"inLanguage":"en-US","potentialAction":[{"@type":"ReadAction","target":["https:\/\/amafurni.vn\/san-pham\/ban-mfc-ama-mx-6118\/"]}]},{"@type":"BreadcrumbList","@id":"https:\/\/amafurni.vn\/san-pham\/ban-mfc-ama-mx-6118\/#breadcrumb","itemListElement":[{"@type":"ListItem","position":1,"name":"Trang ch\u1ee7","item":"https:\/\/amafurni.vn\/"},{"@type":"ListItem","position":2,"name":"S\u1ea3n ph\u1ea9m","item":"https:\/\/amafurni.vn\/san-pham\/"},{"@type":"ListItem","position":3,"name":"B\u00e0n gi\u00e1m \u0111\u1ed1c AMA-MX-6118"}]},{"@type":"WebSite","@id":"https:\/\/amafurni.vn\/#website","url":"https:\/\/amafurni.vn\/","name":"AMAFURNI","description":"","potentialAction":[{"@type":"SearchAction","target":{"@type":"EntryPoint","urlTemplate":"https:\/\/amafurni.vn\/?s={search_term_string}"},"query-input":"required name=search_term_string"}],"inLanguage":"en-US"}]}},"_links":{"self":[{"href":"https:\/\/amafurni.vn\/en\/wp-json\/wp\/v2\/product\/8073"}],"collection":[{"href":"https:\/\/amafurni.vn\/en\/wp-json\/wp\/v2\/product"}],"about":[{"href":"https:\/\/amafurni.vn\/en\/wp-json\/wp\/v2\/types\/product"}],"replies":[{"embeddable":true,"href":"https:\/\/amafurni.vn\/en\/wp-json\/wp\/v2\/comments?post=8073"}],"wp:featuredmedia":[{"embeddable":true,"href":"https:\/\/amafurni.vn\/en\/wp-json\/wp\/v2\/media\/8085"}],"wp:attachment":[{"href":"https:\/\/amafurni.vn\/en\/wp-json\/wp\/v2\/media?parent=8073"}],"wp:term":[{"taxonomy":"product_cat","embeddable":true,"href":"https:\/\/amafurni.vn\/en\/wp-json\/wp\/v2\/product_cat?post=8073"},{"taxonomy":"product_tag","embeddable":true,"href":"https:\/\/amafurni.vn\/en\/wp-json\/wp\/v2\/product_tag?post=8073"}],"curies":[{"name":"wp","href":"https:\/\/api.w.org\/{rel}","templated":true}]}}