{"id":8097,"date":"2024-01-05T16:36:52","date_gmt":"2024-01-05T09:36:52","guid":{"rendered":"https:\/\/amafurni.vn\/?post_type=product&#038;p=8097"},"modified":"2025-11-12T14:12:11","modified_gmt":"2025-11-12T07:12:11","slug":"ban-mfc-ama-lp-7019","status":"publish","type":"product","link":"https:\/\/amafurni.vn\/en\/product\/ban-mfc-ama-lp-7019\/","title":{"rendered":"B\u00e0n MFC AMA-LP-7019"},"content":{"rendered":"<table class=\"woocommerce-product-attributes shop_attributes\" width=\"929\">\n<tbody>\n<tr class=\"woocommerce-product-attributes-item woocommerce-product-attributes-item--attribute_season\">\n<th class=\"woocommerce-product-attributes-item__label\">Material<\/th>\n<td class=\"woocommerce-product-attributes-item__value\">MFC &#8211; Melamine<\/td>\n<\/tr>\n<tr class=\"woocommerce-product-attributes-item woocommerce-product-attributes-item--attribute_pa_color\">\n<th class=\"woocommerce-product-attributes-item__label\">M\u00e0u S\u1eafc<\/th>\n<td class=\"woocommerce-product-attributes-item__value\">\u0111\u1ecf c\u00e1nh d\u00e1n<\/td>\n<\/tr>\n<tr class=\"woocommerce-product-attributes-item woocommerce-product-attributes-item--attribute_style\">\n<th class=\"woocommerce-product-attributes-item__label\">Size<\/th>\n<td class=\"woocommerce-product-attributes-item__value\">1600*800*760<\/td>\n<\/tr>\n<tr class=\"woocommerce-product-attributes-item woocommerce-product-attributes-item--attribute_pa_material\">\n<th class=\"woocommerce-product-attributes-item__label\">T\u00ednh N\u0103ng<\/th>\n<td class=\"woocommerce-product-attributes-item__value\">(m\u1eb7t b\u00e0n \u1ed1p k\u00ednh)<\/td>\n<\/tr>\n<tr class=\"woocommerce-product-attributes-item woocommerce-product-attributes-item--attribute_item-code\">\n<th class=\"woocommerce-product-attributes-item__label\">B\u1ea3o H\u00e0nh<\/th>\n<td class=\"woocommerce-product-attributes-item__value\">2 n\u0103m<\/td>\n<\/tr>\n<\/tbody>\n<\/table>","protected":false},"excerpt":{"rendered":"<p>1.T\u00ean s\u1ea3n ph\u1ea9m: B\u00e0n l\u00e0m vi\u1ec7c AMA-LP-7019<br \/>\n2.K\u00edch th\u01b0\u1edbc: 1600*800*760<br \/>\n3.Ch\u1ea5t li\u1ec7u:MFC &#8211; Melamine<br \/>\n4.M\u00e0u s\u1eafc:\u0111\u1ecf c\u00e1nh d\u00e1n<br \/>\n5. Xu\u1ea5t x\u1ee9: Vi\u1ec7t Nam<br \/>\n6. B\u1ea3o h\u00e0nh: 2 n\u0103m<\/p>\n<p>&nbsp;<\/p>","protected":false},"featured_media":8119,"comment_status":"open","ping_status":"closed","template":"","meta":[],"product_cat":[59,169,168,76],"product_tag":[161,175,159],"yoast_head":"<!-- This site is optimized with the Yoast SEO Premium plugin v21.7 (Yoast SEO v21.7) - https:\/\/yoast.com\/wordpress\/plugins\/seo\/ -->\n<title>B\u00e0n MFC AMA-LP-7019 - AMAFURNI<\/title>\n<meta name=\"description\" content=\"B\u00e0n l\u00e0m vi\u1ec7c v\u0103n ph\u00f2ng MFC AMA-LP-7019 .M\u1eabu b\u00e0n l\u00e0m vi\u1ec7c d\u00e0nh cho v\u0103n ph\u00f2ng v\u1edbi thi\u1ebft k\u1ebf \u0111\u1eb9p m\u1eaft hi\u1ec7n \u0111\u1ea1i \u0111\u00e1p \u1ee9ng nhu c\u1ea7u s\u1eed d\u1ee5ng, ti\u1ebft ki\u1ec7m di\u1ec7n t\u00edch, ph\u00f9 h\u1ee3p v\u1edbi m\u1ecdi kh\u00f4ng gian. S\u1ea3n ph\u1ea9m \u0111\u01b0\u1ee3c trau chu\u1ed1t trong t\u1eebng chi ti\u1ebft gi\u00fap kh\u00f4ng gian v\u0103n ph\u00f2ng chuy\u00ean nghi\u1ec7p, \u0111\u1eb3ng c\u1ea5p h\u01a1n.\" \/>\n<meta name=\"robots\" content=\"index, follow, max-snippet:-1, max-image-preview:large, max-video-preview:-1\" \/>\n<link rel=\"canonical\" href=\"https:\/\/amafurni.vn\/en\/product\/ban-mfc-ama-lp-7019\/\" \/>\n<meta property=\"og:locale\" content=\"en_US\" \/>\n<meta property=\"og:type\" content=\"article\" \/>\n<meta property=\"og:title\" content=\"B\u00e0n MFC AMA-LP-7019\" \/>\n<meta property=\"og:description\" content=\"B\u00e0n l\u00e0m vi\u1ec7c v\u0103n ph\u00f2ng MFC AMA-LP-7019 .M\u1eabu b\u00e0n l\u00e0m vi\u1ec7c d\u00e0nh cho v\u0103n ph\u00f2ng v\u1edbi thi\u1ebft k\u1ebf \u0111\u1eb9p m\u1eaft hi\u1ec7n \u0111\u1ea1i \u0111\u00e1p \u1ee9ng nhu c\u1ea7u s\u1eed d\u1ee5ng, ti\u1ebft ki\u1ec7m di\u1ec7n t\u00edch, ph\u00f9 h\u1ee3p v\u1edbi m\u1ecdi kh\u00f4ng gian. S\u1ea3n ph\u1ea9m \u0111\u01b0\u1ee3c trau chu\u1ed1t trong t\u1eebng chi ti\u1ebft gi\u00fap kh\u00f4ng gian v\u0103n ph\u00f2ng chuy\u00ean nghi\u1ec7p, \u0111\u1eb3ng c\u1ea5p h\u01a1n.\" \/>\n<meta property=\"og:url\" content=\"https:\/\/amafurni.vn\/en\/product\/ban-mfc-ama-lp-7019\/\" \/>\n<meta property=\"og:site_name\" content=\"AMAFURNI\" \/>\n<meta property=\"article:modified_time\" content=\"2025-11-12T07:12:11+00:00\" \/>\n<meta property=\"og:image\" content=\"https:\/\/amafurni.vn\/wp-content\/uploads\/2024\/01\/LP-7019.jpg\" \/>\n\t<meta property=\"og:image:width\" content=\"800\" \/>\n\t<meta property=\"og:image:height\" content=\"800\" \/>\n\t<meta property=\"og:image:type\" content=\"image\/jpeg\" \/>\n<meta name=\"twitter:card\" content=\"summary_large_image\" \/>\n<meta name=\"twitter:label1\" content=\"Est. reading time\" \/>\n\t<meta name=\"twitter:data1\" content=\"1 minute\" \/>\n<script type=\"application\/ld+json\" class=\"yoast-schema-graph\">{\"@context\":\"https:\/\/schema.org\",\"@graph\":[{\"@type\":\"WebPage\",\"@id\":\"https:\/\/amafurni.vn\/san-pham\/ban-mfc-ama-lp-7019\/\",\"url\":\"https:\/\/amafurni.vn\/san-pham\/ban-mfc-ama-lp-7019\/\",\"name\":\"B\u00e0n MFC AMA-LP-7019 - AMAFURNI\",\"isPartOf\":{\"@id\":\"https:\/\/amafurni.vn\/#website\"},\"datePublished\":\"2024-01-05T09:36:52+00:00\",\"dateModified\":\"2025-11-12T07:12:11+00:00\",\"description\":\"B\u00e0n l\u00e0m vi\u1ec7c v\u0103n ph\u00f2ng MFC AMA-LP-7019 .M\u1eabu b\u00e0n l\u00e0m vi\u1ec7c d\u00e0nh cho v\u0103n ph\u00f2ng v\u1edbi thi\u1ebft k\u1ebf \u0111\u1eb9p m\u1eaft hi\u1ec7n \u0111\u1ea1i \u0111\u00e1p \u1ee9ng nhu c\u1ea7u s\u1eed d\u1ee5ng, ti\u1ebft ki\u1ec7m di\u1ec7n t\u00edch, ph\u00f9 h\u1ee3p v\u1edbi m\u1ecdi kh\u00f4ng gian. S\u1ea3n ph\u1ea9m \u0111\u01b0\u1ee3c trau chu\u1ed1t trong t\u1eebng chi ti\u1ebft gi\u00fap kh\u00f4ng gian v\u0103n ph\u00f2ng chuy\u00ean nghi\u1ec7p, \u0111\u1eb3ng c\u1ea5p h\u01a1n.\",\"breadcrumb\":{\"@id\":\"https:\/\/amafurni.vn\/san-pham\/ban-mfc-ama-lp-7019\/#breadcrumb\"},\"inLanguage\":\"en-US\",\"potentialAction\":[{\"@type\":\"ReadAction\",\"target\":[\"https:\/\/amafurni.vn\/san-pham\/ban-mfc-ama-lp-7019\/\"]}]},{\"@type\":\"BreadcrumbList\",\"@id\":\"https:\/\/amafurni.vn\/san-pham\/ban-mfc-ama-lp-7019\/#breadcrumb\",\"itemListElement\":[{\"@type\":\"ListItem\",\"position\":1,\"name\":\"Trang ch\u1ee7\",\"item\":\"https:\/\/amafurni.vn\/\"},{\"@type\":\"ListItem\",\"position\":2,\"name\":\"S\u1ea3n ph\u1ea9m\",\"item\":\"https:\/\/amafurni.vn\/san-pham\/\"},{\"@type\":\"ListItem\",\"position\":3,\"name\":\"B\u00e0n MFC AMA-LP-7019\"}]},{\"@type\":\"WebSite\",\"@id\":\"https:\/\/amafurni.vn\/#website\",\"url\":\"https:\/\/amafurni.vn\/\",\"name\":\"AMAFURNI\",\"description\":\"\",\"potentialAction\":[{\"@type\":\"SearchAction\",\"target\":{\"@type\":\"EntryPoint\",\"urlTemplate\":\"https:\/\/amafurni.vn\/?s={search_term_string}\"},\"query-input\":\"required name=search_term_string\"}],\"inLanguage\":\"en-US\"}]}<\/script>\n<!-- \/ Yoast SEO Premium plugin. -->","yoast_head_json":{"title":"B\u00e0n MFC AMA-LP-7019 - AMAFURNI","description":"B\u00e0n l\u00e0m vi\u1ec7c v\u0103n ph\u00f2ng MFC AMA-LP-7019 .M\u1eabu b\u00e0n l\u00e0m vi\u1ec7c d\u00e0nh cho v\u0103n ph\u00f2ng v\u1edbi thi\u1ebft k\u1ebf \u0111\u1eb9p m\u1eaft hi\u1ec7n \u0111\u1ea1i \u0111\u00e1p \u1ee9ng nhu c\u1ea7u s\u1eed d\u1ee5ng, ti\u1ebft ki\u1ec7m di\u1ec7n t\u00edch, ph\u00f9 h\u1ee3p v\u1edbi m\u1ecdi kh\u00f4ng gian. S\u1ea3n ph\u1ea9m \u0111\u01b0\u1ee3c trau chu\u1ed1t trong t\u1eebng chi ti\u1ebft gi\u00fap kh\u00f4ng gian v\u0103n ph\u00f2ng chuy\u00ean nghi\u1ec7p, \u0111\u1eb3ng c\u1ea5p h\u01a1n.","robots":{"index":"index","follow":"follow","max-snippet":"max-snippet:-1","max-image-preview":"max-image-preview:large","max-video-preview":"max-video-preview:-1"},"canonical":"https:\/\/amafurni.vn\/en\/product\/ban-mfc-ama-lp-7019\/","og_locale":"en_US","og_type":"article","og_title":"B\u00e0n MFC AMA-LP-7019","og_description":"B\u00e0n l\u00e0m vi\u1ec7c v\u0103n ph\u00f2ng MFC AMA-LP-7019 .M\u1eabu b\u00e0n l\u00e0m vi\u1ec7c d\u00e0nh cho v\u0103n ph\u00f2ng v\u1edbi thi\u1ebft k\u1ebf \u0111\u1eb9p m\u1eaft hi\u1ec7n \u0111\u1ea1i \u0111\u00e1p \u1ee9ng nhu c\u1ea7u s\u1eed d\u1ee5ng, ti\u1ebft ki\u1ec7m di\u1ec7n t\u00edch, ph\u00f9 h\u1ee3p v\u1edbi m\u1ecdi kh\u00f4ng gian. S\u1ea3n ph\u1ea9m \u0111\u01b0\u1ee3c trau chu\u1ed1t trong t\u1eebng chi ti\u1ebft gi\u00fap kh\u00f4ng gian v\u0103n ph\u00f2ng chuy\u00ean nghi\u1ec7p, \u0111\u1eb3ng c\u1ea5p h\u01a1n.","og_url":"https:\/\/amafurni.vn\/en\/product\/ban-mfc-ama-lp-7019\/","og_site_name":"AMAFURNI","article_modified_time":"2025-11-12T07:12:11+00:00","og_image":[{"width":800,"height":800,"url":"https:\/\/amafurni.vn\/wp-content\/uploads\/2024\/01\/LP-7019.jpg","type":"image\/jpeg"}],"twitter_card":"summary_large_image","twitter_misc":{"Est. reading time":"1 minute"},"schema":{"@context":"https:\/\/schema.org","@graph":[{"@type":"WebPage","@id":"https:\/\/amafurni.vn\/san-pham\/ban-mfc-ama-lp-7019\/","url":"https:\/\/amafurni.vn\/san-pham\/ban-mfc-ama-lp-7019\/","name":"B\u00e0n MFC AMA-LP-7019 - AMAFURNI","isPartOf":{"@id":"https:\/\/amafurni.vn\/#website"},"datePublished":"2024-01-05T09:36:52+00:00","dateModified":"2025-11-12T07:12:11+00:00","description":"B\u00e0n l\u00e0m vi\u1ec7c v\u0103n ph\u00f2ng MFC AMA-LP-7019 .M\u1eabu b\u00e0n l\u00e0m vi\u1ec7c d\u00e0nh cho v\u0103n ph\u00f2ng v\u1edbi thi\u1ebft k\u1ebf \u0111\u1eb9p m\u1eaft hi\u1ec7n \u0111\u1ea1i \u0111\u00e1p \u1ee9ng nhu c\u1ea7u s\u1eed d\u1ee5ng, ti\u1ebft ki\u1ec7m di\u1ec7n t\u00edch, ph\u00f9 h\u1ee3p v\u1edbi m\u1ecdi kh\u00f4ng gian. S\u1ea3n ph\u1ea9m \u0111\u01b0\u1ee3c trau chu\u1ed1t trong t\u1eebng chi ti\u1ebft gi\u00fap kh\u00f4ng gian v\u0103n ph\u00f2ng chuy\u00ean nghi\u1ec7p, \u0111\u1eb3ng c\u1ea5p h\u01a1n.","breadcrumb":{"@id":"https:\/\/amafurni.vn\/san-pham\/ban-mfc-ama-lp-7019\/#breadcrumb"},"inLanguage":"en-US","potentialAction":[{"@type":"ReadAction","target":["https:\/\/amafurni.vn\/san-pham\/ban-mfc-ama-lp-7019\/"]}]},{"@type":"BreadcrumbList","@id":"https:\/\/amafurni.vn\/san-pham\/ban-mfc-ama-lp-7019\/#breadcrumb","itemListElement":[{"@type":"ListItem","position":1,"name":"Trang ch\u1ee7","item":"https:\/\/amafurni.vn\/"},{"@type":"ListItem","position":2,"name":"S\u1ea3n ph\u1ea9m","item":"https:\/\/amafurni.vn\/san-pham\/"},{"@type":"ListItem","position":3,"name":"B\u00e0n MFC AMA-LP-7019"}]},{"@type":"WebSite","@id":"https:\/\/amafurni.vn\/#website","url":"https:\/\/amafurni.vn\/","name":"AMAFURNI","description":"","potentialAction":[{"@type":"SearchAction","target":{"@type":"EntryPoint","urlTemplate":"https:\/\/amafurni.vn\/?s={search_term_string}"},"query-input":"required name=search_term_string"}],"inLanguage":"en-US"}]}},"_links":{"self":[{"href":"https:\/\/amafurni.vn\/en\/wp-json\/wp\/v2\/product\/8097"}],"collection":[{"href":"https:\/\/amafurni.vn\/en\/wp-json\/wp\/v2\/product"}],"about":[{"href":"https:\/\/amafurni.vn\/en\/wp-json\/wp\/v2\/types\/product"}],"replies":[{"embeddable":true,"href":"https:\/\/amafurni.vn\/en\/wp-json\/wp\/v2\/comments?post=8097"}],"wp:featuredmedia":[{"embeddable":true,"href":"https:\/\/amafurni.vn\/en\/wp-json\/wp\/v2\/media\/8119"}],"wp:attachment":[{"href":"https:\/\/amafurni.vn\/en\/wp-json\/wp\/v2\/media?parent=8097"}],"wp:term":[{"taxonomy":"product_cat","embeddable":true,"href":"https:\/\/amafurni.vn\/en\/wp-json\/wp\/v2\/product_cat?post=8097"},{"taxonomy":"product_tag","embeddable":true,"href":"https:\/\/amafurni.vn\/en\/wp-json\/wp\/v2\/product_tag?post=8097"}],"curies":[{"name":"wp","href":"https:\/\/api.w.org\/{rel}","templated":true}]}}