{"id":8128,"date":"2024-01-06T11:08:00","date_gmt":"2024-01-06T04:08:00","guid":{"rendered":"https:\/\/amafurni.vn\/?post_type=product&#038;p=8128"},"modified":"2025-11-12T14:12:11","modified_gmt":"2025-11-12T07:12:11","slug":"ghe-ama-beema-02","status":"publish","type":"product","link":"https:\/\/amafurni.vn\/en\/product\/ghe-ama-beema-02\/","title":{"rendered":"Gh\u1ebf AMA-BEEMA 02"},"content":{"rendered":"<table class=\"woocommerce-product-attributes shop_attributes\" width=\"929\">\n<tbody>\n<tr class=\"woocommerce-product-attributes-item woocommerce-product-attributes-item--attribute_season\">\n<th class=\"woocommerce-product-attributes-item__label\">Material<\/th>\n<td class=\"woocommerce-product-attributes-item__value\">T\u1ef1a l\u01b0ng v\u00e0 n\u1ec7m b\u1eb1ng nh\u1ef1a c\u00f3 b\u1ecdc v\u1ea3i. Tay gh\u1ebf b\u1eb1ng nh\u1ef1a. Ch\u00e2n gh\u1ebf s\u1eaft s\u01a1n t\u0129nh \u0111i\u1ec7n<\/td>\n<\/tr>\n<tr class=\"woocommerce-product-attributes-item woocommerce-product-attributes-item--attribute_pa_color\">\n<th class=\"woocommerce-product-attributes-item__label\">M\u00e0u S\u1eafc<\/th>\n<td class=\"woocommerce-product-attributes-item__value\">Tu\u1ef3 theo y\u00eau c\u1ea7u<\/td>\n<\/tr>\n<tr class=\"woocommerce-product-attributes-item woocommerce-product-attributes-item--attribute_style\">\n<th class=\"woocommerce-product-attributes-item__label\">Size<\/th>\n<td class=\"woocommerce-product-attributes-item__value\">590*520*810*mm<\/td>\n<\/tr>\n<tr class=\"woocommerce-product-attributes-item woocommerce-product-attributes-item--attribute_pa_material\">\n<th class=\"woocommerce-product-attributes-item__label\">T\u00ednh N\u0103ng<\/th>\n<td class=\"woocommerce-product-attributes-item__value\">Ng\u1ed3i c\u1ed1 \u0111\u1ecbnh. Hai ch\u00e2n sau c\u00f3 b\u00e1nh xe, hai ch\u00e2n tr\u01b0\u1edbc c\u1ed1 \u0111\u1ecbnh<\/td>\n<\/tr>\n<tr class=\"woocommerce-product-attributes-item woocommerce-product-attributes-item--attribute_item-code\">\n<th class=\"woocommerce-product-attributes-item__label\">B\u1ea3o H\u00e0nh<\/th>\n<td class=\"woocommerce-product-attributes-item__value\">3 n\u0103m<\/td>\n<\/tr>\n<\/tbody>\n<\/table>","protected":false},"excerpt":{"rendered":"<div class=\"linedetail\">\n<p>1. T\u1ef1a l\u01b0ng gh\u1ebf: T\u1ef1a l\u01b0ng b\u1eb1ng nh\u1ef1a c\u00f3 b\u1ecdc v\u1ea3i<br \/>\n2. N\u1ec7m: N\u1ec7m ng\u1ed3i b\u1ecdc v\u1ea3i<br \/>\n3. Tay gh\u1ebf: Tay gh\u1ebf nh\u1ef1a c\u1ed1 \u0111\u1ecbnh c\u00f3 b\u00e0n vi\u1ebft nh\u1ef1a<br \/>\n4. Ch\u00e2n gh\u1ebf: Ch\u00e2n gh\u1ebf s\u1eaft s\u01a1n t\u0129nh \u0111i\u1ec7n<br \/>\n5. B\u00e1nh xe: hai ch\u00e2n sau c\u00f3 b\u00e1nh xe, hai ch\u00e2n tr\u01b0\u1edbc c\u1ed1 \u0111\u1ecbnh<br \/>\n6. M\u00e0u l\u01b0ng: t\u00f9y ch\u1ecdn<br \/>\n7. M\u00e0u n\u1ec7m: t\u00f9y ch\u1ecdn<br \/>\n8. Xu\u1ea5t x\u1ee9: Vi\u1ec7t Nam<\/p>\n<\/div>\n<div class=\"linedetail\"><\/div>","protected":false},"featured_media":8134,"comment_status":"open","ping_status":"closed","template":"","meta":[],"product_cat":[59,74],"product_tag":[267],"yoast_head":"<!-- This site is optimized with the Yoast SEO Premium plugin v21.7 (Yoast SEO v21.7) - https:\/\/yoast.com\/wordpress\/plugins\/seo\/ -->\n<title>Gh\u1ebf AMA-BEEMA 02 - AMAFURNI<\/title>\n<meta name=\"robots\" content=\"index, follow, max-snippet:-1, max-image-preview:large, max-video-preview:-1\" \/>\n<link rel=\"canonical\" href=\"https:\/\/amafurni.vn\/en\/product\/ghe-ama-beema-02\/\" \/>\n<meta property=\"og:locale\" content=\"en_US\" \/>\n<meta property=\"og:type\" content=\"article\" \/>\n<meta property=\"og:title\" content=\"Gh\u1ebf AMA-BEEMA 02\" \/>\n<meta property=\"og:description\" content=\"1. T\u1ef1a l\u01b0ng gh\u1ebf: T\u1ef1a l\u01b0ng b\u1eb1ng nh\u1ef1a c\u00f3 b\u1ecdc v\u1ea3i 2. N\u1ec7m: N\u1ec7m ng\u1ed3i b\u1ecdc v\u1ea3i 3. Tay gh\u1ebf: Tay gh\u1ebf nh\u1ef1a c\u1ed1 \u0111\u1ecbnh c\u00f3 b\u00e0n vi\u1ebft nh\u1ef1a 4. Ch\u00e2n gh\u1ebf: Ch\u00e2n gh\u1ebf s\u1eaft s\u01a1n t\u0129nh \u0111i\u1ec7n 5. B\u00e1nh xe: hai ch\u00e2n sau c\u00f3 b\u00e1nh xe, hai ch\u00e2n tr\u01b0\u1edbc c\u1ed1 \u0111\u1ecbnh 6. M\u00e0u l\u01b0ng: t\u00f9y ch\u1ecdn 7. M\u00e0u n\u1ec7m: t\u00f9y ch\u1ecdn 8. Xu\u1ea5t x\u1ee9: Vi\u1ec7t Nam\" \/>\n<meta property=\"og:url\" content=\"https:\/\/amafurni.vn\/en\/product\/ghe-ama-beema-02\/\" \/>\n<meta property=\"og:site_name\" content=\"AMAFURNI\" \/>\n<meta property=\"article:modified_time\" content=\"2025-11-12T07:12:11+00:00\" \/>\n<meta property=\"og:image\" content=\"https:\/\/amafurni.vn\/wp-content\/uploads\/2024\/01\/z5045135110453_dbf861d9d77f9a2852c9ba0e65c05073.jpg\" \/>\n\t<meta property=\"og:image:width\" content=\"800\" \/>\n\t<meta property=\"og:image:height\" content=\"800\" \/>\n\t<meta property=\"og:image:type\" content=\"image\/jpeg\" \/>\n<meta name=\"twitter:card\" content=\"summary_large_image\" \/>\n<meta name=\"twitter:label1\" content=\"Est. reading time\" \/>\n\t<meta name=\"twitter:data1\" content=\"1 minute\" \/>\n<script type=\"application\/ld+json\" class=\"yoast-schema-graph\">{\"@context\":\"https:\/\/schema.org\",\"@graph\":[{\"@type\":\"WebPage\",\"@id\":\"https:\/\/amafurni.vn\/san-pham\/ghe-ama-beema-02\/\",\"url\":\"https:\/\/amafurni.vn\/san-pham\/ghe-ama-beema-02\/\",\"name\":\"Gh\u1ebf AMA-BEEMA 02 - AMAFURNI\",\"isPartOf\":{\"@id\":\"https:\/\/amafurni.vn\/#website\"},\"datePublished\":\"2024-01-06T04:08:00+00:00\",\"dateModified\":\"2025-11-12T07:12:11+00:00\",\"breadcrumb\":{\"@id\":\"https:\/\/amafurni.vn\/san-pham\/ghe-ama-beema-02\/#breadcrumb\"},\"inLanguage\":\"en-US\",\"potentialAction\":[{\"@type\":\"ReadAction\",\"target\":[\"https:\/\/amafurni.vn\/san-pham\/ghe-ama-beema-02\/\"]}]},{\"@type\":\"BreadcrumbList\",\"@id\":\"https:\/\/amafurni.vn\/san-pham\/ghe-ama-beema-02\/#breadcrumb\",\"itemListElement\":[{\"@type\":\"ListItem\",\"position\":1,\"name\":\"Trang ch\u1ee7\",\"item\":\"https:\/\/amafurni.vn\/\"},{\"@type\":\"ListItem\",\"position\":2,\"name\":\"S\u1ea3n ph\u1ea9m\",\"item\":\"https:\/\/amafurni.vn\/san-pham\/\"},{\"@type\":\"ListItem\",\"position\":3,\"name\":\"Gh\u1ebf AMA-BEEMA 02\"}]},{\"@type\":\"WebSite\",\"@id\":\"https:\/\/amafurni.vn\/#website\",\"url\":\"https:\/\/amafurni.vn\/\",\"name\":\"AMAFURNI\",\"description\":\"\",\"potentialAction\":[{\"@type\":\"SearchAction\",\"target\":{\"@type\":\"EntryPoint\",\"urlTemplate\":\"https:\/\/amafurni.vn\/?s={search_term_string}\"},\"query-input\":\"required name=search_term_string\"}],\"inLanguage\":\"en-US\"}]}<\/script>\n<!-- \/ Yoast SEO Premium plugin. -->","yoast_head_json":{"title":"Gh\u1ebf AMA-BEEMA 02 - AMAFURNI","robots":{"index":"index","follow":"follow","max-snippet":"max-snippet:-1","max-image-preview":"max-image-preview:large","max-video-preview":"max-video-preview:-1"},"canonical":"https:\/\/amafurni.vn\/en\/product\/ghe-ama-beema-02\/","og_locale":"en_US","og_type":"article","og_title":"Gh\u1ebf AMA-BEEMA 02","og_description":"1. T\u1ef1a l\u01b0ng gh\u1ebf: T\u1ef1a l\u01b0ng b\u1eb1ng nh\u1ef1a c\u00f3 b\u1ecdc v\u1ea3i 2. N\u1ec7m: N\u1ec7m ng\u1ed3i b\u1ecdc v\u1ea3i 3. Tay gh\u1ebf: Tay gh\u1ebf nh\u1ef1a c\u1ed1 \u0111\u1ecbnh c\u00f3 b\u00e0n vi\u1ebft nh\u1ef1a 4. Ch\u00e2n gh\u1ebf: Ch\u00e2n gh\u1ebf s\u1eaft s\u01a1n t\u0129nh \u0111i\u1ec7n 5. B\u00e1nh xe: hai ch\u00e2n sau c\u00f3 b\u00e1nh xe, hai ch\u00e2n tr\u01b0\u1edbc c\u1ed1 \u0111\u1ecbnh 6. M\u00e0u l\u01b0ng: t\u00f9y ch\u1ecdn 7. M\u00e0u n\u1ec7m: t\u00f9y ch\u1ecdn 8. Xu\u1ea5t x\u1ee9: Vi\u1ec7t Nam","og_url":"https:\/\/amafurni.vn\/en\/product\/ghe-ama-beema-02\/","og_site_name":"AMAFURNI","article_modified_time":"2025-11-12T07:12:11+00:00","og_image":[{"width":800,"height":800,"url":"https:\/\/amafurni.vn\/wp-content\/uploads\/2024\/01\/z5045135110453_dbf861d9d77f9a2852c9ba0e65c05073.jpg","type":"image\/jpeg"}],"twitter_card":"summary_large_image","twitter_misc":{"Est. reading time":"1 minute"},"schema":{"@context":"https:\/\/schema.org","@graph":[{"@type":"WebPage","@id":"https:\/\/amafurni.vn\/san-pham\/ghe-ama-beema-02\/","url":"https:\/\/amafurni.vn\/san-pham\/ghe-ama-beema-02\/","name":"Gh\u1ebf AMA-BEEMA 02 - AMAFURNI","isPartOf":{"@id":"https:\/\/amafurni.vn\/#website"},"datePublished":"2024-01-06T04:08:00+00:00","dateModified":"2025-11-12T07:12:11+00:00","breadcrumb":{"@id":"https:\/\/amafurni.vn\/san-pham\/ghe-ama-beema-02\/#breadcrumb"},"inLanguage":"en-US","potentialAction":[{"@type":"ReadAction","target":["https:\/\/amafurni.vn\/san-pham\/ghe-ama-beema-02\/"]}]},{"@type":"BreadcrumbList","@id":"https:\/\/amafurni.vn\/san-pham\/ghe-ama-beema-02\/#breadcrumb","itemListElement":[{"@type":"ListItem","position":1,"name":"Trang ch\u1ee7","item":"https:\/\/amafurni.vn\/"},{"@type":"ListItem","position":2,"name":"S\u1ea3n ph\u1ea9m","item":"https:\/\/amafurni.vn\/san-pham\/"},{"@type":"ListItem","position":3,"name":"Gh\u1ebf AMA-BEEMA 02"}]},{"@type":"WebSite","@id":"https:\/\/amafurni.vn\/#website","url":"https:\/\/amafurni.vn\/","name":"AMAFURNI","description":"","potentialAction":[{"@type":"SearchAction","target":{"@type":"EntryPoint","urlTemplate":"https:\/\/amafurni.vn\/?s={search_term_string}"},"query-input":"required name=search_term_string"}],"inLanguage":"en-US"}]}},"_links":{"self":[{"href":"https:\/\/amafurni.vn\/en\/wp-json\/wp\/v2\/product\/8128"}],"collection":[{"href":"https:\/\/amafurni.vn\/en\/wp-json\/wp\/v2\/product"}],"about":[{"href":"https:\/\/amafurni.vn\/en\/wp-json\/wp\/v2\/types\/product"}],"replies":[{"embeddable":true,"href":"https:\/\/amafurni.vn\/en\/wp-json\/wp\/v2\/comments?post=8128"}],"wp:featuredmedia":[{"embeddable":true,"href":"https:\/\/amafurni.vn\/en\/wp-json\/wp\/v2\/media\/8134"}],"wp:attachment":[{"href":"https:\/\/amafurni.vn\/en\/wp-json\/wp\/v2\/media?parent=8128"}],"wp:term":[{"taxonomy":"product_cat","embeddable":true,"href":"https:\/\/amafurni.vn\/en\/wp-json\/wp\/v2\/product_cat?post=8128"},{"taxonomy":"product_tag","embeddable":true,"href":"https:\/\/amafurni.vn\/en\/wp-json\/wp\/v2\/product_tag?post=8128"}],"curies":[{"name":"wp","href":"https:\/\/api.w.org\/{rel}","templated":true}]}}