{"id":869,"date":"2023-12-07T09:23:44","date_gmt":"2023-12-07T02:23:44","guid":{"rendered":"https:\/\/amafurni.123websitedev.com\/san-pham\/tu-ho-so-nhap-khau-ama-oc10133-4c\/"},"modified":"2025-11-12T14:09:46","modified_gmt":"2025-11-12T07:09:46","slug":"tu-ho-so-nhap-khau-ama-oc10133-4c","status":"publish","type":"product","link":"https:\/\/amafurni.vn\/en\/product\/tu-ho-so-nhap-khau-ama-oc10133-4c\/","title":{"rendered":"Imported filing cabinet AMA-OC10133-4C"},"content":{"rendered":"<div id=\"tab-description\" class=\"tab-pane active bottom20\">\n<table border=\"1\">\n<tbody>\n<tr>\n<td style=\"text-align: center\"><span style=\"color: #ff0000;font-family: 'times new roman', times, serif\"><strong>Material<\/strong><\/span><\/td>\n<td style=\"text-align: center\"><span style=\"color: #ff0000;font-family: 'times new roman', times, serif\"><strong>Size<\/strong><\/span><\/p>\n<p><span style=\"color: #ff0000;font-family: 'times new roman', times, serif\"><strong>(D\u00e0i*R\u1ed9ng*cao)<\/strong><\/span><\/td>\n<td style=\"text-align: center\"><span style=\"color: #ff0000;font-family: 'times new roman', times, serif\"><strong>\u0110\u1eb7c \u0110i\u1ec3m<\/strong><\/span><\/td>\n<td style=\"text-align: center\"><span style=\"color: #ff0000;font-family: 'times new roman', times, serif\"><strong>M\u00e0u S\u1eafc<\/strong><\/span><\/td>\n<td style=\"text-align: center\"><span style=\"color: #ff0000;font-family: 'times new roman', times, serif\"><strong>Xu\u1ea5t X\u1ee9<\/strong><\/span><\/td>\n<td style=\"text-align: center\"><span style=\"color: #ff0000;font-family: 'times new roman', times, serif\"><strong>B\u1ea3o h\u00e0nh<\/strong><\/span><\/td>\n<td style=\"text-align: center\"><span style=\"color: #ff0000;font-family: 'times new roman', times, serif\"><strong>B\u1ed9 s\u1ea3n ph\u1ea9m g\u1ed3m<\/strong><\/span><\/td>\n<\/tr>\n<tr>\n<td><span style=\"font-family: 'times new roman', times, serif\">G\u1ed7 MDF- Paper.<\/span><\/td>\n<td><span style=\"font-family: 'times new roman', times, serif\">1800*400*2000<\/span><\/td>\n<td><span style=\"font-family: 'times new roman', times, serif\">Tr\u00e1nh nhi\u1ec7t \u0111\u1ed9 qu\u00e1 cao khi ti\u1ebfp x\u00fac tr\u1ef1c ti\u1ebfp tr\u00ean b\u1ec1 m\u1eb7t v\u00e0 tr\u00e1nh c\u00e1c v\u1eadt s\u1eaft nh\u1ecdn.<\/span><\/p>\n<p><span style=\"font-family: 'times new roman', times, serif\"><span class=\"name\">S\u1ed1 ng\u0103n:<\/span>\u00a04<\/span><\/td>\n<td><span style=\"font-family: 'times new roman', times, serif\">N\u00e2u \u0111\u1ecf.<\/span><\/td>\n<td><span style=\"font-family: 'times new roman', times, serif\">H\u00e0ng nh\u1eadp ngo\u1ea1i<\/span><\/td>\n<td><span style=\"font-family: 'times new roman', times, serif\">12 Th\u00e1ng<\/span><\/td>\n<td><\/td>\n<\/tr>\n<\/tbody>\n<\/table>\n<\/div>","protected":false},"excerpt":{"rendered":"<p>Ch\u1ea5t Li\u1ec7u K\u00edch Th\u01b0\u1edbc (D\u00e0i*R\u1ed9ng*cao) \u0110\u1eb7c \u0110i\u1ec3m M\u00e0u S\u1eafc Xu\u1ea5t X\u1ee9 B\u1ea3o h\u00e0nh B\u1ed9 s\u1ea3n ph\u1ea9m g\u1ed3m G\u1ed7 MDF- Paper. 1800*400*2000 Tr\u00e1nh nhi\u1ec7t \u0111\u1ed9 qu\u00e1 cao khi ti\u1ebfp x\u00fac tr\u1ef1c ti\u1ebfp tr\u00ean b\u1ec1 m\u1eb7t v\u00e0 tr\u00e1nh c\u00e1c v\u1eadt s\u1eaft nh\u1ecdn. S\u1ed1 ng\u0103n:\u00a04 N\u00e2u \u0111\u1ecf. H\u00e0ng nh\u1eadp ngo\u1ea1i 12 Th\u00e1ng<\/p>","protected":false},"featured_media":22689,"comment_status":"open","ping_status":"closed","template":"","meta":[],"product_cat":[59,79],"product_tag":[214,215],"yoast_head":"<!-- This site is optimized with the Yoast SEO Premium plugin v21.7 (Yoast SEO v21.7) - https:\/\/yoast.com\/wordpress\/plugins\/seo\/ -->\n<title>T\u1ee7 h\u1ed3 s\u01a1 nh\u1eadp kh\u1ea9u AMA-OC10133-4C - AMAFURNI<\/title>\n<meta name=\"robots\" content=\"index, follow, max-snippet:-1, max-image-preview:large, max-video-preview:-1\" \/>\n<link rel=\"canonical\" href=\"https:\/\/amafurni.vn\/en\/product\/tu-ho-so-nhap-khau-ama-oc10133-4c\/\" \/>\n<meta property=\"og:locale\" content=\"en_US\" \/>\n<meta property=\"og:type\" content=\"article\" \/>\n<meta property=\"og:title\" content=\"T\u1ee7 h\u1ed3 s\u01a1 nh\u1eadp kh\u1ea9u AMA-OC10133-4C\" \/>\n<meta property=\"og:description\" content=\"Ch\u1ea5t Li\u1ec7u K\u00edch Th\u01b0\u1edbc (D\u00e0i*R\u1ed9ng*cao) \u0110\u1eb7c \u0110i\u1ec3m M\u00e0u S\u1eafc Xu\u1ea5t X\u1ee9 B\u1ea3o h\u00e0nh B\u1ed9 s\u1ea3n ph\u1ea9m g\u1ed3m G\u1ed7 MDF- Paper. 1800*400*2000 Tr\u00e1nh nhi\u1ec7t \u0111\u1ed9 qu\u00e1 cao khi ti\u1ebfp x\u00fac tr\u1ef1c ti\u1ebfp tr\u00ean b\u1ec1 m\u1eb7t v\u00e0 tr\u00e1nh c\u00e1c v\u1eadt s\u1eaft nh\u1ecdn. S\u1ed1 ng\u0103n:\u00a04 N\u00e2u \u0111\u1ecf. H\u00e0ng nh\u1eadp ngo\u1ea1i 12 Th\u00e1ng\" \/>\n<meta property=\"og:url\" content=\"https:\/\/amafurni.vn\/en\/product\/tu-ho-so-nhap-khau-ama-oc10133-4c\/\" \/>\n<meta property=\"og:site_name\" content=\"AMAFURNI\" \/>\n<meta property=\"article:modified_time\" content=\"2025-11-12T07:09:46+00:00\" \/>\n<meta property=\"og:image\" content=\"https:\/\/amafurni.vn\/wp-content\/uploads\/2023\/12\/AMA-OC10133-4C.jpeg\" \/>\n\t<meta property=\"og:image:width\" content=\"800\" \/>\n\t<meta property=\"og:image:height\" content=\"800\" \/>\n\t<meta property=\"og:image:type\" content=\"image\/jpeg\" \/>\n<meta name=\"twitter:card\" content=\"summary_large_image\" \/>\n<meta name=\"twitter:label1\" content=\"Est. reading time\" \/>\n\t<meta name=\"twitter:data1\" content=\"1 minute\" \/>\n<script type=\"application\/ld+json\" class=\"yoast-schema-graph\">{\"@context\":\"https:\/\/schema.org\",\"@graph\":[{\"@type\":\"WebPage\",\"@id\":\"https:\/\/amafurni.vn\/san-pham\/tu-ho-so-nhap-khau-ama-oc10133-4c\/\",\"url\":\"https:\/\/amafurni.vn\/san-pham\/tu-ho-so-nhap-khau-ama-oc10133-4c\/\",\"name\":\"T\u1ee7 h\u1ed3 s\u01a1 nh\u1eadp kh\u1ea9u AMA-OC10133-4C - AMAFURNI\",\"isPartOf\":{\"@id\":\"https:\/\/amafurni.vn\/#website\"},\"datePublished\":\"2023-12-07T02:23:44+00:00\",\"dateModified\":\"2025-11-12T07:09:46+00:00\",\"breadcrumb\":{\"@id\":\"https:\/\/amafurni.vn\/san-pham\/tu-ho-so-nhap-khau-ama-oc10133-4c\/#breadcrumb\"},\"inLanguage\":\"en-US\",\"potentialAction\":[{\"@type\":\"ReadAction\",\"target\":[\"https:\/\/amafurni.vn\/san-pham\/tu-ho-so-nhap-khau-ama-oc10133-4c\/\"]}]},{\"@type\":\"BreadcrumbList\",\"@id\":\"https:\/\/amafurni.vn\/san-pham\/tu-ho-so-nhap-khau-ama-oc10133-4c\/#breadcrumb\",\"itemListElement\":[{\"@type\":\"ListItem\",\"position\":1,\"name\":\"Trang ch\u1ee7\",\"item\":\"https:\/\/amafurni.vn\/\"},{\"@type\":\"ListItem\",\"position\":2,\"name\":\"S\u1ea3n ph\u1ea9m\",\"item\":\"https:\/\/amafurni.vn\/san-pham\/\"},{\"@type\":\"ListItem\",\"position\":3,\"name\":\"T\u1ee7 h\u1ed3 s\u01a1 nh\u1eadp kh\u1ea9u AMA-OC10133-4C\"}]},{\"@type\":\"WebSite\",\"@id\":\"https:\/\/amafurni.vn\/#website\",\"url\":\"https:\/\/amafurni.vn\/\",\"name\":\"AMAFURNI\",\"description\":\"\",\"potentialAction\":[{\"@type\":\"SearchAction\",\"target\":{\"@type\":\"EntryPoint\",\"urlTemplate\":\"https:\/\/amafurni.vn\/?s={search_term_string}\"},\"query-input\":\"required name=search_term_string\"}],\"inLanguage\":\"en-US\"}]}<\/script>\n<!-- \/ Yoast SEO Premium plugin. -->","yoast_head_json":{"title":"T\u1ee7 h\u1ed3 s\u01a1 nh\u1eadp kh\u1ea9u AMA-OC10133-4C - AMAFURNI","robots":{"index":"index","follow":"follow","max-snippet":"max-snippet:-1","max-image-preview":"max-image-preview:large","max-video-preview":"max-video-preview:-1"},"canonical":"https:\/\/amafurni.vn\/en\/product\/tu-ho-so-nhap-khau-ama-oc10133-4c\/","og_locale":"en_US","og_type":"article","og_title":"T\u1ee7 h\u1ed3 s\u01a1 nh\u1eadp kh\u1ea9u AMA-OC10133-4C","og_description":"Ch\u1ea5t Li\u1ec7u K\u00edch Th\u01b0\u1edbc (D\u00e0i*R\u1ed9ng*cao) \u0110\u1eb7c \u0110i\u1ec3m M\u00e0u S\u1eafc Xu\u1ea5t X\u1ee9 B\u1ea3o h\u00e0nh B\u1ed9 s\u1ea3n ph\u1ea9m g\u1ed3m G\u1ed7 MDF- Paper. 1800*400*2000 Tr\u00e1nh nhi\u1ec7t \u0111\u1ed9 qu\u00e1 cao khi ti\u1ebfp x\u00fac tr\u1ef1c ti\u1ebfp tr\u00ean b\u1ec1 m\u1eb7t v\u00e0 tr\u00e1nh c\u00e1c v\u1eadt s\u1eaft nh\u1ecdn. S\u1ed1 ng\u0103n:\u00a04 N\u00e2u \u0111\u1ecf. H\u00e0ng nh\u1eadp ngo\u1ea1i 12 Th\u00e1ng","og_url":"https:\/\/amafurni.vn\/en\/product\/tu-ho-so-nhap-khau-ama-oc10133-4c\/","og_site_name":"AMAFURNI","article_modified_time":"2025-11-12T07:09:46+00:00","og_image":[{"width":800,"height":800,"url":"https:\/\/amafurni.vn\/wp-content\/uploads\/2023\/12\/AMA-OC10133-4C.jpeg","type":"image\/jpeg"}],"twitter_card":"summary_large_image","twitter_misc":{"Est. reading time":"1 minute"},"schema":{"@context":"https:\/\/schema.org","@graph":[{"@type":"WebPage","@id":"https:\/\/amafurni.vn\/san-pham\/tu-ho-so-nhap-khau-ama-oc10133-4c\/","url":"https:\/\/amafurni.vn\/san-pham\/tu-ho-so-nhap-khau-ama-oc10133-4c\/","name":"T\u1ee7 h\u1ed3 s\u01a1 nh\u1eadp kh\u1ea9u AMA-OC10133-4C - AMAFURNI","isPartOf":{"@id":"https:\/\/amafurni.vn\/#website"},"datePublished":"2023-12-07T02:23:44+00:00","dateModified":"2025-11-12T07:09:46+00:00","breadcrumb":{"@id":"https:\/\/amafurni.vn\/san-pham\/tu-ho-so-nhap-khau-ama-oc10133-4c\/#breadcrumb"},"inLanguage":"en-US","potentialAction":[{"@type":"ReadAction","target":["https:\/\/amafurni.vn\/san-pham\/tu-ho-so-nhap-khau-ama-oc10133-4c\/"]}]},{"@type":"BreadcrumbList","@id":"https:\/\/amafurni.vn\/san-pham\/tu-ho-so-nhap-khau-ama-oc10133-4c\/#breadcrumb","itemListElement":[{"@type":"ListItem","position":1,"name":"Trang ch\u1ee7","item":"https:\/\/amafurni.vn\/"},{"@type":"ListItem","position":2,"name":"S\u1ea3n ph\u1ea9m","item":"https:\/\/amafurni.vn\/san-pham\/"},{"@type":"ListItem","position":3,"name":"T\u1ee7 h\u1ed3 s\u01a1 nh\u1eadp kh\u1ea9u AMA-OC10133-4C"}]},{"@type":"WebSite","@id":"https:\/\/amafurni.vn\/#website","url":"https:\/\/amafurni.vn\/","name":"AMAFURNI","description":"","potentialAction":[{"@type":"SearchAction","target":{"@type":"EntryPoint","urlTemplate":"https:\/\/amafurni.vn\/?s={search_term_string}"},"query-input":"required name=search_term_string"}],"inLanguage":"en-US"}]}},"_links":{"self":[{"href":"https:\/\/amafurni.vn\/en\/wp-json\/wp\/v2\/product\/869"}],"collection":[{"href":"https:\/\/amafurni.vn\/en\/wp-json\/wp\/v2\/product"}],"about":[{"href":"https:\/\/amafurni.vn\/en\/wp-json\/wp\/v2\/types\/product"}],"replies":[{"embeddable":true,"href":"https:\/\/amafurni.vn\/en\/wp-json\/wp\/v2\/comments?post=869"}],"wp:featuredmedia":[{"embeddable":true,"href":"https:\/\/amafurni.vn\/en\/wp-json\/wp\/v2\/media\/22689"}],"wp:attachment":[{"href":"https:\/\/amafurni.vn\/en\/wp-json\/wp\/v2\/media?parent=869"}],"wp:term":[{"taxonomy":"product_cat","embeddable":true,"href":"https:\/\/amafurni.vn\/en\/wp-json\/wp\/v2\/product_cat?post=869"},{"taxonomy":"product_tag","embeddable":true,"href":"https:\/\/amafurni.vn\/en\/wp-json\/wp\/v2\/product_tag?post=869"}],"curies":[{"name":"wp","href":"https:\/\/api.w.org\/{rel}","templated":true}]}}