{"id":8739,"date":"2024-01-16T15:16:49","date_gmt":"2024-01-16T08:16:49","guid":{"rendered":"https:\/\/amafurni.vn\/?post_type=product&#038;p=8739"},"modified":"2026-03-30T12:37:25","modified_gmt":"2026-03-30T05:37:25","slug":"ban-mfc-ama-sw18-sw18-024a","status":"publish","type":"product","link":"https:\/\/amafurni.vn\/en\/product\/ban-mfc-ama-sw18-sw18-024a\/","title":{"rendered":"B\u00e0n gi\u00e1m \u0111\u1ed1c AMA-SW18-024A"},"content":{"rendered":"<table class=\"woocommerce-product-attributes shop_attributes\" style=\"width: 98.975237%; height: 288px;\" width=\"929\">\n<tbody>\n<tr class=\"woocommerce-product-attributes-item woocommerce-product-attributes-item--attribute_season\" style=\"height: 24px;\">\n<th class=\"woocommerce-product-attributes-item__label\" style=\"height: 35px; width: 18.0539%;\">Material<\/th>\n<td class=\"woocommerce-product-attributes-item__value\" style=\"height: 35px; width: 83.1184%;\">L\u00f5i v\u00e1n MDF &#8211; Ph\u1ee7 Melamine ch\u1ed1ng tr\u1ea7y x\u01b0\u1edbc, Vi\u1ec1n n\u1eb9p Nh\u00f4m c\u1ee9ng c\u00e1p<\/td>\n<\/tr>\n<tr class=\"woocommerce-product-attributes-item woocommerce-product-attributes-item--attribute_pa_color\" style=\"height: 24px;\">\n<th class=\"woocommerce-product-attributes-item__label\" style=\"height: 37px; width: 18.0539%;\">M\u00e0u S\u1eafc<\/th>\n<td class=\"woocommerce-product-attributes-item__value\" style=\"height: 37px; width: 83.1184%;\">HNS X\u00e1m &#8211; N\u00e2u Socola<\/td>\n<\/tr>\n<tr class=\"woocommerce-product-attributes-item woocommerce-product-attributes-item--attribute_style\" style=\"height: 24px;\">\n<th class=\"woocommerce-product-attributes-item__label\" style=\"height: 37px; width: 18.0539%;\">Size<\/th>\n<td class=\"woocommerce-product-attributes-item__value\" style=\"height: 37px; width: 83.1184%;\">(2360-1800)*1000*760mm<\/td>\n<\/tr>\n<tr class=\"woocommerce-product-attributes-item woocommerce-product-attributes-item--attribute_pa_material\" style=\"height: 24px;\">\n<th class=\"woocommerce-product-attributes-item__label\" style=\"height: 36px; width: 18.0539%;\">T\u00ednh N\u0103ng<\/th>\n<td class=\"woocommerce-product-attributes-item__value\" style=\"height: 36px; width: 83.1184%;\">01 B\u00e0n ch\u00ednh, 01 g\u00f3c ch\u1eef L (C\u00f3 th\u1ec3 \u0111\u1ed5i g\u00f3c sang Tr\u00e1i\/Ph\u1ea3i)<\/td>\n<\/tr>\n<tr class=\"woocommerce-product-attributes-item woocommerce-product-attributes-item--attribute_item-code\" style=\"height: 24px;\">\n<th class=\"woocommerce-product-attributes-item__label\" style=\"height: 39px; width: 18.0539%;\">B\u1ea3o H\u00e0nh<\/th>\n<td class=\"woocommerce-product-attributes-item__value\" style=\"height: 39px; width: 83.1184%;\">01 n\u0103m<\/td>\n<\/tr>\n<\/tbody>\n<\/table>","protected":false},"excerpt":{"rendered":"<p><strong>B\u00e0n gi\u00e1m \u0111\u1ed1c AMA-SW18-024A <\/strong>l\u00e0 1 m\u1eabu b\u00e0n nh\u1eadp kh\u1ea9u tr\u1ef1c ti\u1ebfp c\u1ee7a <strong>AMA FURNITURE<\/strong>\u00a0, v\u1edbi thi\u1ebft k\u1ebf tinh t\u1ebf, t\u1ed1i gian t\u1ea1o n\u00ean v\u1ebb \u0111\u1eb9p sang tr\u1ecdng cho kh\u00f4ng gian V\u0103n ph\u00f2ng.<\/p>\n<ul>\n<li>M\u00e3 SP : AMA-SW18-024A<\/li>\n<li>Ch\u1ea5t li\u1ec7u : L\u00f5i v\u00e1n MDF &#8211; Ph\u1ee7 Melamine ch\u1ed1ng tr\u1ea7y x\u01b0\u1edbc, Vi\u1ec1n n\u1eb9p Nh\u00f4m c\u1ee9ng c\u00e1p<\/li>\n<li>K\u00edch th\u01b0\u1edbc : (2360-1800)*1000*760mm<\/li>\n<li>T\u00ednh n\u0103ng :\n<ul>\n<li>G\u00f3c ch\u1eef L c\u00f3 th\u1ec3 \u0111\u1ed5i t\u1eeb Tr\u00e1i \/ Ph\u1ea3i : theo nhu c\u1ea7u b\u1ed1 tr\u00ed th\u1ef1c t\u1ebf<\/li>\n<li>M\u1eb7t b\u00e0n c\u00f3 b\u1ed1 tr\u00ed N\u1eafp ch\u1ee5p : v\u1ecb tr\u00ed \u0111i d\u00e2y \u0111i\u1ec7n<\/li>\n<li>H\u1ec7 th\u1ed1ng 02 t\u1ee7 ph\u1ee5 : b\u1ed1 tr\u00ed nhi\u1ec1u h\u1ed9c k\u00e9o, c\u00e1nh t\u1ee7 \u0111\u1ec3 ch\u1ee9a v\u1eadt d\u1ee5ng, h\u1ed3 s\u01a1, t\u00e0i li\u1ec7u&#8230;.<\/li>\n<\/ul>\n<ul>\n<li>H\u1ec7 th\u1ed1ng 02 \u1ed4 kho\u00e1 S\u1ed1 th\u00f4ng minh : b\u1ea3o m\u1eadt tuy\u1ec7t \u0111\u1ed1i cho ng\u01b0\u1eddi d\u00f9ng.<\/li>\n<\/ul>\n<\/li>\n<li>B\u1ea3o h\u00e0nh : 12 th\u00e1ng<\/li>\n<li>B\u1ea3o tr\u00ec : ph\u1ee5 ki\u1ec7n linh ki\u1ec7n thay th\u1ebf tr\u1ecdn v\u00f2ng \u0111\u1eddi s\u1ea3n ph\u1ea9m.<\/li>\n<\/ul>\n<p>&nbsp;<\/p>","protected":false},"featured_media":24967,"comment_status":"open","ping_status":"closed","template":"","meta":[],"product_cat":[59,75],"product_tag":[233],"yoast_head":"<!-- This site is optimized with the Yoast SEO Premium plugin v21.7 (Yoast SEO v21.7) - https:\/\/yoast.com\/wordpress\/plugins\/seo\/ -->\n<title>B\u00e0n gi\u00e1m \u0111\u1ed1c AMA-SW18-024A - AMAFURNI<\/title>\n<meta name=\"description\" content=\"B\u00e0n l\u00e0m vi\u1ec7c v\u0103n ph\u00f2ng MFC AMA-SW18-024A .M\u1eabu b\u00e0n l\u00e0m vi\u1ec7c d\u00e0nh cho l\u00e3nh \u0111\u1ea1o v\u1edbi thi\u1ebft k\u1ebf \u0111\u1eb9p m\u1eaft hi\u1ec7n \u0111\u1ea1i \u0111\u00e1p \u1ee9ng nhu c\u1ea7u s\u1eed d\u1ee5ng, ti\u1ebft ki\u1ec7m di\u1ec7n t\u00edch, ph\u00f9 h\u1ee3p v\u1edbi m\u1ecdi kh\u00f4ng gian. S\u1ea3n ph\u1ea9m \u0111\u01b0\u1ee3c trau chu\u1ed1t trong t\u1eebng chi ti\u1ebft gi\u00fap kh\u00f4ng gian v\u0103n ph\u00f2ng chuy\u00ean nghi\u1ec7p, \u0111\u1eb3ng c\u1ea5p h\u01a1n.\" \/>\n<meta name=\"robots\" content=\"index, follow, max-snippet:-1, max-image-preview:large, max-video-preview:-1\" \/>\n<link rel=\"canonical\" href=\"https:\/\/amafurni.vn\/en\/product\/ban-mfc-ama-sw18-sw18-024a\/\" \/>\n<meta property=\"og:locale\" content=\"en_US\" \/>\n<meta property=\"og:type\" content=\"article\" \/>\n<meta property=\"og:title\" content=\"B\u00e0n gi\u00e1m \u0111\u1ed1c AMA-SW18-024A\" \/>\n<meta property=\"og:description\" content=\"B\u00e0n l\u00e0m vi\u1ec7c v\u0103n ph\u00f2ng MFC AMA-SW18-024A .M\u1eabu b\u00e0n l\u00e0m vi\u1ec7c d\u00e0nh cho l\u00e3nh \u0111\u1ea1o v\u1edbi thi\u1ebft k\u1ebf \u0111\u1eb9p m\u1eaft hi\u1ec7n \u0111\u1ea1i \u0111\u00e1p \u1ee9ng nhu c\u1ea7u s\u1eed d\u1ee5ng, ti\u1ebft ki\u1ec7m di\u1ec7n t\u00edch, ph\u00f9 h\u1ee3p v\u1edbi m\u1ecdi kh\u00f4ng gian. S\u1ea3n ph\u1ea9m \u0111\u01b0\u1ee3c trau chu\u1ed1t trong t\u1eebng chi ti\u1ebft gi\u00fap kh\u00f4ng gian v\u0103n ph\u00f2ng chuy\u00ean nghi\u1ec7p, \u0111\u1eb3ng c\u1ea5p h\u01a1n.\" \/>\n<meta property=\"og:url\" content=\"https:\/\/amafurni.vn\/en\/product\/ban-mfc-ama-sw18-sw18-024a\/\" \/>\n<meta property=\"og:site_name\" content=\"AMAFURNI\" \/>\n<meta property=\"article:modified_time\" content=\"2026-03-30T05:37:25+00:00\" \/>\n<meta property=\"og:image\" content=\"https:\/\/amafurni.vn\/wp-content\/uploads\/2024\/01\/SW18-024A.1.png\" \/>\n\t<meta property=\"og:image:width\" content=\"2084\" \/>\n\t<meta property=\"og:image:height\" content=\"2084\" \/>\n\t<meta property=\"og:image:type\" content=\"image\/png\" \/>\n<meta name=\"twitter:card\" content=\"summary_large_image\" \/>\n<meta name=\"twitter:label1\" content=\"Est. reading time\" \/>\n\t<meta name=\"twitter:data1\" content=\"1 minute\" \/>\n<script type=\"application\/ld+json\" class=\"yoast-schema-graph\">{\"@context\":\"https:\/\/schema.org\",\"@graph\":[{\"@type\":\"WebPage\",\"@id\":\"https:\/\/amafurni.vn\/san-pham\/ban-mfc-ama-sw18-sw18-024a\/\",\"url\":\"https:\/\/amafurni.vn\/san-pham\/ban-mfc-ama-sw18-sw18-024a\/\",\"name\":\"B\u00e0n gi\u00e1m \u0111\u1ed1c AMA-SW18-024A - AMAFURNI\",\"isPartOf\":{\"@id\":\"https:\/\/amafurni.vn\/#website\"},\"datePublished\":\"2024-01-16T08:16:49+00:00\",\"dateModified\":\"2026-03-30T05:37:25+00:00\",\"description\":\"B\u00e0n l\u00e0m vi\u1ec7c v\u0103n ph\u00f2ng MFC AMA-SW18-024A .M\u1eabu b\u00e0n l\u00e0m vi\u1ec7c d\u00e0nh cho l\u00e3nh \u0111\u1ea1o v\u1edbi thi\u1ebft k\u1ebf \u0111\u1eb9p m\u1eaft hi\u1ec7n \u0111\u1ea1i \u0111\u00e1p \u1ee9ng nhu c\u1ea7u s\u1eed d\u1ee5ng, ti\u1ebft ki\u1ec7m di\u1ec7n t\u00edch, ph\u00f9 h\u1ee3p v\u1edbi m\u1ecdi kh\u00f4ng gian. S\u1ea3n ph\u1ea9m \u0111\u01b0\u1ee3c trau chu\u1ed1t trong t\u1eebng chi ti\u1ebft gi\u00fap kh\u00f4ng gian v\u0103n ph\u00f2ng chuy\u00ean nghi\u1ec7p, \u0111\u1eb3ng c\u1ea5p h\u01a1n.\",\"breadcrumb\":{\"@id\":\"https:\/\/amafurni.vn\/san-pham\/ban-mfc-ama-sw18-sw18-024a\/#breadcrumb\"},\"inLanguage\":\"en-US\",\"potentialAction\":[{\"@type\":\"ReadAction\",\"target\":[\"https:\/\/amafurni.vn\/san-pham\/ban-mfc-ama-sw18-sw18-024a\/\"]}]},{\"@type\":\"BreadcrumbList\",\"@id\":\"https:\/\/amafurni.vn\/san-pham\/ban-mfc-ama-sw18-sw18-024a\/#breadcrumb\",\"itemListElement\":[{\"@type\":\"ListItem\",\"position\":1,\"name\":\"Trang ch\u1ee7\",\"item\":\"https:\/\/amafurni.vn\/\"},{\"@type\":\"ListItem\",\"position\":2,\"name\":\"S\u1ea3n ph\u1ea9m\",\"item\":\"https:\/\/amafurni.vn\/san-pham\/\"},{\"@type\":\"ListItem\",\"position\":3,\"name\":\"B\u00e0n gi\u00e1m \u0111\u1ed1c AMA-SW18-024A\"}]},{\"@type\":\"WebSite\",\"@id\":\"https:\/\/amafurni.vn\/#website\",\"url\":\"https:\/\/amafurni.vn\/\",\"name\":\"AMAFURNI\",\"description\":\"\",\"potentialAction\":[{\"@type\":\"SearchAction\",\"target\":{\"@type\":\"EntryPoint\",\"urlTemplate\":\"https:\/\/amafurni.vn\/?s={search_term_string}\"},\"query-input\":\"required name=search_term_string\"}],\"inLanguage\":\"en-US\"}]}<\/script>\n<!-- \/ Yoast SEO Premium plugin. -->","yoast_head_json":{"title":"B\u00e0n gi\u00e1m \u0111\u1ed1c AMA-SW18-024A - AMAFURNI","description":"B\u00e0n l\u00e0m vi\u1ec7c v\u0103n ph\u00f2ng MFC AMA-SW18-024A .M\u1eabu b\u00e0n l\u00e0m vi\u1ec7c d\u00e0nh cho l\u00e3nh \u0111\u1ea1o v\u1edbi thi\u1ebft k\u1ebf \u0111\u1eb9p m\u1eaft hi\u1ec7n \u0111\u1ea1i \u0111\u00e1p \u1ee9ng nhu c\u1ea7u s\u1eed d\u1ee5ng, ti\u1ebft ki\u1ec7m di\u1ec7n t\u00edch, ph\u00f9 h\u1ee3p v\u1edbi m\u1ecdi kh\u00f4ng gian. S\u1ea3n ph\u1ea9m \u0111\u01b0\u1ee3c trau chu\u1ed1t trong t\u1eebng chi ti\u1ebft gi\u00fap kh\u00f4ng gian v\u0103n ph\u00f2ng chuy\u00ean nghi\u1ec7p, \u0111\u1eb3ng c\u1ea5p h\u01a1n.","robots":{"index":"index","follow":"follow","max-snippet":"max-snippet:-1","max-image-preview":"max-image-preview:large","max-video-preview":"max-video-preview:-1"},"canonical":"https:\/\/amafurni.vn\/en\/product\/ban-mfc-ama-sw18-sw18-024a\/","og_locale":"en_US","og_type":"article","og_title":"B\u00e0n gi\u00e1m \u0111\u1ed1c AMA-SW18-024A","og_description":"B\u00e0n l\u00e0m vi\u1ec7c v\u0103n ph\u00f2ng MFC AMA-SW18-024A .M\u1eabu b\u00e0n l\u00e0m vi\u1ec7c d\u00e0nh cho l\u00e3nh \u0111\u1ea1o v\u1edbi thi\u1ebft k\u1ebf \u0111\u1eb9p m\u1eaft hi\u1ec7n \u0111\u1ea1i \u0111\u00e1p \u1ee9ng nhu c\u1ea7u s\u1eed d\u1ee5ng, ti\u1ebft ki\u1ec7m di\u1ec7n t\u00edch, ph\u00f9 h\u1ee3p v\u1edbi m\u1ecdi kh\u00f4ng gian. S\u1ea3n ph\u1ea9m \u0111\u01b0\u1ee3c trau chu\u1ed1t trong t\u1eebng chi ti\u1ebft gi\u00fap kh\u00f4ng gian v\u0103n ph\u00f2ng chuy\u00ean nghi\u1ec7p, \u0111\u1eb3ng c\u1ea5p h\u01a1n.","og_url":"https:\/\/amafurni.vn\/en\/product\/ban-mfc-ama-sw18-sw18-024a\/","og_site_name":"AMAFURNI","article_modified_time":"2026-03-30T05:37:25+00:00","og_image":[{"width":2084,"height":2084,"url":"https:\/\/amafurni.vn\/wp-content\/uploads\/2024\/01\/SW18-024A.1.png","type":"image\/png"}],"twitter_card":"summary_large_image","twitter_misc":{"Est. reading time":"1 minute"},"schema":{"@context":"https:\/\/schema.org","@graph":[{"@type":"WebPage","@id":"https:\/\/amafurni.vn\/san-pham\/ban-mfc-ama-sw18-sw18-024a\/","url":"https:\/\/amafurni.vn\/san-pham\/ban-mfc-ama-sw18-sw18-024a\/","name":"B\u00e0n gi\u00e1m \u0111\u1ed1c AMA-SW18-024A - AMAFURNI","isPartOf":{"@id":"https:\/\/amafurni.vn\/#website"},"datePublished":"2024-01-16T08:16:49+00:00","dateModified":"2026-03-30T05:37:25+00:00","description":"B\u00e0n l\u00e0m vi\u1ec7c v\u0103n ph\u00f2ng MFC AMA-SW18-024A .M\u1eabu b\u00e0n l\u00e0m vi\u1ec7c d\u00e0nh cho l\u00e3nh \u0111\u1ea1o v\u1edbi thi\u1ebft k\u1ebf \u0111\u1eb9p m\u1eaft hi\u1ec7n \u0111\u1ea1i \u0111\u00e1p \u1ee9ng nhu c\u1ea7u s\u1eed d\u1ee5ng, ti\u1ebft ki\u1ec7m di\u1ec7n t\u00edch, ph\u00f9 h\u1ee3p v\u1edbi m\u1ecdi kh\u00f4ng gian. S\u1ea3n ph\u1ea9m \u0111\u01b0\u1ee3c trau chu\u1ed1t trong t\u1eebng chi ti\u1ebft gi\u00fap kh\u00f4ng gian v\u0103n ph\u00f2ng chuy\u00ean nghi\u1ec7p, \u0111\u1eb3ng c\u1ea5p h\u01a1n.","breadcrumb":{"@id":"https:\/\/amafurni.vn\/san-pham\/ban-mfc-ama-sw18-sw18-024a\/#breadcrumb"},"inLanguage":"en-US","potentialAction":[{"@type":"ReadAction","target":["https:\/\/amafurni.vn\/san-pham\/ban-mfc-ama-sw18-sw18-024a\/"]}]},{"@type":"BreadcrumbList","@id":"https:\/\/amafurni.vn\/san-pham\/ban-mfc-ama-sw18-sw18-024a\/#breadcrumb","itemListElement":[{"@type":"ListItem","position":1,"name":"Trang ch\u1ee7","item":"https:\/\/amafurni.vn\/"},{"@type":"ListItem","position":2,"name":"S\u1ea3n ph\u1ea9m","item":"https:\/\/amafurni.vn\/san-pham\/"},{"@type":"ListItem","position":3,"name":"B\u00e0n gi\u00e1m \u0111\u1ed1c AMA-SW18-024A"}]},{"@type":"WebSite","@id":"https:\/\/amafurni.vn\/#website","url":"https:\/\/amafurni.vn\/","name":"AMAFURNI","description":"","potentialAction":[{"@type":"SearchAction","target":{"@type":"EntryPoint","urlTemplate":"https:\/\/amafurni.vn\/?s={search_term_string}"},"query-input":"required name=search_term_string"}],"inLanguage":"en-US"}]}},"_links":{"self":[{"href":"https:\/\/amafurni.vn\/en\/wp-json\/wp\/v2\/product\/8739"}],"collection":[{"href":"https:\/\/amafurni.vn\/en\/wp-json\/wp\/v2\/product"}],"about":[{"href":"https:\/\/amafurni.vn\/en\/wp-json\/wp\/v2\/types\/product"}],"replies":[{"embeddable":true,"href":"https:\/\/amafurni.vn\/en\/wp-json\/wp\/v2\/comments?post=8739"}],"wp:featuredmedia":[{"embeddable":true,"href":"https:\/\/amafurni.vn\/en\/wp-json\/wp\/v2\/media\/24967"}],"wp:attachment":[{"href":"https:\/\/amafurni.vn\/en\/wp-json\/wp\/v2\/media?parent=8739"}],"wp:term":[{"taxonomy":"product_cat","embeddable":true,"href":"https:\/\/amafurni.vn\/en\/wp-json\/wp\/v2\/product_cat?post=8739"},{"taxonomy":"product_tag","embeddable":true,"href":"https:\/\/amafurni.vn\/en\/wp-json\/wp\/v2\/product_tag?post=8739"}],"curies":[{"name":"wp","href":"https:\/\/api.w.org\/{rel}","templated":true}]}}