{"id":8766,"date":"2024-01-16T18:32:46","date_gmt":"2024-01-16T11:32:46","guid":{"rendered":"https:\/\/amafurni.vn\/?post_type=product&#038;p=8766"},"modified":"2025-11-12T14:12:20","modified_gmt":"2025-11-12T07:12:20","slug":"ban-mfc-chan-sat-ama-mod-01t1616","status":"publish","type":"product","link":"https:\/\/amafurni.vn\/en\/product\/ban-mfc-chan-sat-ama-mod-01t1616\/","title":{"rendered":"B\u00e0n MFC ch\u00e2n s\u1eaft AMA-MOD-01T1616"},"content":{"rendered":"<p>&nbsp;<\/p>\n<table class=\"woocommerce-product-attributes shop_attributes\" style=\"width: 99.9913%; height: 139px;\" width=\"929\">\n<tbody>\n<tr class=\"woocommerce-product-attributes-item woocommerce-product-attributes-item--attribute_season\" style=\"height: 23px;\">\n<th class=\"woocommerce-product-attributes-item__label\" style=\"width: 17.2043%; height: 23px;\">Ch\u1ea5t li\u1ec7u<\/th>\n<td class=\"woocommerce-product-attributes-item__value\" style=\"width: 111.72%; height: 23px;\">MFC &#8211; Ch\u00e2n s\u1eaft s\u01a1n t\u0129nh \u0111i\u1ec7n<\/td>\n<\/tr>\n<tr class=\"woocommerce-product-attributes-item woocommerce-product-attributes-item--attribute_pa_color\" style=\"height: 23px;\">\n<th class=\"woocommerce-product-attributes-item__label\" style=\"width: 17.2043%; height: 23px;\">Color<\/th>\n<td class=\"woocommerce-product-attributes-item__value\" style=\"width: 111.72%; height: 23px;\">V\u00e0ng nh\u1ea1t<br \/>\nCh\u00e2n x\u00e1m<\/td>\n<\/tr>\n<tr class=\"woocommerce-product-attributes-item woocommerce-product-attributes-item--attribute_style\" style=\"height: 23px;\">\n<th class=\"woocommerce-product-attributes-item__label\" style=\"width: 17.2043%; height: 23px;\">K\u00edch th\u01b0\u1edbc<\/th>\n<td class=\"woocommerce-product-attributes-item__value\" style=\"width: 111.72%; height: 23px;\">1600*1600*750\/ 1800*1600*750<\/td>\n<\/tr>\n<tr class=\"woocommerce-product-attributes-item woocommerce-product-attributes-item--attribute_pa_material\" style=\"height: 47px;\">\n<th class=\"woocommerce-product-attributes-item__label\" style=\"width: 17.2043%; height: 47px;\">T\u00ednh n\u0103ng<\/th>\n<td class=\"woocommerce-product-attributes-item__value\" style=\"width: 111.72%; height: 47px;\">b\u00e0n l\u00e0m vi\u1ec7c<\/td>\n<\/tr>\n<tr class=\"woocommerce-product-attributes-item woocommerce-product-attributes-item--attribute_item-code\" style=\"height: 23px;\">\n<th class=\"woocommerce-product-attributes-item__label\" style=\"width: 17.2043%; height: 23px;\">B\u1ea3o h\u00e0nh<\/th>\n<td class=\"woocommerce-product-attributes-item__value\" style=\"width: 111.72%; height: 23px;\">\u00a01 n\u0103m<\/td>\n<\/tr>\n<\/tbody>\n<\/table>\n<p>&nbsp;<\/p>","protected":false},"excerpt":{"rendered":"<p>B\u00e0n l\u00e0m vi\u1ec7c cao c\u1ea5p thu\u1ed9c d\u00f2ng b\u00e0n ch\u00e2n s\u1eaft ch\u1ee7 y\u1ebfu \u0111\u01b0\u1ee3c s\u1eed d\u1ee5ng t\u1ea1i c\u00e1c v\u0103n ph\u00f2ng. D\u00f2ng b\u00e0n \u0111\u01b0\u1ee3c thi\u1ebft k\u1ebf v\u1edbi ki\u1ec3u d\u00e1ng hi\u1ec7n \u0111\u1ea1i, \u0111\u01a1n gi\u1ea3n gi\u00fap kh\u00f4ng gian l\u00e0m vi\u1ec7c tr\u1edf n\u00ean chuy\u00ean nghi\u1ec7p h\u01a1n. B\u00e0n c\u00f3 nhi\u1ec1u ki\u1ec3u \u0111a d\u1ea1ng gi\u00fap kh\u00e1ch h\u00e0ng c\u00f3 nhi\u1ec1u s\u1ef1 l\u1ef1a ch\u1ecdn.<\/p>","protected":false},"featured_media":8769,"comment_status":"open","ping_status":"closed","template":"","meta":[],"product_cat":[59,76,174],"product_tag":[223,159,222],"yoast_head":"<!-- This site is optimized with the Yoast SEO Premium plugin v21.7 (Yoast SEO v21.7) - https:\/\/yoast.com\/wordpress\/plugins\/seo\/ -->\n<title>B\u00e0n MFC ch\u00e2n s\u1eaft AMA-MOD-01T1616 - AMAFURNI<\/title>\n<meta name=\"description\" content=\"B\u00e0n l\u00e0m vi\u1ec7c cao c\u1ea5p thu\u1ed9c d\u00f2ng b\u00e0n ch\u00e2n s\u1eaft ch\u1ee7 y\u1ebfu \u0111\u01b0\u1ee3c s\u1eed d\u1ee5ng t\u1ea1i c\u00e1c v\u0103n ph\u00f2ng. D\u00f2ng b\u00e0n \u0111\u01b0\u1ee3c thi\u1ebft k\u1ebf v\u1edbi ki\u1ec3u d\u00e1ng hi\u1ec7n \u0111\u1ea1i, \u0111\u01a1n gi\u1ea3n gi\u00fap kh\u00f4ng gian l\u00e0m vi\u1ec7c tr\u1edf n\u00ean chuy\u00ean nghi\u1ec7p h\u01a1n.\" \/>\n<meta name=\"robots\" content=\"index, follow, max-snippet:-1, max-image-preview:large, max-video-preview:-1\" \/>\n<link rel=\"canonical\" href=\"https:\/\/amafurni.vn\/en\/product\/ban-mfc-chan-sat-ama-mod-01t1616\/\" \/>\n<meta property=\"og:locale\" content=\"en_US\" \/>\n<meta property=\"og:type\" content=\"article\" \/>\n<meta property=\"og:title\" content=\"B\u00e0n MFC ch\u00e2n s\u1eaft AMA-MOD-01T1616\" \/>\n<meta property=\"og:description\" content=\"B\u00e0n l\u00e0m vi\u1ec7c cao c\u1ea5p thu\u1ed9c d\u00f2ng b\u00e0n ch\u00e2n s\u1eaft ch\u1ee7 y\u1ebfu \u0111\u01b0\u1ee3c s\u1eed d\u1ee5ng t\u1ea1i c\u00e1c v\u0103n ph\u00f2ng. D\u00f2ng b\u00e0n \u0111\u01b0\u1ee3c thi\u1ebft k\u1ebf v\u1edbi ki\u1ec3u d\u00e1ng hi\u1ec7n \u0111\u1ea1i, \u0111\u01a1n gi\u1ea3n gi\u00fap kh\u00f4ng gian l\u00e0m vi\u1ec7c tr\u1edf n\u00ean chuy\u00ean nghi\u1ec7p h\u01a1n.\" \/>\n<meta property=\"og:url\" content=\"https:\/\/amafurni.vn\/en\/product\/ban-mfc-chan-sat-ama-mod-01t1616\/\" \/>\n<meta property=\"og:site_name\" content=\"AMAFURNI\" \/>\n<meta property=\"article:modified_time\" content=\"2025-11-12T07:12:20+00:00\" \/>\n<meta property=\"og:image\" content=\"https:\/\/amafurni.vn\/wp-content\/uploads\/2024\/01\/MOD-01T1616.jpg\" \/>\n\t<meta property=\"og:image:width\" content=\"800\" \/>\n\t<meta property=\"og:image:height\" content=\"800\" \/>\n\t<meta property=\"og:image:type\" content=\"image\/jpeg\" \/>\n<meta name=\"twitter:card\" content=\"summary_large_image\" \/>\n<meta name=\"twitter:label1\" content=\"Est. reading time\" \/>\n\t<meta name=\"twitter:data1\" content=\"1 minute\" \/>\n<script type=\"application\/ld+json\" class=\"yoast-schema-graph\">{\"@context\":\"https:\/\/schema.org\",\"@graph\":[{\"@type\":\"WebPage\",\"@id\":\"https:\/\/amafurni.vn\/san-pham\/ban-mfc-chan-sat-ama-mod-01t1616\/\",\"url\":\"https:\/\/amafurni.vn\/san-pham\/ban-mfc-chan-sat-ama-mod-01t1616\/\",\"name\":\"B\u00e0n MFC ch\u00e2n s\u1eaft AMA-MOD-01T1616 - AMAFURNI\",\"isPartOf\":{\"@id\":\"https:\/\/amafurni.vn\/#website\"},\"datePublished\":\"2024-01-16T11:32:46+00:00\",\"dateModified\":\"2025-11-12T07:12:20+00:00\",\"description\":\"B\u00e0n l\u00e0m vi\u1ec7c cao c\u1ea5p thu\u1ed9c d\u00f2ng b\u00e0n ch\u00e2n s\u1eaft ch\u1ee7 y\u1ebfu \u0111\u01b0\u1ee3c s\u1eed d\u1ee5ng t\u1ea1i c\u00e1c v\u0103n ph\u00f2ng. D\u00f2ng b\u00e0n \u0111\u01b0\u1ee3c thi\u1ebft k\u1ebf v\u1edbi ki\u1ec3u d\u00e1ng hi\u1ec7n \u0111\u1ea1i, \u0111\u01a1n gi\u1ea3n gi\u00fap kh\u00f4ng gian l\u00e0m vi\u1ec7c tr\u1edf n\u00ean chuy\u00ean nghi\u1ec7p h\u01a1n.\",\"breadcrumb\":{\"@id\":\"https:\/\/amafurni.vn\/san-pham\/ban-mfc-chan-sat-ama-mod-01t1616\/#breadcrumb\"},\"inLanguage\":\"en-US\",\"potentialAction\":[{\"@type\":\"ReadAction\",\"target\":[\"https:\/\/amafurni.vn\/san-pham\/ban-mfc-chan-sat-ama-mod-01t1616\/\"]}]},{\"@type\":\"BreadcrumbList\",\"@id\":\"https:\/\/amafurni.vn\/san-pham\/ban-mfc-chan-sat-ama-mod-01t1616\/#breadcrumb\",\"itemListElement\":[{\"@type\":\"ListItem\",\"position\":1,\"name\":\"Trang ch\u1ee7\",\"item\":\"https:\/\/amafurni.vn\/\"},{\"@type\":\"ListItem\",\"position\":2,\"name\":\"S\u1ea3n ph\u1ea9m\",\"item\":\"https:\/\/amafurni.vn\/san-pham\/\"},{\"@type\":\"ListItem\",\"position\":3,\"name\":\"B\u00e0n MFC ch\u00e2n s\u1eaft AMA-MOD-01T1616\"}]},{\"@type\":\"WebSite\",\"@id\":\"https:\/\/amafurni.vn\/#website\",\"url\":\"https:\/\/amafurni.vn\/\",\"name\":\"AMAFURNI\",\"description\":\"\",\"potentialAction\":[{\"@type\":\"SearchAction\",\"target\":{\"@type\":\"EntryPoint\",\"urlTemplate\":\"https:\/\/amafurni.vn\/?s={search_term_string}\"},\"query-input\":\"required name=search_term_string\"}],\"inLanguage\":\"en-US\"}]}<\/script>\n<!-- \/ Yoast SEO Premium plugin. -->","yoast_head_json":{"title":"B\u00e0n MFC ch\u00e2n s\u1eaft AMA-MOD-01T1616 - AMAFURNI","description":"B\u00e0n l\u00e0m vi\u1ec7c cao c\u1ea5p thu\u1ed9c d\u00f2ng b\u00e0n ch\u00e2n s\u1eaft ch\u1ee7 y\u1ebfu \u0111\u01b0\u1ee3c s\u1eed d\u1ee5ng t\u1ea1i c\u00e1c v\u0103n ph\u00f2ng. D\u00f2ng b\u00e0n \u0111\u01b0\u1ee3c thi\u1ebft k\u1ebf v\u1edbi ki\u1ec3u d\u00e1ng hi\u1ec7n \u0111\u1ea1i, \u0111\u01a1n gi\u1ea3n gi\u00fap kh\u00f4ng gian l\u00e0m vi\u1ec7c tr\u1edf n\u00ean chuy\u00ean nghi\u1ec7p h\u01a1n.","robots":{"index":"index","follow":"follow","max-snippet":"max-snippet:-1","max-image-preview":"max-image-preview:large","max-video-preview":"max-video-preview:-1"},"canonical":"https:\/\/amafurni.vn\/en\/product\/ban-mfc-chan-sat-ama-mod-01t1616\/","og_locale":"en_US","og_type":"article","og_title":"B\u00e0n MFC ch\u00e2n s\u1eaft AMA-MOD-01T1616","og_description":"B\u00e0n l\u00e0m vi\u1ec7c cao c\u1ea5p thu\u1ed9c d\u00f2ng b\u00e0n ch\u00e2n s\u1eaft ch\u1ee7 y\u1ebfu \u0111\u01b0\u1ee3c s\u1eed d\u1ee5ng t\u1ea1i c\u00e1c v\u0103n ph\u00f2ng. D\u00f2ng b\u00e0n \u0111\u01b0\u1ee3c thi\u1ebft k\u1ebf v\u1edbi ki\u1ec3u d\u00e1ng hi\u1ec7n \u0111\u1ea1i, \u0111\u01a1n gi\u1ea3n gi\u00fap kh\u00f4ng gian l\u00e0m vi\u1ec7c tr\u1edf n\u00ean chuy\u00ean nghi\u1ec7p h\u01a1n.","og_url":"https:\/\/amafurni.vn\/en\/product\/ban-mfc-chan-sat-ama-mod-01t1616\/","og_site_name":"AMAFURNI","article_modified_time":"2025-11-12T07:12:20+00:00","og_image":[{"width":800,"height":800,"url":"https:\/\/amafurni.vn\/wp-content\/uploads\/2024\/01\/MOD-01T1616.jpg","type":"image\/jpeg"}],"twitter_card":"summary_large_image","twitter_misc":{"Est. reading time":"1 minute"},"schema":{"@context":"https:\/\/schema.org","@graph":[{"@type":"WebPage","@id":"https:\/\/amafurni.vn\/san-pham\/ban-mfc-chan-sat-ama-mod-01t1616\/","url":"https:\/\/amafurni.vn\/san-pham\/ban-mfc-chan-sat-ama-mod-01t1616\/","name":"B\u00e0n MFC ch\u00e2n s\u1eaft AMA-MOD-01T1616 - AMAFURNI","isPartOf":{"@id":"https:\/\/amafurni.vn\/#website"},"datePublished":"2024-01-16T11:32:46+00:00","dateModified":"2025-11-12T07:12:20+00:00","description":"B\u00e0n l\u00e0m vi\u1ec7c cao c\u1ea5p thu\u1ed9c d\u00f2ng b\u00e0n ch\u00e2n s\u1eaft ch\u1ee7 y\u1ebfu \u0111\u01b0\u1ee3c s\u1eed d\u1ee5ng t\u1ea1i c\u00e1c v\u0103n ph\u00f2ng. D\u00f2ng b\u00e0n \u0111\u01b0\u1ee3c thi\u1ebft k\u1ebf v\u1edbi ki\u1ec3u d\u00e1ng hi\u1ec7n \u0111\u1ea1i, \u0111\u01a1n gi\u1ea3n gi\u00fap kh\u00f4ng gian l\u00e0m vi\u1ec7c tr\u1edf n\u00ean chuy\u00ean nghi\u1ec7p h\u01a1n.","breadcrumb":{"@id":"https:\/\/amafurni.vn\/san-pham\/ban-mfc-chan-sat-ama-mod-01t1616\/#breadcrumb"},"inLanguage":"en-US","potentialAction":[{"@type":"ReadAction","target":["https:\/\/amafurni.vn\/san-pham\/ban-mfc-chan-sat-ama-mod-01t1616\/"]}]},{"@type":"BreadcrumbList","@id":"https:\/\/amafurni.vn\/san-pham\/ban-mfc-chan-sat-ama-mod-01t1616\/#breadcrumb","itemListElement":[{"@type":"ListItem","position":1,"name":"Trang ch\u1ee7","item":"https:\/\/amafurni.vn\/"},{"@type":"ListItem","position":2,"name":"S\u1ea3n ph\u1ea9m","item":"https:\/\/amafurni.vn\/san-pham\/"},{"@type":"ListItem","position":3,"name":"B\u00e0n MFC ch\u00e2n s\u1eaft AMA-MOD-01T1616"}]},{"@type":"WebSite","@id":"https:\/\/amafurni.vn\/#website","url":"https:\/\/amafurni.vn\/","name":"AMAFURNI","description":"","potentialAction":[{"@type":"SearchAction","target":{"@type":"EntryPoint","urlTemplate":"https:\/\/amafurni.vn\/?s={search_term_string}"},"query-input":"required name=search_term_string"}],"inLanguage":"en-US"}]}},"_links":{"self":[{"href":"https:\/\/amafurni.vn\/en\/wp-json\/wp\/v2\/product\/8766"}],"collection":[{"href":"https:\/\/amafurni.vn\/en\/wp-json\/wp\/v2\/product"}],"about":[{"href":"https:\/\/amafurni.vn\/en\/wp-json\/wp\/v2\/types\/product"}],"replies":[{"embeddable":true,"href":"https:\/\/amafurni.vn\/en\/wp-json\/wp\/v2\/comments?post=8766"}],"wp:featuredmedia":[{"embeddable":true,"href":"https:\/\/amafurni.vn\/en\/wp-json\/wp\/v2\/media\/8769"}],"wp:attachment":[{"href":"https:\/\/amafurni.vn\/en\/wp-json\/wp\/v2\/media?parent=8766"}],"wp:term":[{"taxonomy":"product_cat","embeddable":true,"href":"https:\/\/amafurni.vn\/en\/wp-json\/wp\/v2\/product_cat?post=8766"},{"taxonomy":"product_tag","embeddable":true,"href":"https:\/\/amafurni.vn\/en\/wp-json\/wp\/v2\/product_tag?post=8766"}],"curies":[{"name":"wp","href":"https:\/\/api.w.org\/{rel}","templated":true}]}}