{"id":8896,"date":"2024-01-17T19:53:31","date_gmt":"2024-01-17T12:53:31","guid":{"rendered":"https:\/\/amafurni.vn\/?post_type=product&#038;p=8896"},"modified":"2025-11-12T14:12:22","modified_gmt":"2025-11-12T07:12:22","slug":"ban-hop-ama-bg350b3","status":"publish","type":"product","link":"https:\/\/amafurni.vn\/en\/product\/ban-hop-ama-bg350b3\/","title":{"rendered":"B\u00e0n h\u1ecdp AMA-BG350B3"},"content":{"rendered":"<table class=\"woocommerce-product-attributes shop_attributes\" style=\"width: 92.8761%;height: 232px\" width=\"929\">\n<tbody>\n<tr class=\"woocommerce-product-attributes-item woocommerce-product-attributes-item--attribute_season\" style=\"height: 24px\">\n<th class=\"woocommerce-product-attributes-item__label\" style=\"height: 42px\">Material<\/th>\n<td class=\"woocommerce-product-attributes-item__value\" style=\"height: 42px\">MDF-PAPER<\/td>\n<\/tr>\n<tr class=\"woocommerce-product-attributes-item woocommerce-product-attributes-item--attribute_pa_color\" style=\"height: 24px\">\n<th class=\"woocommerce-product-attributes-item__label\" style=\"height: 42px\">M\u00e0u S\u1eafc<\/th>\n<td class=\"woocommerce-product-attributes-item__value\" style=\"height: 42px\">H\u1ea1t d\u1ebb s\u1ed3i<\/td>\n<\/tr>\n<tr class=\"woocommerce-product-attributes-item woocommerce-product-attributes-item--attribute_style\" style=\"height: 24px\">\n<th class=\"woocommerce-product-attributes-item__label\" style=\"height: 46px\">Size<\/th>\n<td class=\"woocommerce-product-attributes-item__value\" style=\"height: 46px\">3500*1400*760<\/td>\n<\/tr>\n<tr class=\"woocommerce-product-attributes-item woocommerce-product-attributes-item--attribute_pa_material\" style=\"height: 24px\">\n<th class=\"woocommerce-product-attributes-item__label\" style=\"height: 48px\">T\u00ednh N\u0103ng<\/th>\n<td class=\"woocommerce-product-attributes-item__value\" style=\"height: 48px\">Ng\u1ed3i c\u1ed1 \u0111\u1ecbnh<\/td>\n<\/tr>\n<tr class=\"woocommerce-product-attributes-item woocommerce-product-attributes-item--attribute_item-code\" style=\"height: 24px\">\n<th class=\"woocommerce-product-attributes-item__label\" style=\"height: 54px\">B\u1ea3o H\u00e0nh<\/th>\n<td class=\"woocommerce-product-attributes-item__value\" style=\"height: 54px\">1 n\u0103m<\/td>\n<\/tr>\n<\/tbody>\n<\/table>","protected":false},"excerpt":{"rendered":"<p><strong>Table meeting\u00a0<\/strong>l\u00e0 1 m\u1eabu b\u00e0n nh\u1eadp kh\u1ea9u tr\u1ef1c ti\u1ebfp c\u1ee7a\u00a0<strong>N\u1ed8I TH\u1ea4T AMA FURNITURE<\/strong>\u00a0, v\u1edbi thi\u1ebft k\u1ebf tinh t\u1ebf, t\u1ed1i gian t\u1ea1o n\u00ean v\u1ebb \u0111\u1eb9p sang tr\u1ecdng cho kh\u00f4ng gian V\u0103n ph\u00f2ng.<\/p>\n<ul>\n<li>M\u00e3 SP : AMA-BG350B3<\/li>\n<li>Ch\u1ea5t li\u1ec7u : MDF Parer<\/li>\n<li>M\u00e0u s\u1eafc : H\u1ea1t d\u1ebb s\u1ed3i<\/li>\n<li>T\u00ednh n\u0103ng :\n<ul>\n<li>Ch\u1ea5t l\u01b0\u1ee3ng b\u1ec1n ch\u1eafc, s\u1eed d\u1ee5ng l\u00e2u d\u00e0i<\/li>\n<li>D\u1ec5 d\u00e0ng lau ch\u00f9i, v\u1ec7 sinh<\/li>\n<li>Ch\u1ed1ng va \u0111\u1eadp t\u1ed1t<\/li>\n<\/ul>\n<ul>\n<li>M\u1eb7t b\u00e0n thi\u1ebft k\u1ebf tinh t\u1ebf, sang tr\u1ecdng<\/li>\n<\/ul>\n<\/li>\n<\/ul>","protected":false},"featured_media":8897,"comment_status":"open","ping_status":"closed","template":"","meta":[],"product_cat":[59,77],"product_tag":[162],"yoast_head":"<!-- This site is optimized with the Yoast SEO Premium plugin v21.7 (Yoast SEO v21.7) - https:\/\/yoast.com\/wordpress\/plugins\/seo\/ -->\n<title>B\u00e0n h\u1ecdp AMA-BG350B3 - AMAFURNI<\/title>\n<meta name=\"description\" content=\"B\u00e0n h\u1ecdp v\u0103n ph\u00f2ng l\u00e0 d\u00f2ng s\u1ea3n ph\u1ea9m n\u1ed9i th\u1ea5t kh\u00f4ng th\u1ec3 thi\u1ebfu \u1edf ph\u00f2ng h\u1ecdp c\u1ee7a b\u1ea5t k\u1ef3 c\u00f4ng ty, doanh nghi\u1ec7p n\u00e0o. B\u00e0n H\u1ecdp v\u0103n ph\u00f2ng c\u1ee7a n\u1ed9i th\u1ea5t AMA \u0111\u1eb9p, \u0111a d\u1ea1ng trong ki\u1ec3u d\u00e1ng, m\u1eabu m\u00e3 v\u1edbi s\u1ef1 thi\u1ebft k\u1ebf hi\u1ec7n \u0111\u1ea1i v\u00e0 ch\u1ea5t li\u1ec7u cao c\u1ea5p n\u1eafm \u0111\u00fang nhu c\u1ea7u c\u1ee7a ng\u01b0\u1eddi ti\u00eau d\u00f9ng...\" \/>\n<meta name=\"robots\" content=\"index, follow, max-snippet:-1, max-image-preview:large, max-video-preview:-1\" \/>\n<link rel=\"canonical\" href=\"https:\/\/amafurni.vn\/en\/product\/ban-hop-ama-bg350b3\/\" \/>\n<meta property=\"og:locale\" content=\"en_US\" \/>\n<meta property=\"og:type\" content=\"article\" \/>\n<meta property=\"og:title\" content=\"B\u00e0n h\u1ecdp AMA-BG350B3\" \/>\n<meta property=\"og:description\" content=\"B\u00e0n h\u1ecdp v\u0103n ph\u00f2ng l\u00e0 d\u00f2ng s\u1ea3n ph\u1ea9m n\u1ed9i th\u1ea5t kh\u00f4ng th\u1ec3 thi\u1ebfu \u1edf ph\u00f2ng h\u1ecdp c\u1ee7a b\u1ea5t k\u1ef3 c\u00f4ng ty, doanh nghi\u1ec7p n\u00e0o. B\u00e0n H\u1ecdp v\u0103n ph\u00f2ng c\u1ee7a n\u1ed9i th\u1ea5t AMA \u0111\u1eb9p, \u0111a d\u1ea1ng trong ki\u1ec3u d\u00e1ng, m\u1eabu m\u00e3 v\u1edbi s\u1ef1 thi\u1ebft k\u1ebf hi\u1ec7n \u0111\u1ea1i v\u00e0 ch\u1ea5t li\u1ec7u cao c\u1ea5p n\u1eafm \u0111\u00fang nhu c\u1ea7u c\u1ee7a ng\u01b0\u1eddi ti\u00eau d\u00f9ng...\" \/>\n<meta property=\"og:url\" content=\"https:\/\/amafurni.vn\/en\/product\/ban-hop-ama-bg350b3\/\" \/>\n<meta property=\"og:site_name\" content=\"AMAFURNI\" \/>\n<meta property=\"article:modified_time\" content=\"2025-11-12T07:12:22+00:00\" \/>\n<meta property=\"og:image\" content=\"https:\/\/amafurni.vn\/wp-content\/uploads\/2024\/01\/BG350B3.jpg\" \/>\n\t<meta property=\"og:image:width\" content=\"800\" \/>\n\t<meta property=\"og:image:height\" content=\"800\" \/>\n\t<meta property=\"og:image:type\" content=\"image\/jpeg\" \/>\n<meta name=\"twitter:card\" content=\"summary_large_image\" \/>\n<meta name=\"twitter:label1\" content=\"Est. reading time\" \/>\n\t<meta name=\"twitter:data1\" content=\"1 minute\" \/>\n<script type=\"application\/ld+json\" class=\"yoast-schema-graph\">{\"@context\":\"https:\/\/schema.org\",\"@graph\":[{\"@type\":\"WebPage\",\"@id\":\"https:\/\/amafurni.vn\/san-pham\/ban-hop-ama-bg350b3\/\",\"url\":\"https:\/\/amafurni.vn\/san-pham\/ban-hop-ama-bg350b3\/\",\"name\":\"B\u00e0n h\u1ecdp AMA-BG350B3 - AMAFURNI\",\"isPartOf\":{\"@id\":\"https:\/\/amafurni.vn\/#website\"},\"datePublished\":\"2024-01-17T12:53:31+00:00\",\"dateModified\":\"2025-11-12T07:12:22+00:00\",\"description\":\"B\u00e0n h\u1ecdp v\u0103n ph\u00f2ng l\u00e0 d\u00f2ng s\u1ea3n ph\u1ea9m n\u1ed9i th\u1ea5t kh\u00f4ng th\u1ec3 thi\u1ebfu \u1edf ph\u00f2ng h\u1ecdp c\u1ee7a b\u1ea5t k\u1ef3 c\u00f4ng ty, doanh nghi\u1ec7p n\u00e0o. B\u00e0n H\u1ecdp v\u0103n ph\u00f2ng c\u1ee7a n\u1ed9i th\u1ea5t AMA \u0111\u1eb9p, \u0111a d\u1ea1ng trong ki\u1ec3u d\u00e1ng, m\u1eabu m\u00e3 v\u1edbi s\u1ef1 thi\u1ebft k\u1ebf hi\u1ec7n \u0111\u1ea1i v\u00e0 ch\u1ea5t li\u1ec7u cao c\u1ea5p n\u1eafm \u0111\u00fang nhu c\u1ea7u c\u1ee7a ng\u01b0\u1eddi ti\u00eau d\u00f9ng...\",\"breadcrumb\":{\"@id\":\"https:\/\/amafurni.vn\/san-pham\/ban-hop-ama-bg350b3\/#breadcrumb\"},\"inLanguage\":\"en-US\",\"potentialAction\":[{\"@type\":\"ReadAction\",\"target\":[\"https:\/\/amafurni.vn\/san-pham\/ban-hop-ama-bg350b3\/\"]}]},{\"@type\":\"BreadcrumbList\",\"@id\":\"https:\/\/amafurni.vn\/san-pham\/ban-hop-ama-bg350b3\/#breadcrumb\",\"itemListElement\":[{\"@type\":\"ListItem\",\"position\":1,\"name\":\"Trang ch\u1ee7\",\"item\":\"https:\/\/amafurni.vn\/\"},{\"@type\":\"ListItem\",\"position\":2,\"name\":\"S\u1ea3n ph\u1ea9m\",\"item\":\"https:\/\/amafurni.vn\/san-pham\/\"},{\"@type\":\"ListItem\",\"position\":3,\"name\":\"B\u00e0n h\u1ecdp AMA-BG350B3\"}]},{\"@type\":\"WebSite\",\"@id\":\"https:\/\/amafurni.vn\/#website\",\"url\":\"https:\/\/amafurni.vn\/\",\"name\":\"AMAFURNI\",\"description\":\"\",\"potentialAction\":[{\"@type\":\"SearchAction\",\"target\":{\"@type\":\"EntryPoint\",\"urlTemplate\":\"https:\/\/amafurni.vn\/?s={search_term_string}\"},\"query-input\":\"required name=search_term_string\"}],\"inLanguage\":\"en-US\"}]}<\/script>\n<!-- \/ Yoast SEO Premium plugin. -->","yoast_head_json":{"title":"B\u00e0n h\u1ecdp AMA-BG350B3 - AMAFURNI","description":"B\u00e0n h\u1ecdp v\u0103n ph\u00f2ng l\u00e0 d\u00f2ng s\u1ea3n ph\u1ea9m n\u1ed9i th\u1ea5t kh\u00f4ng th\u1ec3 thi\u1ebfu \u1edf ph\u00f2ng h\u1ecdp c\u1ee7a b\u1ea5t k\u1ef3 c\u00f4ng ty, doanh nghi\u1ec7p n\u00e0o. B\u00e0n H\u1ecdp v\u0103n ph\u00f2ng c\u1ee7a n\u1ed9i th\u1ea5t AMA \u0111\u1eb9p, \u0111a d\u1ea1ng trong ki\u1ec3u d\u00e1ng, m\u1eabu m\u00e3 v\u1edbi s\u1ef1 thi\u1ebft k\u1ebf hi\u1ec7n \u0111\u1ea1i v\u00e0 ch\u1ea5t li\u1ec7u cao c\u1ea5p n\u1eafm \u0111\u00fang nhu c\u1ea7u c\u1ee7a ng\u01b0\u1eddi ti\u00eau d\u00f9ng...","robots":{"index":"index","follow":"follow","max-snippet":"max-snippet:-1","max-image-preview":"max-image-preview:large","max-video-preview":"max-video-preview:-1"},"canonical":"https:\/\/amafurni.vn\/en\/product\/ban-hop-ama-bg350b3\/","og_locale":"en_US","og_type":"article","og_title":"B\u00e0n h\u1ecdp AMA-BG350B3","og_description":"B\u00e0n h\u1ecdp v\u0103n ph\u00f2ng l\u00e0 d\u00f2ng s\u1ea3n ph\u1ea9m n\u1ed9i th\u1ea5t kh\u00f4ng th\u1ec3 thi\u1ebfu \u1edf ph\u00f2ng h\u1ecdp c\u1ee7a b\u1ea5t k\u1ef3 c\u00f4ng ty, doanh nghi\u1ec7p n\u00e0o. B\u00e0n H\u1ecdp v\u0103n ph\u00f2ng c\u1ee7a n\u1ed9i th\u1ea5t AMA \u0111\u1eb9p, \u0111a d\u1ea1ng trong ki\u1ec3u d\u00e1ng, m\u1eabu m\u00e3 v\u1edbi s\u1ef1 thi\u1ebft k\u1ebf hi\u1ec7n \u0111\u1ea1i v\u00e0 ch\u1ea5t li\u1ec7u cao c\u1ea5p n\u1eafm \u0111\u00fang nhu c\u1ea7u c\u1ee7a ng\u01b0\u1eddi ti\u00eau d\u00f9ng...","og_url":"https:\/\/amafurni.vn\/en\/product\/ban-hop-ama-bg350b3\/","og_site_name":"AMAFURNI","article_modified_time":"2025-11-12T07:12:22+00:00","og_image":[{"width":800,"height":800,"url":"https:\/\/amafurni.vn\/wp-content\/uploads\/2024\/01\/BG350B3.jpg","type":"image\/jpeg"}],"twitter_card":"summary_large_image","twitter_misc":{"Est. reading time":"1 minute"},"schema":{"@context":"https:\/\/schema.org","@graph":[{"@type":"WebPage","@id":"https:\/\/amafurni.vn\/san-pham\/ban-hop-ama-bg350b3\/","url":"https:\/\/amafurni.vn\/san-pham\/ban-hop-ama-bg350b3\/","name":"B\u00e0n h\u1ecdp AMA-BG350B3 - AMAFURNI","isPartOf":{"@id":"https:\/\/amafurni.vn\/#website"},"datePublished":"2024-01-17T12:53:31+00:00","dateModified":"2025-11-12T07:12:22+00:00","description":"B\u00e0n h\u1ecdp v\u0103n ph\u00f2ng l\u00e0 d\u00f2ng s\u1ea3n ph\u1ea9m n\u1ed9i th\u1ea5t kh\u00f4ng th\u1ec3 thi\u1ebfu \u1edf ph\u00f2ng h\u1ecdp c\u1ee7a b\u1ea5t k\u1ef3 c\u00f4ng ty, doanh nghi\u1ec7p n\u00e0o. B\u00e0n H\u1ecdp v\u0103n ph\u00f2ng c\u1ee7a n\u1ed9i th\u1ea5t AMA \u0111\u1eb9p, \u0111a d\u1ea1ng trong ki\u1ec3u d\u00e1ng, m\u1eabu m\u00e3 v\u1edbi s\u1ef1 thi\u1ebft k\u1ebf hi\u1ec7n \u0111\u1ea1i v\u00e0 ch\u1ea5t li\u1ec7u cao c\u1ea5p n\u1eafm \u0111\u00fang nhu c\u1ea7u c\u1ee7a ng\u01b0\u1eddi ti\u00eau d\u00f9ng...","breadcrumb":{"@id":"https:\/\/amafurni.vn\/san-pham\/ban-hop-ama-bg350b3\/#breadcrumb"},"inLanguage":"en-US","potentialAction":[{"@type":"ReadAction","target":["https:\/\/amafurni.vn\/san-pham\/ban-hop-ama-bg350b3\/"]}]},{"@type":"BreadcrumbList","@id":"https:\/\/amafurni.vn\/san-pham\/ban-hop-ama-bg350b3\/#breadcrumb","itemListElement":[{"@type":"ListItem","position":1,"name":"Trang ch\u1ee7","item":"https:\/\/amafurni.vn\/"},{"@type":"ListItem","position":2,"name":"S\u1ea3n ph\u1ea9m","item":"https:\/\/amafurni.vn\/san-pham\/"},{"@type":"ListItem","position":3,"name":"B\u00e0n h\u1ecdp AMA-BG350B3"}]},{"@type":"WebSite","@id":"https:\/\/amafurni.vn\/#website","url":"https:\/\/amafurni.vn\/","name":"AMAFURNI","description":"","potentialAction":[{"@type":"SearchAction","target":{"@type":"EntryPoint","urlTemplate":"https:\/\/amafurni.vn\/?s={search_term_string}"},"query-input":"required name=search_term_string"}],"inLanguage":"en-US"}]}},"_links":{"self":[{"href":"https:\/\/amafurni.vn\/en\/wp-json\/wp\/v2\/product\/8896"}],"collection":[{"href":"https:\/\/amafurni.vn\/en\/wp-json\/wp\/v2\/product"}],"about":[{"href":"https:\/\/amafurni.vn\/en\/wp-json\/wp\/v2\/types\/product"}],"replies":[{"embeddable":true,"href":"https:\/\/amafurni.vn\/en\/wp-json\/wp\/v2\/comments?post=8896"}],"wp:featuredmedia":[{"embeddable":true,"href":"https:\/\/amafurni.vn\/en\/wp-json\/wp\/v2\/media\/8897"}],"wp:attachment":[{"href":"https:\/\/amafurni.vn\/en\/wp-json\/wp\/v2\/media?parent=8896"}],"wp:term":[{"taxonomy":"product_cat","embeddable":true,"href":"https:\/\/amafurni.vn\/en\/wp-json\/wp\/v2\/product_cat?post=8896"},{"taxonomy":"product_tag","embeddable":true,"href":"https:\/\/amafurni.vn\/en\/wp-json\/wp\/v2\/product_tag?post=8896"}],"curies":[{"name":"wp","href":"https:\/\/api.w.org\/{rel}","templated":true}]}}