{"id":9131,"date":"2024-01-20T09:21:56","date_gmt":"2024-01-20T02:21:56","guid":{"rendered":"https:\/\/amafurni.vn\/?post_type=product&#038;p=9131"},"modified":"2025-11-12T14:12:26","modified_gmt":"2025-11-12T07:12:26","slug":"ghe-ama-cafe-muze","status":"publish","type":"product","link":"https:\/\/amafurni.vn\/en\/product\/ghe-ama-cafe-muze\/","title":{"rendered":"Gh\u1ebf AMA-CAFE MUZE"},"content":{"rendered":"<table class=\"woocommerce-product-attributes shop_attributes\" style=\"width: 97.2475%\" width=\"929\">\n<tbody>\n<tr class=\"woocommerce-product-attributes-item woocommerce-product-attributes-item--attribute_season\">\n<th class=\"woocommerce-product-attributes-item__label\" style=\"width: 9.67742%\">Material<\/th>\n<td class=\"woocommerce-product-attributes-item__value\" style=\"width: 83.7842%\">T\u1ef1a L\u01b0ng Gh\u1ebf: Khung b\u1eb1ng nh\u1ef1a. N\u1ec7m v\u00e0 ch\u00e2n gh\u1ebf b\u1eb1ng nh\u1ef1a. Tay Gh\u1ebf: Li\u1ec1n kh\u1ed1i v\u1edbi l\u01b0ng v\u00e0 ch\u00e2n gh\u1ebf.<\/td>\n<\/tr>\n<tr class=\"woocommerce-product-attributes-item woocommerce-product-attributes-item--attribute_pa_color\">\n<th class=\"woocommerce-product-attributes-item__label\" style=\"width: 9.67742%\">M\u00e0u S\u1eafc<\/th>\n<td class=\"woocommerce-product-attributes-item__value\" style=\"width: 83.7842%\">Pure White, Mandarin, Taupe, Mustard, Teal Blue.<\/td>\n<\/tr>\n<tr class=\"woocommerce-product-attributes-item woocommerce-product-attributes-item--attribute_style\">\n<th class=\"woocommerce-product-attributes-item__label\" style=\"width: 9.67742%\">Size<\/th>\n<td class=\"woocommerce-product-attributes-item__value\" style=\"width: 83.7842%\">560*506*800*mm<\/td>\n<\/tr>\n<tr class=\"woocommerce-product-attributes-item woocommerce-product-attributes-item--attribute_pa_material\">\n<th class=\"woocommerce-product-attributes-item__label\" style=\"width: 9.67742%\">T\u00ednh N\u0103ng<\/th>\n<td class=\"woocommerce-product-attributes-item__value\" style=\"width: 83.7842%\">Ng\u1ed3i c\u1ed1 \u0111\u1ecbnh<\/td>\n<\/tr>\n<tr class=\"woocommerce-product-attributes-item woocommerce-product-attributes-item--attribute_item-code\">\n<th class=\"woocommerce-product-attributes-item__label\" style=\"width: 9.67742%\">B\u1ea3o H\u00e0nh<\/th>\n<td class=\"woocommerce-product-attributes-item__value\" style=\"width: 83.7842%\">2 n\u0103m<\/td>\n<\/tr>\n<\/tbody>\n<\/table>","protected":false},"excerpt":{"rendered":"<p>1. T\u1ef1a L\u01b0ng Gh\u1ebf: Khung b\u1eb1ng nh\u1ef1a<br \/>\n2. N\u1ec7m: B\u1eb1ng nh\u1ef1a<br \/>\n3. Tay Gh\u1ebf: Li\u1ec1n kh\u1ed1i v\u1edbi l\u01b0ng v\u00e0 ch\u00e2n gh\u1ebf<br \/>\n4. Ch\u00e2n Gh\u1ebf: B\u1eb1ng nh\u1ef1a<br \/>\n5. B\u00e1nh Xe: Kh\u00f4ng c\u00f3 b\u00e1nh xe<br \/>\n6. M\u00e0u Gh\u1ebf: Pure White, Mandarin, Taupe, Mustard, Teal Blue<br \/>\n7. Xu\u1ea5t X\u1ee9: Malaysia<\/p>","protected":false},"featured_media":9134,"comment_status":"open","ping_status":"closed","template":"","meta":[],"product_cat":[100],"product_tag":[117],"yoast_head":"<!-- This site is optimized with the Yoast SEO Premium plugin v21.7 (Yoast SEO v21.7) - https:\/\/yoast.com\/wordpress\/plugins\/seo\/ -->\n<title>Gh\u1ebf AMA-CAFE MUZE - AMAFURNI<\/title>\n<meta name=\"robots\" content=\"index, follow, max-snippet:-1, max-image-preview:large, max-video-preview:-1\" \/>\n<link rel=\"canonical\" href=\"https:\/\/amafurni.vn\/en\/product\/ghe-ama-cafe-muze\/\" \/>\n<meta property=\"og:locale\" content=\"en_US\" \/>\n<meta property=\"og:type\" content=\"article\" \/>\n<meta property=\"og:title\" content=\"Gh\u1ebf AMA-CAFE MUZE\" \/>\n<meta property=\"og:description\" content=\"1. T\u1ef1a L\u01b0ng Gh\u1ebf: Khung b\u1eb1ng nh\u1ef1a 2. N\u1ec7m: B\u1eb1ng nh\u1ef1a 3. Tay Gh\u1ebf: Li\u1ec1n kh\u1ed1i v\u1edbi l\u01b0ng v\u00e0 ch\u00e2n gh\u1ebf 4. Ch\u00e2n Gh\u1ebf: B\u1eb1ng nh\u1ef1a 5. B\u00e1nh Xe: Kh\u00f4ng c\u00f3 b\u00e1nh xe 6. M\u00e0u Gh\u1ebf: Pure White, Mandarin, Taupe, Mustard, Teal Blue 7. Xu\u1ea5t X\u1ee9: Malaysia\" \/>\n<meta property=\"og:url\" content=\"https:\/\/amafurni.vn\/en\/product\/ghe-ama-cafe-muze\/\" \/>\n<meta property=\"og:site_name\" content=\"AMAFURNI\" \/>\n<meta property=\"article:modified_time\" content=\"2025-11-12T07:12:26+00:00\" \/>\n<meta property=\"og:image\" content=\"https:\/\/amafurni.vn\/wp-content\/uploads\/2024\/01\/z5088600618538_4b3c1f8a562d533e0f5041cd230727c9.jpg\" \/>\n\t<meta property=\"og:image:width\" content=\"800\" \/>\n\t<meta property=\"og:image:height\" content=\"800\" \/>\n\t<meta property=\"og:image:type\" content=\"image\/jpeg\" \/>\n<meta name=\"twitter:card\" content=\"summary_large_image\" \/>\n<meta name=\"twitter:label1\" content=\"Est. reading time\" \/>\n\t<meta name=\"twitter:data1\" content=\"1 minute\" \/>\n<script type=\"application\/ld+json\" class=\"yoast-schema-graph\">{\"@context\":\"https:\/\/schema.org\",\"@graph\":[{\"@type\":\"WebPage\",\"@id\":\"https:\/\/amafurni.vn\/san-pham\/ghe-ama-cafe-muze\/\",\"url\":\"https:\/\/amafurni.vn\/san-pham\/ghe-ama-cafe-muze\/\",\"name\":\"Gh\u1ebf AMA-CAFE MUZE - AMAFURNI\",\"isPartOf\":{\"@id\":\"https:\/\/amafurni.vn\/#website\"},\"datePublished\":\"2024-01-20T02:21:56+00:00\",\"dateModified\":\"2025-11-12T07:12:26+00:00\",\"breadcrumb\":{\"@id\":\"https:\/\/amafurni.vn\/san-pham\/ghe-ama-cafe-muze\/#breadcrumb\"},\"inLanguage\":\"en-US\",\"potentialAction\":[{\"@type\":\"ReadAction\",\"target\":[\"https:\/\/amafurni.vn\/san-pham\/ghe-ama-cafe-muze\/\"]}]},{\"@type\":\"BreadcrumbList\",\"@id\":\"https:\/\/amafurni.vn\/san-pham\/ghe-ama-cafe-muze\/#breadcrumb\",\"itemListElement\":[{\"@type\":\"ListItem\",\"position\":1,\"name\":\"Trang ch\u1ee7\",\"item\":\"https:\/\/amafurni.vn\/\"},{\"@type\":\"ListItem\",\"position\":2,\"name\":\"S\u1ea3n ph\u1ea9m\",\"item\":\"https:\/\/amafurni.vn\/san-pham\/\"},{\"@type\":\"ListItem\",\"position\":3,\"name\":\"Gh\u1ebf AMA-CAFE MUZE\"}]},{\"@type\":\"WebSite\",\"@id\":\"https:\/\/amafurni.vn\/#website\",\"url\":\"https:\/\/amafurni.vn\/\",\"name\":\"AMAFURNI\",\"description\":\"\",\"potentialAction\":[{\"@type\":\"SearchAction\",\"target\":{\"@type\":\"EntryPoint\",\"urlTemplate\":\"https:\/\/amafurni.vn\/?s={search_term_string}\"},\"query-input\":\"required name=search_term_string\"}],\"inLanguage\":\"en-US\"}]}<\/script>\n<!-- \/ Yoast SEO Premium plugin. -->","yoast_head_json":{"title":"Gh\u1ebf AMA-CAFE MUZE - AMAFURNI","robots":{"index":"index","follow":"follow","max-snippet":"max-snippet:-1","max-image-preview":"max-image-preview:large","max-video-preview":"max-video-preview:-1"},"canonical":"https:\/\/amafurni.vn\/en\/product\/ghe-ama-cafe-muze\/","og_locale":"en_US","og_type":"article","og_title":"Gh\u1ebf AMA-CAFE MUZE","og_description":"1. T\u1ef1a L\u01b0ng Gh\u1ebf: Khung b\u1eb1ng nh\u1ef1a 2. N\u1ec7m: B\u1eb1ng nh\u1ef1a 3. Tay Gh\u1ebf: Li\u1ec1n kh\u1ed1i v\u1edbi l\u01b0ng v\u00e0 ch\u00e2n gh\u1ebf 4. Ch\u00e2n Gh\u1ebf: B\u1eb1ng nh\u1ef1a 5. B\u00e1nh Xe: Kh\u00f4ng c\u00f3 b\u00e1nh xe 6. M\u00e0u Gh\u1ebf: Pure White, Mandarin, Taupe, Mustard, Teal Blue 7. Xu\u1ea5t X\u1ee9: Malaysia","og_url":"https:\/\/amafurni.vn\/en\/product\/ghe-ama-cafe-muze\/","og_site_name":"AMAFURNI","article_modified_time":"2025-11-12T07:12:26+00:00","og_image":[{"width":800,"height":800,"url":"https:\/\/amafurni.vn\/wp-content\/uploads\/2024\/01\/z5088600618538_4b3c1f8a562d533e0f5041cd230727c9.jpg","type":"image\/jpeg"}],"twitter_card":"summary_large_image","twitter_misc":{"Est. reading time":"1 minute"},"schema":{"@context":"https:\/\/schema.org","@graph":[{"@type":"WebPage","@id":"https:\/\/amafurni.vn\/san-pham\/ghe-ama-cafe-muze\/","url":"https:\/\/amafurni.vn\/san-pham\/ghe-ama-cafe-muze\/","name":"Gh\u1ebf AMA-CAFE MUZE - AMAFURNI","isPartOf":{"@id":"https:\/\/amafurni.vn\/#website"},"datePublished":"2024-01-20T02:21:56+00:00","dateModified":"2025-11-12T07:12:26+00:00","breadcrumb":{"@id":"https:\/\/amafurni.vn\/san-pham\/ghe-ama-cafe-muze\/#breadcrumb"},"inLanguage":"en-US","potentialAction":[{"@type":"ReadAction","target":["https:\/\/amafurni.vn\/san-pham\/ghe-ama-cafe-muze\/"]}]},{"@type":"BreadcrumbList","@id":"https:\/\/amafurni.vn\/san-pham\/ghe-ama-cafe-muze\/#breadcrumb","itemListElement":[{"@type":"ListItem","position":1,"name":"Trang ch\u1ee7","item":"https:\/\/amafurni.vn\/"},{"@type":"ListItem","position":2,"name":"S\u1ea3n ph\u1ea9m","item":"https:\/\/amafurni.vn\/san-pham\/"},{"@type":"ListItem","position":3,"name":"Gh\u1ebf AMA-CAFE MUZE"}]},{"@type":"WebSite","@id":"https:\/\/amafurni.vn\/#website","url":"https:\/\/amafurni.vn\/","name":"AMAFURNI","description":"","potentialAction":[{"@type":"SearchAction","target":{"@type":"EntryPoint","urlTemplate":"https:\/\/amafurni.vn\/?s={search_term_string}"},"query-input":"required name=search_term_string"}],"inLanguage":"en-US"}]}},"_links":{"self":[{"href":"https:\/\/amafurni.vn\/en\/wp-json\/wp\/v2\/product\/9131"}],"collection":[{"href":"https:\/\/amafurni.vn\/en\/wp-json\/wp\/v2\/product"}],"about":[{"href":"https:\/\/amafurni.vn\/en\/wp-json\/wp\/v2\/types\/product"}],"replies":[{"embeddable":true,"href":"https:\/\/amafurni.vn\/en\/wp-json\/wp\/v2\/comments?post=9131"}],"wp:featuredmedia":[{"embeddable":true,"href":"https:\/\/amafurni.vn\/en\/wp-json\/wp\/v2\/media\/9134"}],"wp:attachment":[{"href":"https:\/\/amafurni.vn\/en\/wp-json\/wp\/v2\/media?parent=9131"}],"wp:term":[{"taxonomy":"product_cat","embeddable":true,"href":"https:\/\/amafurni.vn\/en\/wp-json\/wp\/v2\/product_cat?post=9131"},{"taxonomy":"product_tag","embeddable":true,"href":"https:\/\/amafurni.vn\/en\/wp-json\/wp\/v2\/product_tag?post=9131"}],"curies":[{"name":"wp","href":"https:\/\/api.w.org\/{rel}","templated":true}]}}