{"id":9152,"date":"2024-01-20T10:14:57","date_gmt":"2024-01-20T03:14:57","guid":{"rendered":"https:\/\/amafurni.vn\/?post_type=product&#038;p=9152"},"modified":"2025-11-12T14:12:27","modified_gmt":"2025-11-12T07:12:27","slug":"ghe-ama-lounge-flower","status":"publish","type":"product","link":"https:\/\/amafurni.vn\/en\/product\/ghe-ama-lounge-flower\/","title":{"rendered":"Gh\u1ebf AMA-LOUNGE FLOWER"},"content":{"rendered":"<table class=\"woocommerce-product-attributes shop_attributes\" style=\"width: 100.57%\" width=\"929\">\n<tbody>\n<tr class=\"woocommerce-product-attributes-item woocommerce-product-attributes-item--attribute_season\">\n<th class=\"woocommerce-product-attributes-item__label\" style=\"width: 11.1828%\">Material<\/th>\n<td class=\"woocommerce-product-attributes-item__value\" style=\"width: 85.4701%\">\u0110\u01b0\u1ee3c k\u1ebft h\u1ee3p v\u1edbi n\u1ec7m v\u00e0 \u0111\u01b0\u1ee3c b\u1ecdc v\u1ea3i. M\u1eb7t gh\u1ebf \u0111\u01b0\u1ee3c s\u1eed d\u1ee5ng \u0111\u1ec7m gh\u1ebf r\u1eddi v\u00e0 \u0111\u01b0\u1ee3c b\u1ecdc v\u1ea3i. Ch\u00e2n gh\u1ebf b\u1eb1ng s\u1eaft m\u1ea1 chrome<\/td>\n<\/tr>\n<tr class=\"woocommerce-product-attributes-item woocommerce-product-attributes-item--attribute_pa_color\">\n<th class=\"woocommerce-product-attributes-item__label\" style=\"width: 11.1828%\">M\u00e0u S\u1eafc<\/th>\n<td class=\"woocommerce-product-attributes-item__value\" style=\"width: 85.4701%\">Tu\u1ef3 ch\u1ecdn theo y\u00eau c\u1ea7u.<\/td>\n<\/tr>\n<tr class=\"woocommerce-product-attributes-item woocommerce-product-attributes-item--attribute_style\">\n<th class=\"woocommerce-product-attributes-item__label\" style=\"width: 11.1828%\">Size<\/th>\n<td class=\"woocommerce-product-attributes-item__value\" style=\"width: 85.4701%\"><\/td>\n<\/tr>\n<tr class=\"woocommerce-product-attributes-item woocommerce-product-attributes-item--attribute_pa_material\">\n<th class=\"woocommerce-product-attributes-item__label\" style=\"width: 11.1828%\">T\u00ednh N\u0103ng<\/th>\n<td class=\"woocommerce-product-attributes-item__value\" style=\"width: 85.4701%\">Ng\u1ed3i c\u1ed1 \u0111\u1ecbnh.<\/td>\n<\/tr>\n<tr class=\"woocommerce-product-attributes-item woocommerce-product-attributes-item--attribute_item-code\">\n<th class=\"woocommerce-product-attributes-item__label\" style=\"width: 11.1828%\">B\u1ea3o H\u00e0nh<\/th>\n<td class=\"woocommerce-product-attributes-item__value\" style=\"width: 85.4701%\">1 n\u0103m<\/td>\n<\/tr>\n<\/tbody>\n<\/table>","protected":false},"excerpt":{"rendered":"<p>T\u1ef1a l\u01b0ng: Khung gh\u1ebf h\u00ecnh tr\u00f2n \u0111\u1ed9c \u0111\u00e1o, v\u1edbi ph\u1ea7n l\u01b0ng gh\u1ebf v\u00e0 m\u1eb7t gh\u1ebf li\u1ec1n v\u1edbi nhau th\u00e0nh m\u1ed9t th\u1ec3 t\u1ea1o. \u0110\u01b0\u1ee3c k\u1ebft h\u1ee3p v\u1edbi n\u1ec7m v\u00e0 \u0111\u01b0\u1ee3c b\u1ecdc v\u1ea3i. M\u1eb7t gh\u1ebf \u0111\u01b0\u1ee3c s\u1eed d\u1ee5ng \u0111\u1ec7m gh\u1ebf r\u1eddi v\u00e0 \u0111\u01b0\u1ee3c b\u1ecdc v\u1ea3i.<\/p>\n<p>Ch\u00e2n gh\u1ebf: Ch\u00e2n b\u1eb1ng s\u1eaft m\u1ea1 chrome, ki\u1ec3u d\u00e1ng ch\u00e2n \u0111\u1ed9c \u0111\u00e1o v\u00e0 c\u1ed1 \u0111\u1ecbnh<\/p>","protected":false},"featured_media":9165,"comment_status":"open","ping_status":"closed","template":"","meta":[],"product_cat":[100],"product_tag":[117],"yoast_head":"<!-- This site is optimized with the Yoast SEO Premium plugin v21.7 (Yoast SEO v21.7) - https:\/\/yoast.com\/wordpress\/plugins\/seo\/ -->\n<title>Gh\u1ebf AMA-LOUNGE FLOWER - AMAFURNI<\/title>\n<meta name=\"robots\" content=\"index, follow, max-snippet:-1, max-image-preview:large, max-video-preview:-1\" \/>\n<link rel=\"canonical\" href=\"https:\/\/amafurni.vn\/en\/product\/ghe-ama-lounge-flower\/\" \/>\n<meta property=\"og:locale\" content=\"en_US\" \/>\n<meta property=\"og:type\" content=\"article\" \/>\n<meta property=\"og:title\" content=\"Gh\u1ebf AMA-LOUNGE FLOWER\" \/>\n<meta property=\"og:description\" content=\"T\u1ef1a l\u01b0ng: Khung gh\u1ebf h\u00ecnh tr\u00f2n \u0111\u1ed9c \u0111\u00e1o, v\u1edbi ph\u1ea7n l\u01b0ng gh\u1ebf v\u00e0 m\u1eb7t gh\u1ebf li\u1ec1n v\u1edbi nhau th\u00e0nh m\u1ed9t th\u1ec3 t\u1ea1o. \u0110\u01b0\u1ee3c k\u1ebft h\u1ee3p v\u1edbi n\u1ec7m v\u00e0 \u0111\u01b0\u1ee3c b\u1ecdc v\u1ea3i. M\u1eb7t gh\u1ebf \u0111\u01b0\u1ee3c s\u1eed d\u1ee5ng \u0111\u1ec7m gh\u1ebf r\u1eddi v\u00e0 \u0111\u01b0\u1ee3c b\u1ecdc v\u1ea3i.  Ch\u00e2n gh\u1ebf: Ch\u00e2n b\u1eb1ng s\u1eaft m\u1ea1 chrome, ki\u1ec3u d\u00e1ng ch\u00e2n \u0111\u1ed9c \u0111\u00e1o v\u00e0 c\u1ed1 \u0111\u1ecbnh\" \/>\n<meta property=\"og:url\" content=\"https:\/\/amafurni.vn\/en\/product\/ghe-ama-lounge-flower\/\" \/>\n<meta property=\"og:site_name\" content=\"AMAFURNI\" \/>\n<meta property=\"article:modified_time\" content=\"2025-11-12T07:12:27+00:00\" \/>\n<meta property=\"og:image\" content=\"https:\/\/amafurni.vn\/wp-content\/uploads\/2024\/01\/z5088638671095_f22b38e5b4d553b7e305d8f048c37a29.jpg\" \/>\n\t<meta property=\"og:image:width\" content=\"800\" \/>\n\t<meta property=\"og:image:height\" content=\"800\" \/>\n\t<meta property=\"og:image:type\" content=\"image\/jpeg\" \/>\n<meta name=\"twitter:card\" content=\"summary_large_image\" \/>\n<meta name=\"twitter:label1\" content=\"Est. reading time\" \/>\n\t<meta name=\"twitter:data1\" content=\"1 minute\" \/>\n<script type=\"application\/ld+json\" class=\"yoast-schema-graph\">{\"@context\":\"https:\/\/schema.org\",\"@graph\":[{\"@type\":\"WebPage\",\"@id\":\"https:\/\/amafurni.vn\/san-pham\/ghe-ama-lounge-flower\/\",\"url\":\"https:\/\/amafurni.vn\/san-pham\/ghe-ama-lounge-flower\/\",\"name\":\"Gh\u1ebf AMA-LOUNGE FLOWER - AMAFURNI\",\"isPartOf\":{\"@id\":\"https:\/\/amafurni.vn\/#website\"},\"datePublished\":\"2024-01-20T03:14:57+00:00\",\"dateModified\":\"2025-11-12T07:12:27+00:00\",\"breadcrumb\":{\"@id\":\"https:\/\/amafurni.vn\/san-pham\/ghe-ama-lounge-flower\/#breadcrumb\"},\"inLanguage\":\"en-US\",\"potentialAction\":[{\"@type\":\"ReadAction\",\"target\":[\"https:\/\/amafurni.vn\/san-pham\/ghe-ama-lounge-flower\/\"]}]},{\"@type\":\"BreadcrumbList\",\"@id\":\"https:\/\/amafurni.vn\/san-pham\/ghe-ama-lounge-flower\/#breadcrumb\",\"itemListElement\":[{\"@type\":\"ListItem\",\"position\":1,\"name\":\"Trang ch\u1ee7\",\"item\":\"https:\/\/amafurni.vn\/\"},{\"@type\":\"ListItem\",\"position\":2,\"name\":\"S\u1ea3n ph\u1ea9m\",\"item\":\"https:\/\/amafurni.vn\/san-pham\/\"},{\"@type\":\"ListItem\",\"position\":3,\"name\":\"Gh\u1ebf AMA-LOUNGE FLOWER\"}]},{\"@type\":\"WebSite\",\"@id\":\"https:\/\/amafurni.vn\/#website\",\"url\":\"https:\/\/amafurni.vn\/\",\"name\":\"AMAFURNI\",\"description\":\"\",\"potentialAction\":[{\"@type\":\"SearchAction\",\"target\":{\"@type\":\"EntryPoint\",\"urlTemplate\":\"https:\/\/amafurni.vn\/?s={search_term_string}\"},\"query-input\":\"required name=search_term_string\"}],\"inLanguage\":\"en-US\"}]}<\/script>\n<!-- \/ Yoast SEO Premium plugin. -->","yoast_head_json":{"title":"Gh\u1ebf AMA-LOUNGE FLOWER - AMAFURNI","robots":{"index":"index","follow":"follow","max-snippet":"max-snippet:-1","max-image-preview":"max-image-preview:large","max-video-preview":"max-video-preview:-1"},"canonical":"https:\/\/amafurni.vn\/en\/product\/ghe-ama-lounge-flower\/","og_locale":"en_US","og_type":"article","og_title":"Gh\u1ebf AMA-LOUNGE FLOWER","og_description":"T\u1ef1a l\u01b0ng: Khung gh\u1ebf h\u00ecnh tr\u00f2n \u0111\u1ed9c \u0111\u00e1o, v\u1edbi ph\u1ea7n l\u01b0ng gh\u1ebf v\u00e0 m\u1eb7t gh\u1ebf li\u1ec1n v\u1edbi nhau th\u00e0nh m\u1ed9t th\u1ec3 t\u1ea1o. \u0110\u01b0\u1ee3c k\u1ebft h\u1ee3p v\u1edbi n\u1ec7m v\u00e0 \u0111\u01b0\u1ee3c b\u1ecdc v\u1ea3i. M\u1eb7t gh\u1ebf \u0111\u01b0\u1ee3c s\u1eed d\u1ee5ng \u0111\u1ec7m gh\u1ebf r\u1eddi v\u00e0 \u0111\u01b0\u1ee3c b\u1ecdc v\u1ea3i.  Ch\u00e2n gh\u1ebf: Ch\u00e2n b\u1eb1ng s\u1eaft m\u1ea1 chrome, ki\u1ec3u d\u00e1ng ch\u00e2n \u0111\u1ed9c \u0111\u00e1o v\u00e0 c\u1ed1 \u0111\u1ecbnh","og_url":"https:\/\/amafurni.vn\/en\/product\/ghe-ama-lounge-flower\/","og_site_name":"AMAFURNI","article_modified_time":"2025-11-12T07:12:27+00:00","og_image":[{"width":800,"height":800,"url":"https:\/\/amafurni.vn\/wp-content\/uploads\/2024\/01\/z5088638671095_f22b38e5b4d553b7e305d8f048c37a29.jpg","type":"image\/jpeg"}],"twitter_card":"summary_large_image","twitter_misc":{"Est. reading time":"1 minute"},"schema":{"@context":"https:\/\/schema.org","@graph":[{"@type":"WebPage","@id":"https:\/\/amafurni.vn\/san-pham\/ghe-ama-lounge-flower\/","url":"https:\/\/amafurni.vn\/san-pham\/ghe-ama-lounge-flower\/","name":"Gh\u1ebf AMA-LOUNGE FLOWER - AMAFURNI","isPartOf":{"@id":"https:\/\/amafurni.vn\/#website"},"datePublished":"2024-01-20T03:14:57+00:00","dateModified":"2025-11-12T07:12:27+00:00","breadcrumb":{"@id":"https:\/\/amafurni.vn\/san-pham\/ghe-ama-lounge-flower\/#breadcrumb"},"inLanguage":"en-US","potentialAction":[{"@type":"ReadAction","target":["https:\/\/amafurni.vn\/san-pham\/ghe-ama-lounge-flower\/"]}]},{"@type":"BreadcrumbList","@id":"https:\/\/amafurni.vn\/san-pham\/ghe-ama-lounge-flower\/#breadcrumb","itemListElement":[{"@type":"ListItem","position":1,"name":"Trang ch\u1ee7","item":"https:\/\/amafurni.vn\/"},{"@type":"ListItem","position":2,"name":"S\u1ea3n ph\u1ea9m","item":"https:\/\/amafurni.vn\/san-pham\/"},{"@type":"ListItem","position":3,"name":"Gh\u1ebf AMA-LOUNGE FLOWER"}]},{"@type":"WebSite","@id":"https:\/\/amafurni.vn\/#website","url":"https:\/\/amafurni.vn\/","name":"AMAFURNI","description":"","potentialAction":[{"@type":"SearchAction","target":{"@type":"EntryPoint","urlTemplate":"https:\/\/amafurni.vn\/?s={search_term_string}"},"query-input":"required name=search_term_string"}],"inLanguage":"en-US"}]}},"_links":{"self":[{"href":"https:\/\/amafurni.vn\/en\/wp-json\/wp\/v2\/product\/9152"}],"collection":[{"href":"https:\/\/amafurni.vn\/en\/wp-json\/wp\/v2\/product"}],"about":[{"href":"https:\/\/amafurni.vn\/en\/wp-json\/wp\/v2\/types\/product"}],"replies":[{"embeddable":true,"href":"https:\/\/amafurni.vn\/en\/wp-json\/wp\/v2\/comments?post=9152"}],"wp:featuredmedia":[{"embeddable":true,"href":"https:\/\/amafurni.vn\/en\/wp-json\/wp\/v2\/media\/9165"}],"wp:attachment":[{"href":"https:\/\/amafurni.vn\/en\/wp-json\/wp\/v2\/media?parent=9152"}],"wp:term":[{"taxonomy":"product_cat","embeddable":true,"href":"https:\/\/amafurni.vn\/en\/wp-json\/wp\/v2\/product_cat?post=9152"},{"taxonomy":"product_tag","embeddable":true,"href":"https:\/\/amafurni.vn\/en\/wp-json\/wp\/v2\/product_tag?post=9152"}],"curies":[{"name":"wp","href":"https:\/\/api.w.org\/{rel}","templated":true}]}}