{"id":9563,"date":"2024-01-23T12:00:42","date_gmt":"2024-01-23T05:00:42","guid":{"rendered":"https:\/\/amafurni.vn\/?post_type=product&#038;p=9563"},"modified":"2025-11-12T14:12:30","modified_gmt":"2025-11-12T07:12:30","slug":"ama-kubin-3-cho","status":"publish","type":"product","link":"https:\/\/amafurni.vn\/en\/product\/ama-kubin-3-cho\/","title":{"rendered":"AMA-KUBIN 3 CH\u1ed6"},"content":{"rendered":"<table class=\"woocommerce-product-attributes shop_attributes\" style=\"width: 100.459%\" width=\"929\">\n<tbody>\n<tr class=\"woocommerce-product-attributes-item woocommerce-product-attributes-item--attribute_season\">\n<th class=\"woocommerce-product-attributes-item__label\" style=\"width: 16.4516%\">Material<\/th>\n<td class=\"woocommerce-product-attributes-item__value\" style=\"width: 80.1075%\">L\u01b0ng gh\u1ebf v\u00e0 \u0111\u1ec7m ng\u1ed3i b\u1eb1ng nh\u1ef1a. Thanh \u0111\u1ee1 b\u1eb1ng s\u1eaft h\u1ed9p ch\u1eef nh\u1eadt s\u01a1n t\u0129nh \u0111i\u1ec7n m\u00e0u \u0111en. Ch\u00e2n gh\u1ebf b\u1eb1ng s\u1eaft s\u01a1n t\u0129nh \u0111i\u1ec7n m\u00e0u x\u00e1m nh\u1ea1t, c\u00f3 \u0111\u1ebf t\u0103ng ch\u00e2n b\u1eb1ng nh\u1ef1a<\/td>\n<\/tr>\n<tr class=\"woocommerce-product-attributes-item woocommerce-product-attributes-item--attribute_pa_color\">\n<th class=\"woocommerce-product-attributes-item__label\" style=\"width: 16.4516%\">M\u00e0u S\u1eafc<\/th>\n<td class=\"woocommerce-product-attributes-item__value\" style=\"width: 80.1075%\">Tu\u1ef3 ch\u1ecdn theo y\u00eau c\u1ea7u.<\/td>\n<\/tr>\n<tr class=\"woocommerce-product-attributes-item woocommerce-product-attributes-item--attribute_style\">\n<th class=\"woocommerce-product-attributes-item__label\" style=\"width: 16.4516%\">Size<\/th>\n<td class=\"woocommerce-product-attributes-item__value\" style=\"width: 80.1075%\"><\/td>\n<\/tr>\n<tr class=\"woocommerce-product-attributes-item woocommerce-product-attributes-item--attribute_pa_material\">\n<th class=\"woocommerce-product-attributes-item__label\" style=\"width: 16.4516%\">T\u00ednh N\u0103ng<\/th>\n<td class=\"woocommerce-product-attributes-item__value\" style=\"width: 80.1075%\">Ng\u1ed3i c\u1ed1 \u0111\u1ecbnh.<\/td>\n<\/tr>\n<tr class=\"woocommerce-product-attributes-item woocommerce-product-attributes-item--attribute_item-code\">\n<th class=\"woocommerce-product-attributes-item__label\" style=\"width: 16.4516%\">B\u1ea3o H\u00e0nh<\/th>\n<td class=\"woocommerce-product-attributes-item__value\" style=\"width: 80.1075%\">3 n\u0103m<\/td>\n<\/tr>\n<\/tbody>\n<\/table>","protected":false},"excerpt":{"rendered":"<p>GH\u1ebe B\u0102NG CH\u1edc KUBIN 3 CH\u1ed6<\/p>\n<p>1. L\u01b0ng gh\u1ebf v\u00e0 \u0111\u1ec7m ng\u1ed3i b\u1eb1ng nh\u1ef1a<br \/>\n2. Thanh \u0111\u1ee1 b\u1eb1ng s\u1eaft h\u1ed9p ch\u1eef nh\u1eadt s\u01a1n t\u0129nh \u0111i\u1ec7n m\u00e0u \u0111en<br \/>\n3. Ch\u00e2n gh\u1ebf b\u1eb1ng s\u1eaft s\u01a1n t\u0129nh \u0111i\u1ec7n m\u00e0u x\u00e1m nh\u1ea1t, c\u00f3 \u0111\u1ebf t\u0103ng ch\u00e2n b\u1eb1ng nh\u1ef1a<br \/>\n4. M\u00e0u gh\u1ebf: T\u00f9y ch\u1ecdn<br \/>\n5. Xu\u1ea5t x\u1ee9 Malaysia<\/p>","protected":false},"featured_media":9567,"comment_status":"open","ping_status":"closed","template":"","meta":[],"product_cat":[67],"product_tag":[158],"yoast_head":"<!-- This site is optimized with the Yoast SEO Premium plugin v21.7 (Yoast SEO v21.7) - https:\/\/yoast.com\/wordpress\/plugins\/seo\/ -->\n<title>AMA-KUBIN 3 CH\u1ed6 - AMAFURNI<\/title>\n<meta name=\"robots\" content=\"index, follow, max-snippet:-1, max-image-preview:large, max-video-preview:-1\" \/>\n<link rel=\"canonical\" href=\"https:\/\/amafurni.vn\/en\/product\/ama-kubin-3-cho\/\" \/>\n<meta property=\"og:locale\" content=\"en_US\" \/>\n<meta property=\"og:type\" content=\"article\" \/>\n<meta property=\"og:title\" content=\"AMA-KUBIN 3 CH\u1ed6\" \/>\n<meta property=\"og:description\" content=\"GH\u1ebe B\u0102NG CH\u1edc KUBIN 3 CH\u1ed6  1. L\u01b0ng gh\u1ebf v\u00e0 \u0111\u1ec7m ng\u1ed3i b\u1eb1ng nh\u1ef1a 2. Thanh \u0111\u1ee1 b\u1eb1ng s\u1eaft h\u1ed9p ch\u1eef nh\u1eadt s\u01a1n t\u0129nh \u0111i\u1ec7n m\u00e0u \u0111en 3. Ch\u00e2n gh\u1ebf b\u1eb1ng s\u1eaft s\u01a1n t\u0129nh \u0111i\u1ec7n m\u00e0u x\u00e1m nh\u1ea1t, c\u00f3 \u0111\u1ebf t\u0103ng ch\u00e2n b\u1eb1ng nh\u1ef1a 4. M\u00e0u gh\u1ebf: T\u00f9y ch\u1ecdn 5. Xu\u1ea5t x\u1ee9 Malaysia\" \/>\n<meta property=\"og:url\" content=\"https:\/\/amafurni.vn\/en\/product\/ama-kubin-3-cho\/\" \/>\n<meta property=\"og:site_name\" content=\"AMAFURNI\" \/>\n<meta property=\"article:modified_time\" content=\"2025-11-12T07:12:30+00:00\" \/>\n<meta property=\"og:image\" content=\"https:\/\/amafurni.vn\/wp-content\/uploads\/2024\/01\/z5097719319305_ab55c886fa093ce85785b8ba9eb3dc36.jpg\" \/>\n\t<meta property=\"og:image:width\" content=\"800\" \/>\n\t<meta property=\"og:image:height\" content=\"800\" \/>\n\t<meta property=\"og:image:type\" content=\"image\/jpeg\" \/>\n<meta name=\"twitter:card\" content=\"summary_large_image\" \/>\n<meta name=\"twitter:label1\" content=\"Est. reading time\" \/>\n\t<meta name=\"twitter:data1\" content=\"1 minute\" \/>\n<script type=\"application\/ld+json\" class=\"yoast-schema-graph\">{\"@context\":\"https:\/\/schema.org\",\"@graph\":[{\"@type\":\"WebPage\",\"@id\":\"https:\/\/amafurni.vn\/san-pham\/ama-kubin-3-cho\/\",\"url\":\"https:\/\/amafurni.vn\/san-pham\/ama-kubin-3-cho\/\",\"name\":\"AMA-KUBIN 3 CH\u1ed6 - AMAFURNI\",\"isPartOf\":{\"@id\":\"https:\/\/amafurni.vn\/#website\"},\"datePublished\":\"2024-01-23T05:00:42+00:00\",\"dateModified\":\"2025-11-12T07:12:30+00:00\",\"breadcrumb\":{\"@id\":\"https:\/\/amafurni.vn\/san-pham\/ama-kubin-3-cho\/#breadcrumb\"},\"inLanguage\":\"en-US\",\"potentialAction\":[{\"@type\":\"ReadAction\",\"target\":[\"https:\/\/amafurni.vn\/san-pham\/ama-kubin-3-cho\/\"]}]},{\"@type\":\"BreadcrumbList\",\"@id\":\"https:\/\/amafurni.vn\/san-pham\/ama-kubin-3-cho\/#breadcrumb\",\"itemListElement\":[{\"@type\":\"ListItem\",\"position\":1,\"name\":\"Trang ch\u1ee7\",\"item\":\"https:\/\/amafurni.vn\/\"},{\"@type\":\"ListItem\",\"position\":2,\"name\":\"S\u1ea3n ph\u1ea9m\",\"item\":\"https:\/\/amafurni.vn\/san-pham\/\"},{\"@type\":\"ListItem\",\"position\":3,\"name\":\"AMA-KUBIN 3 CH\u1ed6\"}]},{\"@type\":\"WebSite\",\"@id\":\"https:\/\/amafurni.vn\/#website\",\"url\":\"https:\/\/amafurni.vn\/\",\"name\":\"AMAFURNI\",\"description\":\"\",\"potentialAction\":[{\"@type\":\"SearchAction\",\"target\":{\"@type\":\"EntryPoint\",\"urlTemplate\":\"https:\/\/amafurni.vn\/?s={search_term_string}\"},\"query-input\":\"required name=search_term_string\"}],\"inLanguage\":\"en-US\"}]}<\/script>\n<!-- \/ Yoast SEO Premium plugin. -->","yoast_head_json":{"title":"AMA-KUBIN 3 CH\u1ed6 - AMAFURNI","robots":{"index":"index","follow":"follow","max-snippet":"max-snippet:-1","max-image-preview":"max-image-preview:large","max-video-preview":"max-video-preview:-1"},"canonical":"https:\/\/amafurni.vn\/en\/product\/ama-kubin-3-cho\/","og_locale":"en_US","og_type":"article","og_title":"AMA-KUBIN 3 CH\u1ed6","og_description":"GH\u1ebe B\u0102NG CH\u1edc KUBIN 3 CH\u1ed6  1. L\u01b0ng gh\u1ebf v\u00e0 \u0111\u1ec7m ng\u1ed3i b\u1eb1ng nh\u1ef1a 2. Thanh \u0111\u1ee1 b\u1eb1ng s\u1eaft h\u1ed9p ch\u1eef nh\u1eadt s\u01a1n t\u0129nh \u0111i\u1ec7n m\u00e0u \u0111en 3. Ch\u00e2n gh\u1ebf b\u1eb1ng s\u1eaft s\u01a1n t\u0129nh \u0111i\u1ec7n m\u00e0u x\u00e1m nh\u1ea1t, c\u00f3 \u0111\u1ebf t\u0103ng ch\u00e2n b\u1eb1ng nh\u1ef1a 4. M\u00e0u gh\u1ebf: T\u00f9y ch\u1ecdn 5. Xu\u1ea5t x\u1ee9 Malaysia","og_url":"https:\/\/amafurni.vn\/en\/product\/ama-kubin-3-cho\/","og_site_name":"AMAFURNI","article_modified_time":"2025-11-12T07:12:30+00:00","og_image":[{"width":800,"height":800,"url":"https:\/\/amafurni.vn\/wp-content\/uploads\/2024\/01\/z5097719319305_ab55c886fa093ce85785b8ba9eb3dc36.jpg","type":"image\/jpeg"}],"twitter_card":"summary_large_image","twitter_misc":{"Est. reading time":"1 minute"},"schema":{"@context":"https:\/\/schema.org","@graph":[{"@type":"WebPage","@id":"https:\/\/amafurni.vn\/san-pham\/ama-kubin-3-cho\/","url":"https:\/\/amafurni.vn\/san-pham\/ama-kubin-3-cho\/","name":"AMA-KUBIN 3 CH\u1ed6 - AMAFURNI","isPartOf":{"@id":"https:\/\/amafurni.vn\/#website"},"datePublished":"2024-01-23T05:00:42+00:00","dateModified":"2025-11-12T07:12:30+00:00","breadcrumb":{"@id":"https:\/\/amafurni.vn\/san-pham\/ama-kubin-3-cho\/#breadcrumb"},"inLanguage":"en-US","potentialAction":[{"@type":"ReadAction","target":["https:\/\/amafurni.vn\/san-pham\/ama-kubin-3-cho\/"]}]},{"@type":"BreadcrumbList","@id":"https:\/\/amafurni.vn\/san-pham\/ama-kubin-3-cho\/#breadcrumb","itemListElement":[{"@type":"ListItem","position":1,"name":"Trang ch\u1ee7","item":"https:\/\/amafurni.vn\/"},{"@type":"ListItem","position":2,"name":"S\u1ea3n ph\u1ea9m","item":"https:\/\/amafurni.vn\/san-pham\/"},{"@type":"ListItem","position":3,"name":"AMA-KUBIN 3 CH\u1ed6"}]},{"@type":"WebSite","@id":"https:\/\/amafurni.vn\/#website","url":"https:\/\/amafurni.vn\/","name":"AMAFURNI","description":"","potentialAction":[{"@type":"SearchAction","target":{"@type":"EntryPoint","urlTemplate":"https:\/\/amafurni.vn\/?s={search_term_string}"},"query-input":"required name=search_term_string"}],"inLanguage":"en-US"}]}},"_links":{"self":[{"href":"https:\/\/amafurni.vn\/en\/wp-json\/wp\/v2\/product\/9563"}],"collection":[{"href":"https:\/\/amafurni.vn\/en\/wp-json\/wp\/v2\/product"}],"about":[{"href":"https:\/\/amafurni.vn\/en\/wp-json\/wp\/v2\/types\/product"}],"replies":[{"embeddable":true,"href":"https:\/\/amafurni.vn\/en\/wp-json\/wp\/v2\/comments?post=9563"}],"wp:featuredmedia":[{"embeddable":true,"href":"https:\/\/amafurni.vn\/en\/wp-json\/wp\/v2\/media\/9567"}],"wp:attachment":[{"href":"https:\/\/amafurni.vn\/en\/wp-json\/wp\/v2\/media?parent=9563"}],"wp:term":[{"taxonomy":"product_cat","embeddable":true,"href":"https:\/\/amafurni.vn\/en\/wp-json\/wp\/v2\/product_cat?post=9563"},{"taxonomy":"product_tag","embeddable":true,"href":"https:\/\/amafurni.vn\/en\/wp-json\/wp\/v2\/product_tag?post=9563"}],"curies":[{"name":"wp","href":"https:\/\/api.w.org\/{rel}","templated":true}]}}