{"id":9845,"date":"2024-01-30T11:49:50","date_gmt":"2024-01-30T04:49:50","guid":{"rendered":"https:\/\/amafurni.vn\/?post_type=product&#038;p=9845"},"modified":"2025-11-12T14:12:33","modified_gmt":"2025-11-12T07:12:33","slug":"ghe-ama-mandy-f","status":"publish","type":"product","link":"https:\/\/amafurni.vn\/en\/product\/ghe-ama-mandy-f\/","title":{"rendered":"Gh\u1ebf AMA-MANDY F"},"content":{"rendered":"<table class=\"woocommerce-product-attributes shop_attributes\" style=\"width: 100.128%; height: 157px;\" width=\"929\">\n<tbody>\n<tr class=\"woocommerce-product-attributes-item woocommerce-product-attributes-item--attribute_season\" style=\"height: 48px;\">\n<th class=\"woocommerce-product-attributes-item__label\" style=\"width: 10.1075%; height: 48px;\">Material<\/th>\n<td class=\"woocommerce-product-attributes-item__value\" style=\"width: 86.1026%; height: 48px;\">T\u1ef1a \u0111\u1ea7u v\u00e0 n\u1ec7m b\u1ecdc v\u1ea3i\/vynil. Khung l\u01b0ng gh\u1ebf b\u1eb1ng nh\u1ef1a, t\u1ef1a l\u01b0ng b\u1ecdc l\u01b0\u1edbi. Phu\u1ed9c: M\u1ea1 chrome. Ch\u00e2n gh\u1ebf b\u1eb1ng s\u1eaft m\u1ea1 chrome<\/td>\n<\/tr>\n<tr class=\"woocommerce-product-attributes-item woocommerce-product-attributes-item--attribute_pa_color\" style=\"height: 24px;\">\n<th class=\"woocommerce-product-attributes-item__label\" style=\"width: 10.1075%; height: 24px;\">M\u00e0u S\u1eafc<\/th>\n<td class=\"woocommerce-product-attributes-item__value\" style=\"width: 86.1026%; height: 24px;\">Tu\u1ef3 ch\u1ecdn theo y\u00eau c\u1ea7u.<\/td>\n<\/tr>\n<tr class=\"woocommerce-product-attributes-item woocommerce-product-attributes-item--attribute_style\" style=\"height: 37px;\">\n<th class=\"woocommerce-product-attributes-item__label\" style=\"width: 10.1075%; height: 37px;\">Size<\/th>\n<td class=\"woocommerce-product-attributes-item__value\" style=\"width: 86.1026%; height: 37px;\"><\/td>\n<\/tr>\n<tr class=\"woocommerce-product-attributes-item woocommerce-product-attributes-item--attribute_pa_material\" style=\"height: 24px;\">\n<th class=\"woocommerce-product-attributes-item__label\" style=\"width: 10.1075%; height: 24px;\">T\u00ednh N\u0103ng<\/th>\n<td class=\"woocommerce-product-attributes-item__value\" style=\"width: 86.1026%; height: 24px;\">Xoay 360 \u0111\u1ed9. T\u0103ng gi\u1ea3m chi\u1ec1u cao. T\u1ef1a \u0110\u1ea7u: T\u0103ng gi\u1ea3m chi\u1ec1u cao<\/td>\n<\/tr>\n<tr class=\"woocommerce-product-attributes-item woocommerce-product-attributes-item--attribute_item-code\" style=\"height: 24px;\">\n<th class=\"woocommerce-product-attributes-item__label\" style=\"width: 10.1075%; height: 24px;\">B\u1ea3o H\u00e0nh<\/th>\n<td class=\"woocommerce-product-attributes-item__value\" style=\"width: 86.1026%; height: 24px;\">3 n\u0103m<\/td>\n<\/tr>\n<\/tbody>\n<\/table>","protected":false},"excerpt":{"rendered":"<div class=\"linedetail\">1. T\u1ef1a \u0110\u1ea7u: T\u0103ng gi\u1ea3m chi\u1ec1u cao, b\u1ecdc v\u1ea3i\/vynil<br \/>\n2. T\u1ef1a l\u01b0ng gh\u1ebf: T\u1ef1a l\u01b0ng gh\u1ebf khung b\u1eb1ng nh\u1ef1a, b\u1ecdc l\u01b0\u1edbi<br \/>\n3. H\u1ed7 tr\u1ee3 c\u1ed9t s\u1ed1ng: H\u1ed7 tr\u1ee3 c\u1ed9t s\u1ed1ng c\u1ed1 \u0111\u1ecbnh<br \/>\n4. N\u1ec7m: D\u00e0y 60mm \u0111\u1ed9 \u0111\u00e0n h\u1ed3i cao, b\u1ecdc v\u1ea3i\/vynil<br \/>\n5. Tay gh\u1ebf: Tay gh\u1ebf \u0111i\u1ec1u ch\u1ec9nh 4 chi\u1ec1u<br \/>\n6. B\u1ed9 \u0111i\u1ec1u khi\u1ec3n: B\u1ed9 \u0111i\u1ec1u khi\u1ec3n c\u00f3 c\u00e1c t\u00ednh n\u0103ng: n\u00e2ng h\u1ea1 chi\u1ec1u cao, ch\u1ed1t ng\u1ea3 l\u01b0ng \u1edf m\u1ed9t v\u1ecb tr\u00ed, \u0111i\u1ec1u ch\u1ec9nh tr\u1ecdng l\u01b0\u1ee3ng theo ng\u01b0\u1eddi s\u1eed d\u1ee5ng, ch\u1ed1t kh\u00f3a an to\u00e0n<br \/>\n7. Phu\u1ed9c: M\u1ea1 chrome, ti\u00eau chu\u1ea9n BIFMA 85C ch\u1ecbu t\u1ea3i tr\u1ecdng \u0111\u1ebfn 100kg<br \/>\n8. Ch\u00e2n gh\u1ebf: Ch\u00e2n gh\u1ebf b\u1eb1ng s\u1eaft m\u1ea1 crome ch\u1ecbu l\u1ef1c cao v\u1edbi \u0111\u01b0\u1eddng k\u00ednh v\u00f2ng ch\u00e2n 700mm r\u1ea5t v\u1eefng ch\u1eafc khi ng\u1ea3 l\u01b0ng, gh\u1ebf c\u00f3 ph\u1ea7n ch\u00e2n ph\u1ee5 c\u00f3 th\u1ec3 k\u00e9o ra \u0111\u1ec3 g\u00e1c ch\u00e2n<br \/>\n9. B\u00e1nh xe: B\u00e1nh xe s\u1eed d\u1ee5ng b\u1ec1 m\u1eb7t s\u00e0n c\u1ee9ng phi 50mm<br \/>\n10. M\u00e0u l\u01b0ng: Tu\u1ef3 ch\u1ecdn<br \/>\n11. M\u00e0u n\u1ec7m: Tu\u1ef3 ch\u1ecdn<br \/>\n12. Xu\u1ea5t x\u1ee9: Vi\u1ec7t Nam<br \/>\n13. B\u1ea3o H\u00e0nh: 3 n\u0103m<\/div>\n<div class=\"linedetail\"><\/div>","protected":false},"featured_media":15101,"comment_status":"open","ping_status":"closed","template":"","meta":[],"product_cat":[59,70,106,107],"product_tag":[176,281],"yoast_head":"<!-- This site is optimized with the Yoast SEO Premium plugin v21.7 (Yoast SEO v21.7) - https:\/\/yoast.com\/wordpress\/plugins\/seo\/ -->\n<title>Gh\u1ebf AMA-MANDY F - AMAFURNI<\/title>\n<meta name=\"robots\" content=\"index, follow, max-snippet:-1, max-image-preview:large, max-video-preview:-1\" \/>\n<link rel=\"canonical\" href=\"https:\/\/amafurni.vn\/en\/product\/ghe-ama-mandy-f\/\" \/>\n<meta property=\"og:locale\" content=\"en_US\" \/>\n<meta property=\"og:type\" content=\"article\" \/>\n<meta property=\"og:title\" content=\"Gh\u1ebf AMA-MANDY F\" \/>\n<meta property=\"og:description\" content=\"1. T\u1ef1a \u0110\u1ea7u: T\u0103ng gi\u1ea3m chi\u1ec1u cao, b\u1ecdc v\u1ea3i\/vynil 2. T\u1ef1a l\u01b0ng gh\u1ebf: T\u1ef1a l\u01b0ng gh\u1ebf khung b\u1eb1ng nh\u1ef1a, b\u1ecdc l\u01b0\u1edbi 3. H\u1ed7 tr\u1ee3 c\u1ed9t s\u1ed1ng: H\u1ed7 tr\u1ee3 c\u1ed9t s\u1ed1ng c\u1ed1 \u0111\u1ecbnh 4. N\u1ec7m: D\u00e0y 60mm \u0111\u1ed9 \u0111\u00e0n h\u1ed3i cao, b\u1ecdc v\u1ea3i\/vynil 5. Tay gh\u1ebf: Tay gh\u1ebf \u0111i\u1ec1u ch\u1ec9nh 4 chi\u1ec1u 6. B\u1ed9 \u0111i\u1ec1u khi\u1ec3n: B\u1ed9 \u0111i\u1ec1u khi\u1ec3n c\u00f3 c\u00e1c t\u00ednh n\u0103ng: n\u00e2ng h\u1ea1 chi\u1ec1u cao, ch\u1ed1t ng\u1ea3 l\u01b0ng \u1edf m\u1ed9t v\u1ecb tr\u00ed, \u0111i\u1ec1u ch\u1ec9nh tr\u1ecdng l\u01b0\u1ee3ng theo ng\u01b0\u1eddi s\u1eed d\u1ee5ng, ch\u1ed1t kh\u00f3a an to\u00e0n 7. Phu\u1ed9c: M\u1ea1 chrome, ti\u00eau chu\u1ea9n BIFMA 85C ch\u1ecbu t\u1ea3i tr\u1ecdng \u0111\u1ebfn 100kg 8. Ch\u00e2n gh\u1ebf: Ch\u00e2n gh\u1ebf b\u1eb1ng s\u1eaft m\u1ea1 crome ch\u1ecbu l\u1ef1c cao v\u1edbi \u0111\u01b0\u1eddng k\u00ednh v\u00f2ng ch\u00e2n 700mm r\u1ea5t v\u1eefng ch\u1eafc khi ng\u1ea3 l\u01b0ng, gh\u1ebf c\u00f3 ph\u1ea7n ch\u00e2n ph\u1ee5 c\u00f3 th\u1ec3 k\u00e9o ra \u0111\u1ec3 g\u00e1c ch\u00e2n 9. B\u00e1nh xe: B\u00e1nh xe s\u1eed d\u1ee5ng b\u1ec1 m\u1eb7t s\u00e0n c\u1ee9ng phi 50mm 10. M\u00e0u l\u01b0ng: Tu\u1ef3 ch\u1ecdn 11. M\u00e0u n\u1ec7m: Tu\u1ef3 ch\u1ecdn 12. Xu\u1ea5t x\u1ee9: Vi\u1ec7t Nam 13. B\u1ea3o H\u00e0nh: 3 n\u0103m\" \/>\n<meta property=\"og:url\" content=\"https:\/\/amafurni.vn\/en\/product\/ghe-ama-mandy-f\/\" \/>\n<meta property=\"og:site_name\" content=\"AMAFURNI\" \/>\n<meta property=\"article:modified_time\" content=\"2025-11-12T07:12:33+00:00\" \/>\n<meta property=\"og:image\" content=\"https:\/\/amafurni.vn\/wp-content\/uploads\/2024\/01\/z5572303357766_49f3dd338a3079bcee0f9cc4f754efbc.jpg\" \/>\n\t<meta property=\"og:image:width\" content=\"800\" \/>\n\t<meta property=\"og:image:height\" content=\"800\" \/>\n\t<meta property=\"og:image:type\" content=\"image\/jpeg\" \/>\n<meta name=\"twitter:card\" content=\"summary_large_image\" \/>\n<meta name=\"twitter:label1\" content=\"Est. reading time\" \/>\n\t<meta name=\"twitter:data1\" content=\"1 minute\" \/>\n<script type=\"application\/ld+json\" class=\"yoast-schema-graph\">{\"@context\":\"https:\/\/schema.org\",\"@graph\":[{\"@type\":\"WebPage\",\"@id\":\"https:\/\/amafurni.vn\/san-pham\/ghe-ama-mandy-f\/\",\"url\":\"https:\/\/amafurni.vn\/san-pham\/ghe-ama-mandy-f\/\",\"name\":\"Gh\u1ebf AMA-MANDY F - AMAFURNI\",\"isPartOf\":{\"@id\":\"https:\/\/amafurni.vn\/#website\"},\"datePublished\":\"2024-01-30T04:49:50+00:00\",\"dateModified\":\"2025-11-12T07:12:33+00:00\",\"breadcrumb\":{\"@id\":\"https:\/\/amafurni.vn\/san-pham\/ghe-ama-mandy-f\/#breadcrumb\"},\"inLanguage\":\"en-US\",\"potentialAction\":[{\"@type\":\"ReadAction\",\"target\":[\"https:\/\/amafurni.vn\/san-pham\/ghe-ama-mandy-f\/\"]}]},{\"@type\":\"BreadcrumbList\",\"@id\":\"https:\/\/amafurni.vn\/san-pham\/ghe-ama-mandy-f\/#breadcrumb\",\"itemListElement\":[{\"@type\":\"ListItem\",\"position\":1,\"name\":\"Trang ch\u1ee7\",\"item\":\"https:\/\/amafurni.vn\/\"},{\"@type\":\"ListItem\",\"position\":2,\"name\":\"S\u1ea3n ph\u1ea9m\",\"item\":\"https:\/\/amafurni.vn\/san-pham\/\"},{\"@type\":\"ListItem\",\"position\":3,\"name\":\"Gh\u1ebf AMA-MANDY F\"}]},{\"@type\":\"WebSite\",\"@id\":\"https:\/\/amafurni.vn\/#website\",\"url\":\"https:\/\/amafurni.vn\/\",\"name\":\"AMAFURNI\",\"description\":\"\",\"potentialAction\":[{\"@type\":\"SearchAction\",\"target\":{\"@type\":\"EntryPoint\",\"urlTemplate\":\"https:\/\/amafurni.vn\/?s={search_term_string}\"},\"query-input\":\"required name=search_term_string\"}],\"inLanguage\":\"en-US\"}]}<\/script>\n<!-- \/ Yoast SEO Premium plugin. -->","yoast_head_json":{"title":"Gh\u1ebf AMA-MANDY F - AMAFURNI","robots":{"index":"index","follow":"follow","max-snippet":"max-snippet:-1","max-image-preview":"max-image-preview:large","max-video-preview":"max-video-preview:-1"},"canonical":"https:\/\/amafurni.vn\/en\/product\/ghe-ama-mandy-f\/","og_locale":"en_US","og_type":"article","og_title":"Gh\u1ebf AMA-MANDY F","og_description":"1. T\u1ef1a \u0110\u1ea7u: T\u0103ng gi\u1ea3m chi\u1ec1u cao, b\u1ecdc v\u1ea3i\/vynil 2. T\u1ef1a l\u01b0ng gh\u1ebf: T\u1ef1a l\u01b0ng gh\u1ebf khung b\u1eb1ng nh\u1ef1a, b\u1ecdc l\u01b0\u1edbi 3. H\u1ed7 tr\u1ee3 c\u1ed9t s\u1ed1ng: H\u1ed7 tr\u1ee3 c\u1ed9t s\u1ed1ng c\u1ed1 \u0111\u1ecbnh 4. N\u1ec7m: D\u00e0y 60mm \u0111\u1ed9 \u0111\u00e0n h\u1ed3i cao, b\u1ecdc v\u1ea3i\/vynil 5. Tay gh\u1ebf: Tay gh\u1ebf \u0111i\u1ec1u ch\u1ec9nh 4 chi\u1ec1u 6. B\u1ed9 \u0111i\u1ec1u khi\u1ec3n: B\u1ed9 \u0111i\u1ec1u khi\u1ec3n c\u00f3 c\u00e1c t\u00ednh n\u0103ng: n\u00e2ng h\u1ea1 chi\u1ec1u cao, ch\u1ed1t ng\u1ea3 l\u01b0ng \u1edf m\u1ed9t v\u1ecb tr\u00ed, \u0111i\u1ec1u ch\u1ec9nh tr\u1ecdng l\u01b0\u1ee3ng theo ng\u01b0\u1eddi s\u1eed d\u1ee5ng, ch\u1ed1t kh\u00f3a an to\u00e0n 7. Phu\u1ed9c: M\u1ea1 chrome, ti\u00eau chu\u1ea9n BIFMA 85C ch\u1ecbu t\u1ea3i tr\u1ecdng \u0111\u1ebfn 100kg 8. Ch\u00e2n gh\u1ebf: Ch\u00e2n gh\u1ebf b\u1eb1ng s\u1eaft m\u1ea1 crome ch\u1ecbu l\u1ef1c cao v\u1edbi \u0111\u01b0\u1eddng k\u00ednh v\u00f2ng ch\u00e2n 700mm r\u1ea5t v\u1eefng ch\u1eafc khi ng\u1ea3 l\u01b0ng, gh\u1ebf c\u00f3 ph\u1ea7n ch\u00e2n ph\u1ee5 c\u00f3 th\u1ec3 k\u00e9o ra \u0111\u1ec3 g\u00e1c ch\u00e2n 9. B\u00e1nh xe: B\u00e1nh xe s\u1eed d\u1ee5ng b\u1ec1 m\u1eb7t s\u00e0n c\u1ee9ng phi 50mm 10. M\u00e0u l\u01b0ng: Tu\u1ef3 ch\u1ecdn 11. M\u00e0u n\u1ec7m: Tu\u1ef3 ch\u1ecdn 12. Xu\u1ea5t x\u1ee9: Vi\u1ec7t Nam 13. B\u1ea3o H\u00e0nh: 3 n\u0103m","og_url":"https:\/\/amafurni.vn\/en\/product\/ghe-ama-mandy-f\/","og_site_name":"AMAFURNI","article_modified_time":"2025-11-12T07:12:33+00:00","og_image":[{"width":800,"height":800,"url":"https:\/\/amafurni.vn\/wp-content\/uploads\/2024\/01\/z5572303357766_49f3dd338a3079bcee0f9cc4f754efbc.jpg","type":"image\/jpeg"}],"twitter_card":"summary_large_image","twitter_misc":{"Est. reading time":"1 minute"},"schema":{"@context":"https:\/\/schema.org","@graph":[{"@type":"WebPage","@id":"https:\/\/amafurni.vn\/san-pham\/ghe-ama-mandy-f\/","url":"https:\/\/amafurni.vn\/san-pham\/ghe-ama-mandy-f\/","name":"Gh\u1ebf AMA-MANDY F - AMAFURNI","isPartOf":{"@id":"https:\/\/amafurni.vn\/#website"},"datePublished":"2024-01-30T04:49:50+00:00","dateModified":"2025-11-12T07:12:33+00:00","breadcrumb":{"@id":"https:\/\/amafurni.vn\/san-pham\/ghe-ama-mandy-f\/#breadcrumb"},"inLanguage":"en-US","potentialAction":[{"@type":"ReadAction","target":["https:\/\/amafurni.vn\/san-pham\/ghe-ama-mandy-f\/"]}]},{"@type":"BreadcrumbList","@id":"https:\/\/amafurni.vn\/san-pham\/ghe-ama-mandy-f\/#breadcrumb","itemListElement":[{"@type":"ListItem","position":1,"name":"Trang ch\u1ee7","item":"https:\/\/amafurni.vn\/"},{"@type":"ListItem","position":2,"name":"S\u1ea3n ph\u1ea9m","item":"https:\/\/amafurni.vn\/san-pham\/"},{"@type":"ListItem","position":3,"name":"Gh\u1ebf AMA-MANDY F"}]},{"@type":"WebSite","@id":"https:\/\/amafurni.vn\/#website","url":"https:\/\/amafurni.vn\/","name":"AMAFURNI","description":"","potentialAction":[{"@type":"SearchAction","target":{"@type":"EntryPoint","urlTemplate":"https:\/\/amafurni.vn\/?s={search_term_string}"},"query-input":"required name=search_term_string"}],"inLanguage":"en-US"}]}},"_links":{"self":[{"href":"https:\/\/amafurni.vn\/en\/wp-json\/wp\/v2\/product\/9845"}],"collection":[{"href":"https:\/\/amafurni.vn\/en\/wp-json\/wp\/v2\/product"}],"about":[{"href":"https:\/\/amafurni.vn\/en\/wp-json\/wp\/v2\/types\/product"}],"replies":[{"embeddable":true,"href":"https:\/\/amafurni.vn\/en\/wp-json\/wp\/v2\/comments?post=9845"}],"wp:featuredmedia":[{"embeddable":true,"href":"https:\/\/amafurni.vn\/en\/wp-json\/wp\/v2\/media\/15101"}],"wp:attachment":[{"href":"https:\/\/amafurni.vn\/en\/wp-json\/wp\/v2\/media?parent=9845"}],"wp:term":[{"taxonomy":"product_cat","embeddable":true,"href":"https:\/\/amafurni.vn\/en\/wp-json\/wp\/v2\/product_cat?post=9845"},{"taxonomy":"product_tag","embeddable":true,"href":"https:\/\/amafurni.vn\/en\/wp-json\/wp\/v2\/product_tag?post=9845"}],"curies":[{"name":"wp","href":"https:\/\/api.w.org\/{rel}","templated":true}]}}