{"id":9898,"date":"2024-01-30T17:33:09","date_gmt":"2024-01-30T10:33:09","guid":{"rendered":"https:\/\/amafurni.vn\/?post_type=product&#038;p=9898"},"modified":"2025-11-12T14:12:34","modified_gmt":"2025-11-12T07:12:34","slug":"ghe-ama-beetle-55fg","status":"publish","type":"product","link":"https:\/\/amafurni.vn\/en\/product\/ghe-ama-beetle-55fg\/","title":{"rendered":"Gh\u1ebf AMA-BEETLE 55FG"},"content":{"rendered":"<p>&nbsp;<\/p>\n<table class=\"woocommerce-product-attributes shop_attributes\" style=\"width: 100.687%; height: 115px;\" width=\"929\">\n<tbody>\n<tr class=\"woocommerce-product-attributes-item woocommerce-product-attributes-item--attribute_season\" style=\"height: 23px;\">\n<th class=\"woocommerce-product-attributes-item__label\" style=\"width: 29.7849%; height: 23px;\">Ch\u1ea5t li\u1ec7u<\/th>\n<td class=\"woocommerce-product-attributes-item__value\" style=\"width: 100.042%; height: 23px;\">Ch\u00e2n th\u00e9p c\u1ed1 \u0111\u1ecbnh s\u01a1n t\u0129nh \u0111i\u1ec7n , N\u1ec7m Da B\u00f2 S\u00e1p<\/td>\n<\/tr>\n<tr class=\"woocommerce-product-attributes-item woocommerce-product-attributes-item--attribute_pa_color\" style=\"height: 23px;\">\n<th class=\"woocommerce-product-attributes-item__label\" style=\"width: 29.7849%; height: 23px;\">Color<\/th>\n<td class=\"woocommerce-product-attributes-item__value\" style=\"width: 100.042%; height: 23px;\">N\u00e2u , X\u00e1m<\/td>\n<\/tr>\n<tr class=\"woocommerce-product-attributes-item woocommerce-product-attributes-item--attribute_style\" style=\"height: 23px;\">\n<th class=\"woocommerce-product-attributes-item__label\" style=\"width: 29.7849%; height: 23px;\">K\u00edch th\u01b0\u1edbc<\/th>\n<td class=\"woocommerce-product-attributes-item__value\" style=\"width: 100.042%; height: 23px;\">65x48x81<\/td>\n<\/tr>\n<tr class=\"woocommerce-product-attributes-item woocommerce-product-attributes-item--attribute_pa_material\" style=\"height: 23px;\">\n<th class=\"woocommerce-product-attributes-item__label\" style=\"width: 29.7849%; height: 23px;\">T\u00ednh n\u0103ng<\/th>\n<td class=\"woocommerce-product-attributes-item__value\" style=\"width: 100.042%; height: 23px;\">Ng\u1ed3i c\u1ed1 \u0111\u1ecbnh<\/td>\n<\/tr>\n<tr class=\"woocommerce-product-attributes-item woocommerce-product-attributes-item--attribute_item-code\" style=\"height: 23px;\">\n<th class=\"woocommerce-product-attributes-item__label\" style=\"width: 29.7849%; height: 23px;\">B\u1ea3o h\u00e0nh<\/th>\n<td class=\"woocommerce-product-attributes-item__value\" style=\"width: 100.042%; height: 23px;\">\u00a006 th\u00e1ng<\/td>\n<\/tr>\n<\/tbody>\n<\/table>\n<p>&nbsp;<\/p>","protected":false},"excerpt":{"rendered":"<p><strong>Gh\u1ebf Cafe, Gh\u1ebf B\u00e0n \u0103n\u00a0 <\/strong>l\u00e0 1 m\u1eabu gh\u1ebf nh\u1eadp kh\u1ea9u tr\u1ef1c ti\u1ebfp c\u1ee7a\u00a0<strong>N\u1ed8I TH\u1ea4T AMA FURNITURE<\/strong> , v\u1edbi thi\u1ebft k\u1ebf tinh t\u1ebf , t\u1ed1i gian t\u1ea1o n\u00ean v\u1ebb \u0111\u1eb9p sang tr\u1ecdng cho kh\u00f4ng gian Nh\u00e0 h\u00e0ng, qu\u00e1n cafe, Qu\u00e1n \u0103n v.v.<\/p>\n<ul>\n<li style=\"list-style-type: none;\">\n<ul>\n<li>M\u00e3 SP : AMA-BEETLE 55FG<\/li>\n<li>Ch\u1ea5t li\u1ec7u :Ch\u00e2n th\u00e9p c\u1ed1 \u0111\u1ecbnh s\u01a1n t\u0129nh \u0111i\u1ec7n , N\u1ec7m Da B\u00f2 S\u00e1p<\/li>\n<li>M\u00e0u s\u1eafc : N\u00e2u , X\u00e1m<\/li>\n<li>T\u00ednh n\u0103ng :\n<ul>\n<li>Ch\u1ea5t l\u01b0\u1ee3ng b\u1ec1n ch\u1eafc, s\u1eed d\u1ee5ng l\u00e2u d\u00e0i<\/li>\n<li>D\u1ec5 d\u00e0ng lau ch\u00f9i, v\u1ec7 sinh<\/li>\n<li>Ch\u1ed1ng va \u0111\u1eadp t\u1ed1t, m\u00e0u s\u1eafc s\u1ed1ng \u0111\u1ed9ng<\/li>\n<\/ul>\n<ul>\n<li>M\u1eb7t gh\u1ebf thi\u1ebft k\u1ebf tinh t\u1ebf d\u1ec5 ng\u1ed3i<\/li>\n<\/ul>\n<\/li>\n<\/ul>\n<\/li>\n<\/ul>","protected":false},"featured_media":9899,"comment_status":"open","ping_status":"closed","template":"","meta":[],"product_cat":[98,113],"product_tag":[319],"yoast_head":"<!-- This site is optimized with the Yoast SEO Premium plugin v21.7 (Yoast SEO v21.7) - https:\/\/yoast.com\/wordpress\/plugins\/seo\/ -->\n<title>Gh\u1ebf AMA-BEETLE 55FG - AMAFURNI<\/title>\n<meta name=\"robots\" content=\"index, follow, max-snippet:-1, max-image-preview:large, max-video-preview:-1\" \/>\n<link rel=\"canonical\" href=\"https:\/\/amafurni.vn\/en\/product\/ghe-ama-beetle-55fg\/\" \/>\n<meta property=\"og:locale\" content=\"en_US\" \/>\n<meta property=\"og:type\" content=\"article\" \/>\n<meta property=\"og:title\" content=\"Gh\u1ebf AMA-BEETLE 55FG\" \/>\n<meta property=\"og:description\" content=\"Gh\u1ebf Cafe, Gh\u1ebf B\u00e0n \u0103n\u00a0 l\u00e0 1 m\u1eabu gh\u1ebf nh\u1eadp kh\u1ea9u tr\u1ef1c ti\u1ebfp c\u1ee7a\u00a0N\u1ed8I TH\u1ea4T AMA FURNITURE , v\u1edbi thi\u1ebft k\u1ebf tinh t\u1ebf , t\u1ed1i gian t\u1ea1o n\u00ean v\u1ebb \u0111\u1eb9p sang tr\u1ecdng cho kh\u00f4ng gian Nh\u00e0 h\u00e0ng, qu\u00e1n cafe, Qu\u00e1n \u0103n v.v.      M\u00e3 SP : AMA-BEETLE 55FG  Ch\u1ea5t li\u1ec7u :Ch\u00e2n th\u00e9p c\u1ed1 \u0111\u1ecbnh s\u01a1n t\u0129nh \u0111i\u1ec7n , N\u1ec7m Da B\u00f2 S\u00e1p  M\u00e0u s\u1eafc : N\u00e2u , X\u00e1m  T\u00ednh n\u0103ng :   Ch\u1ea5t l\u01b0\u1ee3ng b\u1ec1n ch\u1eafc, s\u1eed d\u1ee5ng l\u00e2u d\u00e0i  D\u1ec5 d\u00e0ng lau ch\u00f9i, v\u1ec7 sinh  Ch\u1ed1ng va \u0111\u1eadp t\u1ed1t, m\u00e0u s\u1eafc s\u1ed1ng \u0111\u1ed9ng    M\u1eb7t gh\u1ebf thi\u1ebft k\u1ebf tinh t\u1ebf d\u1ec5 ng\u1ed3i\" \/>\n<meta property=\"og:url\" content=\"https:\/\/amafurni.vn\/en\/product\/ghe-ama-beetle-55fg\/\" \/>\n<meta property=\"og:site_name\" content=\"AMAFURNI\" \/>\n<meta property=\"article:modified_time\" content=\"2025-11-12T07:12:34+00:00\" \/>\n<meta property=\"og:image\" content=\"https:\/\/amafurni.vn\/wp-content\/uploads\/2024\/01\/z5073646585372_1f99cf27732ddf3b01efd7b09ef2d22e.jpg\" \/>\n\t<meta property=\"og:image:width\" content=\"800\" \/>\n\t<meta property=\"og:image:height\" content=\"800\" \/>\n\t<meta property=\"og:image:type\" content=\"image\/jpeg\" \/>\n<meta name=\"twitter:card\" content=\"summary_large_image\" \/>\n<meta name=\"twitter:label1\" content=\"Est. reading time\" \/>\n\t<meta name=\"twitter:data1\" content=\"1 minute\" \/>\n<script type=\"application\/ld+json\" class=\"yoast-schema-graph\">{\"@context\":\"https:\/\/schema.org\",\"@graph\":[{\"@type\":\"WebPage\",\"@id\":\"https:\/\/amafurni.vn\/san-pham\/ghe-ama-beetle-55fg\/\",\"url\":\"https:\/\/amafurni.vn\/san-pham\/ghe-ama-beetle-55fg\/\",\"name\":\"Gh\u1ebf AMA-BEETLE 55FG - AMAFURNI\",\"isPartOf\":{\"@id\":\"https:\/\/amafurni.vn\/#website\"},\"datePublished\":\"2024-01-30T10:33:09+00:00\",\"dateModified\":\"2025-11-12T07:12:34+00:00\",\"breadcrumb\":{\"@id\":\"https:\/\/amafurni.vn\/san-pham\/ghe-ama-beetle-55fg\/#breadcrumb\"},\"inLanguage\":\"en-US\",\"potentialAction\":[{\"@type\":\"ReadAction\",\"target\":[\"https:\/\/amafurni.vn\/san-pham\/ghe-ama-beetle-55fg\/\"]}]},{\"@type\":\"BreadcrumbList\",\"@id\":\"https:\/\/amafurni.vn\/san-pham\/ghe-ama-beetle-55fg\/#breadcrumb\",\"itemListElement\":[{\"@type\":\"ListItem\",\"position\":1,\"name\":\"Trang ch\u1ee7\",\"item\":\"https:\/\/amafurni.vn\/\"},{\"@type\":\"ListItem\",\"position\":2,\"name\":\"S\u1ea3n ph\u1ea9m\",\"item\":\"https:\/\/amafurni.vn\/san-pham\/\"},{\"@type\":\"ListItem\",\"position\":3,\"name\":\"Gh\u1ebf AMA-BEETLE 55FG\"}]},{\"@type\":\"WebSite\",\"@id\":\"https:\/\/amafurni.vn\/#website\",\"url\":\"https:\/\/amafurni.vn\/\",\"name\":\"AMAFURNI\",\"description\":\"\",\"potentialAction\":[{\"@type\":\"SearchAction\",\"target\":{\"@type\":\"EntryPoint\",\"urlTemplate\":\"https:\/\/amafurni.vn\/?s={search_term_string}\"},\"query-input\":\"required name=search_term_string\"}],\"inLanguage\":\"en-US\"}]}<\/script>\n<!-- \/ Yoast SEO Premium plugin. -->","yoast_head_json":{"title":"Gh\u1ebf AMA-BEETLE 55FG - AMAFURNI","robots":{"index":"index","follow":"follow","max-snippet":"max-snippet:-1","max-image-preview":"max-image-preview:large","max-video-preview":"max-video-preview:-1"},"canonical":"https:\/\/amafurni.vn\/en\/product\/ghe-ama-beetle-55fg\/","og_locale":"en_US","og_type":"article","og_title":"Gh\u1ebf AMA-BEETLE 55FG","og_description":"Gh\u1ebf Cafe, Gh\u1ebf B\u00e0n \u0103n\u00a0 l\u00e0 1 m\u1eabu gh\u1ebf nh\u1eadp kh\u1ea9u tr\u1ef1c ti\u1ebfp c\u1ee7a\u00a0N\u1ed8I TH\u1ea4T AMA FURNITURE , v\u1edbi thi\u1ebft k\u1ebf tinh t\u1ebf , t\u1ed1i gian t\u1ea1o n\u00ean v\u1ebb \u0111\u1eb9p sang tr\u1ecdng cho kh\u00f4ng gian Nh\u00e0 h\u00e0ng, qu\u00e1n cafe, Qu\u00e1n \u0103n v.v.      M\u00e3 SP : AMA-BEETLE 55FG  Ch\u1ea5t li\u1ec7u :Ch\u00e2n th\u00e9p c\u1ed1 \u0111\u1ecbnh s\u01a1n t\u0129nh \u0111i\u1ec7n , N\u1ec7m Da B\u00f2 S\u00e1p  M\u00e0u s\u1eafc : N\u00e2u , X\u00e1m  T\u00ednh n\u0103ng :   Ch\u1ea5t l\u01b0\u1ee3ng b\u1ec1n ch\u1eafc, s\u1eed d\u1ee5ng l\u00e2u d\u00e0i  D\u1ec5 d\u00e0ng lau ch\u00f9i, v\u1ec7 sinh  Ch\u1ed1ng va \u0111\u1eadp t\u1ed1t, m\u00e0u s\u1eafc s\u1ed1ng \u0111\u1ed9ng    M\u1eb7t gh\u1ebf thi\u1ebft k\u1ebf tinh t\u1ebf d\u1ec5 ng\u1ed3i","og_url":"https:\/\/amafurni.vn\/en\/product\/ghe-ama-beetle-55fg\/","og_site_name":"AMAFURNI","article_modified_time":"2025-11-12T07:12:34+00:00","og_image":[{"width":800,"height":800,"url":"https:\/\/amafurni.vn\/wp-content\/uploads\/2024\/01\/z5073646585372_1f99cf27732ddf3b01efd7b09ef2d22e.jpg","type":"image\/jpeg"}],"twitter_card":"summary_large_image","twitter_misc":{"Est. reading time":"1 minute"},"schema":{"@context":"https:\/\/schema.org","@graph":[{"@type":"WebPage","@id":"https:\/\/amafurni.vn\/san-pham\/ghe-ama-beetle-55fg\/","url":"https:\/\/amafurni.vn\/san-pham\/ghe-ama-beetle-55fg\/","name":"Gh\u1ebf AMA-BEETLE 55FG - AMAFURNI","isPartOf":{"@id":"https:\/\/amafurni.vn\/#website"},"datePublished":"2024-01-30T10:33:09+00:00","dateModified":"2025-11-12T07:12:34+00:00","breadcrumb":{"@id":"https:\/\/amafurni.vn\/san-pham\/ghe-ama-beetle-55fg\/#breadcrumb"},"inLanguage":"en-US","potentialAction":[{"@type":"ReadAction","target":["https:\/\/amafurni.vn\/san-pham\/ghe-ama-beetle-55fg\/"]}]},{"@type":"BreadcrumbList","@id":"https:\/\/amafurni.vn\/san-pham\/ghe-ama-beetle-55fg\/#breadcrumb","itemListElement":[{"@type":"ListItem","position":1,"name":"Trang ch\u1ee7","item":"https:\/\/amafurni.vn\/"},{"@type":"ListItem","position":2,"name":"S\u1ea3n ph\u1ea9m","item":"https:\/\/amafurni.vn\/san-pham\/"},{"@type":"ListItem","position":3,"name":"Gh\u1ebf AMA-BEETLE 55FG"}]},{"@type":"WebSite","@id":"https:\/\/amafurni.vn\/#website","url":"https:\/\/amafurni.vn\/","name":"AMAFURNI","description":"","potentialAction":[{"@type":"SearchAction","target":{"@type":"EntryPoint","urlTemplate":"https:\/\/amafurni.vn\/?s={search_term_string}"},"query-input":"required name=search_term_string"}],"inLanguage":"en-US"}]}},"_links":{"self":[{"href":"https:\/\/amafurni.vn\/en\/wp-json\/wp\/v2\/product\/9898"}],"collection":[{"href":"https:\/\/amafurni.vn\/en\/wp-json\/wp\/v2\/product"}],"about":[{"href":"https:\/\/amafurni.vn\/en\/wp-json\/wp\/v2\/types\/product"}],"replies":[{"embeddable":true,"href":"https:\/\/amafurni.vn\/en\/wp-json\/wp\/v2\/comments?post=9898"}],"wp:featuredmedia":[{"embeddable":true,"href":"https:\/\/amafurni.vn\/en\/wp-json\/wp\/v2\/media\/9899"}],"wp:attachment":[{"href":"https:\/\/amafurni.vn\/en\/wp-json\/wp\/v2\/media?parent=9898"}],"wp:term":[{"taxonomy":"product_cat","embeddable":true,"href":"https:\/\/amafurni.vn\/en\/wp-json\/wp\/v2\/product_cat?post=9898"},{"taxonomy":"product_tag","embeddable":true,"href":"https:\/\/amafurni.vn\/en\/wp-json\/wp\/v2\/product_tag?post=9898"}],"curies":[{"name":"wp","href":"https:\/\/api.w.org\/{rel}","templated":true}]}}